{"id":982,"date":"2016-11-07T18:52:36","date_gmt":"2016-11-07T17:52:36","guid":{"rendered":"http:\/\/stevenson-fontainebleau.fr\/?page_id=982"},"modified":"2023-08-03T14:11:05","modified_gmt":"2023-08-03T13:11:05","slug":"on-parle-de-lassociation-dans-la-presse","status":"publish","type":"page","link":"https:\/\/stevenson-fontainebleau.fr\/2026\/03\/24\/assemblee-generale-dimanche-29-mars\/publications\/on-parle-de-lassociation-dans-la-presse\/","title":{"rendered":"On parle de l\u2019association dans la presse\u2026"},"content":{"rendered":"<p>&nbsp;<\/p>\n<ol>\n<li><a href=\"http:\/\/stevenson-fontainebleau.fr\/wp-content\/uploads\/2016\/02\/Article-du-08-02-2016.jpg\" target=\"_blank\" rel=\"noopener\"><u><span style=\"color: #0066cc;\"><span style=\"color: #3366ff;\">Article La R\u00e9publique de Seine et Marne du lundi 8 f\u00e9vrier 2016<\/span><\/span><\/u><\/a><\/li>\n<li><span style=\"color: #3366ff;\"><a style=\"color: #3366ff;\" href=\"http:\/\/stevenson-fontainebleau.fr\/wp-content\/uploads\/2016\/02\/Photo-LEclaireur-du-G\u00e2tinais.jpg\" target=\"_blank\" rel=\"noopener\"><u>Article de l\u2019Eclaireur du G\u00e2tinais du 10\/02\/2016<\/u><\/a><\/span><\/li>\n<li><span style=\"color: #3366ff;\"><a style=\"color: #3366ff;\" href=\"http:\/\/www.leparisien.fr\/fontainebleau-77300\/barbizon-fontainebleau-grez-bientot-des-circuits-robert-louis-stevenson-10-03-2016-5614873.php\" target=\"_blank\" rel=\"noopener\"><u>Article Le Parisien du 11 mars 2016 Des circuits Robert -Louis Stevenson<\/u><\/a><\/span><\/li>\n<li><span style=\"color: #3366ff;\"><a style=\"color: #3366ff;\" href=\"http:\/\/stevenson-fontainebleau.fr\/wp-content\/uploads\/2015\/08\/IMG_0002.jpg\" target=\"_blank\" rel=\"noopener\"><u>Robert Louis Stevenson au Martingo<\/u><\/a><\/span><\/li>\n<li><span style=\"color: #3366ff;\"><a style=\"color: #3366ff;\" href=\"http:\/\/stevenson-fontainebleau.fr\/wp-content\/uploads\/2016\/04\/MAG_54_MarsAvril_16_24P_A4.pdf\" target=\"_blank\" rel=\"noopener\"><u>LE MAG Bimestriel N\u00b0 54 MARS- AVRIL 2016 (page 3)<\/u><\/a><\/span><\/li>\n<li><span style=\"color: #3366ff;\"><a style=\"color: #3366ff;\" href=\"http:\/\/stevenson-fontainebleau.fr\/publications\/on-parle-de-lassociation-dans-la-presse\/leclaireur-du-gatinais-19-juillet-2023\/\" target=\"_blank\" rel=\"noopener\">L&rsquo; Eclaireur-du-G\u00e2tinais-19-juillet-2023<\/a><\/span><\/li>\n<\/ol>\n<p>&nbsp;<\/p>\n<p>&nbsp;<\/p>\n<p style=\"text-align: center;\"><a href=\"http:\/\/stevenson-fontainebleau.fr\/wp-content\/uploads\/2016\/02\/Article-du-08-02-2016.jpg\" target=\"_blank\" rel=\"noopener\">\u00a0<\/a><span style=\"color: #800000;\"><span class=\"breadcrumb__item\"><u>Le Parisien<\/u><\/span><span class=\"breadcrumb__separator\">&gt;<\/span><span class=\"breadcrumb__item\"><u>Seine-et-Marne<\/u><\/span><span class=\"article-full__infos-separator\">|<\/span><span class=\"article-full__infos-author\"><span class=\"article-full__author-label\">Pascal Villebeuf<\/span><\/span><span class=\"article-full__infos-separator\">|<\/span><span class=\"article-full__infos-date\">27 juillet 2016, 7h00<\/span><span class=\"article-full__infos-separator\">|<\/span><\/span><\/p>\n<p style=\"text-align: center;\"><strong>l&rsquo;inspiration entre Barbizon et Grez-sur-Loing<\/strong><\/p>\n<blockquote><p><img loading=\"lazy\" decoding=\"async\" class=\"aligncenter wp-image-992\" src=\"http:\/\/stevenson-fontainebleau.fr\/wp-content\/uploads\/2016\/11\/5996921_1-0-414244677_1000x625-300x188.jpg\" alt=\"5996921_1-0-414244677_1000x625\" width=\"547\" height=\"343\" srcset=\"https:\/\/stevenson-fontainebleau.fr\/wp-content\/uploads\/2016\/11\/5996921_1-0-414244677_1000x625-300x188.jpg 300w, https:\/\/stevenson-fontainebleau.fr\/wp-content\/uploads\/2016\/11\/5996921_1-0-414244677_1000x625-768x480.jpg 768w, https:\/\/stevenson-fontainebleau.fr\/wp-content\/uploads\/2016\/11\/5996921_1-0-414244677_1000x625.jpg 1000w\" sizes=\"auto, (max-width: 547px) 100vw, 547px\" \/><\/p><\/blockquote>\n<pre>Grez-sur-Loing (Seine-et-Marne). Robert Louis Stevenson (ci-dessus \u00e0 droite), sur la pelouse de l\u2019h\u00f4tel Chevillon (en haut), au c\u00f4t\u00e9 de son cousin Bob. Il est ici entour\u00e9 de peintres dont, \u00e0 gauche, Fanny Osbourne, celle qui va le s\u00e9duire. Au premier plan, les fameux cano\u00ebs et le Loing, au bord duquel on peut aujourd\u2019hui lire les \u0153uvres de l\u2019auteur \u00e9cossais.<\/pre>\n<p><strong>C&rsquo;est un double <\/strong>coup de foudre qui marque le s\u00e9jour de Robert Louis Stevenson dans le sud de la Seine-et-Marne, entre le massif de Fontainebleau et les bords du Loing, \u00e0 Grez. Il devait \u00eatre ing\u00e9nieur ou avocat. Son p\u00e8re lui remet d&rsquo;ailleurs une grosse somme d&rsquo;argent pour ouvrir son cabinet. Il va l&rsquo;utiliser pour voyager&#8230; En 1875, il d\u00e9cide de rejoindre Bob Stevenson, son cousin <em>(voir notre photo)<\/em>, un artiste peintre qui vit \u00e0 Paris.<\/p>\n<p>Michel Legros, pr\u00e9sident de l&rsquo;association Stevenson de Barbizon \u00e0 Grez, cr\u00e9\u00e9e en 2013, raconte la suite : \u00ab Au printemps, les Stevenson sont partis pour Barbizon, le c\u00e9l\u00e8bre village des peintres, situ\u00e9 au c\u0153ur de la for\u00eat de Fontainebleau. Ils logent alors \u00e0 l&rsquo;h\u00f4tel Siron <em>(NDLR : devenu depuis l&rsquo;h\u00f4tellerie du Bas-Br\u00e9au o\u00f9 a s\u00e9journ\u00e9 notamment Jacques Brel)<\/em>. Stevenson accompagne les peintres lors de leurs sorties dans le massif, o\u00f9 il part tout seul admirer ses beaut\u00e9s : chaos rocheux, mares et arbres s\u00e9culaires. C&rsquo;est l\u00e0 que sa passion voyageuse s&rsquo;\u00e9veille \u00bb. Gr\u00e2ce \u00e0 cette plong\u00e9e foresti\u00e8re, il publiera \u00ab Treasure forest \u00bb et \u00ab le Tr\u00e9sor de Franchard \u00bb.<\/p>\n<p>Quand Stevenson d\u00e9barque \u00e0 Barbizon, le peintre Millet vient de d\u00e9c\u00e9der. Il descend du train \u00e0 Melun puis prend un attelage. \u00ab Ici, il a d\u00e9couvert une vraie communaut\u00e9. Ce qu&rsquo;il surnomme une caserne d&rsquo;artistes, o\u00f9 la pension compl\u00e8te est tarif\u00e9e 5 francs par jour \u00bb, s&rsquo;amuse Pierre Soudrais, conseiller municipal de Barbizon et passionn\u00e9 par Stevenson.__ Son cousin Bob, le vrai meneur de la bande, lui fait aussi d\u00e9couvrir le village de Marlotte, mais surtout Grez-sur-Loing.<\/p>\n<p>Et l&rsquo;h\u00f4tel Chevillon <em>(nos photos) <\/em>o\u00f9 il va s\u00e9journer souvent pendant trois ans. L\u00e0, face au vieux pont m\u00e9di\u00e9val form\u00e9 de 11 arches, Stevenson raconte : <strong>\u00ab Grez se r\u00e9v\u00e8le digne d&rsquo;int\u00e9r\u00eat. Le jardin de l&rsquo;auberge descend en terrasse jusqu&rsquo;\u00e0 la rivi\u00e8re, avec un pr\u00e9 pour les chevaux, un potager et un lavoir \u00bb.<\/strong><\/p>\n<p>Ici, le voyageur peut assouvir sa passion du cano\u00eb. Mais c&rsquo;est surtout \u00e0 cet endroit qu&rsquo;il rencontre en 1876 une femme myst\u00e9rieuse, la belle peintre am\u00e9ricaine Fanny Osbourne. Entre eux, c&rsquo;est le coup de foudre.<\/p>\n<p>Anecdote amusante, en 1877, Stevenson se rend sur un chantier naval \u00e0 Moret-sur-Loing pour faire construire une p\u00e9niche qu&rsquo;il veut baptiser \u00ab les Onze mille vierges de Cologne \u00bb. Le projet \u00e9choue. La p\u00e9riode seine-et-marnaise s&rsquo;ach\u00e8ve l&rsquo;ann\u00e9e suivante. Stevenson, l&rsquo;\u00e9crivain voyageur poursuit sa route vers le sud de la France, les Etats-Unis \u2014 o\u00f9 il \u00e9pouse Fanny \u2014 puis les antipodes.<\/p>\n<p>Aujourd&rsquo;hui, un r\u00e9seau europ\u00e9en baptis\u00e9 \u00ab Sur les traces de Stevenson \u00bb a \u00e9t\u00e9 cr\u00e9\u00e9. Et l&rsquo;engouement pour cet homme ne cesse de s&rsquo;amplifier. \u00ab Le 16 octobre, il y aura une balade d&rsquo;une journ\u00e9e entre Grez et Barbizon et les 25 et 26 novembre, ce sera notre assembl\u00e9e g\u00e9n\u00e9rale, avec 150 personnes venues de toute l&rsquo;Europe. A cette occasion, le public pourra assister \u00e0 des conf\u00e9rences ou rencontrer des sp\u00e9cialistes \u00bb, se r\u00e9jouit Michel Legros.<\/p>\n<p>Le Parisien<\/p>\n<p>&nbsp;<\/p>\n<p>&nbsp;<\/p>\n<p>&nbsp;<\/p>\n<p>&nbsp;<\/p>\n","protected":false},"excerpt":{"rendered":"<p>&nbsp; Article La R\u00e9publique de Seine et Marne du lundi 8 f\u00e9vrier 2016 Article de l\u2019Eclaireur du G\u00e2tinais du 10\/02\/2016 Article Le Parisien du 11 mars 2016 Des circuits Robert -Louis Stevenson Robert Louis Stevenson au Martingo LE MAG Bimestriel N\u00b0 54 MARS- AVRIL 2016 (page 3) L&rsquo; Eclaireur-du-G\u00e2tinais-19-juillet-2023 &nbsp; &nbsp; \u00a0Le Parisien&gt;Seine-et-Marne|Pascal Villebeuf|27 juillet &hellip; <a href=\"https:\/\/stevenson-fontainebleau.fr\/2026\/03\/24\/assemblee-generale-dimanche-29-mars\/publications\/on-parle-de-lassociation-dans-la-presse\/\" class=\"more-link\">Continuer la lecture de <span class=\"screen-reader-text\">On parle de l\u2019association dans la presse\u2026<\/span>  <span class=\"meta-nav\">&rarr;<\/span><\/a><\/p>\n","protected":false},"author":1,"featured_media":0,"parent":313,"menu_order":0,"comment_status":"closed","ping_status":"closed","template":"","meta":{"footnotes":""},"class_list":["post-982","page","type-page","status-publish","hentry"],"_links":{"self":[{"href":"https:\/\/stevenson-fontainebleau.fr\/2026\/03\/24\/assemblee-generale-dimanche-29-mars\/wp-json\/wp\/v2\/pages\/982","targetHints":{"allow":["GET"]}}],"collection":[{"href":"https:\/\/stevenson-fontainebleau.fr\/2026\/03\/24\/assemblee-generale-dimanche-29-mars\/wp-json\/wp\/v2\/pages"}],"about":[{"href":"https:\/\/stevenson-fontainebleau.fr\/2026\/03\/24\/assemblee-generale-dimanche-29-mars\/wp-json\/wp\/v2\/types\/page"}],"author":[{"embeddable":true,"href":"https:\/\/stevenson-fontainebleau.fr\/2026\/03\/24\/assemblee-generale-dimanche-29-mars\/wp-json\/wp\/v2\/users\/1"}],"replies":[{"embeddable":true,"href":"https:\/\/stevenson-fontainebleau.fr\/2026\/03\/24\/assemblee-generale-dimanche-29-mars\/wp-json\/wp\/v2\/comments?post=982"}],"version-history":[{"count":17,"href":"https:\/\/stevenson-fontainebleau.fr\/2026\/03\/24\/assemblee-generale-dimanche-29-mars\/wp-json\/wp\/v2\/pages\/982\/revisions"}],"predecessor-version":[{"id":3923,"href":"https:\/\/stevenson-fontainebleau.fr\/2026\/03\/24\/assemblee-generale-dimanche-29-mars\/wp-json\/wp\/v2\/pages\/982\/revisions\/3923"}],"up":[{"embeddable":true,"href":"https:\/\/stevenson-fontainebleau.fr\/2026\/03\/24\/assemblee-generale-dimanche-29-mars\/wp-json\/wp\/v2\/pages\/313"}],"wp:attachment":[{"href":"https:\/\/stevenson-fontainebleau.fr\/2026\/03\/24\/assemblee-generale-dimanche-29-mars\/wp-json\/wp\/v2\/media?parent=982"}],"curies":[{"name":"wp","href":"https:\/\/api.w.org\/{rel}","templated":true}]}}