{"id":865,"date":"2016-09-22T15:44:38","date_gmt":"2016-09-22T14:44:38","guid":{"rendered":"http:\/\/stevenson-fontainebleau.fr\/?page_id=865"},"modified":"2018-02-18T18:10:30","modified_gmt":"2018-02-18T17:10:30","slug":"visite-guidee-de-lanerie-bacotte-de-bois-le-roi-le-04-sept-2016","status":"publish","type":"page","link":"https:\/\/stevenson-fontainebleau.fr\/2026\/03\/24\/assemblee-generale-dimanche-29-mars\/evenements-en-cours\/evenements-2016\/visite-guidee-de-lanerie-bacotte-de-bois-le-roi-le-04-sept-2016\/","title":{"rendered":"Visite  de l\u2019\u00c2nerie Bacotte de Bois-le-Roi le 04 sept. 2016"},"content":{"rendered":"<p>Chers amis, L\u2019association Stevenson de Barbizon \u00e0 Grez vous propose de participer \u00e0 une visite guid\u00e9e de l\u2019\u00c2nerie Bacotte de Bois- le-Roi<\/p>\n<p><a href=\"http:\/\/anerie-bacotte.fr\/\" target=\"_blank\"><u>\u00c2nerie Bacotte<\/u><\/a>\u00a0\u00a0\u00a0\u00a0\u00a0\u00a0\u00a0\u00a0\u00a0 <img loading=\"lazy\" decoding=\"async\" class=\"spip_logo spip_logos alignnone\" src=\"http:\/\/anerie-bacotte.fr\/IMG\/siteon0.jpg?1428876000\" alt=\"\" width=\"135\" height=\"136\" \/><\/p>\n<p><span style=\"text-decoration: underline;\"><strong><span style=\"color: #000080; text-decoration: underline;\"> Dimanche 4 septembre 2016<\/span><\/strong><\/span><\/p>\n<p>D\u00e9part de Grez \u00e0 9 heures 30 (rendez-vous parking de la salle Sadler) ou rendez-vous directement \u00e0 10 heures \u00e0 l\u2019\u00c2nerie Bacotte de Bois-le-Roi (chemin de Samois)<\/p>\n<h6><strong><span style=\"text-decoration: underline;\"><span style=\"color: #000080;\"><em>Programme de la journ\u00e9e\u00a0:<\/em><\/span><\/span><\/strong><\/h6>\n<p>10h\u00a0: pr\u00e9sentation et pr\u00e9paration des \u00e2nes<\/p>\n<p>11h\u00a0: d\u00e9part d\u2019une randonn\u00e9e de 5-7 kms avec un \u00e2ne<\/p>\n<p>13h\u00a0: retour \u00e0 l\u2019\u00e2nerie et repas tir\u00e9 du sac<\/p>\n<p>14h30\u00a0: visite guid\u00e9e de l\u2019\u00e2nerie, pr\u00e9sentation des activit\u00e9s<\/p>\n<p><strong>Inscription pr\u00e9alable &#8211; r\u00e9pondre \u00e0 :<\/strong><\/p>\n<p><strong><a href=\"mailto:info@stevenson-fontainebleau.fr\"><u>info@stevenson-fontainebleau.fr<\/u><\/a><\/strong><\/p>\n<p>Cordialement Ian Fuller<\/p>\n","protected":false},"excerpt":{"rendered":"<p>Chers amis, L\u2019association Stevenson de Barbizon \u00e0 Grez vous propose de participer \u00e0 une visite guid\u00e9e de l\u2019\u00c2nerie Bacotte de Bois- le-Roi \u00c2nerie Bacotte\u00a0\u00a0\u00a0\u00a0\u00a0\u00a0\u00a0\u00a0\u00a0 Dimanche 4 septembre 2016 D\u00e9part de Grez \u00e0 9 heures 30 (rendez-vous parking de la salle Sadler) ou rendez-vous directement \u00e0 10 heures \u00e0 l\u2019\u00c2nerie Bacotte de Bois-le-Roi (chemin de Samois) &hellip; <a href=\"https:\/\/stevenson-fontainebleau.fr\/2026\/03\/24\/assemblee-generale-dimanche-29-mars\/evenements-en-cours\/evenements-2016\/visite-guidee-de-lanerie-bacotte-de-bois-le-roi-le-04-sept-2016\/\" class=\"more-link\">Continuer la lecture de <span class=\"screen-reader-text\">Visite  de l\u2019\u00c2nerie Bacotte de Bois-le-Roi le 04 sept. 2016<\/span>  <span class=\"meta-nav\">&rarr;<\/span><\/a><\/p>\n","protected":false},"author":1,"featured_media":0,"parent":1428,"menu_order":2,"comment_status":"closed","ping_status":"closed","template":"","meta":{"footnotes":""},"class_list":["post-865","page","type-page","status-publish","hentry"],"_links":{"self":[{"href":"https:\/\/stevenson-fontainebleau.fr\/2026\/03\/24\/assemblee-generale-dimanche-29-mars\/wp-json\/wp\/v2\/pages\/865","targetHints":{"allow":["GET"]}}],"collection":[{"href":"https:\/\/stevenson-fontainebleau.fr\/2026\/03\/24\/assemblee-generale-dimanche-29-mars\/wp-json\/wp\/v2\/pages"}],"about":[{"href":"https:\/\/stevenson-fontainebleau.fr\/2026\/03\/24\/assemblee-generale-dimanche-29-mars\/wp-json\/wp\/v2\/types\/page"}],"author":[{"embeddable":true,"href":"https:\/\/stevenson-fontainebleau.fr\/2026\/03\/24\/assemblee-generale-dimanche-29-mars\/wp-json\/wp\/v2\/users\/1"}],"replies":[{"embeddable":true,"href":"https:\/\/stevenson-fontainebleau.fr\/2026\/03\/24\/assemblee-generale-dimanche-29-mars\/wp-json\/wp\/v2\/comments?post=865"}],"version-history":[{"count":6,"href":"https:\/\/stevenson-fontainebleau.fr\/2026\/03\/24\/assemblee-generale-dimanche-29-mars\/wp-json\/wp\/v2\/pages\/865\/revisions"}],"predecessor-version":[{"id":871,"href":"https:\/\/stevenson-fontainebleau.fr\/2026\/03\/24\/assemblee-generale-dimanche-29-mars\/wp-json\/wp\/v2\/pages\/865\/revisions\/871"}],"up":[{"embeddable":true,"href":"https:\/\/stevenson-fontainebleau.fr\/2026\/03\/24\/assemblee-generale-dimanche-29-mars\/wp-json\/wp\/v2\/pages\/1428"}],"wp:attachment":[{"href":"https:\/\/stevenson-fontainebleau.fr\/2026\/03\/24\/assemblee-generale-dimanche-29-mars\/wp-json\/wp\/v2\/media?parent=865"}],"curies":[{"name":"wp","href":"https:\/\/api.w.org\/{rel}","templated":true}]}}