{"id":856,"date":"2016-09-22T12:26:53","date_gmt":"2016-09-22T11:26:53","guid":{"rendered":"http:\/\/stevenson-fontainebleau.fr\/?page_id=856"},"modified":"2018-02-18T18:11:27","modified_gmt":"2018-02-18T17:11:27","slug":"randonnee-du-16-octobre-2016","status":"publish","type":"page","link":"https:\/\/stevenson-fontainebleau.fr\/2026\/03\/24\/assemblee-generale-dimanche-29-mars\/evenements-en-cours\/evenements-2016\/randonnee-du-16-octobre-2016\/","title":{"rendered":"randonn\u00e9e du 16 octobre 2016"},"content":{"rendered":"<h3><span style=\"text-decoration: underline;\"><strong>4\u00e8me \u00e9dition de la journ\u00e9e Stevenson \u00e0 Recloses<\/strong> <\/span><\/h3>\n<p>Sortie tr\u00e8s attendue car tr\u00e8s \u00a0appr\u00e9ci\u00e9e les ann\u00e9es pr\u00e9c\u00e9dentes &#8211; Cette ann\u00e9e encore cette journ\u00e9e a battu son plein.<\/p>\n<p>Nous devons ce succ\u00e8s aux randos accompagn\u00e9es par les \u00e2nes de nos amis de l&rsquo;\u00e2nerie de La Bacotte, aux contes tr\u00e8s appr\u00e9ci\u00e9s de Genevi\u00e8ve, \u00e0 l&rsquo;excellente cuisini\u00e8re\u00a0Rosalie et son \u00e9quipe, ainsi qu&rsquo;aux sourires de tous.<\/p>\n<p>Nous vous donnons rendez-vous pour la 5\u00e8me \u00e9dition l&rsquo;ann\u00e9e prochaine<\/p>\n<figure id=\"attachment_919\" aria-describedby=\"caption-attachment-919\" style=\"width: 300px\" class=\"wp-caption aligncenter\"><img loading=\"lazy\" decoding=\"async\" class=\"wp-image-919 size-medium\" src=\"http:\/\/stevenson-fontainebleau.fr\/wp-content\/uploads\/2016\/10\/n__50486_w-300x300.jpg\" alt=\"n__50486_w\" width=\"300\" height=\"300\" srcset=\"https:\/\/stevenson-fontainebleau.fr\/wp-content\/uploads\/2016\/10\/n__50486_w-300x300.jpg 300w, https:\/\/stevenson-fontainebleau.fr\/wp-content\/uploads\/2016\/10\/n__50486_w-150x150.jpg 150w, https:\/\/stevenson-fontainebleau.fr\/wp-content\/uploads\/2016\/10\/n__50486_w-768x768.jpg 768w, https:\/\/stevenson-fontainebleau.fr\/wp-content\/uploads\/2016\/10\/n__50486_w.jpg 960w\" sizes=\"auto, (max-width: 300px) 100vw, 300px\" \/><figcaption id=\"caption-attachment-919\" class=\"wp-caption-text\">D\u00e9part des randonneurs du pont de Grez<\/figcaption><\/figure>\n<p>&nbsp;<\/p>\n<p>Quelques photos de notre photographe Jean-Paul prises lors de cette journ\u00e9e.<\/p>\n<div id='gallery-1' class='gallery galleryid-856 gallery-columns-2 gallery-size-medium'><figure class='gallery-item'>\n\t\t\t<div class='gallery-icon landscape'>\n\t\t\t\t<a href='https:\/\/stevenson-fontainebleau.fr\/2026\/03\/24\/assemblee-generale-dimanche-29-mars\/n__50488_w\/'><img loading=\"lazy\" decoding=\"async\" width=\"300\" height=\"197\" src=\"https:\/\/stevenson-fontainebleau.fr\/wp-content\/uploads\/2016\/10\/n__50488_w-300x197.jpg\" class=\"attachment-medium size-medium\" alt=\"\" aria-describedby=\"gallery-1-920\" srcset=\"https:\/\/stevenson-fontainebleau.fr\/wp-content\/uploads\/2016\/10\/n__50488_w-300x197.jpg 300w, https:\/\/stevenson-fontainebleau.fr\/wp-content\/uploads\/2016\/10\/n__50488_w-768x504.jpg 768w, https:\/\/stevenson-fontainebleau.fr\/wp-content\/uploads\/2016\/10\/n__50488_w-1024x672.jpg 1024w, https:\/\/stevenson-fontainebleau.fr\/wp-content\/uploads\/2016\/10\/n__50488_w.jpg 1280w\" sizes=\"auto, (max-width: 300px) 100vw, 300px\" \/><\/a>\n\t\t\t<\/div>\n\t\t\t\t<figcaption class='wp-caption-text gallery-caption' id='gallery-1-920'>\n\t\t\t\tD\u00e9part sous le soleil\n\t\t\t\t<\/figcaption><\/figure><figure class='gallery-item'>\n\t\t\t<div class='gallery-icon landscape'>\n\t\t\t\t<a href='https:\/\/stevenson-fontainebleau.fr\/2026\/03\/24\/assemblee-generale-dimanche-29-mars\/n__50498_w\/'><img loading=\"lazy\" decoding=\"async\" width=\"300\" height=\"197\" src=\"https:\/\/stevenson-fontainebleau.fr\/wp-content\/uploads\/2016\/10\/n__50498_w-300x197.jpg\" class=\"attachment-medium size-medium\" alt=\"\" aria-describedby=\"gallery-1-922\" srcset=\"https:\/\/stevenson-fontainebleau.fr\/wp-content\/uploads\/2016\/10\/n__50498_w-300x197.jpg 300w, https:\/\/stevenson-fontainebleau.fr\/wp-content\/uploads\/2016\/10\/n__50498_w-768x504.jpg 768w, https:\/\/stevenson-fontainebleau.fr\/wp-content\/uploads\/2016\/10\/n__50498_w-1024x672.jpg 1024w, https:\/\/stevenson-fontainebleau.fr\/wp-content\/uploads\/2016\/10\/n__50498_w.jpg 1280w\" sizes=\"auto, (max-width: 300px) 100vw, 300px\" \/><\/a>\n\t\t\t<\/div>\n\t\t\t\t<figcaption class='wp-caption-text gallery-caption' id='gallery-1-922'>\n\t\t\t\tLe sourire au rendez-vous\n\t\t\t\t<\/figcaption><\/figure><figure class='gallery-item'>\n\t\t\t<div class='gallery-icon landscape'>\n\t\t\t\t<a href='https:\/\/stevenson-fontainebleau.fr\/2026\/03\/24\/assemblee-generale-dimanche-29-mars\/n__50494_w\/'><img loading=\"lazy\" decoding=\"async\" width=\"300\" height=\"199\" src=\"https:\/\/stevenson-fontainebleau.fr\/wp-content\/uploads\/2016\/10\/n__50494_w-300x199.jpg\" class=\"attachment-medium size-medium\" alt=\"\" aria-describedby=\"gallery-1-921\" srcset=\"https:\/\/stevenson-fontainebleau.fr\/wp-content\/uploads\/2016\/10\/n__50494_w-300x199.jpg 300w, https:\/\/stevenson-fontainebleau.fr\/wp-content\/uploads\/2016\/10\/n__50494_w-768x509.jpg 768w, https:\/\/stevenson-fontainebleau.fr\/wp-content\/uploads\/2016\/10\/n__50494_w-1024x678.jpg 1024w, https:\/\/stevenson-fontainebleau.fr\/wp-content\/uploads\/2016\/10\/n__50494_w.jpg 1280w\" sizes=\"auto, (max-width: 300px) 100vw, 300px\" \/><\/a>\n\t\t\t<\/div>\n\t\t\t\t<figcaption class='wp-caption-text gallery-caption' id='gallery-1-921'>\n\t\t\t\tEn Marche\n\t\t\t\t<\/figcaption><\/figure><figure class='gallery-item'>\n\t\t\t<div class='gallery-icon landscape'>\n\t\t\t\t<a href='https:\/\/stevenson-fontainebleau.fr\/2026\/03\/24\/assemblee-generale-dimanche-29-mars\/n__50574_w\/'><img loading=\"lazy\" decoding=\"async\" width=\"300\" height=\"197\" src=\"https:\/\/stevenson-fontainebleau.fr\/wp-content\/uploads\/2016\/10\/n__50574_w-300x197.jpg\" class=\"attachment-medium size-medium\" alt=\"\" aria-describedby=\"gallery-1-915\" srcset=\"https:\/\/stevenson-fontainebleau.fr\/wp-content\/uploads\/2016\/10\/n__50574_w-300x197.jpg 300w, https:\/\/stevenson-fontainebleau.fr\/wp-content\/uploads\/2016\/10\/n__50574_w-768x504.jpg 768w, https:\/\/stevenson-fontainebleau.fr\/wp-content\/uploads\/2016\/10\/n__50574_w-1024x672.jpg 1024w, https:\/\/stevenson-fontainebleau.fr\/wp-content\/uploads\/2016\/10\/n__50574_w.jpg 1280w\" sizes=\"auto, (max-width: 300px) 100vw, 300px\" \/><\/a>\n\t\t\t<\/div>\n\t\t\t\t<figcaption class='wp-caption-text gallery-caption' id='gallery-1-915'>\n\t\t\t\tLa conteuse\n\t\t\t\t<\/figcaption><\/figure><figure class='gallery-item'>\n\t\t\t<div class='gallery-icon portrait'>\n\t\t\t\t<a href='https:\/\/stevenson-fontainebleau.fr\/2026\/03\/24\/assemblee-generale-dimanche-29-mars\/n__50547_w\/'><img loading=\"lazy\" decoding=\"async\" width=\"200\" height=\"300\" src=\"https:\/\/stevenson-fontainebleau.fr\/wp-content\/uploads\/2016\/10\/n__50547_w-200x300.jpg\" class=\"attachment-medium size-medium\" alt=\"\" aria-describedby=\"gallery-1-908\" srcset=\"https:\/\/stevenson-fontainebleau.fr\/wp-content\/uploads\/2016\/10\/n__50547_w-200x300.jpg 200w, https:\/\/stevenson-fontainebleau.fr\/wp-content\/uploads\/2016\/10\/n__50547_w.jpg 640w\" sizes=\"auto, (max-width: 200px) 100vw, 200px\" \/><\/a>\n\t\t\t<\/div>\n\t\t\t\t<figcaption class='wp-caption-text gallery-caption' id='gallery-1-908'>\n\t\t\t\tles Chefs\n\t\t\t\t<\/figcaption><\/figure><figure class='gallery-item'>\n\t\t\t<div class='gallery-icon portrait'>\n\t\t\t\t<a href='https:\/\/stevenson-fontainebleau.fr\/2026\/03\/24\/assemblee-generale-dimanche-29-mars\/n__50517_w\/'><img loading=\"lazy\" decoding=\"async\" width=\"200\" height=\"300\" src=\"https:\/\/stevenson-fontainebleau.fr\/wp-content\/uploads\/2016\/10\/n__50517_w-200x300.jpg\" class=\"attachment-medium size-medium\" alt=\"\" aria-describedby=\"gallery-1-927\" srcset=\"https:\/\/stevenson-fontainebleau.fr\/wp-content\/uploads\/2016\/10\/n__50517_w-200x300.jpg 200w, https:\/\/stevenson-fontainebleau.fr\/wp-content\/uploads\/2016\/10\/n__50517_w.jpg 640w\" sizes=\"auto, (max-width: 200px) 100vw, 200px\" \/><\/a>\n\t\t\t<\/div>\n\t\t\t\t<figcaption class='wp-caption-text gallery-caption' id='gallery-1-927'>\n\t\t\t\tLe r\u00e9sultat\n\t\t\t\t<\/figcaption><\/figure><figure class='gallery-item'>\n\t\t\t<div class='gallery-icon landscape'>\n\t\t\t\t<a href='https:\/\/stevenson-fontainebleau.fr\/2026\/03\/24\/assemblee-generale-dimanche-29-mars\/n__50556_w\/'><img loading=\"lazy\" decoding=\"async\" width=\"300\" height=\"197\" src=\"https:\/\/stevenson-fontainebleau.fr\/wp-content\/uploads\/2016\/10\/n__50556_w-300x197.jpg\" class=\"attachment-medium size-medium\" alt=\"\" aria-describedby=\"gallery-1-910\" srcset=\"https:\/\/stevenson-fontainebleau.fr\/wp-content\/uploads\/2016\/10\/n__50556_w-300x197.jpg 300w, https:\/\/stevenson-fontainebleau.fr\/wp-content\/uploads\/2016\/10\/n__50556_w-768x504.jpg 768w, https:\/\/stevenson-fontainebleau.fr\/wp-content\/uploads\/2016\/10\/n__50556_w-1024x672.jpg 1024w, https:\/\/stevenson-fontainebleau.fr\/wp-content\/uploads\/2016\/10\/n__50556_w.jpg 1280w\" sizes=\"auto, (max-width: 300px) 100vw, 300px\" \/><\/a>\n\t\t\t<\/div>\n\t\t\t\t<figcaption class='wp-caption-text gallery-caption' id='gallery-1-910'>\n\t\t\t\tLe service\n\t\t\t\t<\/figcaption><\/figure><figure class='gallery-item'>\n\t\t\t<div class='gallery-icon landscape'>\n\t\t\t\t<a href='https:\/\/stevenson-fontainebleau.fr\/2026\/03\/24\/assemblee-generale-dimanche-29-mars\/n__50518_w\/'><img loading=\"lazy\" decoding=\"async\" width=\"300\" height=\"197\" src=\"https:\/\/stevenson-fontainebleau.fr\/wp-content\/uploads\/2016\/10\/n__50518_w-300x197.jpg\" class=\"attachment-medium size-medium\" alt=\"\" aria-describedby=\"gallery-1-928\" srcset=\"https:\/\/stevenson-fontainebleau.fr\/wp-content\/uploads\/2016\/10\/n__50518_w-300x197.jpg 300w, https:\/\/stevenson-fontainebleau.fr\/wp-content\/uploads\/2016\/10\/n__50518_w-768x504.jpg 768w, https:\/\/stevenson-fontainebleau.fr\/wp-content\/uploads\/2016\/10\/n__50518_w-1024x672.jpg 1024w, https:\/\/stevenson-fontainebleau.fr\/wp-content\/uploads\/2016\/10\/n__50518_w.jpg 1280w\" sizes=\"auto, (max-width: 300px) 100vw, 300px\" \/><\/a>\n\t\t\t<\/div>\n\t\t\t\t<figcaption class='wp-caption-text gallery-caption' id='gallery-1-928'>\n\t\t\t\tL&rsquo;\u00e9quipe\n\t\t\t\t<\/figcaption><\/figure><figure class='gallery-item'>\n\t\t\t<div class='gallery-icon landscape'>\n\t\t\t\t<a href='https:\/\/stevenson-fontainebleau.fr\/2026\/03\/24\/assemblee-generale-dimanche-29-mars\/n__50568_w\/'><img loading=\"lazy\" decoding=\"async\" width=\"300\" height=\"225\" src=\"https:\/\/stevenson-fontainebleau.fr\/wp-content\/uploads\/2016\/10\/n__50568_w-300x225.jpg\" class=\"attachment-medium size-medium\" alt=\"\" aria-describedby=\"gallery-1-913\" srcset=\"https:\/\/stevenson-fontainebleau.fr\/wp-content\/uploads\/2016\/10\/n__50568_w-300x225.jpg 300w, https:\/\/stevenson-fontainebleau.fr\/wp-content\/uploads\/2016\/10\/n__50568_w-768x576.jpg 768w, https:\/\/stevenson-fontainebleau.fr\/wp-content\/uploads\/2016\/10\/n__50568_w-1024x768.jpg 1024w, https:\/\/stevenson-fontainebleau.fr\/wp-content\/uploads\/2016\/10\/n__50568_w.jpg 1280w\" sizes=\"auto, (max-width: 300px) 100vw, 300px\" \/><\/a>\n\t\t\t<\/div>\n\t\t\t\t<figcaption class='wp-caption-text gallery-caption' id='gallery-1-913'>\n\t\t\t\tRepos bien m\u00e9rit\u00e9\n\t\t\t\t<\/figcaption><\/figure>\n\t\t<\/div>\n\n<p><a href=\"http:\/\/stevenson-fontainebleau.fr\/wp-content\/uploads\/2016\/09\/RLS-Recloses-Programme-16oct2016.pdf\" target=\"_blank\" rel=\"noopener\">rls-recloses-programme-16oct2016<\/a><\/p>\n<h3><span style=\"color: #000000; font-family: Consolas;\">\u00a0<\/span><\/h3>\n<p>&nbsp;<\/p>\n<p>&nbsp;<\/p>\n","protected":false},"excerpt":{"rendered":"<p>4\u00e8me \u00e9dition de la journ\u00e9e Stevenson \u00e0 Recloses Sortie tr\u00e8s attendue car tr\u00e8s \u00a0appr\u00e9ci\u00e9e les ann\u00e9es pr\u00e9c\u00e9dentes &#8211; Cette ann\u00e9e encore cette journ\u00e9e a battu son plein. Nous devons ce succ\u00e8s aux randos accompagn\u00e9es par les \u00e2nes de nos amis de l&rsquo;\u00e2nerie de La Bacotte, aux contes tr\u00e8s appr\u00e9ci\u00e9s de Genevi\u00e8ve, \u00e0 l&rsquo;excellente cuisini\u00e8re\u00a0Rosalie et &hellip; <a href=\"https:\/\/stevenson-fontainebleau.fr\/2026\/03\/24\/assemblee-generale-dimanche-29-mars\/evenements-en-cours\/evenements-2016\/randonnee-du-16-octobre-2016\/\" class=\"more-link\">Continuer la lecture de <span class=\"screen-reader-text\">randonn\u00e9e du 16 octobre 2016<\/span>  <span class=\"meta-nav\">&rarr;<\/span><\/a><\/p>\n","protected":false},"author":1,"featured_media":0,"parent":1428,"menu_order":1,"comment_status":"closed","ping_status":"closed","template":"","meta":{"footnotes":""},"class_list":["post-856","page","type-page","status-publish","hentry"],"_links":{"self":[{"href":"https:\/\/stevenson-fontainebleau.fr\/2026\/03\/24\/assemblee-generale-dimanche-29-mars\/wp-json\/wp\/v2\/pages\/856","targetHints":{"allow":["GET"]}}],"collection":[{"href":"https:\/\/stevenson-fontainebleau.fr\/2026\/03\/24\/assemblee-generale-dimanche-29-mars\/wp-json\/wp\/v2\/pages"}],"about":[{"href":"https:\/\/stevenson-fontainebleau.fr\/2026\/03\/24\/assemblee-generale-dimanche-29-mars\/wp-json\/wp\/v2\/types\/page"}],"author":[{"embeddable":true,"href":"https:\/\/stevenson-fontainebleau.fr\/2026\/03\/24\/assemblee-generale-dimanche-29-mars\/wp-json\/wp\/v2\/users\/1"}],"replies":[{"embeddable":true,"href":"https:\/\/stevenson-fontainebleau.fr\/2026\/03\/24\/assemblee-generale-dimanche-29-mars\/wp-json\/wp\/v2\/comments?post=856"}],"version-history":[{"count":15,"href":"https:\/\/stevenson-fontainebleau.fr\/2026\/03\/24\/assemblee-generale-dimanche-29-mars\/wp-json\/wp\/v2\/pages\/856\/revisions"}],"predecessor-version":[{"id":1431,"href":"https:\/\/stevenson-fontainebleau.fr\/2026\/03\/24\/assemblee-generale-dimanche-29-mars\/wp-json\/wp\/v2\/pages\/856\/revisions\/1431"}],"up":[{"embeddable":true,"href":"https:\/\/stevenson-fontainebleau.fr\/2026\/03\/24\/assemblee-generale-dimanche-29-mars\/wp-json\/wp\/v2\/pages\/1428"}],"wp:attachment":[{"href":"https:\/\/stevenson-fontainebleau.fr\/2026\/03\/24\/assemblee-generale-dimanche-29-mars\/wp-json\/wp\/v2\/media?parent=856"}],"curies":[{"name":"wp","href":"https:\/\/api.w.org\/{rel}","templated":true}]}}