{"id":816,"date":"2016-05-10T06:22:12","date_gmt":"2016-05-10T05:22:12","guid":{"rendered":"http:\/\/stevenson-fontainebleau.fr\/?page_id=816"},"modified":"2018-02-18T18:10:19","modified_gmt":"2018-02-18T17:10:19","slug":"les-naturiales-reviennent-a-fontainebleau-les-21-et-22-mai-216","status":"publish","type":"page","link":"https:\/\/stevenson-fontainebleau.fr\/2026\/03\/24\/assemblee-generale-dimanche-29-mars\/evenements-en-cours\/evenements-2016\/les-naturiales-reviennent-a-fontainebleau-les-21-et-22-mai-216\/","title":{"rendered":"Les Naturiales reviennent \u00e0 Fontainebleau  <br\/>les 21 et 22 mai 216"},"content":{"rendered":"<h6 style=\"width: 330px; height: 29px; text-align: center;\"><a href=\"http:\/\/stevenson-fontainebleau.fr\/wp-content\/uploads\/2016\/05\/1590815.pdf\" target=\"_blank\">T\u00e9l\u00e9charger le programme de l\u2019\u00e9v\u00e9nement.<\/a><\/h6>\n<h6 style=\"width: 827px; height: 302px;\">D\u00e9couvrez les associations et institutions du territoire agissant dans le domaine de l\u2019environnement et du v\u00e9lo : Association des amis de la for\u00eat de Fontainebleau, Association ASABEPI, Seine-et- Marne environnement, Association Le Loriot, La vie \u00e0 v\u00e9lo, V\u00e9lo Sud 77, Office national des for\u00eats, Association des naturalistes de la vall\u00e9e du Loing et du massif de Fontainebleau (ANVL), La r\u00e9serve de biosph\u00e8re, Une petite marche pour une grande d\u00e9marche, <span style=\"color: #808080;\"> <strong>Association Robert Louis<\/strong> <strong>Stevenson<\/strong><\/span>, Comit\u00e9 d\u00e9partemental du tourisme, Office de tourisme.<\/h6>\n<h3><\/h3>\n<p>&nbsp;<\/p>\n<h3><\/h3>\n","protected":false},"excerpt":{"rendered":"<p>T\u00e9l\u00e9charger le programme de l\u2019\u00e9v\u00e9nement. D\u00e9couvrez les associations et institutions du territoire agissant dans le domaine de l\u2019environnement et du v\u00e9lo : Association des amis de la for\u00eat de Fontainebleau, Association ASABEPI, Seine-et- Marne environnement, Association Le Loriot, La vie \u00e0 v\u00e9lo, V\u00e9lo Sud 77, Office national des for\u00eats, Association des naturalistes de la vall\u00e9e &hellip; <a href=\"https:\/\/stevenson-fontainebleau.fr\/2026\/03\/24\/assemblee-generale-dimanche-29-mars\/evenements-en-cours\/evenements-2016\/les-naturiales-reviennent-a-fontainebleau-les-21-et-22-mai-216\/\" class=\"more-link\">Continuer la lecture de <span class=\"screen-reader-text\">Les Naturiales reviennent \u00e0 Fontainebleau  <br \/>les 21 et 22 mai 216<\/span>  <span class=\"meta-nav\">&rarr;<\/span><\/a><\/p>\n","protected":false},"author":1,"featured_media":0,"parent":1428,"menu_order":3,"comment_status":"closed","ping_status":"closed","template":"","meta":{"footnotes":""},"class_list":["post-816","page","type-page","status-publish","hentry"],"_links":{"self":[{"href":"https:\/\/stevenson-fontainebleau.fr\/2026\/03\/24\/assemblee-generale-dimanche-29-mars\/wp-json\/wp\/v2\/pages\/816","targetHints":{"allow":["GET"]}}],"collection":[{"href":"https:\/\/stevenson-fontainebleau.fr\/2026\/03\/24\/assemblee-generale-dimanche-29-mars\/wp-json\/wp\/v2\/pages"}],"about":[{"href":"https:\/\/stevenson-fontainebleau.fr\/2026\/03\/24\/assemblee-generale-dimanche-29-mars\/wp-json\/wp\/v2\/types\/page"}],"author":[{"embeddable":true,"href":"https:\/\/stevenson-fontainebleau.fr\/2026\/03\/24\/assemblee-generale-dimanche-29-mars\/wp-json\/wp\/v2\/users\/1"}],"replies":[{"embeddable":true,"href":"https:\/\/stevenson-fontainebleau.fr\/2026\/03\/24\/assemblee-generale-dimanche-29-mars\/wp-json\/wp\/v2\/comments?post=816"}],"version-history":[{"count":12,"href":"https:\/\/stevenson-fontainebleau.fr\/2026\/03\/24\/assemblee-generale-dimanche-29-mars\/wp-json\/wp\/v2\/pages\/816\/revisions"}],"predecessor-version":[{"id":833,"href":"https:\/\/stevenson-fontainebleau.fr\/2026\/03\/24\/assemblee-generale-dimanche-29-mars\/wp-json\/wp\/v2\/pages\/816\/revisions\/833"}],"up":[{"embeddable":true,"href":"https:\/\/stevenson-fontainebleau.fr\/2026\/03\/24\/assemblee-generale-dimanche-29-mars\/wp-json\/wp\/v2\/pages\/1428"}],"wp:attachment":[{"href":"https:\/\/stevenson-fontainebleau.fr\/2026\/03\/24\/assemblee-generale-dimanche-29-mars\/wp-json\/wp\/v2\/media?parent=816"}],"curies":[{"name":"wp","href":"https:\/\/api.w.org\/{rel}","templated":true}]}}