{"id":776,"date":"2016-04-28T16:26:40","date_gmt":"2016-04-28T15:26:40","guid":{"rendered":"http:\/\/stevenson-fontainebleau.fr\/?page_id=776"},"modified":"2018-02-18T18:00:34","modified_gmt":"2018-02-18T17:00:34","slug":"journee-stevenson-de-recloses-du-18-octobre-2015","status":"publish","type":"page","link":"https:\/\/stevenson-fontainebleau.fr\/2026\/03\/24\/assemblee-generale-dimanche-29-mars\/evenements-en-cours\/evenements-2015-2\/journee-stevenson-de-recloses-du-18-octobre-2015\/","title":{"rendered":"journ\u00e9e Stevenson de Recloses du 18 octobre 2015"},"content":{"rendered":"<h6><strong>\u00a0<\/strong><span style=\"color: #808080;\">Plus de 100 personnes ont particip\u00e9 \u00e0 la journ\u00e9e Stevenson de Recloses du 18 octobre 2015. Cette journ\u00e9e comprenait une randonn\u00e9e de 16 km des grilles de la cour d\u2019honneur du Ch\u00e2teau de Fontainebleau jusqu\u2019\u00e0 la mairie de Recloses en passant par Franchard.<\/span><\/h6>\n<p>&nbsp;<\/p>\n<div id='gallery-1' class='gallery galleryid-776 gallery-columns-2 gallery-size-large'><figure class='gallery-item'>\n\t\t\t<div class='gallery-icon landscape'>\n\t\t\t\t<a href='https:\/\/stevenson-fontainebleau.fr\/2026\/03\/24\/assemblee-generale-dimanche-29-mars\/dsc_5595\/'><img loading=\"lazy\" decoding=\"async\" width=\"474\" height=\"317\" src=\"https:\/\/stevenson-fontainebleau.fr\/wp-content\/uploads\/2016\/04\/DSC_5595-1024x685.jpg\" class=\"attachment-large size-large\" alt=\"\" srcset=\"https:\/\/stevenson-fontainebleau.fr\/wp-content\/uploads\/2016\/04\/DSC_5595-1024x685.jpg 1024w, https:\/\/stevenson-fontainebleau.fr\/wp-content\/uploads\/2016\/04\/DSC_5595-300x201.jpg 300w, https:\/\/stevenson-fontainebleau.fr\/wp-content\/uploads\/2016\/04\/DSC_5595-768x514.jpg 768w\" sizes=\"auto, (max-width: 474px) 100vw, 474px\" \/><\/a>\n\t\t\t<\/div><\/figure><figure class='gallery-item'>\n\t\t\t<div class='gallery-icon landscape'>\n\t\t\t\t<a href='https:\/\/stevenson-fontainebleau.fr\/2026\/03\/24\/assemblee-generale-dimanche-29-mars\/dsc_5615-2\/'><img loading=\"lazy\" decoding=\"async\" width=\"474\" height=\"317\" src=\"https:\/\/stevenson-fontainebleau.fr\/wp-content\/uploads\/2016\/04\/DSC_5615-1-1024x685.jpg\" class=\"attachment-large size-large\" alt=\"\" srcset=\"https:\/\/stevenson-fontainebleau.fr\/wp-content\/uploads\/2016\/04\/DSC_5615-1-1024x685.jpg 1024w, https:\/\/stevenson-fontainebleau.fr\/wp-content\/uploads\/2016\/04\/DSC_5615-1-300x201.jpg 300w, https:\/\/stevenson-fontainebleau.fr\/wp-content\/uploads\/2016\/04\/DSC_5615-1-768x514.jpg 768w\" sizes=\"auto, (max-width: 474px) 100vw, 474px\" \/><\/a>\n\t\t\t<\/div><\/figure><figure class='gallery-item'>\n\t\t\t<div class='gallery-icon landscape'>\n\t\t\t\t<a href='https:\/\/stevenson-fontainebleau.fr\/2026\/03\/24\/assemblee-generale-dimanche-29-mars\/dsc_5612-2\/'><img loading=\"lazy\" decoding=\"async\" width=\"474\" height=\"317\" src=\"https:\/\/stevenson-fontainebleau.fr\/wp-content\/uploads\/2016\/04\/DSC_5612-1-1024x685.jpg\" class=\"attachment-large size-large\" alt=\"\" srcset=\"https:\/\/stevenson-fontainebleau.fr\/wp-content\/uploads\/2016\/04\/DSC_5612-1-1024x685.jpg 1024w, https:\/\/stevenson-fontainebleau.fr\/wp-content\/uploads\/2016\/04\/DSC_5612-1-300x201.jpg 300w, https:\/\/stevenson-fontainebleau.fr\/wp-content\/uploads\/2016\/04\/DSC_5612-1-768x514.jpg 768w\" sizes=\"auto, (max-width: 474px) 100vw, 474px\" \/><\/a>\n\t\t\t<\/div><\/figure><figure class='gallery-item'>\n\t\t\t<div class='gallery-icon landscape'>\n\t\t\t\t<a href='https:\/\/stevenson-fontainebleau.fr\/2026\/03\/24\/assemblee-generale-dimanche-29-mars\/dsc_5608-2\/'><img loading=\"lazy\" decoding=\"async\" width=\"474\" height=\"328\" src=\"https:\/\/stevenson-fontainebleau.fr\/wp-content\/uploads\/2016\/04\/DSC_5608-1-1024x709.jpg\" class=\"attachment-large size-large\" alt=\"\" srcset=\"https:\/\/stevenson-fontainebleau.fr\/wp-content\/uploads\/2016\/04\/DSC_5608-1-1024x709.jpg 1024w, https:\/\/stevenson-fontainebleau.fr\/wp-content\/uploads\/2016\/04\/DSC_5608-1-300x208.jpg 300w, https:\/\/stevenson-fontainebleau.fr\/wp-content\/uploads\/2016\/04\/DSC_5608-1-768x532.jpg 768w\" sizes=\"auto, (max-width: 474px) 100vw, 474px\" \/><\/a>\n\t\t\t<\/div><\/figure><figure class='gallery-item'>\n\t\t\t<div class='gallery-icon landscape'>\n\t\t\t\t<a href='https:\/\/stevenson-fontainebleau.fr\/2026\/03\/24\/assemblee-generale-dimanche-29-mars\/dsc_5606-2\/'><img loading=\"lazy\" decoding=\"async\" width=\"474\" height=\"317\" src=\"https:\/\/stevenson-fontainebleau.fr\/wp-content\/uploads\/2016\/04\/DSC_5606-1-1024x685.jpg\" class=\"attachment-large size-large\" alt=\"\" srcset=\"https:\/\/stevenson-fontainebleau.fr\/wp-content\/uploads\/2016\/04\/DSC_5606-1-1024x685.jpg 1024w, https:\/\/stevenson-fontainebleau.fr\/wp-content\/uploads\/2016\/04\/DSC_5606-1-300x201.jpg 300w, https:\/\/stevenson-fontainebleau.fr\/wp-content\/uploads\/2016\/04\/DSC_5606-1-768x514.jpg 768w\" sizes=\"auto, (max-width: 474px) 100vw, 474px\" \/><\/a>\n\t\t\t<\/div><\/figure><figure class='gallery-item'>\n\t\t\t<div class='gallery-icon landscape'>\n\t\t\t\t<a href='https:\/\/stevenson-fontainebleau.fr\/2026\/03\/24\/assemblee-generale-dimanche-29-mars\/dsc_5605-2\/'><img loading=\"lazy\" decoding=\"async\" width=\"474\" height=\"317\" src=\"https:\/\/stevenson-fontainebleau.fr\/wp-content\/uploads\/2016\/04\/DSC_5605-1-1024x685.jpg\" class=\"attachment-large size-large\" alt=\"\" srcset=\"https:\/\/stevenson-fontainebleau.fr\/wp-content\/uploads\/2016\/04\/DSC_5605-1-1024x685.jpg 1024w, https:\/\/stevenson-fontainebleau.fr\/wp-content\/uploads\/2016\/04\/DSC_5605-1-300x201.jpg 300w, https:\/\/stevenson-fontainebleau.fr\/wp-content\/uploads\/2016\/04\/DSC_5605-1-768x514.jpg 768w\" sizes=\"auto, (max-width: 474px) 100vw, 474px\" \/><\/a>\n\t\t\t<\/div><\/figure><figure class='gallery-item'>\n\t\t\t<div class='gallery-icon landscape'>\n\t\t\t\t<a href='https:\/\/stevenson-fontainebleau.fr\/2026\/03\/24\/assemblee-generale-dimanche-29-mars\/dsc_5599\/'><img loading=\"lazy\" decoding=\"async\" width=\"474\" height=\"317\" src=\"https:\/\/stevenson-fontainebleau.fr\/wp-content\/uploads\/2016\/04\/DSC_5599-1024x685.jpg\" class=\"attachment-large size-large\" alt=\"\" srcset=\"https:\/\/stevenson-fontainebleau.fr\/wp-content\/uploads\/2016\/04\/DSC_5599-1024x685.jpg 1024w, https:\/\/stevenson-fontainebleau.fr\/wp-content\/uploads\/2016\/04\/DSC_5599-300x201.jpg 300w, https:\/\/stevenson-fontainebleau.fr\/wp-content\/uploads\/2016\/04\/DSC_5599-768x514.jpg 768w\" sizes=\"auto, (max-width: 474px) 100vw, 474px\" \/><\/a>\n\t\t\t<\/div><\/figure><figure class='gallery-item'>\n\t\t\t<div class='gallery-icon landscape'>\n\t\t\t\t<a href='https:\/\/stevenson-fontainebleau.fr\/2026\/03\/24\/assemblee-generale-dimanche-29-mars\/dsc_5598\/'><img loading=\"lazy\" decoding=\"async\" width=\"474\" height=\"317\" src=\"https:\/\/stevenson-fontainebleau.fr\/wp-content\/uploads\/2016\/04\/DSC_5598-1024x685.jpg\" class=\"attachment-large size-large\" alt=\"\" srcset=\"https:\/\/stevenson-fontainebleau.fr\/wp-content\/uploads\/2016\/04\/DSC_5598-1024x685.jpg 1024w, https:\/\/stevenson-fontainebleau.fr\/wp-content\/uploads\/2016\/04\/DSC_5598-300x201.jpg 300w, https:\/\/stevenson-fontainebleau.fr\/wp-content\/uploads\/2016\/04\/DSC_5598-768x514.jpg 768w\" sizes=\"auto, (max-width: 474px) 100vw, 474px\" \/><\/a>\n\t\t\t<\/div><\/figure><figure class='gallery-item'>\n\t\t\t<div class='gallery-icon portrait'>\n\t\t\t\t<a href='https:\/\/stevenson-fontainebleau.fr\/2026\/03\/24\/assemblee-generale-dimanche-29-mars\/dsc_5607-2\/'><img loading=\"lazy\" decoding=\"async\" width=\"474\" height=\"709\" src=\"https:\/\/stevenson-fontainebleau.fr\/wp-content\/uploads\/2016\/04\/DSC_5607-1-685x1024.jpg\" class=\"attachment-large size-large\" alt=\"\" srcset=\"https:\/\/stevenson-fontainebleau.fr\/wp-content\/uploads\/2016\/04\/DSC_5607-1-685x1024.jpg 685w, https:\/\/stevenson-fontainebleau.fr\/wp-content\/uploads\/2016\/04\/DSC_5607-1-201x300.jpg 201w, https:\/\/stevenson-fontainebleau.fr\/wp-content\/uploads\/2016\/04\/DSC_5607-1-768x1147.jpg 768w\" sizes=\"auto, (max-width: 474px) 100vw, 474px\" \/><\/a>\n\t\t\t<\/div><\/figure><figure class='gallery-item'>\n\t\t\t<div class='gallery-icon portrait'>\n\t\t\t\t<a href='https:\/\/stevenson-fontainebleau.fr\/2026\/03\/24\/assemblee-generale-dimanche-29-mars\/dsc_5601\/'><img loading=\"lazy\" decoding=\"async\" width=\"474\" height=\"709\" src=\"https:\/\/stevenson-fontainebleau.fr\/wp-content\/uploads\/2016\/04\/DSC_5601-685x1024.jpg\" class=\"attachment-large size-large\" alt=\"\" srcset=\"https:\/\/stevenson-fontainebleau.fr\/wp-content\/uploads\/2016\/04\/DSC_5601-685x1024.jpg 685w, https:\/\/stevenson-fontainebleau.fr\/wp-content\/uploads\/2016\/04\/DSC_5601-201x300.jpg 201w, https:\/\/stevenson-fontainebleau.fr\/wp-content\/uploads\/2016\/04\/DSC_5601-768x1147.jpg 768w\" sizes=\"auto, (max-width: 474px) 100vw, 474px\" \/><\/a>\n\t\t\t<\/div><\/figure>\n\t\t<\/div>\n\n","protected":false},"excerpt":{"rendered":"<p>\u00a0Plus de 100 personnes ont particip\u00e9 \u00e0 la journ\u00e9e Stevenson de Recloses du 18 octobre 2015. Cette journ\u00e9e comprenait une randonn\u00e9e de 16 km des grilles de la cour d\u2019honneur du Ch\u00e2teau de Fontainebleau jusqu\u2019\u00e0 la mairie de Recloses en passant par Franchard. &nbsp;<\/p>\n","protected":false},"author":1,"featured_media":0,"parent":1426,"menu_order":97,"comment_status":"closed","ping_status":"closed","template":"","meta":{"footnotes":""},"class_list":["post-776","page","type-page","status-publish","hentry"],"_links":{"self":[{"href":"https:\/\/stevenson-fontainebleau.fr\/2026\/03\/24\/assemblee-generale-dimanche-29-mars\/wp-json\/wp\/v2\/pages\/776","targetHints":{"allow":["GET"]}}],"collection":[{"href":"https:\/\/stevenson-fontainebleau.fr\/2026\/03\/24\/assemblee-generale-dimanche-29-mars\/wp-json\/wp\/v2\/pages"}],"about":[{"href":"https:\/\/stevenson-fontainebleau.fr\/2026\/03\/24\/assemblee-generale-dimanche-29-mars\/wp-json\/wp\/v2\/types\/page"}],"author":[{"embeddable":true,"href":"https:\/\/stevenson-fontainebleau.fr\/2026\/03\/24\/assemblee-generale-dimanche-29-mars\/wp-json\/wp\/v2\/users\/1"}],"replies":[{"embeddable":true,"href":"https:\/\/stevenson-fontainebleau.fr\/2026\/03\/24\/assemblee-generale-dimanche-29-mars\/wp-json\/wp\/v2\/comments?post=776"}],"version-history":[{"count":10,"href":"https:\/\/stevenson-fontainebleau.fr\/2026\/03\/24\/assemblee-generale-dimanche-29-mars\/wp-json\/wp\/v2\/pages\/776\/revisions"}],"predecessor-version":[{"id":800,"href":"https:\/\/stevenson-fontainebleau.fr\/2026\/03\/24\/assemblee-generale-dimanche-29-mars\/wp-json\/wp\/v2\/pages\/776\/revisions\/800"}],"up":[{"embeddable":true,"href":"https:\/\/stevenson-fontainebleau.fr\/2026\/03\/24\/assemblee-generale-dimanche-29-mars\/wp-json\/wp\/v2\/pages\/1426"}],"wp:attachment":[{"href":"https:\/\/stevenson-fontainebleau.fr\/2026\/03\/24\/assemblee-generale-dimanche-29-mars\/wp-json\/wp\/v2\/media?parent=776"}],"curies":[{"name":"wp","href":"https:\/\/api.w.org\/{rel}","templated":true}]}}