{"id":657,"date":"2016-04-21T13:22:02","date_gmt":"2016-04-21T12:22:02","guid":{"rendered":"http:\/\/stevenson-fontainebleau.fr\/?page_id=657"},"modified":"2016-04-21T13:32:38","modified_gmt":"2016-04-21T12:32:38","slug":"biographie","status":"publish","type":"page","link":"https:\/\/stevenson-fontainebleau.fr\/2026\/03\/24\/assemblee-generale-dimanche-29-mars\/rl-stevenson\/biographie\/","title":{"rendered":"BIOGRAPHIE"},"content":{"rendered":"<h4 style=\"text-align: center;\">Robert Louis Stevenson est l\u2019un des ma\u00eetres incontestables du roman d&rsquo;aventures.<\/h4>\n<p><img loading=\"lazy\" decoding=\"async\" class=\"aligncenter\" src=\"http:\/\/www.barbizontourisme.fr\/wp-content\/uploads\/2016\/03\/AVT_Robert-Louis-Stevenson_319.jpeg\" alt=\"Exposition Barbizon Estampes 2016\" width=\"288\" height=\"173\" \/><\/p>\n<h4 style=\"text-align: center;\">N\u00e9 \u00e0 Edimbourg (Ecosse) le 13\/11\/1850 ; Mort \u00e0 Vailima (Samoa, Polyn\u00e9sie) le 03\/12\/1894.<\/h4>\n<p><span class=\"dropcap plain\">I<\/span>l est des \u00eatres dont la destin\u00e9e est peu commune. Que dire de celle de Stevenson qui d\u2019une constitution fragile quitte les brumes \u00e9cossaises pour finir sa vie aux antipodes en ayant marqu\u00e9 de son passage Menton, Barbizon, Grez-sur-Loing, Monastier-sur-Gazeille, Davos, Hy\u00e8res, New-York, La Californie et les \u00eeles Samoa.<\/p>\n<p>R.L.S. (comme il aimait se faire appeler) Robert Lewis Stevenson est n\u00e9, en 1850, \u00e0 \u00c9dimbourg, dans une famille \u00e9cossaise ais\u00e9e, son p\u00e8re \u00e9tait un ing\u00e9nieur c\u00e9l\u00e8bre pour ses travaux dans le domaine des phares et balises. Le jeune R.L.S. avait malheureusement une sant\u00e9 fragile, ses parents l\u2019emm\u00e8neront r\u00e9guli\u00e8rement au bord de la mer (Menton), et \u00e0 la montagne, pour am\u00e9liorer son \u00e9tat de sant\u00e9.<\/p>\n<p>Il ne d\u00e9sire pas marcher sur les traces de son p\u00e8re, car il est attir\u00e9 par la litt\u00e9rature. C\u2019est \u00e0 ce moment qu\u2019il d\u00e9cide de franciser son pr\u00e9nom en troquant \u00ab Lewis \u00bb pour \u00ab Louis \u00bb (m\u00eame prononciation). Malgr\u00e9 tout, il fait des \u00e9tudes de droit, et ses parents lui donnent un petit p\u00e9cule pour qu\u2019il s\u2019installe. Mais en 1875, R.L.S pr\u00e9f\u00e8re r\u00e9pondre \u00e0 l\u2019invitation de son cousin Bob qui est \u00e0 Paris, et il est bien content de s\u2019\u00e9loigner de ses parents un peu trop stricts\u2026<\/p>\n<h4 style=\"text-align: center;\">\u00a0Les Notes de la For\u00eat : Barbizon<\/h4>\n<p>Apr\u00e8s quelques mois \u00e0 Paris, les deux cousins partent \u00e0 Barbizon retrouver leurs amis artistes qui s\u00e9journent \u00e0 l\u2019h\u00f4tel Siron (devenu Bas-Br\u00e9au). Pour Stevenson, la vie \u00e0 Barbizon a un go\u00fbt de libert\u00e9, et c\u2019est l\u00e0 qu\u2019il commence \u00e0 r\u00e9diger ses notes sur la for\u00eat et \u00e9crit: \u00ab\u00a0Ce fut une \u00e9poque plaisante, et ce hameau situ\u00e9 pr\u00e8s de l\u2019or\u00e9e de la for\u00eat est pour moi un point de verdure dans mes souvenirs\u00a0\u00bb. Le soir, les artistes passent de longs moments ensemble, \u00e0 manger, \u00e0 boire et \u00e0 d\u00e9battre.<\/p>\n<h4 style=\"text-align: center;\">Grez-sur-Loing et Lady Osbourne<\/h4>\n<p>Un jour, Will Low, artiste am\u00e9ricain propose d\u2019aller au bord d\u2019une rivi\u00e8re, au sud de la for\u00eat de Fontainebleau, il y a, parait-il, une auberge agr\u00e9able, et son jardin descend jusqu\u2019\u00e0 la rivi\u00e8re. Quelques jours apr\u00e8s, le petit groupe loue une charrette, et prend le chemin de Grez-sur-Loing. R.L.S et ses amis tombent vite sous le charme de Grez et font la connaissance de cette colonie d\u2019artistes anglo-saxons qui a accueilli r\u00e9cemment deux femmes peintres am\u00e9ricaines, Fanny Osbourne et sa fille Isobel appel\u00e9e \u00ab\u00a0Belle\u00a0\u00bb qui marqueront la vie de Stevenson. Cette Am\u00e9ricaine de dix ans son a\u00een\u00e9e, dot\u00e9e d\u2019une forte personnalit\u00e9, vit s\u00e9par\u00e9e de son mari Samuel Osbourne. En 1875, elle est venue \u00e0 Paris (avec ses enfants), et elle fr\u00e9quente, en compagnie de sa fille, la c\u00e9l\u00e8bre Acad\u00e9mie Julian, install\u00e9e dans le passage des Panoramas\u2026<\/p>\n<p>En 1876, la petite famille se rend \u00e0 Grez, pour un premier s\u00e9jour au bord du Loing\u2026 Entre Robert-Louis et Fanny, le coup de foudre est imm\u00e9diat. Ils se retrouvent durant l\u2019\u00e9t\u00e9 1877 de nouveau \u00e0 Grez, puis \u00e0 Paris en octobre. Ils veulent se marier mais Fanny n\u2019est pas divorc\u00e9e de son mari. En 1878, elle repart en Californie, pour obtenir ce divorce. De son c\u00f4t\u00e9, Stevenson voudrait bien la suivre, mais ses finances ne lui permettent pas. De surcro\u00eet, son p\u00e8re menace de lui couper les vivres s\u2019il persiste dans cette id\u00e9e de mariage.<\/p>\n<h4 style=\"text-align: center;\">Modestine et les C\u00e9vennes<\/h4>\n<p>D\u00e9\u00e7u, il part s\u2019isoler au Monastier-sur-Gazeille, depuis cette localit\u00e9, il effectue une randonn\u00e9e en compagnie d\u2019une \u00e2nesse, nomm\u00e9e Modestine. Cette marche s\u2019inspirait de celle effectu\u00e9e par un pasteur calviniste dont sa nourrice lui lisait le r\u00e9cit quand ,enfant, il \u00e9tait alit\u00e9. Parti le 22 septembre 1878 de Haute-Loire, il atteint douze jours plus tard la petite ville de Saint-Jean-du-Gard. Aujourd\u2019hui cette randonn\u00e9e de 252 km est connue sous le nom de \u00ab Chemin de Stevenson \u00bb et est r\u00e9f\u00e9renc\u00e9e comme sentier de grande randonn\u00e9e GR70. Le r\u00e9cit de ce p\u00e9riple, Voyage avec un \u00e2ne dans les C\u00e9vennes, publi\u00e9 en 1879, demeure aujourd\u2019hui encore le livre de chevet de nombreux randonneurs (vous le trouverez en t\u00e9l\u00e9chargement \u00ab libre de droits \u00bb en pied de cette page).<\/p>\n<h4 style=\"text-align: center;\">\u00a0Fanny et le mariage<\/h4>\n<p>En 1879, malgr\u00e9 l\u2019opposition de sa famille, il part rejoindre Fanny Osbourne en Californie. Partant de Glasgow, il atteint New York et retrouve enfin Fanny \u00e0 Monterey, apr\u00e8s un long voyage en chemin de fer. En mars 1880, il manque de mourir d\u2019une pneumonie et ne doit son salut qu\u2019\u00e0 l\u2019attention de Fanny, qui se d\u00e9voue six semaines \u00e0 son chevet. \u00c0 peine r\u00e9tabli, il l\u2019\u00e9pouse le 19 mai \u00e0 San Francisco et ils partent en lune de miel, accompagn\u00e9s du fils de Fanny, Lloyd. Cette lune de miel, qu\u2019ils passent en Californie dans une mine d\u2019argent d\u00e9saffect\u00e9e, est relat\u00e9e dans Les Squatters de Silverado et publi\u00e9e en 1883.<\/p>\n<h4 style=\"text-align: center;\">Les romans et le succ\u00e8s<\/h4>\n<p>Pendant l\u2019\u00e9t\u00e9 1880, Robert-Louis et Fanny s\u00e9journent en \u00c9cosse, chez les parents Stevenson, qui, contre toute attente, sont s\u00e9duits par la personnalit\u00e9 de Fanny. RLS et sa femme se rendent \u00e0 Davos, cherchant un climat favorable pour un bon r\u00e9tablissement. De f\u00e9vrier 1883, \u00e0 juin 1884, ils s\u00e9journent \u00e0 Hy\u00e8res dans un chalet appel\u00e9 Solitude, sur les hauteurs de la ville. Il \u00e9crit alors : \u00ab Ce coin, notre jardin et notre vue sont sub-c\u00e9lestes. Je r\u00e9side pr\u00e8s du Paradis. Plus tard, il \u00e9crit \u00ab Heureux, je le fus une fois et ce fut \u00e0 Hy\u00e8res \u00bb C\u2019est l\u00e0 qu\u2019il \u00e9crit son premier roman \u00ab\u00a0L\u2019\u00eele au tr\u00e9sor\u00a0\u00bb, d\u00e9di\u00e9 \u00e0 Lloyd, le fils de Fanny. En 1887, apr\u00e8s le d\u00e9c\u00e8s de son p\u00e8re, ils partent aux \u00c9tats-Unis, o\u00f9 il est accueilli par la presse newyorkaise comme une vedette, suite au succ\u00e8s de L\u2019\u00c9trange cas du docteur Jekyll et de Mr. Hyde (1886).<\/p>\n<p>Il passe l\u2019hiver dans les monts Adirondacks pour soigner sa tuberculose. Au printemps 1888, ils partent de San Francisco pour les mers du sud, \u00e0 bord d\u2019un voilier, le Casco, ils visitent les \u00eeles Marquises, l\u2019archipel des Tuamotu, Tahiti et Hawa\u00ef. En 1890, sa sant\u00e9 se d\u00e9t\u00e9riorant, ils s\u2019installent d\u00e9finitivement \u00e0 Vailima aux Samoa dont le climat tropical est favorable \u00e0 sa sant\u00e9. La m\u00e8re de Stevenson va les rejoindre. Sans n\u00e9gliger sa carri\u00e8re litt\u00e9raire, qu\u2019il poursuit activement avec l\u2019aide de \u00ab\u00a0Belle\u00a0\u00bb comme secr\u00e9taire.<\/p>\n<h4 style=\"text-align: center;\">Les \u00eeles Samoa : la fin de la route<\/h4>\n<p>il s\u2019investit beaucoup aupr\u00e8s des Samoans : lors d\u2019une guerre civile en 1893, il prend m\u00eame leur d\u00e9fense contre l\u2019imp\u00e9rialisme \u00e9tranger. Pleins de gratitude, les indig\u00e8nes b\u00e2tissent en son honneur une route menant \u00e0 sa plantation. Il devient m\u00eame un chef de tribu, appel\u00e9 respectueusement Tusitala (\u00ab le conteur d\u2019histoires \u00bb) par ses membres.<\/p>\n<p>Stevenson meurt d\u2019une crise d\u2019apoplexie \u00e0 l\u2019\u00e2ge de 44 ans. Il est enterr\u00e9 selon son d\u00e9sir face \u00e0 la mer au sommet du mont Vaea surplombant Vailima. Lors de ses obs\u00e8ques, quatre-cent Samoans se relay\u00e8rent pour porter son cercueil au sommet du mont Vaea. Sa tombe porte en \u00e9pitaphe les premiers vers de son po\u00e8me Requiem compos\u00e9 \u00e0 Hy\u00e8res en 1884 : \u00ab Sous le ciel immense et \u00e9toil\u00e9, Creuse la tombe et laisse-moi reposer, Heureux j\u2019ai v\u00e9cu et heureux je meurs.\u00bb.<\/p>\n<ul>\n<li><em><strong>1878 Un voyage int\u00e9rieur, par les canaux et les rivi\u00e8res (An Inland Voyage)<\/strong><\/em><\/li>\n<li><em><strong>1879 Voyage avec un \u00e2ne \u00e0 travers les C\u00e9vennes (Travels with a Donkey in the C\u00e9vennes )<\/strong><\/em><\/li>\n<li><em><strong>1881 Virginibus Puerisque (Recueil d\u2019essais)<\/strong><\/em><\/li>\n<li><em><strong>1882 Familiar Studies of Men and Books (Recueil d\u2019essais)<\/strong><\/em><\/li>\n<li><em><strong>1882 Les nouvelles Mille et Une Nuits (New Arabian Nights)<\/strong><\/em><\/li>\n<li><em><strong>1883 L\u2019\u00eele au tr\u00e9sor (Treasure Island)<\/strong><\/em><\/li>\n<li><em><strong>1884 Les squatters de Silverado (The Silverado Squatters)<\/strong><\/em><\/li>\n<li><em><strong>1885 Le dynamiteur (The Dynamiter)<\/strong><\/em><\/li>\n<li><em><strong>1885 Prince Othon (Prince Otto)<\/strong><\/em><\/li>\n<li><em><strong>1885 Jardin de po\u00e8mes pour un enfant (A Child\u2019s Garden of Verses)<\/strong><\/em><\/li>\n<li><em><strong>1886 L\u2019\u00e9trange cas du Docteur Jekyll et de Mr Hyde (The Strange case of Dr Jekyll and Mister Hyde)<\/strong><\/em><\/li>\n<li><em><strong>1886 Enlev\u00e9 ! (Kidnapped!)<\/strong><\/em><\/li>\n<li><em><strong>1887 Les gais lurons (The Merry Men and other tales)<\/strong><\/em><\/li>\n<li><em><strong>1887 Underwoods (Po\u00e8mes)<\/strong><\/em><\/li>\n<li><em><strong>1888 La fl\u00e8che noire (The Black Arrow)<\/strong><\/em><\/li>\n<li><em><strong>1889 Le ma\u00eetre de Ballantrae (The Master of Ballantrae)<\/strong><\/em><\/li>\n<li><em><strong>1889 Un mort encombrant (The Wrong Box), \u00e9crit en collaboration avec Lloyd Osbourne<\/strong><\/em><\/li>\n<li><em><strong>1890 Dans les mers du Sud (The South Seas : A Record of Three Cruises)<\/strong><\/em><\/li>\n<li><em><strong>1892 Ceux de Falesa (The Beach of Falesa)<\/strong><\/em><\/li>\n<li><em><strong>1892 Les pleurs de Laupepa (A Footnote to History : Eight Years of Troubles in Samoa)<\/strong><\/em><\/li>\n<li><em><strong>1892 Le trafiquant d\u2019\u00e9paves (The Wrecker), \u00e9crit en collaboration avec Lloyd Osbourne<\/strong><\/em><\/li>\n<li><em><strong>1892 A travers les plaines (Across the Plains)<\/strong><\/em><\/li>\n<li><em><strong>1893 Catriona (Catriona)<\/strong><\/em><\/li>\n<li><em><strong>1893 Veill\u00e9es des \u00eeles (Island Night Entertainment)<\/strong><\/em><\/li>\n<li><em><strong>1894 Le creux de la vague (The Ebb-Tide)<\/strong><\/em><\/li>\n<li><em><strong>1894 St Yves (St Ives.) Roman inachev\u00e9<\/strong><\/em><\/li>\n<li><em><strong>1894 Heathercat. Roman inachev\u00e9<\/strong><\/em><\/li>\n<li><em><strong>1894 Hermiston le juge pendeur (Weir of Hermiston). Roman inachev\u00e9<\/strong><\/em><\/li>\n<\/ul>\n","protected":false},"excerpt":{"rendered":"<p>Robert Louis Stevenson est l\u2019un des ma\u00eetres incontestables du roman d&rsquo;aventures. N\u00e9 \u00e0 Edimbourg (Ecosse) le 13\/11\/1850 ; Mort \u00e0 Vailima (Samoa, Polyn\u00e9sie) le 03\/12\/1894. Il est des \u00eatres dont la destin\u00e9e est peu commune. Que dire de celle de Stevenson qui d\u2019une constitution fragile quitte les brumes \u00e9cossaises pour finir sa vie aux antipodes &hellip; <a href=\"https:\/\/stevenson-fontainebleau.fr\/2026\/03\/24\/assemblee-generale-dimanche-29-mars\/rl-stevenson\/biographie\/\" class=\"more-link\">Continuer la lecture de <span class=\"screen-reader-text\">BIOGRAPHIE<\/span>  <span class=\"meta-nav\">&rarr;<\/span><\/a><\/p>\n","protected":false},"author":1,"featured_media":0,"parent":44,"menu_order":0,"comment_status":"closed","ping_status":"closed","template":"","meta":{"footnotes":""},"class_list":["post-657","page","type-page","status-publish","hentry"],"_links":{"self":[{"href":"https:\/\/stevenson-fontainebleau.fr\/2026\/03\/24\/assemblee-generale-dimanche-29-mars\/wp-json\/wp\/v2\/pages\/657","targetHints":{"allow":["GET"]}}],"collection":[{"href":"https:\/\/stevenson-fontainebleau.fr\/2026\/03\/24\/assemblee-generale-dimanche-29-mars\/wp-json\/wp\/v2\/pages"}],"about":[{"href":"https:\/\/stevenson-fontainebleau.fr\/2026\/03\/24\/assemblee-generale-dimanche-29-mars\/wp-json\/wp\/v2\/types\/page"}],"author":[{"embeddable":true,"href":"https:\/\/stevenson-fontainebleau.fr\/2026\/03\/24\/assemblee-generale-dimanche-29-mars\/wp-json\/wp\/v2\/users\/1"}],"replies":[{"embeddable":true,"href":"https:\/\/stevenson-fontainebleau.fr\/2026\/03\/24\/assemblee-generale-dimanche-29-mars\/wp-json\/wp\/v2\/comments?post=657"}],"version-history":[{"count":4,"href":"https:\/\/stevenson-fontainebleau.fr\/2026\/03\/24\/assemblee-generale-dimanche-29-mars\/wp-json\/wp\/v2\/pages\/657\/revisions"}],"predecessor-version":[{"id":661,"href":"https:\/\/stevenson-fontainebleau.fr\/2026\/03\/24\/assemblee-generale-dimanche-29-mars\/wp-json\/wp\/v2\/pages\/657\/revisions\/661"}],"up":[{"embeddable":true,"href":"https:\/\/stevenson-fontainebleau.fr\/2026\/03\/24\/assemblee-generale-dimanche-29-mars\/wp-json\/wp\/v2\/pages\/44"}],"wp:attachment":[{"href":"https:\/\/stevenson-fontainebleau.fr\/2026\/03\/24\/assemblee-generale-dimanche-29-mars\/wp-json\/wp\/v2\/media?parent=657"}],"curies":[{"name":"wp","href":"https:\/\/api.w.org\/{rel}","templated":true}]}}