{"id":5038,"date":"2025-11-22T14:54:30","date_gmt":"2025-11-22T13:54:30","guid":{"rendered":"https:\/\/stevenson-fontainebleau.fr\/?page_id=5038"},"modified":"2025-11-22T14:56:20","modified_gmt":"2025-11-22T13:56:20","slug":"antoinette-dans-les-cevennes","status":"publish","type":"page","link":"https:\/\/stevenson-fontainebleau.fr\/2026\/03\/24\/assemblee-generale-dimanche-29-mars\/evenements-en-cours\/programme-des-activites-2025\/antoinette-dans-les-cevennes\/","title":{"rendered":"Antoinette dans les C\u00e9vennes"},"content":{"rendered":"\n<p><a href=\"https:\/\/www.facebook.com\/michel.legros.31?__cft__[0]=AZWQ76QGV0kZf_TkYplcil3UoArpolN_EZUMmU5qlslzHylIQC7NsLQ8vNiV8axtpqpyyuYMrBcXZMT8JrM27BuwL6UxxNwiJ5J63zAhRdnQ5Dkjg0odzeQwKu8aje6rkNRBqT7PjtW_TjLmmlsFMKv0&amp;__tn__=%3C%3C%2CP-R\"><\/a><\/p>\n\n\n\n<p>et n&rsquo;oubliez pas samedi soir, \u00e0 la salle polyvalente de Recloses, un joli moment avec Antoinette dans les C\u00e9vennes et pas toute seule&#8230;.., gratuit mais un chapeau qui sera partag\u00e9 entre Toinou et Octobre Rose<a href=\"https:\/\/www.facebook.com\/michel.legros.31?__cft__[0]=AZWQ76QGV0kZf_TkYplcil3UoArpolN_EZUMmU5qlslzHylIQC7NsLQ8vNiV8axtpqpyyuYMrBcXZMT8JrM27BuwL6UxxNwiJ5J63zAhRdnQ5Dkjg0odzeQwKu8aje6rkNRBqT7PjtW_TjLmmlsFMKv0&amp;__tn__=%3C%3C%2CP-R\"><\/a><\/p>\n\n\n<div class=\"wp-block-image\">\n<figure class=\"aligncenter\"><img decoding=\"async\" src=\"https:\/\/scontent-cdg4-2.xx.fbcdn.net\/v\/t39.30808-6\/558296384_25088842690720809_4999434367507749183_n.jpg?_nc_cat=100&amp;ccb=1-7&amp;_nc_sid=127cfc&amp;_nc_ohc=HnGPvcmPObsQ7kNvwFtgSzb&amp;_nc_oc=AdkhzPwResvRQ22_v6bY8-XafAcojLb8ugXoS6NWfMaqZOn6RvaG-I-NvYeGQD6y1w3C_toAbGDW5Gbv7HX-Bdpm&amp;_nc_zt=23&amp;_nc_ht=scontent-cdg4-2.xx&amp;_nc_gid=_rMkl-hEtvRU_x3r9HrHQA&amp;oh=00_Afh6ciGf9zDCeSAlLU-8LyyUaY-ckGOh0kLsyjJJXx33tg&amp;oe=6927795C\" alt=\"Peut \u00eatre une image de 1 personne et texte qui dit \u2019&quot;Robert Louis Stevenson de Barbizon \u00e0 Grez&quot; pr\u00e9sente Samedi 4 octobre, 20 h 30 salle polyvalente de Recloses &quot;Antoinette dans les C\u00e9vennes&quot; Soir\u00e9e cin\u00e9ma au profit la lutte contre le de cancer- Octobre Rose et Association Toinou participation libre \u0e15\u0e31\u0e48\u0e14\u0e15\u0e37\u0e19\u0e08 T\u00f3inou Soutenu par STEVENSON de Barbizuu Grez M MELATULTURE MINISTERE DELA CULTURE Paar\u2019\"\/><\/figure>\n<\/div>","protected":false},"excerpt":{"rendered":"<p>et n&rsquo;oubliez pas samedi soir, \u00e0 la salle polyvalente de Recloses, un joli moment avec Antoinette dans les C\u00e9vennes et pas toute seule&#8230;.., gratuit mais un chapeau qui sera partag\u00e9 entre Toinou et Octobre Rose<\/p>\n","protected":false},"author":1,"featured_media":0,"parent":4709,"menu_order":75,"comment_status":"closed","ping_status":"closed","template":"","meta":{"footnotes":""},"class_list":["post-5038","page","type-page","status-publish","hentry"],"_links":{"self":[{"href":"https:\/\/stevenson-fontainebleau.fr\/2026\/03\/24\/assemblee-generale-dimanche-29-mars\/wp-json\/wp\/v2\/pages\/5038","targetHints":{"allow":["GET"]}}],"collection":[{"href":"https:\/\/stevenson-fontainebleau.fr\/2026\/03\/24\/assemblee-generale-dimanche-29-mars\/wp-json\/wp\/v2\/pages"}],"about":[{"href":"https:\/\/stevenson-fontainebleau.fr\/2026\/03\/24\/assemblee-generale-dimanche-29-mars\/wp-json\/wp\/v2\/types\/page"}],"author":[{"embeddable":true,"href":"https:\/\/stevenson-fontainebleau.fr\/2026\/03\/24\/assemblee-generale-dimanche-29-mars\/wp-json\/wp\/v2\/users\/1"}],"replies":[{"embeddable":true,"href":"https:\/\/stevenson-fontainebleau.fr\/2026\/03\/24\/assemblee-generale-dimanche-29-mars\/wp-json\/wp\/v2\/comments?post=5038"}],"version-history":[{"count":1,"href":"https:\/\/stevenson-fontainebleau.fr\/2026\/03\/24\/assemblee-generale-dimanche-29-mars\/wp-json\/wp\/v2\/pages\/5038\/revisions"}],"predecessor-version":[{"id":5039,"href":"https:\/\/stevenson-fontainebleau.fr\/2026\/03\/24\/assemblee-generale-dimanche-29-mars\/wp-json\/wp\/v2\/pages\/5038\/revisions\/5039"}],"up":[{"embeddable":true,"href":"https:\/\/stevenson-fontainebleau.fr\/2026\/03\/24\/assemblee-generale-dimanche-29-mars\/wp-json\/wp\/v2\/pages\/4709"}],"wp:attachment":[{"href":"https:\/\/stevenson-fontainebleau.fr\/2026\/03\/24\/assemblee-generale-dimanche-29-mars\/wp-json\/wp\/v2\/media?parent=5038"}],"curies":[{"name":"wp","href":"https:\/\/api.w.org\/{rel}","templated":true}]}}