{"id":5029,"date":"2025-11-22T14:34:59","date_gmt":"2025-11-22T13:34:59","guid":{"rendered":"https:\/\/stevenson-fontainebleau.fr\/?page_id=5029"},"modified":"2025-11-22T14:48:48","modified_gmt":"2025-11-22T13:48:48","slug":"journee-robert-louis-stevenson","status":"publish","type":"page","link":"https:\/\/stevenson-fontainebleau.fr\/2026\/03\/24\/assemblee-generale-dimanche-29-mars\/evenements-en-cours\/programme-des-activites-2025\/journee-robert-louis-stevenson\/","title":{"rendered":"JOURNEE Robert-Louis STEVENSON"},"content":{"rendered":"\n<p>L\u2019Association \u00ab\u00a0Stevenson de Barbizon \u00e0 Grez\u00a0\u00bb organise une randonn\u00e9e p\u00e9destre le dimanche 12 octobre 2025<br \/>RV sur le pr\u00e9 communal de Grez-sur-Loing<br \/>D\u00e9part \u00e0 9H30 pour une randonn\u00e9e accompagn\u00e9e d&rsquo;\u00e2nes jusqu&rsquo;au Village de Recloses (10 kms)<br \/>Pensez \u00e0 r\u00e9server votre repas par e-mail \u00e0 : inscription@stevenson-fontainebleau.fr ; ou par t\u00e9l\u00e9phone au : 06 81 77 65 15.<br \/>A partir de 14H30, animation musicale<br \/><\/p>\n\n\n<div class=\"wp-block-image\">\n<figure class=\"aligncenter\"><img decoding=\"async\" src=\"https:\/\/scontent-cdg4-1.xx.fbcdn.net\/v\/t39.30808-6\/557994937_779727541736049_2929636737280173526_n.jpg?stp=dst-jpg_p526x296_tt6&amp;_nc_cat=105&amp;ccb=1-7&amp;_nc_sid=833d8c&amp;_nc_ohc=kJAfJzIaPJ0Q7kNvwEfIFnB&amp;_nc_oc=AdnD46S88X-va8iJRhL-mI6WG6CreXmRxW3eaerk2XbRvNZy-1vH6jouHgghbBTKwCI0bgYsUBtci8IhbwSlpnJ5&amp;_nc_zt=23&amp;_nc_ht=scontent-cdg4-1.xx&amp;_nc_gid=ARMxAtoz5GziYn0twgZVSw&amp;oh=00_Afia5HXKmY6gN25HYdix4c9DmEy6ez_znYj8y-_dL5t_wg&amp;oe=692793EF\" alt=\"Peut \u00eatre une image de 8 personnes et texte\"\/><\/figure>\n<\/div>","protected":false},"excerpt":{"rendered":"<p>L\u2019Association \u00ab\u00a0Stevenson de Barbizon \u00e0 Grez\u00a0\u00bb organise une randonn\u00e9e p\u00e9destre le dimanche 12 octobre 2025RV sur le pr\u00e9 communal de Grez-sur-LoingD\u00e9part \u00e0 9H30 pour une randonn\u00e9e accompagn\u00e9e d&rsquo;\u00e2nes jusqu&rsquo;au Village de Recloses (10 kms)Pensez \u00e0 r\u00e9server votre repas par e-mail \u00e0 : inscription@stevenson-fontainebleau.fr ; ou par t\u00e9l\u00e9phone au : 06 81 77 65 15.A partir &hellip; <a href=\"https:\/\/stevenson-fontainebleau.fr\/2026\/03\/24\/assemblee-generale-dimanche-29-mars\/evenements-en-cours\/programme-des-activites-2025\/journee-robert-louis-stevenson\/\" class=\"more-link\">Continuer la lecture de <span class=\"screen-reader-text\">JOURNEE Robert-Louis STEVENSON<\/span>  <span class=\"meta-nav\">&rarr;<\/span><\/a><\/p>\n","protected":false},"author":1,"featured_media":0,"parent":4709,"menu_order":50,"comment_status":"closed","ping_status":"closed","template":"","meta":{"footnotes":""},"class_list":["post-5029","page","type-page","status-publish","hentry"],"_links":{"self":[{"href":"https:\/\/stevenson-fontainebleau.fr\/2026\/03\/24\/assemblee-generale-dimanche-29-mars\/wp-json\/wp\/v2\/pages\/5029","targetHints":{"allow":["GET"]}}],"collection":[{"href":"https:\/\/stevenson-fontainebleau.fr\/2026\/03\/24\/assemblee-generale-dimanche-29-mars\/wp-json\/wp\/v2\/pages"}],"about":[{"href":"https:\/\/stevenson-fontainebleau.fr\/2026\/03\/24\/assemblee-generale-dimanche-29-mars\/wp-json\/wp\/v2\/types\/page"}],"author":[{"embeddable":true,"href":"https:\/\/stevenson-fontainebleau.fr\/2026\/03\/24\/assemblee-generale-dimanche-29-mars\/wp-json\/wp\/v2\/users\/1"}],"replies":[{"embeddable":true,"href":"https:\/\/stevenson-fontainebleau.fr\/2026\/03\/24\/assemblee-generale-dimanche-29-mars\/wp-json\/wp\/v2\/comments?post=5029"}],"version-history":[{"count":5,"href":"https:\/\/stevenson-fontainebleau.fr\/2026\/03\/24\/assemblee-generale-dimanche-29-mars\/wp-json\/wp\/v2\/pages\/5029\/revisions"}],"predecessor-version":[{"id":5037,"href":"https:\/\/stevenson-fontainebleau.fr\/2026\/03\/24\/assemblee-generale-dimanche-29-mars\/wp-json\/wp\/v2\/pages\/5029\/revisions\/5037"}],"up":[{"embeddable":true,"href":"https:\/\/stevenson-fontainebleau.fr\/2026\/03\/24\/assemblee-generale-dimanche-29-mars\/wp-json\/wp\/v2\/pages\/4709"}],"wp:attachment":[{"href":"https:\/\/stevenson-fontainebleau.fr\/2026\/03\/24\/assemblee-generale-dimanche-29-mars\/wp-json\/wp\/v2\/media?parent=5029"}],"curies":[{"name":"wp","href":"https:\/\/api.w.org\/{rel}","templated":true}]}}