{"id":4923,"date":"2025-11-22T11:01:01","date_gmt":"2025-11-22T10:01:01","guid":{"rendered":"https:\/\/stevenson-fontainebleau.fr\/?page_id=4923"},"modified":"2025-11-22T14:50:51","modified_gmt":"2025-11-22T13:50:51","slug":"aventure-forestiere-en-foret-de-fontainebleau","status":"publish","type":"page","link":"https:\/\/stevenson-fontainebleau.fr\/2026\/03\/24\/assemblee-generale-dimanche-29-mars\/evenements-en-cours\/programme-des-activites-2025\/aventure-forestiere-en-foret-de-fontainebleau\/","title":{"rendered":"Aventure FORESTIERE EN FOR\u00caT DE FONTAINEBLEAU"},"content":{"rendered":"<div class=\"wp-block-image\">\n<figure class=\"aligncenter\"><img decoding=\"async\" src=\"https:\/\/scontent-cdg4-3.xx.fbcdn.net\/v\/t39.30808-6\/564111224_25227854546819622_8585316113590191329_n.jpg?stp=dst-jpg_s720x720_tt6&amp;_nc_cat=110&amp;ccb=1-7&amp;_nc_sid=127cfc&amp;_nc_ohc=d3BC1iFlppMQ7kNvwE1v4eu&amp;_nc_oc=AdmoKSkWBRDR4DmtYUISKgZSr4_xpFEEsYMoTewsT3fQIJQ7qauKEruUelqsmGGQSLdmvSfvKPvltdVFDrMe_7F2&amp;_nc_zt=23&amp;_nc_ht=scontent-cdg4-3.xx&amp;_nc_gid=sMiL2P0DeJ2kygWrOKaLfA&amp;oh=00_Afjgt97UkFjzSzR5YRfX_HWWrWu5GBGG4ES-n8wOyjoVgg&amp;oe=69276DDD\" alt=\"Peut \u00eatre une image de texte qui dit \u2019Pour enfants avec parents ou grands-parents, parents, pendant les vacances l'association Robert Louis Stevenson, de Barbizon Grez vous propose: une aventure foresti\u00e8re en for\u00eat de Fontainebleau petite randonn\u00e9e sur chemin plat, jeux, \u00e9nigmes, histoires cont\u00e9es, r\u00e9compenses et douceurs pour tout le monde \u00e0 partir de 4-5 ans) Mercredi 22 octobre 2025 \u00e0 La Faisanderie \u00e0 partir de 13 h 30 gratuit -inscription obligatoire sur le 06 31 22 97 87 ou sur Inscitin@stevenson-fontainele son-fontainebleau.fi\u2019\"\/><\/figure>\n<\/div>\n\n\n<div data-wp-interactive=\"core\/file\" class=\"wp-block-file\"><object data-wp-bind--hidden=\"!state.hasPdfPreview\" hidden class=\"wp-block-file__embed\" data=\"https:\/\/stevenson-fontainebleau.fr\/wp-content\/uploads\/2025\/09\/rls-flyer-2025xxx.pdf\" type=\"application\/pdf\" style=\"width:100%;height:600px\" aria-label=\"Contenu embarqu\u00e9 rls flyer 2025xxx.\"><\/object><a id=\"wp-block-file--media-c48cd79f-1602-4a2f-8649-2752039ef337\" href=\"https:\/\/stevenson-fontainebleau.fr\/wp-content\/uploads\/2025\/09\/rls-flyer-2025xxx.pdf\" target=\"_blank\" rel=\"noreferrer noopener\">rls flyer 2025xxx<\/a><a href=\"https:\/\/stevenson-fontainebleau.fr\/wp-content\/uploads\/2025\/09\/rls-flyer-2025xxx.pdf\" class=\"wp-block-file__button wp-element-button\" download aria-describedby=\"wp-block-file--media-c48cd79f-1602-4a2f-8649-2752039ef337\">T\u00e9l\u00e9charger<\/a><\/div>\n","protected":false},"excerpt":{"rendered":"","protected":false},"author":1,"featured_media":0,"parent":4709,"menu_order":45,"comment_status":"closed","ping_status":"closed","template":"","meta":{"footnotes":""},"class_list":["post-4923","page","type-page","status-publish","hentry"],"_links":{"self":[{"href":"https:\/\/stevenson-fontainebleau.fr\/2026\/03\/24\/assemblee-generale-dimanche-29-mars\/wp-json\/wp\/v2\/pages\/4923","targetHints":{"allow":["GET"]}}],"collection":[{"href":"https:\/\/stevenson-fontainebleau.fr\/2026\/03\/24\/assemblee-generale-dimanche-29-mars\/wp-json\/wp\/v2\/pages"}],"about":[{"href":"https:\/\/stevenson-fontainebleau.fr\/2026\/03\/24\/assemblee-generale-dimanche-29-mars\/wp-json\/wp\/v2\/types\/page"}],"author":[{"embeddable":true,"href":"https:\/\/stevenson-fontainebleau.fr\/2026\/03\/24\/assemblee-generale-dimanche-29-mars\/wp-json\/wp\/v2\/users\/1"}],"replies":[{"embeddable":true,"href":"https:\/\/stevenson-fontainebleau.fr\/2026\/03\/24\/assemblee-generale-dimanche-29-mars\/wp-json\/wp\/v2\/comments?post=4923"}],"version-history":[{"count":3,"href":"https:\/\/stevenson-fontainebleau.fr\/2026\/03\/24\/assemblee-generale-dimanche-29-mars\/wp-json\/wp\/v2\/pages\/4923\/revisions"}],"predecessor-version":[{"id":5028,"href":"https:\/\/stevenson-fontainebleau.fr\/2026\/03\/24\/assemblee-generale-dimanche-29-mars\/wp-json\/wp\/v2\/pages\/4923\/revisions\/5028"}],"up":[{"embeddable":true,"href":"https:\/\/stevenson-fontainebleau.fr\/2026\/03\/24\/assemblee-generale-dimanche-29-mars\/wp-json\/wp\/v2\/pages\/4709"}],"wp:attachment":[{"href":"https:\/\/stevenson-fontainebleau.fr\/2026\/03\/24\/assemblee-generale-dimanche-29-mars\/wp-json\/wp\/v2\/media?parent=4923"}],"curies":[{"name":"wp","href":"https:\/\/api.w.org\/{rel}","templated":true}]}}