{"id":4805,"date":"2025-06-16T09:33:22","date_gmt":"2025-06-16T08:33:22","guid":{"rendered":"https:\/\/stevenson-fontainebleau.fr\/?page_id=4805"},"modified":"2025-09-06T14:29:00","modified_gmt":"2025-09-06T13:29:00","slug":"les-rendez-vous-de-lhistoire","status":"publish","type":"page","link":"https:\/\/stevenson-fontainebleau.fr\/2026\/03\/24\/assemblee-generale-dimanche-29-mars\/evenements-en-cours\/programme-des-activites-2025\/les-rendez-vous-de-lhistoire\/","title":{"rendered":"LES RENDEZ-VOUS DE L&rsquo;HISTOIRE"},"content":{"rendered":"<p><img loading=\"lazy\" decoding=\"async\" class=\"wp-image-4721 alignleft\" src=\"http:\/\/stevenson-fontainebleau.fr\/wp-content\/uploads\/2025\/03\/92358833_3096212587077135_6454405697705607168_n.jpg\" alt=\"\" width=\"124\" height=\"124\" srcset=\"https:\/\/stevenson-fontainebleau.fr\/wp-content\/uploads\/2025\/03\/92358833_3096212587077135_6454405697705607168_n.jpg 200w, https:\/\/stevenson-fontainebleau.fr\/wp-content\/uploads\/2025\/03\/92358833_3096212587077135_6454405697705607168_n-150x150.jpg 150w\" sizes=\"auto, (max-width: 124px) 100vw, 124px\" \/><\/p>\n<p>&nbsp;<\/p>\n<h4>Une heure de causerie et d&rsquo;\u00e9changes sur la pr\u00e9sence de Stevenson dans le pays de Fontainebleau , s\u00e9ance gratuite, et parking sans souci sur le site des archives, merci de votre pr\u00e9sence et de vos partages de l&rsquo;information, une occasion aussi pour d\u00e9couvrir les archives d\u00e9partementales.<\/h4>\n<p><img loading=\"lazy\" decoding=\"async\" class=\"aligncenter wp-image-4722 size-full\" src=\"http:\/\/stevenson-fontainebleau.fr\/wp-content\/uploads\/2025\/03\/481456199_9682872241744437_4518854309018002920_n.jpg\" alt=\"\" width=\"940\" height=\"788\" srcset=\"https:\/\/stevenson-fontainebleau.fr\/wp-content\/uploads\/2025\/03\/481456199_9682872241744437_4518854309018002920_n.jpg 940w, https:\/\/stevenson-fontainebleau.fr\/wp-content\/uploads\/2025\/03\/481456199_9682872241744437_4518854309018002920_n-300x251.jpg 300w, https:\/\/stevenson-fontainebleau.fr\/wp-content\/uploads\/2025\/03\/481456199_9682872241744437_4518854309018002920_n-768x644.jpg 768w\" sizes=\"auto, (max-width: 940px) 100vw, 940px\" \/><\/p>\n","protected":false},"excerpt":{"rendered":"<p>&nbsp; Une heure de causerie et d&rsquo;\u00e9changes sur la pr\u00e9sence de Stevenson dans le pays de Fontainebleau , s\u00e9ance gratuite, et parking sans souci sur le site des archives, merci de votre pr\u00e9sence et de vos partages de l&rsquo;information, une occasion aussi pour d\u00e9couvrir les archives d\u00e9partementales.<\/p>\n","protected":false},"author":1,"featured_media":0,"parent":4709,"menu_order":99,"comment_status":"closed","ping_status":"closed","template":"","meta":{"footnotes":""},"class_list":["post-4805","page","type-page","status-publish","hentry"],"_links":{"self":[{"href":"https:\/\/stevenson-fontainebleau.fr\/2026\/03\/24\/assemblee-generale-dimanche-29-mars\/wp-json\/wp\/v2\/pages\/4805","targetHints":{"allow":["GET"]}}],"collection":[{"href":"https:\/\/stevenson-fontainebleau.fr\/2026\/03\/24\/assemblee-generale-dimanche-29-mars\/wp-json\/wp\/v2\/pages"}],"about":[{"href":"https:\/\/stevenson-fontainebleau.fr\/2026\/03\/24\/assemblee-generale-dimanche-29-mars\/wp-json\/wp\/v2\/types\/page"}],"author":[{"embeddable":true,"href":"https:\/\/stevenson-fontainebleau.fr\/2026\/03\/24\/assemblee-generale-dimanche-29-mars\/wp-json\/wp\/v2\/users\/1"}],"replies":[{"embeddable":true,"href":"https:\/\/stevenson-fontainebleau.fr\/2026\/03\/24\/assemblee-generale-dimanche-29-mars\/wp-json\/wp\/v2\/comments?post=4805"}],"version-history":[{"count":1,"href":"https:\/\/stevenson-fontainebleau.fr\/2026\/03\/24\/assemblee-generale-dimanche-29-mars\/wp-json\/wp\/v2\/pages\/4805\/revisions"}],"predecessor-version":[{"id":4807,"href":"https:\/\/stevenson-fontainebleau.fr\/2026\/03\/24\/assemblee-generale-dimanche-29-mars\/wp-json\/wp\/v2\/pages\/4805\/revisions\/4807"}],"up":[{"embeddable":true,"href":"https:\/\/stevenson-fontainebleau.fr\/2026\/03\/24\/assemblee-generale-dimanche-29-mars\/wp-json\/wp\/v2\/pages\/4709"}],"wp:attachment":[{"href":"https:\/\/stevenson-fontainebleau.fr\/2026\/03\/24\/assemblee-generale-dimanche-29-mars\/wp-json\/wp\/v2\/media?parent=4805"}],"curies":[{"name":"wp","href":"https:\/\/api.w.org\/{rel}","templated":true}]}}