{"id":4801,"date":"2025-06-16T09:26:40","date_gmt":"2025-06-16T08:26:40","guid":{"rendered":"https:\/\/stevenson-fontainebleau.fr\/?page_id=4801"},"modified":"2025-11-22T14:47:35","modified_gmt":"2025-11-22T13:47:35","slug":"assemblee-generale-2025","status":"publish","type":"page","link":"https:\/\/stevenson-fontainebleau.fr\/2026\/03\/24\/assemblee-generale-dimanche-29-mars\/evenements-en-cours\/programme-des-activites-2025\/assemblee-generale-2025\/","title":{"rendered":"ASSEMBL\u00c9E G\u00c9N\u00c9RALE 2025"},"content":{"rendered":"<p><img loading=\"lazy\" decoding=\"async\" class=\"alignleft wp-image-4721\" src=\"http:\/\/stevenson-fontainebleau.fr\/wp-content\/uploads\/2025\/03\/92358833_3096212587077135_6454405697705607168_n.jpg\" alt=\"\" width=\"131\" height=\"131\" srcset=\"https:\/\/stevenson-fontainebleau.fr\/wp-content\/uploads\/2025\/03\/92358833_3096212587077135_6454405697705607168_n.jpg 200w, https:\/\/stevenson-fontainebleau.fr\/wp-content\/uploads\/2025\/03\/92358833_3096212587077135_6454405697705607168_n-150x150.jpg 150w\" sizes=\"auto, (max-width: 131px) 100vw, 131px\" \/><\/p>\n<h4><span style=\"color: #ffffff;\">.<\/span><\/h4>\n<p>&nbsp;<\/p>\n<p><span style=\"color: #ffffff;\">.<\/span><\/p>\n<h4><\/h4>\n<h4>Bonjour \u00e0 toutes et tous<\/h4>\n<p>La prochaine assembl\u00e9e g\u00e9n\u00e9rale de notre association \u00ab Robert Louis Stevenson\u00a0 de Barbizon \u00e0 Grez\u00a0\u00bb se tiendra le<strong> dimanche 16 mars \u00e0 partir de 10 h 30\u00a0 <\/strong><strong>\u00e0 la salle des F\u00eates de Recloses.<\/strong><br \/>\nAu programme <strong>une assembl\u00e9e g\u00e9n\u00e9rale ordinaire et une assembl\u00e9e g\u00e9n\u00e9rale extraordinaire<\/strong> ( pour nettoyer nos statuts).<\/p>\n<p>Vous trouverez les documents pr\u00e9paratoires ci-apr\u00e8s ou \u00e0 votre disposition lors de l\u2019assembl\u00e9e g\u00e9n\u00e9rale.<br \/>\nA partir de 12 h 30\u00a0 et jusqu\u2019\u00e0 15 heures, ap\u00e9ritif dinatoire, caf\u00e9 musical et une fabuleuse conf\u00e9rence sur les pirates<\/p>\n<ol>\n<li>invitation pour ce moment statutaire et convivial Invitation: <a href=\"https:\/\/view.officeapps.live.com\/op\/view.aspx?src=https%3A%2F%2Fstevenson-fontainebleau.fr%2Fwp-content%2Fuploads%2F2025%2F03%2FRLSdBaG-AG2025-Convocation-et-Pouvoir.docx&amp;wdOrigin=BROWSELINK\" target=\"_blank\" rel=\"noopener\">doc1<\/a><\/li>\n<li>un pouvoir \u00e0 nous retourner si malheureusement vous ne pouviez \u00eatre des n\u00f4tres: <a href=\"https:\/\/view.officeapps.live.com\/op\/view.aspx?src=https%3A%2F%2Fstevenson-fontainebleau.fr%2Fwp-content%2Fuploads%2F2025%2F03%2FRLSdBaG-AG2025-Pouvoir.docx&amp;wdOrigin=BROWSELINK\" target=\"_blank\" rel=\"noopener\">doc2<\/a><\/li>\n<li>un appel de cotisation:\u00a0 <a href=\"https:\/\/view.officeapps.live.com\/op\/view.aspx?src=https%3A%2F%2Fstevenson-fontainebleau.fr%2Fwp-content%2Fuploads%2F2025%2F03%2FRLSdBaG-Appel-Cotisation-2025.docx&amp;wdOrigin=BROWSELINK\" target=\"_blank\" rel=\"noopener\">doc3<\/a><\/li>\n<li>une sollicitation de candidature pour le conseil d\u2019administration.\u00a0 <a href=\"https:\/\/view.officeapps.live.com\/op\/view.aspx?src=https%3A%2F%2Fstevenson-fontainebleau.fr%2Fwp-content%2Fuploads%2F2025%2F03%2FRLSdBaG-Appel-Candidature2025.docx&amp;wdOrigin=BROWSELINK\" target=\"_blank\" rel=\"noopener\">doc4<\/a><\/li>\n<\/ol>\n<p>Au plaisir de vous retrouver pour organiser nos nouvelles aventures.<br \/>\nMichel Legros<\/p>\n<p>Pr\u00e9sident de l\u2019association<\/p>\n<p><a href=\"mailto:Michel.legros77@gmail.com\">Michel.legros77@gmail.com<\/a> et 06 80 24 40 31<\/p>\n<p>&nbsp;<\/p>\n<p>&nbsp;<\/p>\n<p>&nbsp;<\/p>\n<p>&nbsp;<\/p>\n","protected":false},"excerpt":{"rendered":"<p>. &nbsp; . Bonjour \u00e0 toutes et tous La prochaine assembl\u00e9e g\u00e9n\u00e9rale de notre association \u00ab Robert Louis Stevenson\u00a0 de Barbizon \u00e0 Grez\u00a0\u00bb se tiendra le dimanche 16 mars \u00e0 partir de 10 h 30\u00a0 \u00e0 la salle des F\u00eates de Recloses. Au programme une assembl\u00e9e g\u00e9n\u00e9rale ordinaire et une assembl\u00e9e g\u00e9n\u00e9rale extraordinaire ( pour &hellip; <a href=\"https:\/\/stevenson-fontainebleau.fr\/2026\/03\/24\/assemblee-generale-dimanche-29-mars\/evenements-en-cours\/programme-des-activites-2025\/assemblee-generale-2025\/\" class=\"more-link\">Continuer la lecture de <span class=\"screen-reader-text\">ASSEMBL\u00c9E G\u00c9N\u00c9RALE 2025<\/span>  <span class=\"meta-nav\">&rarr;<\/span><\/a><\/p>\n","protected":false},"author":1,"featured_media":0,"parent":4709,"menu_order":85,"comment_status":"closed","ping_status":"closed","template":"","meta":{"footnotes":""},"class_list":["post-4801","page","type-page","status-publish","hentry"],"_links":{"self":[{"href":"https:\/\/stevenson-fontainebleau.fr\/2026\/03\/24\/assemblee-generale-dimanche-29-mars\/wp-json\/wp\/v2\/pages\/4801","targetHints":{"allow":["GET"]}}],"collection":[{"href":"https:\/\/stevenson-fontainebleau.fr\/2026\/03\/24\/assemblee-generale-dimanche-29-mars\/wp-json\/wp\/v2\/pages"}],"about":[{"href":"https:\/\/stevenson-fontainebleau.fr\/2026\/03\/24\/assemblee-generale-dimanche-29-mars\/wp-json\/wp\/v2\/types\/page"}],"author":[{"embeddable":true,"href":"https:\/\/stevenson-fontainebleau.fr\/2026\/03\/24\/assemblee-generale-dimanche-29-mars\/wp-json\/wp\/v2\/users\/1"}],"replies":[{"embeddable":true,"href":"https:\/\/stevenson-fontainebleau.fr\/2026\/03\/24\/assemblee-generale-dimanche-29-mars\/wp-json\/wp\/v2\/comments?post=4801"}],"version-history":[{"count":1,"href":"https:\/\/stevenson-fontainebleau.fr\/2026\/03\/24\/assemblee-generale-dimanche-29-mars\/wp-json\/wp\/v2\/pages\/4801\/revisions"}],"predecessor-version":[{"id":4802,"href":"https:\/\/stevenson-fontainebleau.fr\/2026\/03\/24\/assemblee-generale-dimanche-29-mars\/wp-json\/wp\/v2\/pages\/4801\/revisions\/4802"}],"up":[{"embeddable":true,"href":"https:\/\/stevenson-fontainebleau.fr\/2026\/03\/24\/assemblee-generale-dimanche-29-mars\/wp-json\/wp\/v2\/pages\/4709"}],"wp:attachment":[{"href":"https:\/\/stevenson-fontainebleau.fr\/2026\/03\/24\/assemblee-generale-dimanche-29-mars\/wp-json\/wp\/v2\/media?parent=4801"}],"curies":[{"name":"wp","href":"https:\/\/api.w.org\/{rel}","templated":true}]}}