{"id":4799,"date":"2025-06-16T09:21:44","date_gmt":"2025-06-16T08:21:44","guid":{"rendered":"https:\/\/stevenson-fontainebleau.fr\/?page_id=4799"},"modified":"2025-11-22T14:44:39","modified_gmt":"2025-11-22T13:44:39","slug":"achevement-de-la-reconnaissance-vers-le-puy-en-velay","status":"publish","type":"page","link":"https:\/\/stevenson-fontainebleau.fr\/2026\/03\/24\/assemblee-generale-dimanche-29-mars\/evenements-en-cours\/programme-des-activites-2025\/achevement-de-la-reconnaissance-vers-le-puy-en-velay\/","title":{"rendered":"Ach\u00e8vement de la reconnaissance vers le Puy-en-Velay"},"content":{"rendered":"<p><img loading=\"lazy\" decoding=\"async\" class=\"aligncenter wp-image-278\" src=\"http:\/\/stevenson-fontainebleau.fr\/wp-content\/uploads\/2016\/01\/FullSizeRender.jpg\" alt=\"\" width=\"125\" height=\"184\" srcset=\"https:\/\/stevenson-fontainebleau.fr\/wp-content\/uploads\/2016\/01\/FullSizeRender.jpg 2025w, https:\/\/stevenson-fontainebleau.fr\/wp-content\/uploads\/2016\/01\/FullSizeRender-203x300.jpg 203w, https:\/\/stevenson-fontainebleau.fr\/wp-content\/uploads\/2016\/01\/FullSizeRender-768x1133.jpg 768w, https:\/\/stevenson-fontainebleau.fr\/wp-content\/uploads\/2016\/01\/FullSizeRender-694x1024.jpg 694w\" sizes=\"auto, (max-width: 125px) 100vw, 125px\" \/><\/p>\n<p><u>STEVENSON PROGRAMME RANDONNEE DE DEBUT JUIN 2025<\/u><\/p>\n<p><em><strong><u>Lundi 2 juin\u00a0:<\/u><\/strong><\/em>\u00a0 1 \u00e9tape\u00a0 effectu\u00e9e par 2 \u00e9quipes<\/p>\n<p>D\u00e9part de Grez \u00e0 8 heures pour une arriv\u00e9e \u00e0 Jumeau vers 12 heures repas tir\u00e9 du sac \u00e0 Jumeau formation de 2 \u00e9quipes pour une \u00e9tape entre Jumeau et Brioude<\/p>\n<p>Equipe\u00a0 1 : Jumeau \u2013 Az\u00e9rat\u00a0 d\u00e9part \u00e0 13 heures\u00a0 &#8211; 14 km\u00a0 &#8211;\u00a0 5 heures<\/p>\n<p>Equipe 2\u00a0:\u00a0\u00a0 Az\u00e9rat \u2013 Brioude\u00a0 d\u00e9part \u00e0 13 heures 30 &#8211; 11 km\u00a0 &#8211;\u00a0 4 heures<\/p>\n<p><em><strong><u>Mardi\u00a0 3\u00a0 juin\u00a0:<\/u> <\/strong><\/em>2 \u00e9tapes\u00a0: \u00a0Brioude \u2013 Paulhaguet\u00a0 et\u00a0 Paulhaguet \u2013 Siaugues St Romain<\/p>\n<p>3 \u00e9quipes<\/p>\n<p>Equipe\u00a0 1\u00a0: Brioude \u2013 Paulhaguet\u00a0 d\u00e9part \u00e0 8 heures 30 &#8211; 20 km \u00a07 heures<\/p>\n<p>Equipe\u00a0 2\u00a0: Paulhaguet \u2013 Azini\u00e8re\u00a0 d\u00e9part \u00e0 9 heures\u00a0 &#8211;\u00a0 6 km &#8211;\u00a0 1 heure 30<\/p>\n<p>Equipe\u00a0 3\u00a0: Azini\u00e8re \u2013 Siaugues St Romain d\u00e9part \u00e0\u00a0 9 heures\u00a0 &#8211; 19\u00a0 km &#8211; \u00a07\u00a0 heures<\/p>\n<p><strong><u>Mercredi\u00a0 4\u00a0 juin<\/u>\u00a0:<\/strong> 1\u00a0 \u00e9tape\u00a0\u00a0 : Siaugues St Romain &#8211;\u00a0 Loudes<\/p>\n<p>Tous les randonneurs ensemble d\u00e9part \u00e0 9 heures 30\u00a0 &#8211;\u00a0 16 km &#8211;\u00a0 5 heures<\/p>\n<p><em><strong><u>Jeudi\u00a0 5 juin\u00a0:<\/u><\/strong><\/em> 1\u00a0 \u00e9tape\u00a0: Loudes\u00a0 &#8211;\u00a0 Le Puy en Velay<\/p>\n<p>Tous les randonneurs ensemble\u00a0 d\u00e9part \u00e0\u00a0 8\u00a0 heures 45\u00a0 &#8211;\u00a0 17 km\u00a0 &#8211;\u00a0 5 heures 50<\/p>\n<p>Regroupement \u00e0 Polignac (ch\u00e2teau fort) repas tir\u00e9 du sac vers 12 h 30 pour tous les participants \u00e0 la randonn\u00e9e ainsi que les personnes qui rejoignent le groupe pour parcourir les 4 derniers km tous ensemble<\/p>\n<p>D\u00e9part depuis Polignac \u00e0 14 h. apr\u00e8s le repas, pour rejoindre avec tous les participants la Basilique du Puy, ou autre, (arriv\u00e9e pr\u00e9vue 15 h. \/ 15 h. 30)<\/p>\n<p><strong><em><u>Vendredi 6 juin 2025\u00a0:<\/u><\/em><\/strong><\/p>\n<p>Retour apr\u00e8s mission accomplie \u2026<\/p>\n","protected":false},"excerpt":{"rendered":"<p>STEVENSON PROGRAMME RANDONNEE DE DEBUT JUIN 2025 Lundi 2 juin\u00a0:\u00a0 1 \u00e9tape\u00a0 effectu\u00e9e par 2 \u00e9quipes D\u00e9part de Grez \u00e0 8 heures pour une arriv\u00e9e \u00e0 Jumeau vers 12 heures repas tir\u00e9 du sac \u00e0 Jumeau formation de 2 \u00e9quipes pour une \u00e9tape entre Jumeau et Brioude Equipe\u00a0 1 : Jumeau \u2013 Az\u00e9rat\u00a0 d\u00e9part \u00e0 &hellip; <a href=\"https:\/\/stevenson-fontainebleau.fr\/2026\/03\/24\/assemblee-generale-dimanche-29-mars\/evenements-en-cours\/programme-des-activites-2025\/achevement-de-la-reconnaissance-vers-le-puy-en-velay\/\" class=\"more-link\">Continuer la lecture de <span class=\"screen-reader-text\">Ach\u00e8vement de la reconnaissance vers le Puy-en-Velay<\/span>  <span class=\"meta-nav\">&rarr;<\/span><\/a><\/p>\n","protected":false},"author":1,"featured_media":0,"parent":4709,"menu_order":90,"comment_status":"closed","ping_status":"closed","template":"","meta":{"footnotes":""},"class_list":["post-4799","page","type-page","status-publish","hentry"],"_links":{"self":[{"href":"https:\/\/stevenson-fontainebleau.fr\/2026\/03\/24\/assemblee-generale-dimanche-29-mars\/wp-json\/wp\/v2\/pages\/4799","targetHints":{"allow":["GET"]}}],"collection":[{"href":"https:\/\/stevenson-fontainebleau.fr\/2026\/03\/24\/assemblee-generale-dimanche-29-mars\/wp-json\/wp\/v2\/pages"}],"about":[{"href":"https:\/\/stevenson-fontainebleau.fr\/2026\/03\/24\/assemblee-generale-dimanche-29-mars\/wp-json\/wp\/v2\/types\/page"}],"author":[{"embeddable":true,"href":"https:\/\/stevenson-fontainebleau.fr\/2026\/03\/24\/assemblee-generale-dimanche-29-mars\/wp-json\/wp\/v2\/users\/1"}],"replies":[{"embeddable":true,"href":"https:\/\/stevenson-fontainebleau.fr\/2026\/03\/24\/assemblee-generale-dimanche-29-mars\/wp-json\/wp\/v2\/comments?post=4799"}],"version-history":[{"count":1,"href":"https:\/\/stevenson-fontainebleau.fr\/2026\/03\/24\/assemblee-generale-dimanche-29-mars\/wp-json\/wp\/v2\/pages\/4799\/revisions"}],"predecessor-version":[{"id":4800,"href":"https:\/\/stevenson-fontainebleau.fr\/2026\/03\/24\/assemblee-generale-dimanche-29-mars\/wp-json\/wp\/v2\/pages\/4799\/revisions\/4800"}],"up":[{"embeddable":true,"href":"https:\/\/stevenson-fontainebleau.fr\/2026\/03\/24\/assemblee-generale-dimanche-29-mars\/wp-json\/wp\/v2\/pages\/4709"}],"wp:attachment":[{"href":"https:\/\/stevenson-fontainebleau.fr\/2026\/03\/24\/assemblee-generale-dimanche-29-mars\/wp-json\/wp\/v2\/media?parent=4799"}],"curies":[{"name":"wp","href":"https:\/\/api.w.org\/{rel}","templated":true}]}}