{"id":4784,"date":"2025-03-31T10:02:26","date_gmt":"2025-03-31T09:02:26","guid":{"rendered":"https:\/\/stevenson-fontainebleau.fr\/?page_id=4784"},"modified":"2025-09-06T14:29:47","modified_gmt":"2025-09-06T13:29:47","slug":"notre-randonnee-du-mercredi-26-fevrier-2025-a-paris","status":"publish","type":"page","link":"https:\/\/stevenson-fontainebleau.fr\/2026\/03\/24\/assemblee-generale-dimanche-29-mars\/evenements-en-cours\/programme-des-activites-2025\/notre-randonnee-du-mercredi-26-fevrier-2025-a-paris\/","title":{"rendered":"Notre randonn\u00e9e du mercredi 26 f\u00e9vrier 2025 \u00e0 Paris"},"content":{"rendered":"<p>\u2018Sur les traces de RLS \u00e0 Paris\u2019.<\/p>\n<p>Nous \u00e9tions 15 marcheurs de notre association \u00e0 suivre pas \u00e0 pas la vie de Robert Louis Stevenson \u00e0 Paris<br \/>\nC\u2019est en 1875, \u00e0 l\u2019\u00e2ge de 25 ans, ses \u00e9tudes d\u2019avocat termin\u00e9es que Stevenson rejoint son cousin Bob, artiste peintre \u00e0 Paris. Bob fr\u00e9quente l\u2019atelier de Carolus Duran et les deux cousins m\u00e8nent au milieu des artistes la vie de Boh\u00e8me. D\u00e8s les beaux jours ils suivent le mouvement et se rendent \u00e0 Barbizon o\u00f9 ils r\u00e9sident \u00e0 l\u2019H\u00f4tel Siron (actuel Bas Br\u00e9au). Monsieur Siron les appelle les Stennies, Stennie l\u2019ain\u00e9 et Stennie fr\u00e8re.<\/p>\n<p>L\u2019ann\u00e9e 1877 durant l\u2019\u00e9t\u00e9, Stevenson et le sculpteur am\u00e9ricain Pasdessus se font construire \u00e0 Moret une p\u00e9niche appel\u00e9e \u00ables onze mille vierges de Cologne\u00bb. Incapables de r\u00e9gler le charpentier, celui-ci saisira la p\u00e9niche et les deux canots qui ont servi sur les canaux du nord.<br \/>\nDe retour \u00e0 Paris, Stevenson donne comme adresse \u00e0 sa famille \u00ab5, rue Ravignan\u00a0\u00bb, c\u2019est \u00e0 dire celle de Fanny\u2026<br \/>\nD\u00e8s les premiers beaux jours de 1878, Stevenson, Fanny et ses enfants se retrouvent \u00e0 Grez. L\u2019horizon s\u2019obscurcit car le mari de Fanny la somme de rentrer en Californie et lui coupe les vivres. Quant au p\u00e8re de Stevenson peu satisfait de la liaison de son fils avec une am\u00e9ricaine, m\u00e8re de famille, plus \u00e2g\u00e9e d\u2019une dizaine d\u2019ann\u00e9es, il d\u00e9cide de lui couper son aide puis finalement \u00e0 la suite d\u2019un entretien tr\u00e8s orageux et touch\u00e9 par la sinc\u00e9rit\u00e9 de son fils, il lui versera une avance sur l\u2019h\u00e9ritage afin qu\u2019il poursuive sa carri\u00e8re litt\u00e9raire.<\/p>\n<p>&nbsp;<\/p>\n<p><a href=\"http:\/\/stevenson-fontainebleau.fr\/wp-content\/uploads\/2025\/03\/RLS-PARIS-RANDO-FEV-2025.pdf\" target=\"_blank\" rel=\"noopener\">RLS PARIS RANDO FEV 2025<\/a><\/p>\n<p><a href=\"http:\/\/stevenson-fontainebleau.fr\/wp-content\/uploads\/2025\/03\/trace-paris.jpg\" target=\"_blank\" rel=\"noopener\"><img loading=\"lazy\" decoding=\"async\" class=\"aligncenter wp-image-4786\" src=\"http:\/\/stevenson-fontainebleau.fr\/wp-content\/uploads\/2025\/03\/trace-paris-1024x525.jpg\" alt=\"\" width=\"967\" height=\"496\" srcset=\"https:\/\/stevenson-fontainebleau.fr\/wp-content\/uploads\/2025\/03\/trace-paris-1024x525.jpg 1024w, https:\/\/stevenson-fontainebleau.fr\/wp-content\/uploads\/2025\/03\/trace-paris-300x154.jpg 300w, https:\/\/stevenson-fontainebleau.fr\/wp-content\/uploads\/2025\/03\/trace-paris-768x394.jpg 768w, https:\/\/stevenson-fontainebleau.fr\/wp-content\/uploads\/2025\/03\/trace-paris-1536x788.jpg 1536w, https:\/\/stevenson-fontainebleau.fr\/wp-content\/uploads\/2025\/03\/trace-paris-2048x1050.jpg 2048w\" sizes=\"auto, (max-width: 967px) 100vw, 967px\" \/><\/a><\/p>\n","protected":false},"excerpt":{"rendered":"<p>\u2018Sur les traces de RLS \u00e0 Paris\u2019. Nous \u00e9tions 15 marcheurs de notre association \u00e0 suivre pas \u00e0 pas la vie de Robert Louis Stevenson \u00e0 Paris C\u2019est en 1875, \u00e0 l\u2019\u00e2ge de 25 ans, ses \u00e9tudes d\u2019avocat termin\u00e9es que Stevenson rejoint son cousin Bob, artiste peintre \u00e0 Paris. Bob fr\u00e9quente l\u2019atelier de Carolus Duran &hellip; <a href=\"https:\/\/stevenson-fontainebleau.fr\/2026\/03\/24\/assemblee-generale-dimanche-29-mars\/evenements-en-cours\/programme-des-activites-2025\/notre-randonnee-du-mercredi-26-fevrier-2025-a-paris\/\" class=\"more-link\">Continuer la lecture de <span class=\"screen-reader-text\">Notre randonn\u00e9e du mercredi 26 f\u00e9vrier 2025 \u00e0 Paris<\/span>  <span class=\"meta-nav\">&rarr;<\/span><\/a><\/p>\n","protected":false},"author":1,"featured_media":0,"parent":4709,"menu_order":100,"comment_status":"closed","ping_status":"closed","template":"","meta":{"footnotes":""},"class_list":["post-4784","page","type-page","status-publish","hentry"],"_links":{"self":[{"href":"https:\/\/stevenson-fontainebleau.fr\/2026\/03\/24\/assemblee-generale-dimanche-29-mars\/wp-json\/wp\/v2\/pages\/4784","targetHints":{"allow":["GET"]}}],"collection":[{"href":"https:\/\/stevenson-fontainebleau.fr\/2026\/03\/24\/assemblee-generale-dimanche-29-mars\/wp-json\/wp\/v2\/pages"}],"about":[{"href":"https:\/\/stevenson-fontainebleau.fr\/2026\/03\/24\/assemblee-generale-dimanche-29-mars\/wp-json\/wp\/v2\/types\/page"}],"author":[{"embeddable":true,"href":"https:\/\/stevenson-fontainebleau.fr\/2026\/03\/24\/assemblee-generale-dimanche-29-mars\/wp-json\/wp\/v2\/users\/1"}],"replies":[{"embeddable":true,"href":"https:\/\/stevenson-fontainebleau.fr\/2026\/03\/24\/assemblee-generale-dimanche-29-mars\/wp-json\/wp\/v2\/comments?post=4784"}],"version-history":[{"count":6,"href":"https:\/\/stevenson-fontainebleau.fr\/2026\/03\/24\/assemblee-generale-dimanche-29-mars\/wp-json\/wp\/v2\/pages\/4784\/revisions"}],"predecessor-version":[{"id":4793,"href":"https:\/\/stevenson-fontainebleau.fr\/2026\/03\/24\/assemblee-generale-dimanche-29-mars\/wp-json\/wp\/v2\/pages\/4784\/revisions\/4793"}],"up":[{"embeddable":true,"href":"https:\/\/stevenson-fontainebleau.fr\/2026\/03\/24\/assemblee-generale-dimanche-29-mars\/wp-json\/wp\/v2\/pages\/4709"}],"wp:attachment":[{"href":"https:\/\/stevenson-fontainebleau.fr\/2026\/03\/24\/assemblee-generale-dimanche-29-mars\/wp-json\/wp\/v2\/media?parent=4784"}],"curies":[{"name":"wp","href":"https:\/\/api.w.org\/{rel}","templated":true}]}}