{"id":4709,"date":"2025-02-09T16:54:52","date_gmt":"2025-02-09T15:54:52","guid":{"rendered":"https:\/\/stevenson-fontainebleau.fr\/?page_id=4709"},"modified":"2025-02-09T16:54:52","modified_gmt":"2025-02-09T15:54:52","slug":"programme-des-activites-2025","status":"publish","type":"page","link":"https:\/\/stevenson-fontainebleau.fr\/2026\/03\/24\/assemblee-generale-dimanche-29-mars\/evenements-en-cours\/programme-des-activites-2025\/","title":{"rendered":"PROGRAMME DES ACTIVIT\u00c9S 2025"},"content":{"rendered":"<h4>Projet d&rsquo;activit\u00e9s 2025<\/h4>\n<p>&nbsp;<\/p>\n<ul>\n<li>\u00a0 13 f\u00e9vrier, 6 mars et 3 avril \u00a0: cercle de lecture anim\u00e9 par Rosalie \u00e0 Fontainebleau ( 18-20 h)<\/li>\n<li>\u00a0 25 ou 25 f\u00e9vrier test d\u2019un itin\u00e9raire historico-litt\u00e9raire la travers\u00e9e de Paris ( passage par les lieux fr\u00e9quent\u00e9s par Stevenson entre 1875 et 1880) ( Catherine et Pierre, et autres\u2026.)<\/li>\n<li>\u00a0 16 mars \u00e0 Recloses, AG de l\u2019association &#8211; 10h30-12 h 30 &#8211; ap\u00e9ritif dinatoire- chansons puis \u00a0conf\u00e9rence ouverte aux reclosiots et reclosiotes sur les pIrates par le super Jean SOULAT, auteur de la\u00a0\u00bb Grande histoire POP des pirates \u00bb, dr\u00f4le et passionnant par un sp\u00e9cialiste de l\u2019arch\u00e9ologie sous-marine<\/li>\n<li>\u00a0 Au printemps une chasse au tr\u00e9sor ( Annie, Josiane, Catherine, Marie-Claude\u2026)<\/li>\n<li>\u00a0 du 2 au 6 juin \u00a0ach\u00e8vement de la reconnaissance \u00a0vers le Puy en Velay ( Philippe)<\/li>\n<li>\u00a0 juillet et ao\u00fbt reprise des petites randonn\u00e9es d\u00e9couvertes ( Marie-Claude)<\/li>\n<\/ul>\n","protected":false},"excerpt":{"rendered":"<p>Projet d&rsquo;activit\u00e9s 2025 &nbsp; \u00a0 13 f\u00e9vrier, 6 mars et 3 avril \u00a0: cercle de lecture anim\u00e9 par Rosalie \u00e0 Fontainebleau ( 18-20 h) \u00a0 25 ou 25 f\u00e9vrier test d\u2019un itin\u00e9raire historico-litt\u00e9raire la travers\u00e9e de Paris ( passage par les lieux fr\u00e9quent\u00e9s par Stevenson entre 1875 et 1880) ( Catherine et Pierre, et autres\u2026.) &hellip; <a href=\"https:\/\/stevenson-fontainebleau.fr\/2026\/03\/24\/assemblee-generale-dimanche-29-mars\/evenements-en-cours\/programme-des-activites-2025\/\" class=\"more-link\">Continuer la lecture de <span class=\"screen-reader-text\">PROGRAMME DES ACTIVIT\u00c9S 2025<\/span>  <span class=\"meta-nav\">&rarr;<\/span><\/a><\/p>\n","protected":false},"author":1,"featured_media":0,"parent":3890,"menu_order":0,"comment_status":"closed","ping_status":"closed","template":"","meta":{"footnotes":""},"class_list":["post-4709","page","type-page","status-publish","hentry"],"_links":{"self":[{"href":"https:\/\/stevenson-fontainebleau.fr\/2026\/03\/24\/assemblee-generale-dimanche-29-mars\/wp-json\/wp\/v2\/pages\/4709","targetHints":{"allow":["GET"]}}],"collection":[{"href":"https:\/\/stevenson-fontainebleau.fr\/2026\/03\/24\/assemblee-generale-dimanche-29-mars\/wp-json\/wp\/v2\/pages"}],"about":[{"href":"https:\/\/stevenson-fontainebleau.fr\/2026\/03\/24\/assemblee-generale-dimanche-29-mars\/wp-json\/wp\/v2\/types\/page"}],"author":[{"embeddable":true,"href":"https:\/\/stevenson-fontainebleau.fr\/2026\/03\/24\/assemblee-generale-dimanche-29-mars\/wp-json\/wp\/v2\/users\/1"}],"replies":[{"embeddable":true,"href":"https:\/\/stevenson-fontainebleau.fr\/2026\/03\/24\/assemblee-generale-dimanche-29-mars\/wp-json\/wp\/v2\/comments?post=4709"}],"version-history":[{"count":1,"href":"https:\/\/stevenson-fontainebleau.fr\/2026\/03\/24\/assemblee-generale-dimanche-29-mars\/wp-json\/wp\/v2\/pages\/4709\/revisions"}],"predecessor-version":[{"id":4710,"href":"https:\/\/stevenson-fontainebleau.fr\/2026\/03\/24\/assemblee-generale-dimanche-29-mars\/wp-json\/wp\/v2\/pages\/4709\/revisions\/4710"}],"up":[{"embeddable":true,"href":"https:\/\/stevenson-fontainebleau.fr\/2026\/03\/24\/assemblee-generale-dimanche-29-mars\/wp-json\/wp\/v2\/pages\/3890"}],"wp:attachment":[{"href":"https:\/\/stevenson-fontainebleau.fr\/2026\/03\/24\/assemblee-generale-dimanche-29-mars\/wp-json\/wp\/v2\/media?parent=4709"}],"curies":[{"name":"wp","href":"https:\/\/api.w.org\/{rel}","templated":true}]}}