{"id":4707,"date":"2025-02-09T16:42:28","date_gmt":"2025-02-09T15:42:28","guid":{"rendered":"https:\/\/stevenson-fontainebleau.fr\/?page_id=4707"},"modified":"2025-02-09T16:43:01","modified_gmt":"2025-02-09T15:43:01","slug":"rosalitstevenson-jeudi-12-decembre-2024","status":"publish","type":"page","link":"https:\/\/stevenson-fontainebleau.fr\/2026\/03\/24\/assemblee-generale-dimanche-29-mars\/evenements-en-cours\/rosalit-stevenson\/rosalitstevenson-jeudi-12-decembre-2024\/","title":{"rendered":"\u00ab\u00a0ROSALITSTEVENSON\u00a0\u00bb jeudi 12 d\u00e9cembre 2024"},"content":{"rendered":"<h4>Bonjour \u00e0 toutes et \u00e0 tous,<\/h4>\n<p style=\"text-align: left;\">Notre prochain cercle de lecture anim\u00e9 par Rosalie aura lieu:<\/p>\n<p style=\"text-align: left;\"><strong>Quand: <\/strong><span style=\"color: #0000ff;\">Le Jeudi 12 d\u00e9cembre de 18 \u00e0 20 h<\/span><\/p>\n<p style=\"text-align: left;\"><em><strong>Ou:<\/strong> <span style=\"color: #0000ff;\">Maison des Compagnons,<\/span><\/em><\/p>\n<p style=\"text-align: left;\"><span style=\"color: #0000ff;\"><em>26 rue de la cloche Fontainebleau.<\/em><\/span><\/p>\n<p style=\"text-align: left;\"><strong>N\u2019h\u00e9sitez pas \u00e0 venir passer un moment, et cette fois-ci il n\u2019y aura pas de neige !!<\/strong><\/p>\n<p style=\"text-align: left;\"><strong><br \/>\n<\/strong>!! Confirmez votre pr\u00e9sence \u00e0 Rosalie (06 65 69 87 12)\u2026<\/p>\n<p style=\"text-align: left;\">Bien amicalement, Michel, Rosalie et l&rsquo;\u00e9quipe d&rsquo;animateurs de l&rsquo;association R.L. Stevenson de Barbizon \u00e0 Grez.<\/p>\n<p style=\"text-align: left;\"><img loading=\"lazy\" decoding=\"async\" class=\"aligncenter\" src=\"http:\/\/stevenson-fontainebleau.fr\/wp-content\/uploads\/2024\/12\/cercle-de-lecture-decembre-24.png\" width=\"704\" height=\"590\" \/><\/p>\n","protected":false},"excerpt":{"rendered":"<p>Bonjour \u00e0 toutes et \u00e0 tous, Notre prochain cercle de lecture anim\u00e9 par Rosalie aura lieu: Quand: Le Jeudi 12 d\u00e9cembre de 18 \u00e0 20 h Ou: Maison des Compagnons, 26 rue de la cloche Fontainebleau. N\u2019h\u00e9sitez pas \u00e0 venir passer un moment, et cette fois-ci il n\u2019y aura pas de neige !! !! Confirmez &hellip; <a href=\"https:\/\/stevenson-fontainebleau.fr\/2026\/03\/24\/assemblee-generale-dimanche-29-mars\/evenements-en-cours\/rosalit-stevenson\/rosalitstevenson-jeudi-12-decembre-2024\/\" class=\"more-link\">Continuer la lecture de <span class=\"screen-reader-text\">\u00ab\u00a0ROSALITSTEVENSON\u00a0\u00bb jeudi 12 d\u00e9cembre 2024<\/span>  <span class=\"meta-nav\">&rarr;<\/span><\/a><\/p>\n","protected":false},"author":1,"featured_media":0,"parent":4323,"menu_order":0,"comment_status":"closed","ping_status":"closed","template":"","meta":{"footnotes":""},"class_list":["post-4707","page","type-page","status-publish","hentry"],"_links":{"self":[{"href":"https:\/\/stevenson-fontainebleau.fr\/2026\/03\/24\/assemblee-generale-dimanche-29-mars\/wp-json\/wp\/v2\/pages\/4707","targetHints":{"allow":["GET"]}}],"collection":[{"href":"https:\/\/stevenson-fontainebleau.fr\/2026\/03\/24\/assemblee-generale-dimanche-29-mars\/wp-json\/wp\/v2\/pages"}],"about":[{"href":"https:\/\/stevenson-fontainebleau.fr\/2026\/03\/24\/assemblee-generale-dimanche-29-mars\/wp-json\/wp\/v2\/types\/page"}],"author":[{"embeddable":true,"href":"https:\/\/stevenson-fontainebleau.fr\/2026\/03\/24\/assemblee-generale-dimanche-29-mars\/wp-json\/wp\/v2\/users\/1"}],"replies":[{"embeddable":true,"href":"https:\/\/stevenson-fontainebleau.fr\/2026\/03\/24\/assemblee-generale-dimanche-29-mars\/wp-json\/wp\/v2\/comments?post=4707"}],"version-history":[{"count":1,"href":"https:\/\/stevenson-fontainebleau.fr\/2026\/03\/24\/assemblee-generale-dimanche-29-mars\/wp-json\/wp\/v2\/pages\/4707\/revisions"}],"predecessor-version":[{"id":4708,"href":"https:\/\/stevenson-fontainebleau.fr\/2026\/03\/24\/assemblee-generale-dimanche-29-mars\/wp-json\/wp\/v2\/pages\/4707\/revisions\/4708"}],"up":[{"embeddable":true,"href":"https:\/\/stevenson-fontainebleau.fr\/2026\/03\/24\/assemblee-generale-dimanche-29-mars\/wp-json\/wp\/v2\/pages\/4323"}],"wp:attachment":[{"href":"https:\/\/stevenson-fontainebleau.fr\/2026\/03\/24\/assemblee-generale-dimanche-29-mars\/wp-json\/wp\/v2\/media?parent=4707"}],"curies":[{"name":"wp","href":"https:\/\/api.w.org\/{rel}","templated":true}]}}