{"id":4700,"date":"2025-02-09T16:19:37","date_gmt":"2025-02-09T15:19:37","guid":{"rendered":"https:\/\/stevenson-fontainebleau.fr\/?page_id=4700"},"modified":"2025-02-09T16:19:37","modified_gmt":"2025-02-09T15:19:37","slug":"publication-dun-ouvrage-sur-le-chemin-r-l-stevenson","status":"publish","type":"page","link":"https:\/\/stevenson-fontainebleau.fr\/2026\/03\/24\/assemblee-generale-dimanche-29-mars\/publications\/publication-dun-ouvrage-sur-le-chemin-r-l-stevenson\/","title":{"rendered":"Publication d&rsquo;un ouvrage sur le chemin<br\/> R.L. STEVENSON"},"content":{"rendered":"<p><img loading=\"lazy\" decoding=\"async\" class=\"aligncenter wp-image-4642\" src=\"http:\/\/stevenson-fontainebleau.fr\/wp-content\/uploads\/2024\/10\/Capture.jpg\" alt=\"\" width=\"170\" height=\"136\" srcset=\"https:\/\/stevenson-fontainebleau.fr\/wp-content\/uploads\/2024\/10\/Capture.jpg 571w, https:\/\/stevenson-fontainebleau.fr\/wp-content\/uploads\/2024\/10\/Capture-300x239.jpg 300w\" sizes=\"auto, (max-width: 170px) 100vw, 170px\" \/><\/p>\n<div class=\"CampaignHeader Card\" data-testid=\"campaign-header\" data-v-350e9e68=\"\">\n<div class=\"CampaignHeader__heading\">\n<h1 class=\"CampaignHeader--Title\" data-testid=\"title\">R-L Stevenson,les chemins de l&rsquo;\u00e9crivain voyageur<\/h1>\n<div class=\"HaDropdown\" data-v-9543f336=\"\"><\/div>\n<\/div>\n<h2 class=\"CampaignHeader--Subtitle\">\u00a0<a class=\"HaButton HaButton-Link HaButton-Primary HaButton-Medium\" href=\"https:\/\/www.helloasso.com\/associations\/robert-louis-stevenson-de-barbizon-a-grez\" target=\"_blank\" rel=\"noopener noreferrer\" data-ux=\"Forms_CROWDFUNDING_CampaignHeader_OrganismPage\">Robert Louis Stevenson de Barbizon \u00e0 Grez<\/a><\/h2>\n<div class=\"CampaignHeader--Description\">Permettre et soutenir la publication d&rsquo;un ouvrage d\u00e9crivant la totalit\u00e9 des chemins Stevenson en Europe, des Highlands aux C\u00e9vennes<\/div>\n<div class=\"collapse-control\"><\/div>\n<\/div>\n<h2 id=\"tickets\" class=\"CampaignForm--Expiration HaJumbotron\"><span style=\"color: #000080;\"><span class=\"HaJumbotron--TextGroup\"><span class=\"HaJumbotron--Title\">La collecte est termin\u00e9e !<\/span><span class=\"HaJumbotron--SubTitle\">Pour plus d\u2019informations, rapprochez-vous de l\u2019association organisatrice\u00a0 \u00a0 cliquez pour <\/span><\/span><span style=\"color: #0000ff;\"><a class=\"HaButton HaButton-Outline HaButton-Primary HaButton-Large HaButton-IconRight\" style=\"color: #0000ff;\" href=\"https:\/\/www.helloasso.com\/associations\/robert-louis-stevenson-de-barbizon-a-grez\" target=\"_blank\" rel=\"noopener noreferrer\" data-ux=\"Forms_CROWDFUNDING_Jumbotron_OrganismPage\" data-v-350e9e68=\"\">Voir la page<\/a><\/span><\/span><\/h2>\n<div class=\"CampaignPresentation Card isInvertedDescription\" data-testid=\"campaign-presentation\" data-v-350e9e68=\"\">\n<div class=\"GeneratedContentWrapper\">\n<div class=\"'GeneratedContent\"><\/div>\n<\/div>\n<\/div>\n<hr \/>\n<p>Bonsoir,<\/p>\n<p>Nous arrivons \u00e0 la fin du d\u00e9lai du financement participatif, l\u2019ouvrage est d\u00e9j\u00e0 imprim\u00e9, il sera tr\u00e8s beau il manque encore autour de 900 euros\u2026.l\u2019essentiel est fait, merci pour votre participation pass\u00e9e ou \u00e0 venir, ou encore celle de vos amis, alors n\u2019h\u00e9sitez pas \u00e0 faire suivre ce message amiti\u00e9s pour Robert Louis Stevenson, de Barbizon \u00e0 Grez.<\/p>\n<p>Michel Legros<\/p>\n<p>PDF &#8212;<a href=\"https:\/\/stevenson-fontainebleau.fr\/wp-admin\/post.php?post=4633&amp;action=edit\" target=\"_blank\" rel=\"noopener\">Cliquez ici<\/a><\/p>\n<p style=\"text-align: center;\"><img loading=\"lazy\" decoding=\"async\" class=\"aligncenter wp-image-4632\" src=\"http:\/\/stevenson-fontainebleau.fr\/wp-content\/uploads\/2024\/10\/rls-2.jpg\" alt=\"\" width=\"521\" height=\"727\" srcset=\"https:\/\/stevenson-fontainebleau.fr\/wp-content\/uploads\/2024\/10\/rls-2.jpg 900w, https:\/\/stevenson-fontainebleau.fr\/wp-content\/uploads\/2024\/10\/rls-2-215x300.jpg 215w, https:\/\/stevenson-fontainebleau.fr\/wp-content\/uploads\/2024\/10\/rls-2-734x1024.jpg 734w, https:\/\/stevenson-fontainebleau.fr\/wp-content\/uploads\/2024\/10\/rls-2-768x1072.jpg 768w\" sizes=\"auto, (max-width: 521px) 100vw, 521px\" \/><\/p>\n<p>&nbsp;<\/p>\n<p>&nbsp;<\/p>\n<hr \/>\n<p>Bonjour \u00e0 toutes et \u00e0 tous,<br \/>\nL&rsquo;association \u00ab\u00a0Robert Louis Stevenson, de Barbizon \u00e0 Grez\u00a0\u00bb vous propose de participer \u00e0 la collecte organis\u00e9e sur Hello-asso pour financer la r\u00e9alisation et la diffusion d&rsquo;un ouvrage aux \u00e9ditions Gallimard sur l&rsquo;ensemble des chemins Stevenson en Europe.<br \/>\nVous pouvez vous inscrire d\u00e8s maintenant pour soutenir ce projet en vous rendant sur le site <a href=\"https:\/\/www.helloasso.com\/associations\/robert-louis-stevenson-de-barbizon-a-grez\/collectes\/r-l-stevenson-les-chemins-de-l-ecrivain-voyageur?fbclid=IwY2xjawF_r-9leHRuA2FlbQIxMAABHWUKpz_QtB8fOHV_TO4zzP2rZTeOuv1Xxe-kMiOeQifj-Olrug0mBXGR0g_aem_OL2NP-dhNwR5zYc38_dblw\" target=\"_blank\" rel=\"noopener\">Hello Asso<\/a>.<br \/>\nEt, en guise de remerciement, les contributeurs se verront offrir des cadeaux attrayants<br \/>\nLe flyer ci-dessous vous donne plus d&rsquo;informations.<br \/>\nBien amicalement, Michel et l&rsquo;\u00e9quipe de animateurs de l&rsquo;association R.L. Stevenson de Barbizon \u00e0 Grez.<\/p>\n<p>PDF &#8212;<a href=\"http:\/\/stevenson-fontainebleau.fr\/wp-content\/uploads\/2024\/10\/Hello-asso-4-5-FR.pdf\" target=\"_blank\" rel=\"noopener\">Cliquez ici<\/a><\/p>\n<p><img loading=\"lazy\" decoding=\"async\" class=\"aligncenter wp-image-4622 size-full\" src=\"http:\/\/stevenson-fontainebleau.fr\/wp-content\/uploads\/2024\/10\/Publication-RLS.jpg\" alt=\"\" width=\"674\" height=\"948\" srcset=\"https:\/\/stevenson-fontainebleau.fr\/wp-content\/uploads\/2024\/10\/Publication-RLS.jpg 674w, https:\/\/stevenson-fontainebleau.fr\/wp-content\/uploads\/2024\/10\/Publication-RLS-213x300.jpg 213w\" sizes=\"auto, (max-width: 674px) 100vw, 674px\" \/><\/p>\n<p>&nbsp;<\/p>\n","protected":false},"excerpt":{"rendered":"<p>R-L Stevenson,les chemins de l&rsquo;\u00e9crivain voyageur \u00a0Robert Louis Stevenson de Barbizon \u00e0 Grez Permettre et soutenir la publication d&rsquo;un ouvrage d\u00e9crivant la totalit\u00e9 des chemins Stevenson en Europe, des Highlands aux C\u00e9vennes La collecte est termin\u00e9e !Pour plus d\u2019informations, rapprochez-vous de l\u2019association organisatrice\u00a0 \u00a0 cliquez pour Voir la page Bonsoir, Nous arrivons \u00e0 la fin &hellip; <a href=\"https:\/\/stevenson-fontainebleau.fr\/2026\/03\/24\/assemblee-generale-dimanche-29-mars\/publications\/publication-dun-ouvrage-sur-le-chemin-r-l-stevenson\/\" class=\"more-link\">Continuer la lecture de <span class=\"screen-reader-text\">Publication d&rsquo;un ouvrage sur le chemin<br \/> R.L. STEVENSON<\/span>  <span class=\"meta-nav\">&rarr;<\/span><\/a><\/p>\n","protected":false},"author":1,"featured_media":0,"parent":313,"menu_order":0,"comment_status":"closed","ping_status":"closed","template":"","meta":{"footnotes":""},"class_list":["post-4700","page","type-page","status-publish","hentry"],"_links":{"self":[{"href":"https:\/\/stevenson-fontainebleau.fr\/2026\/03\/24\/assemblee-generale-dimanche-29-mars\/wp-json\/wp\/v2\/pages\/4700","targetHints":{"allow":["GET"]}}],"collection":[{"href":"https:\/\/stevenson-fontainebleau.fr\/2026\/03\/24\/assemblee-generale-dimanche-29-mars\/wp-json\/wp\/v2\/pages"}],"about":[{"href":"https:\/\/stevenson-fontainebleau.fr\/2026\/03\/24\/assemblee-generale-dimanche-29-mars\/wp-json\/wp\/v2\/types\/page"}],"author":[{"embeddable":true,"href":"https:\/\/stevenson-fontainebleau.fr\/2026\/03\/24\/assemblee-generale-dimanche-29-mars\/wp-json\/wp\/v2\/users\/1"}],"replies":[{"embeddable":true,"href":"https:\/\/stevenson-fontainebleau.fr\/2026\/03\/24\/assemblee-generale-dimanche-29-mars\/wp-json\/wp\/v2\/comments?post=4700"}],"version-history":[{"count":1,"href":"https:\/\/stevenson-fontainebleau.fr\/2026\/03\/24\/assemblee-generale-dimanche-29-mars\/wp-json\/wp\/v2\/pages\/4700\/revisions"}],"predecessor-version":[{"id":4701,"href":"https:\/\/stevenson-fontainebleau.fr\/2026\/03\/24\/assemblee-generale-dimanche-29-mars\/wp-json\/wp\/v2\/pages\/4700\/revisions\/4701"}],"up":[{"embeddable":true,"href":"https:\/\/stevenson-fontainebleau.fr\/2026\/03\/24\/assemblee-generale-dimanche-29-mars\/wp-json\/wp\/v2\/pages\/313"}],"wp:attachment":[{"href":"https:\/\/stevenson-fontainebleau.fr\/2026\/03\/24\/assemblee-generale-dimanche-29-mars\/wp-json\/wp\/v2\/media?parent=4700"}],"curies":[{"name":"wp","href":"https:\/\/api.w.org\/{rel}","templated":true}]}}