{"id":47,"date":"2015-06-03T07:47:52","date_gmt":"2015-06-03T06:47:52","guid":{"rendered":"http:\/\/stevenson-fontainebleau.fr\/?page_id=47"},"modified":"2018-07-26T06:13:13","modified_gmt":"2018-07-26T05:13:13","slug":"il-la-dit","status":"publish","type":"page","link":"https:\/\/stevenson-fontainebleau.fr\/2026\/03\/24\/assemblee-generale-dimanche-29-mars\/rl-stevenson\/il-la-dit\/","title":{"rendered":"Il l&rsquo;a dit"},"content":{"rendered":"<p style=\"text-align: left;\">\u00ab \u00catre ce que no<img loading=\"lazy\" decoding=\"async\" class=\"size-medium wp-image-1507 alignleft\" style=\"background-color: transparent; color: #2b2b2b; float: right; font-family: Lato,sans-serif; font-size: 16px; font-style: normal; font-variant: normal; font-weight: 400; height: 155px; letter-spacing: normal; max-width: 474px; orphans: 2; outline-color: #72777c; outline-style: solid; outline-width: 1px; text-align: left; text-decoration: none; text-indent: 0px; text-transform: none; vertical-align: middle; -webkit-text-stroke-width: 0px; white-space: normal; word-spacing: 0px; margin: 7px 0px 7px 24px;\" src=\"http:\/\/stevenson-fontainebleau.fr\/wp-content\/uploads\/2018\/03\/rosier-RLS-300x155.jpg\" alt=\"\" width=\"300\" height=\"155\" srcset=\"https:\/\/stevenson-fontainebleau.fr\/wp-content\/uploads\/2018\/03\/rosier-RLS-300x155.jpg 300w, https:\/\/stevenson-fontainebleau.fr\/wp-content\/uploads\/2018\/03\/rosier-RLS-768x396.jpg 768w, https:\/\/stevenson-fontainebleau.fr\/wp-content\/uploads\/2018\/03\/rosier-RLS-1024x528.jpg 1024w, https:\/\/stevenson-fontainebleau.fr\/wp-content\/uploads\/2018\/03\/rosier-RLS.jpg 1280w\" sizes=\"auto, (max-width: 300px) 100vw, 300px\" \/>us sommes et devenir ce que nous sommes capables de devenir, tel est le seul but de la vie. \u00bb<br \/>\n\u00ab Un silence peut \u00eatre parfois le plus cruel des mensonges. \u00bb<br \/>\n\u00ab La politique est peut-\u00eatre la seule profession pour laquelle nulle pr\u00e9paration n&rsquo;est jug\u00e9e n\u00e9cessaire. \u00bb<br \/>\n\u00ab Le plus p\u00e9nible, quand on vieillit, c&rsquo;est de se sentir encore jeune. \u00bb<br \/>\n\u00ab Mieux vaut \u00eatre sot que mort. \u00bb<br \/>\n\u00ab En v\u00e9rit\u00e9, je ne voyage pas, moi, pour atteindre un endroit pr\u00e9cis, mais pour marcher : simple plaisir de voyager. \u00bb<br \/>\n\u00ab On exprime souvent les mensonges les plus cruels par le silence. \u00bb<br \/>\n\u00ab Ne juge pas chaque jour \u00e0 la r\u00e9colte que tu fais mais aux graines que tu s\u00e8mes. \u00bb<br \/>\n\u00ab Il n\u2019y a pas de pipe qui vaille celle que l\u2019on fume apr\u00e8s une bonne journ\u00e9e de marche. \u00bb<\/p>\n<p style=\"text-align: left;\">\n<h4><\/h4>\n<h4 style=\"text-align: left;\">Comment \u00eatre heureux<\/h4>\n<p style=\"text-align: left;\">D\u00e9cide d\u2019\u00eatre heureux. Apprends \u00e0 trouver du plaisir dans les choses simples.<\/p>\n<p style=\"text-align: left;\">Tire le meilleur parti possible de tes situations. Nul ne poss\u00e8de tout et tout le monde a une certaine tristesse m\u00eal\u00e9e aux plaisirs de la vie. Le secret consiste \u00e0 rire plus qu\u2019on ne pleure.<\/p>\n<p style=\"text-align: left;\">Sois indulgent avec toi-m\u00eame. Ne te prends pas trop au s\u00e9rieux. Et ne crois pas que tu dois \u00eatre prot\u00e9g\u00e9 des malheurs qui frappent les autres.<\/p>\n<p style=\"text-align: left;\">Ne te soucie pas des critiques. Tu ne peux plaire \u00e0 tout le monde.<\/p>\n<p style=\"text-align: left;\">Fixe tes propres normes et tes propres buts. Sois toi-m\u00eame et explore tes propres limites.<\/p>\n<p style=\"text-align: left;\">Fais ce que tu aimes faire, mais sans t\u2019endetter.<\/p>\n<p style=\"text-align: left;\">Ne cherche pas les ennuis. Les fardeaux imaginaires sont plus lourds \u00e0 porter que les vrais.<\/p>\n<p style=\"text-align: left;\">D\u00e9barrasse-toi de tes ranc\u0153urs. La haine, l\u2019envie et la col\u00e8re te rongeront de l\u2019int\u00e9rieur.<\/p>\n<p style=\"text-align: left;\">Multiplie tes int\u00e9r\u00eats. Si tu ne peux voyager, parcours le monde par tes lectures.<\/p>\n<p style=\"text-align: left;\">Ne te laisse pas terrasser par les regrets. Surmonte tes tristesses et tes erreurs et ne conserve que les le\u00e7ons utiles qu\u2019elles t\u2019ont apprises.<\/p>\n<p style=\"text-align: left;\">Fais ce que tu peux pour les gens moins fortun\u00e9s que toi.<\/p>\n<p style=\"text-align: left;\">Tiens-toi occup\u00e9. Quiconque est tr\u00e8s occup\u00e9 n\u2019a pas le temps d\u2019\u00eatre malheureux.<\/p>\n<p style=\"text-align: left;\">Robert Louis Stevenson<\/p>\n<p style=\"text-align: center;\">\n<!--more--><\/p>\n<p><!--more--><\/p>\n<p style=\"text-align: left;\">\n","protected":false},"excerpt":{"rendered":"<p>\u00ab \u00catre ce que nous sommes et devenir ce que nous sommes capables de devenir, tel est le seul but de la vie. \u00bb \u00ab Un silence peut \u00eatre parfois le plus cruel des mensonges. \u00bb \u00ab La politique est peut-\u00eatre la seule profession pour laquelle nulle pr\u00e9paration n&rsquo;est jug\u00e9e n\u00e9cessaire. \u00bb \u00ab Le plus &hellip; <a href=\"https:\/\/stevenson-fontainebleau.fr\/2026\/03\/24\/assemblee-generale-dimanche-29-mars\/rl-stevenson\/il-la-dit\/\" class=\"more-link\">Continuer la lecture de <span class=\"screen-reader-text\">Il l&rsquo;a dit<\/span>  <span class=\"meta-nav\">&rarr;<\/span><\/a><\/p>\n","protected":false},"author":1,"featured_media":0,"parent":44,"menu_order":2,"comment_status":"closed","ping_status":"closed","template":"","meta":{"footnotes":""},"class_list":["post-47","page","type-page","status-publish","hentry"],"_links":{"self":[{"href":"https:\/\/stevenson-fontainebleau.fr\/2026\/03\/24\/assemblee-generale-dimanche-29-mars\/wp-json\/wp\/v2\/pages\/47","targetHints":{"allow":["GET"]}}],"collection":[{"href":"https:\/\/stevenson-fontainebleau.fr\/2026\/03\/24\/assemblee-generale-dimanche-29-mars\/wp-json\/wp\/v2\/pages"}],"about":[{"href":"https:\/\/stevenson-fontainebleau.fr\/2026\/03\/24\/assemblee-generale-dimanche-29-mars\/wp-json\/wp\/v2\/types\/page"}],"author":[{"embeddable":true,"href":"https:\/\/stevenson-fontainebleau.fr\/2026\/03\/24\/assemblee-generale-dimanche-29-mars\/wp-json\/wp\/v2\/users\/1"}],"replies":[{"embeddable":true,"href":"https:\/\/stevenson-fontainebleau.fr\/2026\/03\/24\/assemblee-generale-dimanche-29-mars\/wp-json\/wp\/v2\/comments?post=47"}],"version-history":[{"count":13,"href":"https:\/\/stevenson-fontainebleau.fr\/2026\/03\/24\/assemblee-generale-dimanche-29-mars\/wp-json\/wp\/v2\/pages\/47\/revisions"}],"predecessor-version":[{"id":1989,"href":"https:\/\/stevenson-fontainebleau.fr\/2026\/03\/24\/assemblee-generale-dimanche-29-mars\/wp-json\/wp\/v2\/pages\/47\/revisions\/1989"}],"up":[{"embeddable":true,"href":"https:\/\/stevenson-fontainebleau.fr\/2026\/03\/24\/assemblee-generale-dimanche-29-mars\/wp-json\/wp\/v2\/pages\/44"}],"wp:attachment":[{"href":"https:\/\/stevenson-fontainebleau.fr\/2026\/03\/24\/assemblee-generale-dimanche-29-mars\/wp-json\/wp\/v2\/media?parent=47"}],"curies":[{"name":"wp","href":"https:\/\/api.w.org\/{rel}","templated":true}]}}