{"id":4567,"date":"2024-10-02T15:45:40","date_gmt":"2024-10-02T14:45:40","guid":{"rendered":"https:\/\/stevenson-fontainebleau.fr\/?page_id=4567"},"modified":"2025-02-09T16:30:11","modified_gmt":"2025-02-09T15:30:11","slug":"journee-rls-du-dimanche-13-octobre-2024","status":"publish","type":"page","link":"https:\/\/stevenson-fontainebleau.fr\/2026\/03\/24\/assemblee-generale-dimanche-29-mars\/evenements-en-cours\/programme-des-activites-2024\/journee-rls-du-dimanche-13-octobre-2024\/","title":{"rendered":"JOURN\u00c9E RLS DU Dimanche 13 OCTOBRE 2024"},"content":{"rendered":"<h1><a href=\"http:\/\/stevenson-fontainebleau.fr\/wp-content\/uploads\/2024\/09\/Logo-Official-fond-gris-288dpi-scaled.jpg\"><img loading=\"lazy\" decoding=\"async\" class=\"alignright wp-image-4571\" src=\"http:\/\/stevenson-fontainebleau.fr\/wp-content\/uploads\/2024\/09\/Logo-Official-fond-gris-288dpi-scaled.jpg\" alt=\"\" width=\"164\" height=\"62\" srcset=\"https:\/\/stevenson-fontainebleau.fr\/wp-content\/uploads\/2024\/09\/Logo-Official-fond-gris-288dpi-scaled.jpg 2560w, https:\/\/stevenson-fontainebleau.fr\/wp-content\/uploads\/2024\/09\/Logo-Official-fond-gris-288dpi-300x113.jpg 300w, https:\/\/stevenson-fontainebleau.fr\/wp-content\/uploads\/2024\/09\/Logo-Official-fond-gris-288dpi-1024x387.jpg 1024w, https:\/\/stevenson-fontainebleau.fr\/wp-content\/uploads\/2024\/09\/Logo-Official-fond-gris-288dpi-768x291.jpg 768w, https:\/\/stevenson-fontainebleau.fr\/wp-content\/uploads\/2024\/09\/Logo-Official-fond-gris-288dpi-1536x581.jpg 1536w, https:\/\/stevenson-fontainebleau.fr\/wp-content\/uploads\/2024\/09\/Logo-Official-fond-gris-288dpi-2048x775.jpg 2048w\" sizes=\"auto, (max-width: 164px) 100vw, 164px\" \/><\/a><\/h1>\n<h1 style=\"text-align: center;\">Journ\u00e9e Stevenson 2024 : Randonn\u00e9es et BD<\/h1>\n<h2 style=\"text-align: center;\"><span style=\"color: #ff0000;\">Dimanche 13 octobre 2024\u00a0 <a href=\"https:\/\/stevenson-fontainebleau.fr\/wp-content\/uploads\/2024\/10\/rls-dimanche-13-oct-24.jpg\" target=\"_blank\" rel=\"noopener\">PDF<\/a>\u00a0<\/span><\/h2>\n<h3 style=\"text-align: center;\">Matin : Randonn\u00e9e, 2 trajets au choix<\/h3>\n<p>1) Grez sur Loing &#8211; Recloses (10km): Randonn\u00e9e en compagnie d\u2019un \u00e2ne entre Grez sur Loing et Recloses (10 km). Rendez-vous \u00e0 Grez sur Loing au pr\u00e9 communal Rue de Grez pour un <strong>d\u00e9part \u00e0 9 heures 30<\/strong>.\u00a0<a href=\"https:\/\/maps.app.goo.gl\/bqJmAYdhbFJ2ceWDA\">Google Map<\/a><\/p>\n<p>Ou<\/p>\n<p>2) Randonn\u00e9e entre Barbizon et Recloses (15 km). Rendez-vous devant la Mairie de Barbizon pour<br \/>\nun <strong>d\u00e9part \u00e0 8 heures 30<\/strong>.\u00a0<a href=\"https:\/\/maps.app.goo.gl\/VTGXek6KTT9ocA7T7\">Google Map<\/a><\/p>\n<p style=\"text-align: center;\">A partir de 12 heures 30,<strong> l\u2019association vous offrira l\u2019ap\u00e9ritif<\/strong>, et vous pourrez ensuite sur<br \/>\ninscription <strong>partager un repas<\/strong> pr\u00e9par\u00e9 par les membres de l\u2019association<\/p>\n<p style=\"text-align: center;\">Ap\u00e9ritif, (sp\u00e9cialit\u00e9 R\u00e9gionale), part de Brie, dessert, caf\u00e9<\/p>\n<p style=\"text-align: center;\"><strong><span style=\"color: #0000ff;\">14 \u20acuros par personne, (except\u00e9 la boisson 2\u20ac le verre de vin ou jus de fruit)<\/span><\/strong><\/p>\n<p style=\"text-align: center;\">Pour le repas inscription obligatoire : au plus tard le 4 octobre 2024<\/p>\n<p>Les personnes qui ne randonnent pas peuvent partager le repas avec les randonneurs et<br \/>\nassister \u00e0 la conf\u00e9rence-\u00e9changes sur Stevenson et la bande dessin\u00e9e par Marie Enriquez<\/p>\n<p>Inscription au repas par \u00e9-mail : <a href=\"mailto:inscription@stevenson-fontainebleau.fr?Subject=Inscription%20Repas%20Journ\u00e9e%20Stevenson%202024&amp;Body=Veuillez%20m%27inscrire%20\/%20nous%20inscrire%20pour%20le%20repas%20Journ\u00e9e%20Stevenson%20le%20dimanche%2013%20octobre%202024:%20%0ANom%20famille%20:%20%0ANombre%20de%20personnes%20:%20%0AN\u00b0%20t\u00e9l\u00e9phone%20(au cas o\u00f9 nous aurions besoin de vous contacter avant ou pendant l'\u00e9v\u00e9nement)%20:%20%0ARandon\u00e9e matin ? Grez\/Barbizon%0ARef:em1\">inscription@stevenson-fontainebleau.fr<\/a><\/p>\n<p>Inscription par formulaire &#8211; voire en bas du page<\/p>\n<p>.<br \/>\nPlus d\u2019infos : 06 81 77 65 15<\/p>\n<h3 style=\"text-align: center;\">Apr\u00e8s-midi: STEVENSON et la bande dessin\u00e9e<\/h3>\n<h3 style=\"text-align: center;\"><a href=\"http:\/\/stevenson-fontainebleau.fr\/wp-content\/uploads\/2024\/09\/journees-RLS-2024-imag-1.png\"><img loading=\"lazy\" decoding=\"async\" class=\"wp-image-4568 aligncenter\" src=\"http:\/\/stevenson-fontainebleau.fr\/wp-content\/uploads\/2024\/09\/journees-RLS-2024-imag-1.png\" alt=\"\" width=\"255\" height=\"147\" srcset=\"https:\/\/stevenson-fontainebleau.fr\/wp-content\/uploads\/2024\/09\/journees-RLS-2024-imag-1.png 382w, https:\/\/stevenson-fontainebleau.fr\/wp-content\/uploads\/2024\/09\/journees-RLS-2024-imag-1-300x173.png 300w\" sizes=\"auto, (max-width: 255px) 100vw, 255px\" \/><\/a><\/h3>\n<p><strong>\u00a0De 14 h 30 \u00e0 16 h, salle polyvalente de Recloses<\/strong> :<\/p>\n<p><strong><a href=\"http:\/\/stevenson-fontainebleau.fr\/wp-content\/uploads\/2024\/09\/journees-RLS-2024-image-3.png\">\u00a0<\/a><a href=\"http:\/\/stevenson-fontainebleau.fr\/wp-content\/uploads\/2024\/09\/journees-RLS-2024-image-2.png\"><img loading=\"lazy\" decoding=\"async\" class=\" wp-image-4569 aligncenter\" src=\"http:\/\/stevenson-fontainebleau.fr\/wp-content\/uploads\/2024\/09\/journees-RLS-2024-image-2.png\" alt=\"\" width=\"194\" height=\"148\" \/><\/a> <\/strong><\/p>\n<p>Vous aimez la bande dessin\u00e9e, vous attendez<br \/>\navec impatience \u2013 comme vos enfants et petits -enfants &#8211; la suite de \u00ab One Piece \u00bb, le fabuleux manga.\u00a0<a href=\"http:\/\/stevenson-fontainebleau.fr\/wp-content\/uploads\/2024\/09\/journees-RLS-2024-image-3.png\">\u00a0<\/a><\/p>\n<p>Mais que doit la bande dessin\u00e9e \u00e0 l\u2019Ile au tr\u00e9sor ? La r\u00e9ponse sera donn\u00e9e par Marie Enriquez,<br \/>\nenseignante qui a soutenu une th\u00e8se de doctorat en litt\u00e9rature sur le th\u00e8me <strong>\u00ab Nouvelles \u00eeles au tr\u00e9sor : <\/strong><strong>post\u00e9rit\u00e9 du roman de Robert Louis Stevenson dans l\u2019univers de la bande dessin\u00e9e \u00bb<\/strong><\/p>\n<p><strong><a href=\"http:\/\/stevenson-fontainebleau.fr\/wp-content\/uploads\/2024\/09\/journees-RLS-2024-image-3.png\"><img loading=\"lazy\" decoding=\"async\" class=\"size-full wp-image-4570 aligncenter\" src=\"http:\/\/stevenson-fontainebleau.fr\/wp-content\/uploads\/2024\/09\/journees-RLS-2024-image-3.png\" alt=\"\" width=\"148\" height=\"148\" \/><\/a><\/strong><\/p>\n<p>&nbsp;<\/p>\n<p>&nbsp;<\/p>\n<hr \/>\n<p>&nbsp;<\/p>\n<p><a href=\"http:\/\/stevenson-fontainebleau.fr\/wp-content\/uploads\/2024\/09\/logo-RLS-2023-CoE-blanc-fond-bleu.png\"> <img loading=\"lazy\" decoding=\"async\" class=\"wp-image-4572 alignnone\" src=\"http:\/\/stevenson-fontainebleau.fr\/wp-content\/uploads\/2024\/09\/logo-RLS-2023-CoE-blanc-fond-bleu.png\" alt=\"\" width=\"112\" height=\"76\" srcset=\"https:\/\/stevenson-fontainebleau.fr\/wp-content\/uploads\/2024\/09\/logo-RLS-2023-CoE-blanc-fond-bleu.png 1310w, https:\/\/stevenson-fontainebleau.fr\/wp-content\/uploads\/2024\/09\/logo-RLS-2023-CoE-blanc-fond-bleu-300x203.png 300w, https:\/\/stevenson-fontainebleau.fr\/wp-content\/uploads\/2024\/09\/logo-RLS-2023-CoE-blanc-fond-bleu-1024x694.png 1024w, https:\/\/stevenson-fontainebleau.fr\/wp-content\/uploads\/2024\/09\/logo-RLS-2023-CoE-blanc-fond-bleu-768x521.png 768w\" sizes=\"auto, (max-width: 112px) 100vw, 112px\" \/><\/a><a href=\"http:\/\/stevenson-fontainebleau.fr\/wp-content\/uploads\/2024\/09\/Ministere-de-la-culture-logo.png\"><img loading=\"lazy\" decoding=\"async\" class=\"wp-image-4573 alignleft\" src=\"http:\/\/stevenson-fontainebleau.fr\/wp-content\/uploads\/2024\/09\/Ministere-de-la-culture-logo.png\" alt=\"\" width=\"173\" height=\"82\" srcset=\"https:\/\/stevenson-fontainebleau.fr\/wp-content\/uploads\/2024\/09\/Ministere-de-la-culture-logo.png 1935w, https:\/\/stevenson-fontainebleau.fr\/wp-content\/uploads\/2024\/09\/Ministere-de-la-culture-logo-300x142.png 300w, https:\/\/stevenson-fontainebleau.fr\/wp-content\/uploads\/2024\/09\/Ministere-de-la-culture-logo-1024x486.png 1024w, https:\/\/stevenson-fontainebleau.fr\/wp-content\/uploads\/2024\/09\/Ministere-de-la-culture-logo-768x365.png 768w, https:\/\/stevenson-fontainebleau.fr\/wp-content\/uploads\/2024\/09\/Ministere-de-la-culture-logo-1536x730.png 1536w\" sizes=\"auto, (max-width: 173px) 100vw, 173px\" \/><\/a><a href=\"http:\/\/stevenson-fontainebleau.fr\/wp-content\/uploads\/2024\/09\/Logo-Recloses.jpg\"><img loading=\"lazy\" decoding=\"async\" class=\"wp-image-4574 alignleft\" src=\"http:\/\/stevenson-fontainebleau.fr\/wp-content\/uploads\/2024\/09\/Logo-Recloses.jpg\" alt=\"\" width=\"56\" height=\"75\" srcset=\"https:\/\/stevenson-fontainebleau.fr\/wp-content\/uploads\/2024\/09\/Logo-Recloses.jpg 751w, https:\/\/stevenson-fontainebleau.fr\/wp-content\/uploads\/2024\/09\/Logo-Recloses-224x300.jpg 224w\" sizes=\"auto, (max-width: 56px) 100vw, 56px\" \/><\/a><\/p>\n<p>&nbsp;<\/p>\n","protected":false},"excerpt":{"rendered":"<p>Journ\u00e9e Stevenson 2024 : Randonn\u00e9es et BD Dimanche 13 octobre 2024\u00a0 PDF\u00a0 Matin : Randonn\u00e9e, 2 trajets au choix 1) Grez sur Loing &#8211; Recloses (10km): Randonn\u00e9e en compagnie d\u2019un \u00e2ne entre Grez sur Loing et Recloses (10 km). Rendez-vous \u00e0 Grez sur Loing au pr\u00e9 communal Rue de Grez pour un d\u00e9part \u00e0 9 &hellip; <a href=\"https:\/\/stevenson-fontainebleau.fr\/2026\/03\/24\/assemblee-generale-dimanche-29-mars\/evenements-en-cours\/programme-des-activites-2024\/journee-rls-du-dimanche-13-octobre-2024\/\" class=\"more-link\">Continuer la lecture de <span class=\"screen-reader-text\">JOURN\u00c9E RLS DU Dimanche 13 OCTOBRE 2024<\/span>  <span class=\"meta-nav\">&rarr;<\/span><\/a><\/p>\n","protected":false},"author":1,"featured_media":0,"parent":4196,"menu_order":0,"comment_status":"closed","ping_status":"closed","template":"","meta":{"footnotes":""},"class_list":["post-4567","page","type-page","status-publish","hentry"],"_links":{"self":[{"href":"https:\/\/stevenson-fontainebleau.fr\/2026\/03\/24\/assemblee-generale-dimanche-29-mars\/wp-json\/wp\/v2\/pages\/4567","targetHints":{"allow":["GET"]}}],"collection":[{"href":"https:\/\/stevenson-fontainebleau.fr\/2026\/03\/24\/assemblee-generale-dimanche-29-mars\/wp-json\/wp\/v2\/pages"}],"about":[{"href":"https:\/\/stevenson-fontainebleau.fr\/2026\/03\/24\/assemblee-generale-dimanche-29-mars\/wp-json\/wp\/v2\/types\/page"}],"author":[{"embeddable":true,"href":"https:\/\/stevenson-fontainebleau.fr\/2026\/03\/24\/assemblee-generale-dimanche-29-mars\/wp-json\/wp\/v2\/users\/1"}],"replies":[{"embeddable":true,"href":"https:\/\/stevenson-fontainebleau.fr\/2026\/03\/24\/assemblee-generale-dimanche-29-mars\/wp-json\/wp\/v2\/comments?post=4567"}],"version-history":[{"count":21,"href":"https:\/\/stevenson-fontainebleau.fr\/2026\/03\/24\/assemblee-generale-dimanche-29-mars\/wp-json\/wp\/v2\/pages\/4567\/revisions"}],"predecessor-version":[{"id":4704,"href":"https:\/\/stevenson-fontainebleau.fr\/2026\/03\/24\/assemblee-generale-dimanche-29-mars\/wp-json\/wp\/v2\/pages\/4567\/revisions\/4704"}],"up":[{"embeddable":true,"href":"https:\/\/stevenson-fontainebleau.fr\/2026\/03\/24\/assemblee-generale-dimanche-29-mars\/wp-json\/wp\/v2\/pages\/4196"}],"wp:attachment":[{"href":"https:\/\/stevenson-fontainebleau.fr\/2026\/03\/24\/assemblee-generale-dimanche-29-mars\/wp-json\/wp\/v2\/media?parent=4567"}],"curies":[{"name":"wp","href":"https:\/\/api.w.org\/{rel}","templated":true}]}}