{"id":4560,"date":"2024-09-18T14:06:02","date_gmt":"2024-09-18T13:06:02","guid":{"rendered":"https:\/\/stevenson-fontainebleau.fr\/?page_id=4560"},"modified":"2024-09-18T14:09:09","modified_gmt":"2024-09-18T13:09:09","slug":"les-randos-du-jeudi-de-stevenson-aout-2024","status":"publish","type":"page","link":"https:\/\/stevenson-fontainebleau.fr\/2026\/03\/24\/assemblee-generale-dimanche-29-mars\/evenements-en-cours\/programme-des-activites-2024\/les-randos-du-jeudi-de-stevenson-juillet-aout-2024\/les-randos-du-jeudi-de-stevenson-aout-2024\/","title":{"rendered":"LES RANDOS DU JEUDI DE STEVENSON AOUT 2024"},"content":{"rendered":"<h2 style=\"text-align: center;\"><\/h2>\n<p>&nbsp;<\/p>\n<pre><strong>Pour en savoir plus, cliquez --&gt; <a href=\"http:\/\/stevenson-fontainebleau.fr\/wp-content\/uploads\/2024\/07\/Gazette-15Word-2024-PDF.pdf\" target=\"_blank\" rel=\"noopener\">La gazette de l'\u00e9t\u00e9 n\u00b015, juillet 2024<\/a>\r\n\r\n\r\n<a href=\"http:\/\/stevenson-fontainebleau.fr\/wp-content\/uploads\/2024\/08\/rappel.jpg\"><img loading=\"lazy\" decoding=\"async\" class=\"wp-image-4545 aligncenter\" src=\"http:\/\/stevenson-fontainebleau.fr\/wp-content\/uploads\/2024\/08\/rappel.jpg\" alt=\"\" width=\"600\" height=\"498\" srcset=\"https:\/\/stevenson-fontainebleau.fr\/wp-content\/uploads\/2024\/08\/rappel.jpg 998w, https:\/\/stevenson-fontainebleau.fr\/wp-content\/uploads\/2024\/08\/rappel-300x249.jpg 300w, https:\/\/stevenson-fontainebleau.fr\/wp-content\/uploads\/2024\/08\/rappel-768x637.jpg 768w\" sizes=\"auto, (max-width: 600px) 100vw, 600px\" \/><\/a>\r\n\r\n<\/strong><\/pre>\n<ul>\n<li>\n<h5><span style=\"color: #0000ff;\">Jeudi 29 ao\u00fbt :<\/span> Un exceptionnel cercle de lecture- randonn\u00e9e balade, sur le circuit des peintres de Barbizon avec un pique-nique sous la forme d\u2019un <a href=\"https:\/\/www.musee-orsay.fr\/fr\/oeuvres\/le-dejeuner-sur-lherbe-904\" target=\"_blank\" rel=\"noopener\"><span style=\"color: #339966;\"><em>\u00ab d\u00e9jeuner sur l\u2019herbe \u00bb<\/em><\/span><\/a> anim\u00e9 par Rosalie Iena. Rendez-vous \u00e0 10 heures devant la mairie de Barbizon. Pr\u00e9sence \u00e0 confirmer \u00e0 Rosalie au 06 65 69 87 12 ( boissons offertes par l\u2019association)<\/h5>\n<hr \/>\n<\/li>\n<\/ul>\n<p style=\"text-align: center;\"><u>Quelques nouvelles \u00a0presqu\u2019\u00e0 la fin de juillet:<\/u><\/p>\n<p>Apr\u00e8s en juin les Olympiades de Recloses et les deux supers s\u00e9ances du cercle de lecture de Rosalie, les petites randos de juillet se d\u00e9roulent dans de bonnes conditions ( une bonne vingtaine de participants \u00e0 chaque sortie ): pensez \u00e0 signaler votre pr\u00e9sence aux sorties d\u2019ao\u00fbt, en particulier celles organis\u00e9e par <strong>Chantal \u00e0 Sceaux du G\u00e2tinais \u00a0le 22 ao\u00fbt<\/strong> ( covoiturage) et la<strong> rando -cercle de lecture-d\u00e9jeuner sur l\u2019herbe du 29 ao\u00fbt \u00e0 Barbizon<\/strong>&#8211; et il fera beau ( pour la premi\u00e8re fois depuis 3 ans) pour <strong>sortie-rando du samedi 3 ao\u00fbt organis\u00e9e par Annie sur le th\u00e8me, la nuit du 4 ao\u00fbt en for\u00eat de Fontainebleau !<\/strong><\/p>\n<h4 style=\"text-align: center;\"><u>Parmi les activit\u00e9s \u00e0 venir :<\/u><\/h4>\n<p>&#8211; <strong>Entre le 6 et le \u00a010 novembre, AG du r\u00e9seau dans les C\u00e9vennes<\/strong><\/p>\n<p>&#8211; le p\u00f4le rando organise une rando-rep\u00e9rage sur le chemin \u00a0<strong>vers le Puy en Velay entre le 21 et le 25 octobre <\/strong>( voir Philippe, Pierre, Annie et Marie Claude ) d\u00e8s que le p\u00f4le aura d\u00e9cid\u00e9 du chemin, il faudra r\u00e9fl\u00e9chir \u00e0 une soir\u00e9e culture- litt\u00e9rature sans doute dans les parages de Clermont-Ferrand<\/p>\n<p>&#8211; <strong>Le 13 octobre journ\u00e9e Stevenson &#8211;<\/strong> rando du matin &#8211; modalit\u00e9s du repas \u00e0 voir &#8211; et apr\u00e8s midi, accord de Marie Enriquez pour une conf\u00e9rence sur le th\u00e8me de <strong>l\u2019impact de l\u2019Ile au tr\u00e9sor sur le cin\u00e9ma et la bande\u00a0dessin\u00e9e <\/strong>&#8211; titre \u00e0 pr\u00e9ciser- Marie a soutenu une th\u00e8se passionnante dans laquelle elle montre l\u2019importance de l\u2019\u00eele au tr\u00e9sor pour la bande dessin\u00e9e et en particulier les mangas japonais.<\/p>\n<p>&#8211; 21 \u00a0et 22 septembre : Stevenson et les journ\u00e9es du patrimoine \u00e0 Moret sur Loing : <strong>dimanche matin 22 septembre, rando aux abords de Moret &#8211; avec quelques\u00a0lectures) <\/strong>et <strong>samedi 21 \u00e0 18 h \u00e0 la m\u00e9diath\u00e8que de Moret: conf\u00e9rences de Jean Pierre Naugrette sur le th\u00e8me de la traduction des ouvrages de Stevenson puis lectures en cercle avec Rosalie<\/strong> &#8211; c\u2019est le d\u00e9but d\u2019une collaboration avec la m\u00e9diath\u00e8que de Moret <u>et enfin ,<\/u> je vous propose pour caler tout cela et autres choses ( soir\u00e9es cin\u00e9mas..) <strong>un CA le 10 septembre.<\/strong><\/p>\n<p>Michel<\/p>\n<hr \/>\n<p>&nbsp;<\/p>\n","protected":false},"excerpt":{"rendered":"<p>&nbsp; Pour en savoir plus, cliquez &#8211;&gt; La gazette de l&rsquo;\u00e9t\u00e9 n\u00b015, juillet 2024 Jeudi 29 ao\u00fbt : Un exceptionnel cercle de lecture- randonn\u00e9e balade, sur le circuit des peintres de Barbizon avec un pique-nique sous la forme d\u2019un \u00ab d\u00e9jeuner sur l\u2019herbe \u00bb anim\u00e9 par Rosalie Iena. Rendez-vous \u00e0 10 heures devant la mairie &hellip; <a href=\"https:\/\/stevenson-fontainebleau.fr\/2026\/03\/24\/assemblee-generale-dimanche-29-mars\/evenements-en-cours\/programme-des-activites-2024\/les-randos-du-jeudi-de-stevenson-juillet-aout-2024\/les-randos-du-jeudi-de-stevenson-aout-2024\/\" class=\"more-link\">Continuer la lecture de <span class=\"screen-reader-text\">LES RANDOS DU JEUDI DE STEVENSON AOUT 2024<\/span>  <span class=\"meta-nav\">&rarr;<\/span><\/a><\/p>\n","protected":false},"author":1,"featured_media":0,"parent":4548,"menu_order":0,"comment_status":"closed","ping_status":"closed","template":"","meta":{"footnotes":""},"class_list":["post-4560","page","type-page","status-publish","hentry"],"_links":{"self":[{"href":"https:\/\/stevenson-fontainebleau.fr\/2026\/03\/24\/assemblee-generale-dimanche-29-mars\/wp-json\/wp\/v2\/pages\/4560","targetHints":{"allow":["GET"]}}],"collection":[{"href":"https:\/\/stevenson-fontainebleau.fr\/2026\/03\/24\/assemblee-generale-dimanche-29-mars\/wp-json\/wp\/v2\/pages"}],"about":[{"href":"https:\/\/stevenson-fontainebleau.fr\/2026\/03\/24\/assemblee-generale-dimanche-29-mars\/wp-json\/wp\/v2\/types\/page"}],"author":[{"embeddable":true,"href":"https:\/\/stevenson-fontainebleau.fr\/2026\/03\/24\/assemblee-generale-dimanche-29-mars\/wp-json\/wp\/v2\/users\/1"}],"replies":[{"embeddable":true,"href":"https:\/\/stevenson-fontainebleau.fr\/2026\/03\/24\/assemblee-generale-dimanche-29-mars\/wp-json\/wp\/v2\/comments?post=4560"}],"version-history":[{"count":1,"href":"https:\/\/stevenson-fontainebleau.fr\/2026\/03\/24\/assemblee-generale-dimanche-29-mars\/wp-json\/wp\/v2\/pages\/4560\/revisions"}],"predecessor-version":[{"id":4561,"href":"https:\/\/stevenson-fontainebleau.fr\/2026\/03\/24\/assemblee-generale-dimanche-29-mars\/wp-json\/wp\/v2\/pages\/4560\/revisions\/4561"}],"up":[{"embeddable":true,"href":"https:\/\/stevenson-fontainebleau.fr\/2026\/03\/24\/assemblee-generale-dimanche-29-mars\/wp-json\/wp\/v2\/pages\/4548"}],"wp:attachment":[{"href":"https:\/\/stevenson-fontainebleau.fr\/2026\/03\/24\/assemblee-generale-dimanche-29-mars\/wp-json\/wp\/v2\/media?parent=4560"}],"curies":[{"name":"wp","href":"https:\/\/api.w.org\/{rel}","templated":true}]}}