{"id":4548,"date":"2024-08-28T08:56:43","date_gmt":"2024-08-28T07:56:43","guid":{"rendered":"https:\/\/stevenson-fontainebleau.fr\/?page_id=4548"},"modified":"2024-08-28T09:00:46","modified_gmt":"2024-08-28T08:00:46","slug":"les-randos-du-jeudi-de-stevenson-juillet-aout-2024","status":"publish","type":"page","link":"https:\/\/stevenson-fontainebleau.fr\/2026\/03\/24\/assemblee-generale-dimanche-29-mars\/evenements-en-cours\/programme-des-activites-2024\/les-randos-du-jeudi-de-stevenson-juillet-aout-2024\/","title":{"rendered":"Les randos du jeudi de Stevenson Juillet-Aout 2024"},"content":{"rendered":"<h4 style=\"text-align: center;\">\u00a0 \u00a0 \u00a0 \u00a0 \u00a0 \u00a0 \u00a0 \u00a0 \u00a0<em>Ces randonn\u00e9es-balades sont \u00a0gratuites et\u00a0 ouvertes \u00e0 toutes et tous.\u00a0 L\u2019inscription pr\u00e9alable n\u2019est pas demand\u00e9e mais vous pouvez envoyer un mail signalant votre participation. \u00a0(Quelles randos et combien serez-vous)<\/em><\/h4>\n<p><span style=\"color: #ff9900;\"><u>Jeudi 4 juillet<\/u>\u00a0<\/span>: Micheline Declemy 0632114003.<\/p>\n<p>D\u00e9part \u00e0 9h15 de l\u2019\u00e9glise de Chevry sur seine<\/p>\n<p>Balade en boucle de 8 km au d\u00e9part de Chevry en Sereine, puis visite comment\u00e9e de l\u2019\u00e9glise. (Claude d\u2019Estampes). Pique-nique tir\u00e9 du sac possible (abri en cas de pluie)<\/p>\n<p><span style=\"color: #ff9900;\"><u>Jeudi 11 juillet<\/u>\u00a0<\/span>: Balade en boucle au d\u00e9part du parking de la Canche au Mercier. D\u00e9part \u00e0<br \/>\n9h, avec Pierre Maury<\/p>\n<p><span style=\"color: #ff9900;\"><u>Jeudi 18 juillet<\/u>\u00a0<\/span>: Micheline Declemy 0632114003<\/p>\n<p>D\u00e9part 9h15 de l\u2019\u00e9glise de Lorrez-le-Bocage<\/p>\n<p>Balade de 8 km de Lorrez- le- Bocage \u00e0 Nanteau sur Lunain. Pr\u00e9voir voitures \u00e0 l\u2019arriv\u00e9e pour ramener les chauffeurs.<\/p>\n<p><span style=\"color: #ff9900;\"><u>Jeudi 25 juillet<\/u><\/span>\u00a0: Pierre Maury 0687786426<\/p>\n<p>Balade en boucle de 7 km sur le sentier n\u00b09. Rendez-vous \u00e0 9h15 \u00e0 la maison foresti\u00e8re de Maintenon.<\/p>\n<p><span style=\"color: #ff9900;\"><u>Jeudi 1<sup>er<\/sup> ao\u00fbt<\/u><\/span> : Catherine Durand 0672857486<\/p>\n<p>Balade cont\u00e9e. D\u00e9part \u00e0 14h du parking des \u00e9tangs de Grez sur Loing. Balade en boucle de 8 km.<\/p>\n<p><span style=\"color: #ff9900;\"><u>Samedi 3 ao\u00fbt<\/u><\/span> :\u00a0 Annie Adam<\/p>\n<p>La nuit du 4 ao\u00fbt\/ et administration des eaux et for\u00eats.<\/p>\n<p>Rendez-vous \u00e0 19h au carrefour de Marlotte (croisement D58 et route ronde). Balade de 7 km. Pique-nique en fin de rando vers 22h.<\/p>\n<p><span style=\"color: #ff9900;\"><u>Jeudi 8\u00a0ao\u00fbt<\/u><\/span> : Villiers sous Grez : village, bois et clairi\u00e8re \u2013 Rendez- vous \u00e0 10 heures<br \/>\ndevant l\u2019\u00e9glise de Villiers pour une balade de 2h 30 avec Maryse Terragno.<\/p>\n<p><span style=\"color: #ff9900;\"><u>Jeudi 15 aout<\/u>\u00a0<\/span>: Micheline Declemy 0632114003<\/p>\n<p>Balade en boucle de 9 km \u00e0 partir de Flagy. D\u00e9part \u00e0 9h30 de l\u2019\u00e9glise de Flagy. Pique-nique possible \u00e0 l\u2019arriv\u00e9e.<\/p>\n<p><span style=\"color: #ff9900;\"><u>Jeudi 22 ao\u00fbt<\/u>\u00a0:<\/span> une balade un peu plus \u00e9loign\u00e9e \u00e0 la d\u00e9couverte d\u2019un site exceptionnel : Sceau du G\u00e2tinais et visite du site arch\u00e9ologique gallo-romain de Segeta . La visite dure environ 1h30. Entr\u00e9e 4\u20ac. Poursuite de la rando vers le village et pique-nique tir\u00e9 du sac. Rendez-vous \u00e0 9 h 45 sur le parking du site.<br \/>\nPour co-voiturage et informations : Chantal Huguet par sms ou tel au 06 13 90 92 17.<br \/>\nEt n\u2019h\u00e9sitez pas \u00e0 <a href=\"https:\/\/www.my-loire-valley.com\/2023\/05\/segeta-site-musee-gallo-romain\/\" target=\"_blank\" rel=\"noopener\">Plongez dans l\u2019histoire du site gallo-romain de Segeta<\/a><br \/>\n<u><\/u><\/p>\n<p><span style=\"color: #ff9900;\"><u>Jeudi 29 ao\u00fbt: <\/u><\/span>Un exceptionnel cercle de lecture- randonn\u00e9e balade, sur le circuit des peintres de Barbizon avec un pique-nique sous la forme d\u2019un <a href=\"https:\/\/www.musee-orsay.fr\/fr\/oeuvres\/le-dejeuner-sur-lherbe-904\" target=\"_blank\" rel=\"noopener\"><span style=\"text-decoration: underline;\"><em><span style=\"color: #008000; text-decoration: underline;\">\u00ab d\u00e9jeuner sur l\u2019herbe \u00bb<\/span><\/em><\/span><\/a> anim\u00e9 par Rosalie Iena. Rendez-vous \u00e0 10 heures devant la mairie de Barbizon. Pr\u00e9sence \u00e0 confirmer \u00e0 Rosalie au 06 65 69 87 12 ( boissons offertes par l\u2019association)<\/p>\n<p>&nbsp;<\/p>\n","protected":false},"excerpt":{"rendered":"<p>\u00a0 \u00a0 \u00a0 \u00a0 \u00a0 \u00a0 \u00a0 \u00a0 \u00a0Ces randonn\u00e9es-balades sont \u00a0gratuites et\u00a0 ouvertes \u00e0 toutes et tous.\u00a0 L\u2019inscription pr\u00e9alable n\u2019est pas demand\u00e9e mais vous pouvez envoyer un mail signalant votre participation. \u00a0(Quelles randos et combien serez-vous) Jeudi 4 juillet\u00a0: Micheline Declemy 0632114003. D\u00e9part \u00e0 9h15 de l\u2019\u00e9glise de Chevry sur seine Balade en boucle &hellip; <a href=\"https:\/\/stevenson-fontainebleau.fr\/2026\/03\/24\/assemblee-generale-dimanche-29-mars\/evenements-en-cours\/programme-des-activites-2024\/les-randos-du-jeudi-de-stevenson-juillet-aout-2024\/\" class=\"more-link\">Continuer la lecture de <span class=\"screen-reader-text\">Les randos du jeudi de Stevenson Juillet-Aout 2024<\/span>  <span class=\"meta-nav\">&rarr;<\/span><\/a><\/p>\n","protected":false},"author":1,"featured_media":0,"parent":4196,"menu_order":1,"comment_status":"closed","ping_status":"closed","template":"","meta":{"footnotes":""},"class_list":["post-4548","page","type-page","status-publish","hentry"],"_links":{"self":[{"href":"https:\/\/stevenson-fontainebleau.fr\/2026\/03\/24\/assemblee-generale-dimanche-29-mars\/wp-json\/wp\/v2\/pages\/4548","targetHints":{"allow":["GET"]}}],"collection":[{"href":"https:\/\/stevenson-fontainebleau.fr\/2026\/03\/24\/assemblee-generale-dimanche-29-mars\/wp-json\/wp\/v2\/pages"}],"about":[{"href":"https:\/\/stevenson-fontainebleau.fr\/2026\/03\/24\/assemblee-generale-dimanche-29-mars\/wp-json\/wp\/v2\/types\/page"}],"author":[{"embeddable":true,"href":"https:\/\/stevenson-fontainebleau.fr\/2026\/03\/24\/assemblee-generale-dimanche-29-mars\/wp-json\/wp\/v2\/users\/1"}],"replies":[{"embeddable":true,"href":"https:\/\/stevenson-fontainebleau.fr\/2026\/03\/24\/assemblee-generale-dimanche-29-mars\/wp-json\/wp\/v2\/comments?post=4548"}],"version-history":[{"count":2,"href":"https:\/\/stevenson-fontainebleau.fr\/2026\/03\/24\/assemblee-generale-dimanche-29-mars\/wp-json\/wp\/v2\/pages\/4548\/revisions"}],"predecessor-version":[{"id":4550,"href":"https:\/\/stevenson-fontainebleau.fr\/2026\/03\/24\/assemblee-generale-dimanche-29-mars\/wp-json\/wp\/v2\/pages\/4548\/revisions\/4550"}],"up":[{"embeddable":true,"href":"https:\/\/stevenson-fontainebleau.fr\/2026\/03\/24\/assemblee-generale-dimanche-29-mars\/wp-json\/wp\/v2\/pages\/4196"}],"wp:attachment":[{"href":"https:\/\/stevenson-fontainebleau.fr\/2026\/03\/24\/assemblee-generale-dimanche-29-mars\/wp-json\/wp\/v2\/media?parent=4548"}],"curies":[{"name":"wp","href":"https:\/\/api.w.org\/{rel}","templated":true}]}}