{"id":4505,"date":"2024-08-24T09:10:29","date_gmt":"2024-08-24T08:10:29","guid":{"rendered":"https:\/\/stevenson-fontainebleau.fr\/?page_id=4505"},"modified":"2024-08-26T11:36:59","modified_gmt":"2024-08-26T10:36:59","slug":"le-cercle-de-lecture-du-jeudi-13-juin-a-fleurte-avec-la-peinture","status":"publish","type":"page","link":"https:\/\/stevenson-fontainebleau.fr\/2026\/03\/24\/assemblee-generale-dimanche-29-mars\/evenements-en-cours\/rosalit-stevenson\/rosalit-stevenson-13-juin-2024\/le-cercle-de-lecture-du-jeudi-13-juin-a-fleurte-avec-la-peinture\/","title":{"rendered":"Le cercle de lecture du jeudi 13 juin a fleurt\u00e9 avec la peinture.\u2026"},"content":{"rendered":"<p>Nous avons pu appr\u00e9cier la \u00a0belle \u00a0exposition de <a href=\"https:\/\/www.jacquelinebourgoin.com\/\" target=\"_blank\" rel=\"noopener\">Jacqueline \u00a0Bourgoin<\/a> artiste peintre coloriste, figurative \u00e0 la limite de l\u2019impressionnisme et c\u00e9ramiste.<\/p>\n<p>Dans le joli petit jardin de la maison des compagnons, la lecture \u00e0 haute voix s\u2019\u2019est faite sur un fond de musique : Les chants des oiseaux et les cloches de l\u2019\u00e9glise St Louis.<\/p>\n<p><u>Quoi de plus bucolique pour lire les \u0153uvres suivantes:<\/u><\/p>\n<ul>\n<li>\u00a0Barbizon : \u00ab\u00a0Une histoire \u00e0 vivre\u00a0\u00bb, un nouveau livre sur la continuit\u00e9 de l\u2019histoire de l\u2019\u00e9cole Barbizon, collectif sous la direction d\u2019Isabelle Rimbaud archiviste -pal\u00e9ographe conservatrice g\u00e9n\u00e9rale honoraire du patrimoine.<\/li>\n<li>\u00a0Jean Soulat : \u00ab\u00a0Pirates\u00a0\u00bb, pour la premi\u00e8re fois cet arch\u00e9ologue raconte la v\u00e9ritable l\u2019histoire des pirates.<\/li>\n<li>\u00a0Danielle Dubois notre invit\u00e9e du jour qui \u00a0vient de publier\u00a0 \u00ab\u00a0CLIPS 1 et \u00a0CLIPS 2\u00a0\u00bb, nouvelles humoristiques et po\u00e9tiques \u00a0par Xavier Claude Dubois son \u00e9poux \u00e0 qui elle rend un hommage posthume.<\/li>\n<li>\u00a0Bernard Olivier D\u00e9nis :\u00a0\u00bbDe Lyon \u00e0 Istanbul\u00a0\u00bb<\/li>\n<li>\u00a0Juliette Moriceau:\u00a0\u00bbLa carte du ciel \u00e0 gratter.\u00a0\u00bb<\/li>\n<li>\u00a0Laurent Gaud\u00e9 : \u00ab\u00a0Terrasse\u00a0\u00bb<\/li>\n<li>\u00a0Sylvain Venayre : \u00ab\u00a0Panorama du voyage\u00a0\u00bb (1780- 1920)<\/li>\n<\/ul>\n<p>Et bien \u00e9videment nous cl\u00f4turons le cercle avec RL Stevenson : Voyage dans les C\u00e9vennes.<\/p>\n<p>Comme \u00e0 l\u2019accoutum\u00e9, avant de nous nous quitter,\u00a0nous partageons le pot de l\u2019amiti\u00e9 et nous \u00e9changeons sur nos choix \u00e9crivains et \u00a0lectures.<\/p>\n<p>Mes plus vifs remerciements \u00e0 vous tous.<\/p>\n<h4 style=\"text-align: center;\"><a href=\"https:\/\/stevenson-fontainebleau.fr\/2024\/07\/24\/les-randos-du-jeudi-de-stevenson-juillet-aout-2024\/\" target=\"_blank\" rel=\"noopener\">Je vous retrouve \u00a0pour un cercle de lecture tr\u00e8s bucolique \u00e0 Barbizon le 29 \u00a0ao\u00fbt.<\/a><\/h4>\n<p>&nbsp;<\/p>\n<p style=\"padding-left: 40px;\"><img loading=\"lazy\" decoding=\"async\" class=\"wp-image-4511 aligncenter\" src=\"http:\/\/stevenson-fontainebleau.fr\/wp-content\/uploads\/2024\/08\/cercle-13-juin.jpg\" alt=\"\" width=\"532\" height=\"400\" srcset=\"https:\/\/stevenson-fontainebleau.fr\/wp-content\/uploads\/2024\/08\/cercle-13-juin.jpg 640w, https:\/\/stevenson-fontainebleau.fr\/wp-content\/uploads\/2024\/08\/cercle-13-juin-300x225.jpg 300w\" sizes=\"auto, (max-width: 532px) 100vw, 532px\" \/><\/p>\n<p><a href=\"http:\/\/stevenson-fontainebleau.fr\/wp-content\/uploads\/2024\/08\/cl-a.jpg\"><img loading=\"lazy\" decoding=\"async\" class=\"wp-image-4534 aligncenter\" src=\"http:\/\/stevenson-fontainebleau.fr\/wp-content\/uploads\/2024\/08\/cl-a.jpg\" alt=\"\" width=\"772\" height=\"1121\" srcset=\"https:\/\/stevenson-fontainebleau.fr\/wp-content\/uploads\/2024\/08\/cl-a.jpg 764w, https:\/\/stevenson-fontainebleau.fr\/wp-content\/uploads\/2024\/08\/cl-a-206x300.jpg 206w, https:\/\/stevenson-fontainebleau.fr\/wp-content\/uploads\/2024\/08\/cl-a-705x1024.jpg 705w\" sizes=\"auto, (max-width: 772px) 100vw, 772px\" \/><\/a> <a href=\"http:\/\/stevenson-fontainebleau.fr\/wp-content\/uploads\/2024\/08\/clb.jpg\"><img loading=\"lazy\" decoding=\"async\" class=\"size-full wp-image-4533 aligncenter\" src=\"http:\/\/stevenson-fontainebleau.fr\/wp-content\/uploads\/2024\/08\/clb.jpg\" alt=\"\" width=\"773\" height=\"940\" srcset=\"https:\/\/stevenson-fontainebleau.fr\/wp-content\/uploads\/2024\/08\/clb.jpg 773w, https:\/\/stevenson-fontainebleau.fr\/wp-content\/uploads\/2024\/08\/clb-247x300.jpg 247w, https:\/\/stevenson-fontainebleau.fr\/wp-content\/uploads\/2024\/08\/clb-768x934.jpg 768w\" sizes=\"auto, (max-width: 773px) 100vw, 773px\" \/><\/a><\/p>\n","protected":false},"excerpt":{"rendered":"<p>Nous avons pu appr\u00e9cier la \u00a0belle \u00a0exposition de Jacqueline \u00a0Bourgoin artiste peintre coloriste, figurative \u00e0 la limite de l\u2019impressionnisme et c\u00e9ramiste. Dans le joli petit jardin de la maison des compagnons, la lecture \u00e0 haute voix s\u2019\u2019est faite sur un fond de musique : Les chants des oiseaux et les cloches de l\u2019\u00e9glise St Louis. &hellip; <a href=\"https:\/\/stevenson-fontainebleau.fr\/2026\/03\/24\/assemblee-generale-dimanche-29-mars\/evenements-en-cours\/rosalit-stevenson\/rosalit-stevenson-13-juin-2024\/le-cercle-de-lecture-du-jeudi-13-juin-a-fleurte-avec-la-peinture\/\" class=\"more-link\">Continuer la lecture de <span class=\"screen-reader-text\">Le cercle de lecture du jeudi 13 juin a fleurt\u00e9 avec la peinture.\u2026<\/span>  <span class=\"meta-nav\">&rarr;<\/span><\/a><\/p>\n","protected":false},"author":1,"featured_media":0,"parent":4428,"menu_order":0,"comment_status":"closed","ping_status":"closed","template":"","meta":{"footnotes":""},"class_list":["post-4505","page","type-page","status-publish","hentry"],"_links":{"self":[{"href":"https:\/\/stevenson-fontainebleau.fr\/2026\/03\/24\/assemblee-generale-dimanche-29-mars\/wp-json\/wp\/v2\/pages\/4505","targetHints":{"allow":["GET"]}}],"collection":[{"href":"https:\/\/stevenson-fontainebleau.fr\/2026\/03\/24\/assemblee-generale-dimanche-29-mars\/wp-json\/wp\/v2\/pages"}],"about":[{"href":"https:\/\/stevenson-fontainebleau.fr\/2026\/03\/24\/assemblee-generale-dimanche-29-mars\/wp-json\/wp\/v2\/types\/page"}],"author":[{"embeddable":true,"href":"https:\/\/stevenson-fontainebleau.fr\/2026\/03\/24\/assemblee-generale-dimanche-29-mars\/wp-json\/wp\/v2\/users\/1"}],"replies":[{"embeddable":true,"href":"https:\/\/stevenson-fontainebleau.fr\/2026\/03\/24\/assemblee-generale-dimanche-29-mars\/wp-json\/wp\/v2\/comments?post=4505"}],"version-history":[{"count":26,"href":"https:\/\/stevenson-fontainebleau.fr\/2026\/03\/24\/assemblee-generale-dimanche-29-mars\/wp-json\/wp\/v2\/pages\/4505\/revisions"}],"predecessor-version":[{"id":4544,"href":"https:\/\/stevenson-fontainebleau.fr\/2026\/03\/24\/assemblee-generale-dimanche-29-mars\/wp-json\/wp\/v2\/pages\/4505\/revisions\/4544"}],"up":[{"embeddable":true,"href":"https:\/\/stevenson-fontainebleau.fr\/2026\/03\/24\/assemblee-generale-dimanche-29-mars\/wp-json\/wp\/v2\/pages\/4428"}],"wp:attachment":[{"href":"https:\/\/stevenson-fontainebleau.fr\/2026\/03\/24\/assemblee-generale-dimanche-29-mars\/wp-json\/wp\/v2\/media?parent=4505"}],"curies":[{"name":"wp","href":"https:\/\/api.w.org\/{rel}","templated":true}]}}