{"id":4430,"date":"2024-07-06T17:42:50","date_gmt":"2024-07-06T16:42:50","guid":{"rendered":"https:\/\/stevenson-fontainebleau.fr\/?page_id=4430"},"modified":"2024-08-28T09:00:12","modified_gmt":"2024-08-28T08:00:12","slug":"le-jeudi-cest-stevenson-4-juillet","status":"publish","type":"page","link":"https:\/\/stevenson-fontainebleau.fr\/2026\/03\/24\/assemblee-generale-dimanche-29-mars\/evenements-en-cours\/programme-des-activites-2024\/les-randos-du-jeudi-de-stevenson-juillet-aout-2024\/le-jeudi-cest-stevenson-4-juillet\/","title":{"rendered":"le jeudi c&rsquo;est Stevenson  4 juillet"},"content":{"rendered":"<h3>Stevenson de Barbizon \u00e0 Grez reprend son programme d&rsquo;\u00e9t\u00e9, et le jeudi c&rsquo;est Stevenson, d\u00e9couvrir des villages et des paysages, de petites randonn\u00e9es promenades\u2026 et voici la premi\u00e8re de la saison.<\/h3>\n<h3><a href=\"https:\/\/stevenson-fontainebleau.fr\/2024\/06\/12\/les-randos-du-jeudi-de-stevenson-juillet-aout-2024\/\" target=\"_blank\" rel=\"noopener\">les-randos-du-jeudi-de-stevenson-juillet-aout-2024<\/a><\/h3>\n<p>Lieu de d\u00e9part \u00e0 9h15 de l&rsquo;\u00e9glise du Chevry en Sereine \u00a0 \u00a0 \u00a0 \u00a0 \u00a0 <a href=\"https:\/\/www.google.com\/maps\/place\/%C3%89glise+Saint+Julien\/@48.2535551,2.942391,141m\/data=!3m1!1e3!4m6!3m5!1s0x47ef6f06ce108683:0x7d34f8010b7fe6cf!8m2!3d48.2538505!4d2.9423471!16s%2Fg%2F122f2832?authuser=0&amp;entry=ttu\" target=\"_blank\" rel=\"noopener\">\u00c9glise Saint Julien &#8211; Google Maps<\/a><\/p>\n<p>&nbsp;<\/p>\n<h3><a href=\"http:\/\/stevenson-fontainebleau.fr\/wp-content\/uploads\/2024\/06\/rando-jeudi.jpg\"><img loading=\"lazy\" decoding=\"async\" class=\"size-full wp-image-4411 aligncenter\" src=\"http:\/\/stevenson-fontainebleau.fr\/wp-content\/uploads\/2024\/06\/rando-jeudi.jpg\" alt=\"\" width=\"940\" height=\"788\" srcset=\"https:\/\/stevenson-fontainebleau.fr\/wp-content\/uploads\/2024\/06\/rando-jeudi.jpg 940w, https:\/\/stevenson-fontainebleau.fr\/wp-content\/uploads\/2024\/06\/rando-jeudi-300x251.jpg 300w, https:\/\/stevenson-fontainebleau.fr\/wp-content\/uploads\/2024\/06\/rando-jeudi-768x644.jpg 768w\" sizes=\"auto, (max-width: 940px) 100vw, 940px\" \/><\/a><\/h3>\n","protected":false},"excerpt":{"rendered":"<p>Stevenson de Barbizon \u00e0 Grez reprend son programme d&rsquo;\u00e9t\u00e9, et le jeudi c&rsquo;est Stevenson, d\u00e9couvrir des villages et des paysages, de petites randonn\u00e9es promenades\u2026 et voici la premi\u00e8re de la saison. les-randos-du-jeudi-de-stevenson-juillet-aout-2024 Lieu de d\u00e9part \u00e0 9h15 de l&rsquo;\u00e9glise du Chevry en Sereine \u00a0 \u00a0 \u00a0 \u00a0 \u00a0 \u00c9glise Saint Julien &#8211; Google Maps &nbsp;<\/p>\n","protected":false},"author":1,"featured_media":0,"parent":4548,"menu_order":45,"comment_status":"closed","ping_status":"closed","template":"","meta":{"footnotes":""},"class_list":["post-4430","page","type-page","status-publish","hentry"],"_links":{"self":[{"href":"https:\/\/stevenson-fontainebleau.fr\/2026\/03\/24\/assemblee-generale-dimanche-29-mars\/wp-json\/wp\/v2\/pages\/4430","targetHints":{"allow":["GET"]}}],"collection":[{"href":"https:\/\/stevenson-fontainebleau.fr\/2026\/03\/24\/assemblee-generale-dimanche-29-mars\/wp-json\/wp\/v2\/pages"}],"about":[{"href":"https:\/\/stevenson-fontainebleau.fr\/2026\/03\/24\/assemblee-generale-dimanche-29-mars\/wp-json\/wp\/v2\/types\/page"}],"author":[{"embeddable":true,"href":"https:\/\/stevenson-fontainebleau.fr\/2026\/03\/24\/assemblee-generale-dimanche-29-mars\/wp-json\/wp\/v2\/users\/1"}],"replies":[{"embeddable":true,"href":"https:\/\/stevenson-fontainebleau.fr\/2026\/03\/24\/assemblee-generale-dimanche-29-mars\/wp-json\/wp\/v2\/comments?post=4430"}],"version-history":[{"count":1,"href":"https:\/\/stevenson-fontainebleau.fr\/2026\/03\/24\/assemblee-generale-dimanche-29-mars\/wp-json\/wp\/v2\/pages\/4430\/revisions"}],"predecessor-version":[{"id":4431,"href":"https:\/\/stevenson-fontainebleau.fr\/2026\/03\/24\/assemblee-generale-dimanche-29-mars\/wp-json\/wp\/v2\/pages\/4430\/revisions\/4431"}],"up":[{"embeddable":true,"href":"https:\/\/stevenson-fontainebleau.fr\/2026\/03\/24\/assemblee-generale-dimanche-29-mars\/wp-json\/wp\/v2\/pages\/4548"}],"wp:attachment":[{"href":"https:\/\/stevenson-fontainebleau.fr\/2026\/03\/24\/assemblee-generale-dimanche-29-mars\/wp-json\/wp\/v2\/media?parent=4430"}],"curies":[{"name":"wp","href":"https:\/\/api.w.org\/{rel}","templated":true}]}}