{"id":4395,"date":"2024-06-11T06:42:11","date_gmt":"2024-06-11T05:42:11","guid":{"rendered":"https:\/\/stevenson-fontainebleau.fr\/?page_id=4395"},"modified":"2024-08-28T08:51:10","modified_gmt":"2024-08-28T07:51:10","slug":"dimanche-2-juin","status":"publish","type":"page","link":"https:\/\/stevenson-fontainebleau.fr\/2026\/03\/24\/assemblee-generale-dimanche-29-mars\/evenements-en-cours\/programme-des-activites-2024\/mini-gazette-n-2-juin-2024\/dimanche-2-juin\/","title":{"rendered":"Rando cont\u00e9e mobilit\u00e9 r\u00e9duite"},"content":{"rendered":"<p><a href=\"http:\/\/stevenson-fontainebleau.fr\/wp-content\/uploads\/2024\/06\/2-juin-2024b.pdf\" target=\"_blank\" rel=\"noopener\">2 juin 2024b<\/a><\/p>\n<p><a href=\"http:\/\/stevenson-fontainebleau.fr\/wp-content\/uploads\/2024\/06\/2-juin-A.jpg\"><img loading=\"lazy\" decoding=\"async\" class=\"size-full wp-image-4393 aligncenter\" src=\"http:\/\/stevenson-fontainebleau.fr\/wp-content\/uploads\/2024\/06\/2-juin-A.jpg\" alt=\"\" width=\"784\" height=\"1065\" srcset=\"https:\/\/stevenson-fontainebleau.fr\/wp-content\/uploads\/2024\/06\/2-juin-A.jpg 784w, https:\/\/stevenson-fontainebleau.fr\/wp-content\/uploads\/2024\/06\/2-juin-A-221x300.jpg 221w, https:\/\/stevenson-fontainebleau.fr\/wp-content\/uploads\/2024\/06\/2-juin-A-754x1024.jpg 754w, https:\/\/stevenson-fontainebleau.fr\/wp-content\/uploads\/2024\/06\/2-juin-A-768x1043.jpg 768w\" sizes=\"auto, (max-width: 784px) 100vw, 784px\" \/><\/a><\/p>\n<p><a href=\"http:\/\/stevenson-fontainebleau.fr\/wp-content\/uploads\/2024\/06\/2-juin-b.jpg\"><img loading=\"lazy\" decoding=\"async\" class=\"size-full wp-image-4394 aligncenter\" src=\"http:\/\/stevenson-fontainebleau.fr\/wp-content\/uploads\/2024\/06\/2-juin-b.jpg\" alt=\"\" width=\"786\" height=\"1073\" srcset=\"https:\/\/stevenson-fontainebleau.fr\/wp-content\/uploads\/2024\/06\/2-juin-b.jpg 786w, https:\/\/stevenson-fontainebleau.fr\/wp-content\/uploads\/2024\/06\/2-juin-b-220x300.jpg 220w, https:\/\/stevenson-fontainebleau.fr\/wp-content\/uploads\/2024\/06\/2-juin-b-750x1024.jpg 750w, https:\/\/stevenson-fontainebleau.fr\/wp-content\/uploads\/2024\/06\/2-juin-b-768x1048.jpg 768w\" sizes=\"auto, (max-width: 786px) 100vw, 786px\" \/><\/a><\/p>\n","protected":false},"excerpt":{"rendered":"<p>2 juin 2024b<\/p>\n","protected":false},"author":1,"featured_media":0,"parent":4389,"menu_order":0,"comment_status":"closed","ping_status":"closed","template":"","meta":{"footnotes":""},"class_list":["post-4395","page","type-page","status-publish","hentry"],"_links":{"self":[{"href":"https:\/\/stevenson-fontainebleau.fr\/2026\/03\/24\/assemblee-generale-dimanche-29-mars\/wp-json\/wp\/v2\/pages\/4395","targetHints":{"allow":["GET"]}}],"collection":[{"href":"https:\/\/stevenson-fontainebleau.fr\/2026\/03\/24\/assemblee-generale-dimanche-29-mars\/wp-json\/wp\/v2\/pages"}],"about":[{"href":"https:\/\/stevenson-fontainebleau.fr\/2026\/03\/24\/assemblee-generale-dimanche-29-mars\/wp-json\/wp\/v2\/types\/page"}],"author":[{"embeddable":true,"href":"https:\/\/stevenson-fontainebleau.fr\/2026\/03\/24\/assemblee-generale-dimanche-29-mars\/wp-json\/wp\/v2\/users\/1"}],"replies":[{"embeddable":true,"href":"https:\/\/stevenson-fontainebleau.fr\/2026\/03\/24\/assemblee-generale-dimanche-29-mars\/wp-json\/wp\/v2\/comments?post=4395"}],"version-history":[{"count":6,"href":"https:\/\/stevenson-fontainebleau.fr\/2026\/03\/24\/assemblee-generale-dimanche-29-mars\/wp-json\/wp\/v2\/pages\/4395\/revisions"}],"predecessor-version":[{"id":4547,"href":"https:\/\/stevenson-fontainebleau.fr\/2026\/03\/24\/assemblee-generale-dimanche-29-mars\/wp-json\/wp\/v2\/pages\/4395\/revisions\/4547"}],"up":[{"embeddable":true,"href":"https:\/\/stevenson-fontainebleau.fr\/2026\/03\/24\/assemblee-generale-dimanche-29-mars\/wp-json\/wp\/v2\/pages\/4389"}],"wp:attachment":[{"href":"https:\/\/stevenson-fontainebleau.fr\/2026\/03\/24\/assemblee-generale-dimanche-29-mars\/wp-json\/wp\/v2\/media?parent=4395"}],"curies":[{"name":"wp","href":"https:\/\/api.w.org\/{rel}","templated":true}]}}