{"id":4373,"date":"2024-06-01T12:58:51","date_gmt":"2024-06-01T11:58:51","guid":{"rendered":"https:\/\/stevenson-fontainebleau.fr\/?page_id=4373"},"modified":"2024-06-01T13:09:46","modified_gmt":"2024-06-01T12:09:46","slug":"vigie-bleue","status":"publish","type":"page","link":"https:\/\/stevenson-fontainebleau.fr\/2026\/03\/24\/assemblee-generale-dimanche-29-mars\/evenements-en-cours\/rosalit-stevenson\/stevenson-et-la-foret-ombreuse\/vigie-bleue\/","title":{"rendered":"Vigie bleue"},"content":{"rendered":"<p><a href=\"https:\/\/www.poesiarevelada.com\/post\/vigie-bleue\" target=\"_blank\" rel=\"noopener\">Vigie bleue (poesiarevelada.com)<\/a><\/p>\n<h2 style=\"text-align: center;\"><strong>Vigie bleue<\/strong><\/h2>\n<div data-breakout=\"normal\">\n<h3 id=\"viewer-gibw7188\" class=\"lQ4U6 OfD-H hHnTW QENj7\" dir=\"auto\" style=\"text-align: center; padding-left: 40px;\"><span class=\"ptGQd\">Signe net dans le ciel, la mouette rieuse plane sur la falaise, que du bleu, que des \u00e9toiles\u00a0 \u00a0 \u00a0 \u00a0 \u00a0 \u00a0 \u00a0 \u00a0 \u00a0 accroch\u00e9es au ballet des brumes grises ! Les couleurs dansent sur le sable, battement miroitant entre les clapotis du fleuve et le feu chatoyant des mirages.<\/span><\/h3>\n<\/div>\n<h3 style=\"text-align: center; padding-left: 40px;\" data-hook=\"rcv-block12\"><\/h3>\n<h3 id=\"viewer-yay30194\" class=\"lQ4U6 OfD-H hHnTW QENj7\" dir=\"auto\" style=\"padding-left: 40px;\"><span class=\"ptGQd\">Soudain une voile surgit \u00e0 l\u2019horizon, nef charg\u00e9e d\u2019\u00e9pices ? Esquif fant\u00f4me d\u00e9rivant sur la mer ? Sombre prison ? \u00d4 fragile cloison \u00e9parpill\u00e9e sur des cartes imaginaires. Marins po\u00e8tes livr\u00e9s au fracas des vagues, leurs yeux noy\u00e9s \u00e0 d\u00e9chiffrer le pic des cath\u00e9drales avec la m\u00e9moire pour seul abri.<\/span><\/h3>\n<h3 style=\"text-align: center; padding-left: 40px;\" data-hook=\"rcv-block13\"><\/h3>\n<h3 id=\"viewer-0dnpi1598\" class=\"lQ4U6 OfD-H hHnTW QENj7\" dir=\"auto\" style=\"padding-left: 40px;\"><span class=\"ptGQd\">\u00a0<\/span><span class=\"ptGQd\">Impr\u00e9gn\u00e9e de fra\u00eecheur marine, la femme peintre ajoute une trace de blanc, fil ourlant son aigue-marine \u00e0 l\u2019entr\u00e9e du chenal o\u00f9 veille la sir\u00e8ne, vigie bleue au bout de l\u2019estuaire o\u00f9 s\u2019\u00e9choue un phoque alangui, seul brille sur la dune nue le halo bleu d\u2019une fleur myosotis, rescap\u00e9e solitaire.<\/span><\/h3>\n<h3 style=\"text-align: center; padding-left: 40px;\" data-hook=\"rcv-block15\"><\/h3>\n<h3 id=\"viewer-tajd7210\" class=\"lQ4U6 OfD-H hHnTW QENj7\" dir=\"auto\" style=\"padding-left: 40px;\"><span class=\"ptGQd\">Doigts bleuis par le givre du matin, doigts savants accroch\u00e9s au vent, doigts cherchant la fissure secr\u00e8te, \u00f4 doigts fragiles, doigts magiques !<\/span><\/h3>\n<h3 style=\"text-align: center; padding-left: 40px;\" data-hook=\"rcv-block16\"><\/h3>\n<div style=\"padding-left: 40px;\" data-breakout=\"normal\">\n<h3 id=\"viewer-xejr1214\" class=\"lQ4U6 OfD-H hHnTW QENj7\" dir=\"auto\" style=\"text-align: center; padding-left: 40px;\"><span class=\"ptGQd\">Vers les galets du bord, les vagues se succ\u00e8dent, la pianiste \u00e9toile s\u2019est pos\u00e9e sur la gr\u00e8ve dans le roulis de ses arp\u00e8ges et le son de l\u2019instant vibrant.<\/span><\/h3>\n<h4 dir=\"auto\" style=\"text-align: center; padding-left: 40px;\">________________________________________<\/h4>\n<p id=\"viewer-eeci0220\" class=\"lQ4U6 OfD-H hHnTW QENj7\" dir=\"auto\" style=\"text-align: center;\"><span class=\"ptGQd\">R\u00e9cit po\u00e9tique \u00a9 Thierry Quintrie Lamothe<\/span><\/p>\n<h4 style=\"text-align: center;\" data-hook=\"rcv-block22\"><\/h4>\n<div data-breakout=\"normal\">\n<p id=\"viewer-wgdmc222\" class=\"lQ4U6 OfD-H hHnTW QENj7\" dir=\"auto\"><span class=\"ptGQd\">Paris, 2024<\/span><\/p>\n<\/div>\n<div data-hook=\"rcv-block23\"><\/div>\n<div data-breakout=\"normal\">\n<p id=\"viewer-c2wfu224\" class=\"lQ4U6 OfD-H hHnTW QENj7\" dir=\"auto\">\n<\/div>\n<\/div>\n","protected":false},"excerpt":{"rendered":"<p>Vigie bleue (poesiarevelada.com) Vigie bleue Signe net dans le ciel, la mouette rieuse plane sur la falaise, que du bleu, que des \u00e9toiles\u00a0 \u00a0 \u00a0 \u00a0 \u00a0 \u00a0 \u00a0 \u00a0 \u00a0 accroch\u00e9es au ballet des brumes grises ! Les couleurs dansent sur le sable, battement miroitant entre les clapotis du fleuve et le feu chatoyant &hellip; <a href=\"https:\/\/stevenson-fontainebleau.fr\/2026\/03\/24\/assemblee-generale-dimanche-29-mars\/evenements-en-cours\/rosalit-stevenson\/stevenson-et-la-foret-ombreuse\/vigie-bleue\/\" class=\"more-link\">Continuer la lecture de <span class=\"screen-reader-text\">Vigie bleue<\/span>  <span class=\"meta-nav\">&rarr;<\/span><\/a><\/p>\n","protected":false},"author":1,"featured_media":0,"parent":4327,"menu_order":0,"comment_status":"closed","ping_status":"closed","template":"","meta":{"footnotes":""},"class_list":["post-4373","page","type-page","status-publish","hentry"],"_links":{"self":[{"href":"https:\/\/stevenson-fontainebleau.fr\/2026\/03\/24\/assemblee-generale-dimanche-29-mars\/wp-json\/wp\/v2\/pages\/4373","targetHints":{"allow":["GET"]}}],"collection":[{"href":"https:\/\/stevenson-fontainebleau.fr\/2026\/03\/24\/assemblee-generale-dimanche-29-mars\/wp-json\/wp\/v2\/pages"}],"about":[{"href":"https:\/\/stevenson-fontainebleau.fr\/2026\/03\/24\/assemblee-generale-dimanche-29-mars\/wp-json\/wp\/v2\/types\/page"}],"author":[{"embeddable":true,"href":"https:\/\/stevenson-fontainebleau.fr\/2026\/03\/24\/assemblee-generale-dimanche-29-mars\/wp-json\/wp\/v2\/users\/1"}],"replies":[{"embeddable":true,"href":"https:\/\/stevenson-fontainebleau.fr\/2026\/03\/24\/assemblee-generale-dimanche-29-mars\/wp-json\/wp\/v2\/comments?post=4373"}],"version-history":[{"count":10,"href":"https:\/\/stevenson-fontainebleau.fr\/2026\/03\/24\/assemblee-generale-dimanche-29-mars\/wp-json\/wp\/v2\/pages\/4373\/revisions"}],"predecessor-version":[{"id":4383,"href":"https:\/\/stevenson-fontainebleau.fr\/2026\/03\/24\/assemblee-generale-dimanche-29-mars\/wp-json\/wp\/v2\/pages\/4373\/revisions\/4383"}],"up":[{"embeddable":true,"href":"https:\/\/stevenson-fontainebleau.fr\/2026\/03\/24\/assemblee-generale-dimanche-29-mars\/wp-json\/wp\/v2\/pages\/4327"}],"wp:attachment":[{"href":"https:\/\/stevenson-fontainebleau.fr\/2026\/03\/24\/assemblee-generale-dimanche-29-mars\/wp-json\/wp\/v2\/media?parent=4373"}],"curies":[{"name":"wp","href":"https:\/\/api.w.org\/{rel}","templated":true}]}}