{"id":4333,"date":"2024-05-27T19:47:36","date_gmt":"2024-05-27T18:47:36","guid":{"rendered":"https:\/\/stevenson-fontainebleau.fr\/?page_id=4333"},"modified":"2024-06-01T12:51:00","modified_gmt":"2024-06-01T11:51:00","slug":"rosalit-jeudi-16-mai","status":"publish","type":"page","link":"https:\/\/stevenson-fontainebleau.fr\/2026\/03\/24\/assemblee-generale-dimanche-29-mars\/evenements-en-cours\/rosalit-stevenson\/rosalit-jeudi-16-mai\/","title":{"rendered":"ROSALIT JEUDI 16 MAI"},"content":{"rendered":"<p><strong><u>CERCLE DE LECTURES\u00a0 du 16 MAI 2024<\/u><\/strong><\/p>\n<p><strong>Entour\u00e9e de ses fid\u00e8les lectrices et lecteurs, tous livres ouverts, le c\u0153ur \u00e0 l\u2019ouvrage, Rosalie a re\u00e7u Thierry-Quintrie-Lamothe, po\u00e8te \u00a0\u00e0 l\u2019esprit vagabond, amoureux des mots et des couleurs. Il est venu rejoindre le cercle de Rosalie pour y partager ce moment pr\u00e9cieux entre livres et passions\u00a0; Il y lut son dernier po\u00e8me \u2018Stevenson et la for\u00eat ombreuse\u2019. Rosalie a aussi rendu un hommage \u00e0 Jaques Meunier \u00e9crivain\u00a0 voyageur et ethnologue qui a fait la pr\u00e9face du livre : <em>La for\u00eat aux tr\u00e9sors de RL Stevenson<\/em> en lisant un passage de son livre :<\/strong><\/p>\n<p><strong>Le Chant du Silbaco en italien et en fran\u00e7ais .<\/strong><\/p>\n<p><strong>Thierry , avec grande \u00e9motion nous a parl\u00e9 de Jaques Meunier qu\u2019il a connu au festival des \u00e9crivains voyageurs \u00e0 St Malo et dont il garde un souvenir \u00a0ind\u00e9l\u00e9bile tout comme Rosalie qui l\u2019a c\u00f4toy\u00e9 plusieurs ann\u00e9es au Mus\u00e9e JF Millet.<\/strong><\/p>\n<p><strong>\u00a0<\/strong>STEVENSON ET LA FOR\u00caT OMBREUSE<\/p>\n<ul>\n<li>Seul, enfonc\u00e9 dans la for\u00eat<\/li>\n<li>Il marche, oubliant la souffrance<\/li>\n<li>lumi\u00e8re crue de son enfance<\/li>\n<li>\u00e9vanouie avec ses secrets.<\/li>\n<li><span style=\"color: #808080;\"><em>Vous pouvez lire la suite en cliquant sur le lien ci-dessous<\/em><\/span><\/li>\n<\/ul>\n<p><a href=\"https:\/\/stevenson-fontainebleau.fr\/evenements-en-cours\/rosalit-stevenson\/stevenson-et-la-foret-ombreuse\/\">STEVENSON ET LA FOR\u00caT OMBREUSE | Robert Louis Stevenson de Barbizon \u00e0 Grez (stevenson-fontainebleau.fr)<\/a><\/p>\n<p><strong>\u00a0<\/strong><\/p>\n<p><a href=\"http:\/\/stevenson-fontainebleau.fr\/wp-content\/uploads\/2024\/06\/VIDEO-2024-05-17-14-22-40-frame-at-0m31s.jpg\"><img loading=\"lazy\" decoding=\"async\" class=\"wp-image-4367 alignleft\" src=\"http:\/\/stevenson-fontainebleau.fr\/wp-content\/uploads\/2024\/06\/VIDEO-2024-05-17-14-22-40-frame-at-0m31s.jpg\" alt=\"\" width=\"267\" height=\"472\" srcset=\"https:\/\/stevenson-fontainebleau.fr\/wp-content\/uploads\/2024\/06\/VIDEO-2024-05-17-14-22-40-frame-at-0m31s.jpg 480w, https:\/\/stevenson-fontainebleau.fr\/wp-content\/uploads\/2024\/06\/VIDEO-2024-05-17-14-22-40-frame-at-0m31s-170x300.jpg 170w\" sizes=\"auto, (max-width: 267px) 100vw, 267px\" \/><\/a> <a href=\"http:\/\/stevenson-fontainebleau.fr\/wp-content\/uploads\/2024\/06\/PHOTO-2024-05-17-14-22-40.jpg\"><img loading=\"lazy\" decoding=\"async\" class=\"alignright wp-image-4363\" src=\"http:\/\/stevenson-fontainebleau.fr\/wp-content\/uploads\/2024\/06\/PHOTO-2024-05-17-14-22-40.jpg\" alt=\"\" width=\"623\" height=\"467\" srcset=\"https:\/\/stevenson-fontainebleau.fr\/wp-content\/uploads\/2024\/06\/PHOTO-2024-05-17-14-22-40.jpg 1600w, https:\/\/stevenson-fontainebleau.fr\/wp-content\/uploads\/2024\/06\/PHOTO-2024-05-17-14-22-40-300x225.jpg 300w, https:\/\/stevenson-fontainebleau.fr\/wp-content\/uploads\/2024\/06\/PHOTO-2024-05-17-14-22-40-1024x768.jpg 1024w, https:\/\/stevenson-fontainebleau.fr\/wp-content\/uploads\/2024\/06\/PHOTO-2024-05-17-14-22-40-768x576.jpg 768w, https:\/\/stevenson-fontainebleau.fr\/wp-content\/uploads\/2024\/06\/PHOTO-2024-05-17-14-22-40-1536x1152.jpg 1536w\" sizes=\"auto, (max-width: 623px) 100vw, 623px\" \/><\/a> <a href=\"http:\/\/stevenson-fontainebleau.fr\/wp-content\/uploads\/2024\/06\/PHOTO-2024-05-.jpg\"><img loading=\"lazy\" decoding=\"async\" class=\"wp-image-4362 aligncenter\" src=\"http:\/\/stevenson-fontainebleau.fr\/wp-content\/uploads\/2024\/06\/PHOTO-2024-05-.jpg\" alt=\"\" width=\"614\" height=\"460\" srcset=\"https:\/\/stevenson-fontainebleau.fr\/wp-content\/uploads\/2024\/06\/PHOTO-2024-05-.jpg 1600w, https:\/\/stevenson-fontainebleau.fr\/wp-content\/uploads\/2024\/06\/PHOTO-2024-05--300x225.jpg 300w, https:\/\/stevenson-fontainebleau.fr\/wp-content\/uploads\/2024\/06\/PHOTO-2024-05--1024x768.jpg 1024w, https:\/\/stevenson-fontainebleau.fr\/wp-content\/uploads\/2024\/06\/PHOTO-2024-05--768x576.jpg 768w, https:\/\/stevenson-fontainebleau.fr\/wp-content\/uploads\/2024\/06\/PHOTO-2024-05--1536x1152.jpg 1536w\" sizes=\"auto, (max-width: 614px) 100vw, 614px\" \/><\/a><\/p>\n<p>&nbsp;<\/p>\n<p>&nbsp;<\/p>\n","protected":false},"excerpt":{"rendered":"<p>CERCLE DE LECTURES\u00a0 du 16 MAI 2024 Entour\u00e9e de ses fid\u00e8les lectrices et lecteurs, tous livres ouverts, le c\u0153ur \u00e0 l\u2019ouvrage, Rosalie a re\u00e7u Thierry-Quintrie-Lamothe, po\u00e8te \u00a0\u00e0 l\u2019esprit vagabond, amoureux des mots et des couleurs. Il est venu rejoindre le cercle de Rosalie pour y partager ce moment pr\u00e9cieux entre livres et passions\u00a0; Il y &hellip; <a href=\"https:\/\/stevenson-fontainebleau.fr\/2026\/03\/24\/assemblee-generale-dimanche-29-mars\/evenements-en-cours\/rosalit-stevenson\/rosalit-jeudi-16-mai\/\" class=\"more-link\">Continuer la lecture de <span class=\"screen-reader-text\">ROSALIT JEUDI 16 MAI<\/span>  <span class=\"meta-nav\">&rarr;<\/span><\/a><\/p>\n","protected":false},"author":1,"featured_media":0,"parent":4323,"menu_order":48,"comment_status":"closed","ping_status":"closed","template":"","meta":{"footnotes":""},"class_list":["post-4333","page","type-page","status-publish","hentry"],"_links":{"self":[{"href":"https:\/\/stevenson-fontainebleau.fr\/2026\/03\/24\/assemblee-generale-dimanche-29-mars\/wp-json\/wp\/v2\/pages\/4333","targetHints":{"allow":["GET"]}}],"collection":[{"href":"https:\/\/stevenson-fontainebleau.fr\/2026\/03\/24\/assemblee-generale-dimanche-29-mars\/wp-json\/wp\/v2\/pages"}],"about":[{"href":"https:\/\/stevenson-fontainebleau.fr\/2026\/03\/24\/assemblee-generale-dimanche-29-mars\/wp-json\/wp\/v2\/types\/page"}],"author":[{"embeddable":true,"href":"https:\/\/stevenson-fontainebleau.fr\/2026\/03\/24\/assemblee-generale-dimanche-29-mars\/wp-json\/wp\/v2\/users\/1"}],"replies":[{"embeddable":true,"href":"https:\/\/stevenson-fontainebleau.fr\/2026\/03\/24\/assemblee-generale-dimanche-29-mars\/wp-json\/wp\/v2\/comments?post=4333"}],"version-history":[{"count":10,"href":"https:\/\/stevenson-fontainebleau.fr\/2026\/03\/24\/assemblee-generale-dimanche-29-mars\/wp-json\/wp\/v2\/pages\/4333\/revisions"}],"predecessor-version":[{"id":4372,"href":"https:\/\/stevenson-fontainebleau.fr\/2026\/03\/24\/assemblee-generale-dimanche-29-mars\/wp-json\/wp\/v2\/pages\/4333\/revisions\/4372"}],"up":[{"embeddable":true,"href":"https:\/\/stevenson-fontainebleau.fr\/2026\/03\/24\/assemblee-generale-dimanche-29-mars\/wp-json\/wp\/v2\/pages\/4323"}],"wp:attachment":[{"href":"https:\/\/stevenson-fontainebleau.fr\/2026\/03\/24\/assemblee-generale-dimanche-29-mars\/wp-json\/wp\/v2\/media?parent=4333"}],"curies":[{"name":"wp","href":"https:\/\/api.w.org\/{rel}","templated":true}]}}