{"id":4327,"date":"2024-05-27T19:12:44","date_gmt":"2024-05-27T18:12:44","guid":{"rendered":"https:\/\/stevenson-fontainebleau.fr\/?page_id=4327"},"modified":"2024-05-27T19:13:46","modified_gmt":"2024-05-27T18:13:46","slug":"stevenson-et-la-foret-ombreuse","status":"publish","type":"page","link":"https:\/\/stevenson-fontainebleau.fr\/2026\/03\/24\/assemblee-generale-dimanche-29-mars\/evenements-en-cours\/rosalit-stevenson\/stevenson-et-la-foret-ombreuse\/","title":{"rendered":"STEVENSON ET LA FOR\u00caT OMBREUSE"},"content":{"rendered":"<ul>\n<li style=\"text-align: center;\">Seul, enfonc\u00e9 dans la for\u00eat<\/li>\n<li style=\"text-align: center;\">Il marche, oubliant la souffrance<\/li>\n<li style=\"text-align: center;\">lumi\u00e8re crue de son enfance<\/li>\n<li style=\"text-align: center;\">\u00e9vanouie avec ses secrets.<\/li>\n<li style=\"text-align: center;\"><\/li>\n<li style=\"text-align: center;\">Un vent froid soul\u00e8ve le sable,<\/li>\n<li style=\"text-align: center;\">vieux vestige des temps anciens<\/li>\n<li style=\"text-align: center;\">o\u00f9 la mer bornait les confins<\/li>\n<li style=\"text-align: center;\">entre les gr\u00e8s nus et friables.<\/li>\n<\/ul>\n<ul style=\"text-align: center;\">\n<li>Il fuit la pluie drue et blafarde,<\/li>\n<li>les fourmis grouillent sur les roches<\/li>\n<li>et filent vers le rondin proche<\/li>\n<li>dur comme le granit des phares.<\/li>\n<\/ul>\n<ul style=\"text-align: center;\">\n<li>Ses doigts serrent le tronc de l\u2019arbre,<\/li>\n<li>doigts impatients, \u00f4 doigts d\u2019argile<\/li>\n<li>avides et rest\u00e9s fragiles<\/li>\n<li>sans voir s\u2019incruster les \u00e9chardes.<\/li>\n<li><\/li>\n<li>N\u2019es-tu qu\u2019un fant\u00f4me \u00e0 ma porte,<\/li>\n<li>qu\u2019un feu follet flottant sans bruit,<\/li>\n<li>que jeux de lune dans la nuit<\/li>\n<li>ou reflet noir d\u2019un astre mort ?<\/li>\n<li><\/li>\n<li>Partout soudain il l\u2019aper\u00e7oit !<\/li>\n<li>c\u2019est toi Fanny qui vient de na\u00eetre,<\/li>\n<li>je crois toujours te reconna\u00eetre,<\/li>\n<li>ce parfum, cette fleur\u2026 c\u2019est toi !<\/li>\n<li><\/li>\n<li>Juste voir entre le feuillage<\/li>\n<li>une petite mare fra\u00eeche,<\/li>\n<li>pure et humble ainsi qu\u2019une cr\u00e8che.<\/li>\n<li>Louis accourt du lointain rivage,<\/li>\n<li>Le temps de d\u00e9chiffrer le murmure secret,<\/li>\n<li>lui laissant au passage<\/li>\n<li>un souriant message<\/li>\n<li>et de la voir s\u2019enfuir au creux de la for\u00eat.<\/li>\n<\/ul>\n<p style=\"text-align: center;\">_______<\/p>\n<p style=\"text-align: center;\"><em>Thierry Quintrie Lamothe, \u00a9 Paris, novembre 2023\u00a0<\/em><\/p>\n<p style=\"text-align: left;\"><em><a href=\"https:\/\/www.poesiarevelada.com\/post\/stevenson-et-la-for%C3%AAt-ombreuse\" target=\"_blank\" rel=\"noopener\">Stevenson et la for\u00eat ombreuse (poesiarevelada.com)<\/a><\/em><\/p>\n<p><a href=\"http:\/\/stevenson-fontainebleau.fr\/wp-content\/uploads\/2024\/02\/Stevenson-et-la-foret-ombreuse.pdf\" target=\"_blank\" rel=\"noopener\">Stevenson et la for\u00eat ombreuse<\/a><\/p>\n","protected":false},"excerpt":{"rendered":"<p>Seul, enfonc\u00e9 dans la for\u00eat Il marche, oubliant la souffrance lumi\u00e8re crue de son enfance \u00e9vanouie avec ses secrets. Un vent froid soul\u00e8ve le sable, vieux vestige des temps anciens o\u00f9 la mer bornait les confins entre les gr\u00e8s nus et friables. Il fuit la pluie drue et blafarde, les fourmis grouillent sur les roches &hellip; <a href=\"https:\/\/stevenson-fontainebleau.fr\/2026\/03\/24\/assemblee-generale-dimanche-29-mars\/evenements-en-cours\/rosalit-stevenson\/stevenson-et-la-foret-ombreuse\/\" class=\"more-link\">Continuer la lecture de <span class=\"screen-reader-text\">STEVENSON ET LA FOR\u00caT OMBREUSE<\/span>  <span class=\"meta-nav\">&rarr;<\/span><\/a><\/p>\n","protected":false},"author":1,"featured_media":0,"parent":4323,"menu_order":50,"comment_status":"closed","ping_status":"closed","template":"","meta":{"footnotes":""},"class_list":["post-4327","page","type-page","status-publish","hentry"],"_links":{"self":[{"href":"https:\/\/stevenson-fontainebleau.fr\/2026\/03\/24\/assemblee-generale-dimanche-29-mars\/wp-json\/wp\/v2\/pages\/4327","targetHints":{"allow":["GET"]}}],"collection":[{"href":"https:\/\/stevenson-fontainebleau.fr\/2026\/03\/24\/assemblee-generale-dimanche-29-mars\/wp-json\/wp\/v2\/pages"}],"about":[{"href":"https:\/\/stevenson-fontainebleau.fr\/2026\/03\/24\/assemblee-generale-dimanche-29-mars\/wp-json\/wp\/v2\/types\/page"}],"author":[{"embeddable":true,"href":"https:\/\/stevenson-fontainebleau.fr\/2026\/03\/24\/assemblee-generale-dimanche-29-mars\/wp-json\/wp\/v2\/users\/1"}],"replies":[{"embeddable":true,"href":"https:\/\/stevenson-fontainebleau.fr\/2026\/03\/24\/assemblee-generale-dimanche-29-mars\/wp-json\/wp\/v2\/comments?post=4327"}],"version-history":[{"count":1,"href":"https:\/\/stevenson-fontainebleau.fr\/2026\/03\/24\/assemblee-generale-dimanche-29-mars\/wp-json\/wp\/v2\/pages\/4327\/revisions"}],"predecessor-version":[{"id":4328,"href":"https:\/\/stevenson-fontainebleau.fr\/2026\/03\/24\/assemblee-generale-dimanche-29-mars\/wp-json\/wp\/v2\/pages\/4327\/revisions\/4328"}],"up":[{"embeddable":true,"href":"https:\/\/stevenson-fontainebleau.fr\/2026\/03\/24\/assemblee-generale-dimanche-29-mars\/wp-json\/wp\/v2\/pages\/4323"}],"wp:attachment":[{"href":"https:\/\/stevenson-fontainebleau.fr\/2026\/03\/24\/assemblee-generale-dimanche-29-mars\/wp-json\/wp\/v2\/media?parent=4327"}],"curies":[{"name":"wp","href":"https:\/\/api.w.org\/{rel}","templated":true}]}}