{"id":4323,"date":"2024-05-27T18:28:33","date_gmt":"2024-05-27T17:28:33","guid":{"rendered":"https:\/\/stevenson-fontainebleau.fr\/?page_id=4323"},"modified":"2025-02-09T16:57:31","modified_gmt":"2025-02-09T15:57:31","slug":"rosalit-stevenson","status":"publish","type":"page","link":"https:\/\/stevenson-fontainebleau.fr\/2026\/03\/24\/assemblee-generale-dimanche-29-mars\/evenements-en-cours\/rosalit-stevenson\/","title":{"rendered":"ROSALIT STEVENSON 2024"},"content":{"rendered":"<p>En 2023,\u00a0 le\u00a0 Cercle de lectures a vu le jour et continu en 2024.<\/p>\n<p>Ce Cercle de lectures \u00e0 haute voix a pour but de mettre en avant l&rsquo;\u0153uvre de Stevenson, ainsi que des textes d&rsquo;autres auteurs. Anim\u00e9 par Rosalie lenna, une fois par mois, s\u00e9ances de 2 heures.\u00a0 \u00e0 la maison des Compagnons, 26 rue de la Cloche \u00e0 Fontainebleau. Inscription aupr\u00e8s de Rosalie : <a href=\"mailto:mrosalie-ienna@hotmail.fr\">mrosalie-ienna@hotmail.fr<\/a> ou par texto: 06 65 69 87 12<\/p>\n<p>Et surtout venez avec les textes que vous aimez.<\/p>\n<h3>Programme 2024, de 18 \u00e0 20 h :<\/h3>\n<p><a href=\"https:\/\/stevenson-fontainebleau.fr\/evenements-en-cours\/rosalit-stevenson\/rosalit-stevenson\/\">7 mars\u00a0<\/a> \u00a0 <a href=\"https:\/\/stevenson-fontainebleau.fr\/evenements-en-cours\/rosalit-stevenson\/rosalit-stevenson\/rosalit-stevenson\/\">Voir r\u00e9sum\u00e9 de cette journ\u00e9e)<\/a><\/p>\n<p>10 avril<\/p>\n<p>16 mai\u00a0 \u00a0 <a href=\"https:\/\/stevenson-fontainebleau.fr\/evenements-en-cours\/rosalit-stevenson\/rosalit-jeudi-16-mai\/\" target=\"_blank\" rel=\"noopener\">Voir r\u00e9sum\u00e9 de cette journ\u00e9e)<\/a><\/p>\n<p>13 juin \u00a0 \u00a0<a href=\"https:\/\/stevenson-fontainebleau.fr\/evenements-en-cours\/rosalit-stevenson\/rosalit-stevenson-13-juin-2024\/le-cercle-de-lecture-du-jeudi-13-juin-a-fleurte-avec-la-peinture\/\" target=\"_blank\" rel=\"noopener\">Voir r\u00e9sum\u00e9 de cette journ\u00e9e)<\/a><\/p>\n","protected":false},"excerpt":{"rendered":"<p>En 2023,\u00a0 le\u00a0 Cercle de lectures a vu le jour et continu en 2024. Ce Cercle de lectures \u00e0 haute voix a pour but de mettre en avant l&rsquo;\u0153uvre de Stevenson, ainsi que des textes d&rsquo;autres auteurs. Anim\u00e9 par Rosalie lenna, une fois par mois, s\u00e9ances de 2 heures.\u00a0 \u00e0 la maison des Compagnons, 26 &hellip; <a href=\"https:\/\/stevenson-fontainebleau.fr\/2026\/03\/24\/assemblee-generale-dimanche-29-mars\/evenements-en-cours\/rosalit-stevenson\/\" class=\"more-link\">Continuer la lecture de <span class=\"screen-reader-text\">ROSALIT STEVENSON 2024<\/span>  <span class=\"meta-nav\">&rarr;<\/span><\/a><\/p>\n","protected":false},"author":1,"featured_media":0,"parent":3890,"menu_order":894,"comment_status":"closed","ping_status":"closed","template":"","meta":{"footnotes":""},"class_list":["post-4323","page","type-page","status-publish","hentry"],"_links":{"self":[{"href":"https:\/\/stevenson-fontainebleau.fr\/2026\/03\/24\/assemblee-generale-dimanche-29-mars\/wp-json\/wp\/v2\/pages\/4323","targetHints":{"allow":["GET"]}}],"collection":[{"href":"https:\/\/stevenson-fontainebleau.fr\/2026\/03\/24\/assemblee-generale-dimanche-29-mars\/wp-json\/wp\/v2\/pages"}],"about":[{"href":"https:\/\/stevenson-fontainebleau.fr\/2026\/03\/24\/assemblee-generale-dimanche-29-mars\/wp-json\/wp\/v2\/types\/page"}],"author":[{"embeddable":true,"href":"https:\/\/stevenson-fontainebleau.fr\/2026\/03\/24\/assemblee-generale-dimanche-29-mars\/wp-json\/wp\/v2\/users\/1"}],"replies":[{"embeddable":true,"href":"https:\/\/stevenson-fontainebleau.fr\/2026\/03\/24\/assemblee-generale-dimanche-29-mars\/wp-json\/wp\/v2\/comments?post=4323"}],"version-history":[{"count":10,"href":"https:\/\/stevenson-fontainebleau.fr\/2026\/03\/24\/assemblee-generale-dimanche-29-mars\/wp-json\/wp\/v2\/pages\/4323\/revisions"}],"predecessor-version":[{"id":4712,"href":"https:\/\/stevenson-fontainebleau.fr\/2026\/03\/24\/assemblee-generale-dimanche-29-mars\/wp-json\/wp\/v2\/pages\/4323\/revisions\/4712"}],"up":[{"embeddable":true,"href":"https:\/\/stevenson-fontainebleau.fr\/2026\/03\/24\/assemblee-generale-dimanche-29-mars\/wp-json\/wp\/v2\/pages\/3890"}],"wp:attachment":[{"href":"https:\/\/stevenson-fontainebleau.fr\/2026\/03\/24\/assemblee-generale-dimanche-29-mars\/wp-json\/wp\/v2\/media?parent=4323"}],"curies":[{"name":"wp","href":"https:\/\/api.w.org\/{rel}","templated":true}]}}