{"id":4321,"date":"2024-05-27T18:26:56","date_gmt":"2024-05-27T17:26:56","guid":{"rendered":"https:\/\/stevenson-fontainebleau.fr\/?page_id=4321"},"modified":"2025-02-09T16:56:54","modified_gmt":"2025-02-09T15:56:54","slug":"balade-litteraire","status":"publish","type":"page","link":"https:\/\/stevenson-fontainebleau.fr\/2026\/03\/24\/assemblee-generale-dimanche-29-mars\/evenements-en-cours\/balade-litteraire\/","title":{"rendered":"BALADE LITT\u00c9RAIRE 2024"},"content":{"rendered":"<div dir=\"auto\" style=\"text-align: center;\">Une jolie balade, douce, avec des mots et des pieds &#8211; Ne tardez pas \u00e0 vous inscrire aupr\u00e8s de Genevi\u00e8ve.<\/div>\n<p><a href=\"http:\/\/stevenson-fontainebleau.fr\/wp-content\/uploads\/2024\/07\/balade-litteraire.jpg\"><img loading=\"lazy\" decoding=\"async\" class=\"wp-image-4462 aligncenter\" src=\"http:\/\/stevenson-fontainebleau.fr\/wp-content\/uploads\/2024\/07\/balade-litteraire.jpg\" alt=\"\" width=\"627\" height=\"525\" srcset=\"https:\/\/stevenson-fontainebleau.fr\/wp-content\/uploads\/2024\/07\/balade-litteraire.jpg 846w, https:\/\/stevenson-fontainebleau.fr\/wp-content\/uploads\/2024\/07\/balade-litteraire-300x251.jpg 300w, https:\/\/stevenson-fontainebleau.fr\/wp-content\/uploads\/2024\/07\/balade-litteraire-768x643.jpg 768w\" sizes=\"auto, (max-width: 627px) 100vw, 627px\" \/><\/a><\/p>\n","protected":false},"excerpt":{"rendered":"<p>Une jolie balade, douce, avec des mots et des pieds &#8211; Ne tardez pas \u00e0 vous inscrire aupr\u00e8s de Genevi\u00e8ve.<\/p>\n","protected":false},"author":1,"featured_media":0,"parent":3890,"menu_order":893,"comment_status":"closed","ping_status":"closed","template":"","meta":{"footnotes":""},"class_list":["post-4321","page","type-page","status-publish","hentry"],"_links":{"self":[{"href":"https:\/\/stevenson-fontainebleau.fr\/2026\/03\/24\/assemblee-generale-dimanche-29-mars\/wp-json\/wp\/v2\/pages\/4321","targetHints":{"allow":["GET"]}}],"collection":[{"href":"https:\/\/stevenson-fontainebleau.fr\/2026\/03\/24\/assemblee-generale-dimanche-29-mars\/wp-json\/wp\/v2\/pages"}],"about":[{"href":"https:\/\/stevenson-fontainebleau.fr\/2026\/03\/24\/assemblee-generale-dimanche-29-mars\/wp-json\/wp\/v2\/types\/page"}],"author":[{"embeddable":true,"href":"https:\/\/stevenson-fontainebleau.fr\/2026\/03\/24\/assemblee-generale-dimanche-29-mars\/wp-json\/wp\/v2\/users\/1"}],"replies":[{"embeddable":true,"href":"https:\/\/stevenson-fontainebleau.fr\/2026\/03\/24\/assemblee-generale-dimanche-29-mars\/wp-json\/wp\/v2\/comments?post=4321"}],"version-history":[{"count":6,"href":"https:\/\/stevenson-fontainebleau.fr\/2026\/03\/24\/assemblee-generale-dimanche-29-mars\/wp-json\/wp\/v2\/pages\/4321\/revisions"}],"predecessor-version":[{"id":4711,"href":"https:\/\/stevenson-fontainebleau.fr\/2026\/03\/24\/assemblee-generale-dimanche-29-mars\/wp-json\/wp\/v2\/pages\/4321\/revisions\/4711"}],"up":[{"embeddable":true,"href":"https:\/\/stevenson-fontainebleau.fr\/2026\/03\/24\/assemblee-generale-dimanche-29-mars\/wp-json\/wp\/v2\/pages\/3890"}],"wp:attachment":[{"href":"https:\/\/stevenson-fontainebleau.fr\/2026\/03\/24\/assemblee-generale-dimanche-29-mars\/wp-json\/wp\/v2\/media?parent=4321"}],"curies":[{"name":"wp","href":"https:\/\/api.w.org\/{rel}","templated":true}]}}