{"id":4287,"date":"2024-04-12T12:17:33","date_gmt":"2024-04-12T11:17:33","guid":{"rendered":"https:\/\/stevenson-fontainebleau.fr\/?page_id=4287"},"modified":"2025-11-22T16:02:04","modified_gmt":"2025-11-22T15:02:04","slug":"de-nevers-vers-le-puy-en-velay","status":"publish","type":"page","link":"https:\/\/stevenson-fontainebleau.fr\/2026\/03\/24\/assemblee-generale-dimanche-29-mars\/publications\/on-parle-de-lassociation-dans-la-presse\/de-nevers-vers-le-puy-en-velay\/","title":{"rendered":"De Nevers vers Le Puy en Velay"},"content":{"rendered":"<p>De Grez-sur-Loing \u00e0 Ch\u00e2tillon-sur-Loire, de Ch\u00e2tillon-sur-Loire \u00e0 Nevers, nous avons continu\u00e9\u00a0 pour la troisi\u00e8me ann\u00e9e le chemin de Nevers \u00e0 Saint-Pour\u00e7ain-sur-Sioule, pour p\u00e9renniser la suite du chemin STEVENSON, pour atteindre notre objectif, Le Puy-en-Velay.<\/p>\n<p><a href=\"http:\/\/stevenson-fontainebleau.fr\/wp-content\/uploads\/2024\/04\/Article-de-presse-Nevers-2024.jpg\"><img loading=\"lazy\" decoding=\"async\" class=\"size-full wp-image-4286 aligncenter\" src=\"http:\/\/stevenson-fontainebleau.fr\/wp-content\/uploads\/2024\/04\/Article-de-presse-Nevers-2024.jpg\" alt=\"\" width=\"775\" height=\"1095\" srcset=\"https:\/\/stevenson-fontainebleau.fr\/wp-content\/uploads\/2024\/04\/Article-de-presse-Nevers-2024.jpg 775w, https:\/\/stevenson-fontainebleau.fr\/wp-content\/uploads\/2024\/04\/Article-de-presse-Nevers-2024-212x300.jpg 212w, https:\/\/stevenson-fontainebleau.fr\/wp-content\/uploads\/2024\/04\/Article-de-presse-Nevers-2024-725x1024.jpg 725w, https:\/\/stevenson-fontainebleau.fr\/wp-content\/uploads\/2024\/04\/Article-de-presse-Nevers-2024-768x1085.jpg 768w\" sizes=\"auto, (max-width: 775px) 100vw, 775px\" \/><\/a> <a href=\"http:\/\/stevenson-fontainebleau.fr\/wp-content\/uploads\/2024\/04\/Article-de-presse-Couzon.jpg\"><img loading=\"lazy\" decoding=\"async\" class=\"size-full wp-image-4285 aligncenter\" src=\"http:\/\/stevenson-fontainebleau.fr\/wp-content\/uploads\/2024\/04\/Article-de-presse-Couzon.jpg\" alt=\"\" width=\"736\" height=\"1008\" srcset=\"https:\/\/stevenson-fontainebleau.fr\/wp-content\/uploads\/2024\/04\/Article-de-presse-Couzon.jpg 736w, https:\/\/stevenson-fontainebleau.fr\/wp-content\/uploads\/2024\/04\/Article-de-presse-Couzon-219x300.jpg 219w\" sizes=\"auto, (max-width: 736px) 100vw, 736px\" \/><\/a><\/p>\n","protected":false},"excerpt":{"rendered":"<p>De Grez-sur-Loing \u00e0 Ch\u00e2tillon-sur-Loire, de Ch\u00e2tillon-sur-Loire \u00e0 Nevers, nous avons continu\u00e9\u00a0 pour la troisi\u00e8me ann\u00e9e le chemin de Nevers \u00e0 Saint-Pour\u00e7ain-sur-Sioule, pour p\u00e9renniser la suite du chemin STEVENSON, pour atteindre notre objectif, Le Puy-en-Velay.<\/p>\n","protected":false},"author":1,"featured_media":0,"parent":982,"menu_order":30,"comment_status":"closed","ping_status":"closed","template":"","meta":{"footnotes":""},"class_list":["post-4287","page","type-page","status-publish","hentry"],"_links":{"self":[{"href":"https:\/\/stevenson-fontainebleau.fr\/2026\/03\/24\/assemblee-generale-dimanche-29-mars\/wp-json\/wp\/v2\/pages\/4287","targetHints":{"allow":["GET"]}}],"collection":[{"href":"https:\/\/stevenson-fontainebleau.fr\/2026\/03\/24\/assemblee-generale-dimanche-29-mars\/wp-json\/wp\/v2\/pages"}],"about":[{"href":"https:\/\/stevenson-fontainebleau.fr\/2026\/03\/24\/assemblee-generale-dimanche-29-mars\/wp-json\/wp\/v2\/types\/page"}],"author":[{"embeddable":true,"href":"https:\/\/stevenson-fontainebleau.fr\/2026\/03\/24\/assemblee-generale-dimanche-29-mars\/wp-json\/wp\/v2\/users\/1"}],"replies":[{"embeddable":true,"href":"https:\/\/stevenson-fontainebleau.fr\/2026\/03\/24\/assemblee-generale-dimanche-29-mars\/wp-json\/wp\/v2\/comments?post=4287"}],"version-history":[{"count":1,"href":"https:\/\/stevenson-fontainebleau.fr\/2026\/03\/24\/assemblee-generale-dimanche-29-mars\/wp-json\/wp\/v2\/pages\/4287\/revisions"}],"predecessor-version":[{"id":4288,"href":"https:\/\/stevenson-fontainebleau.fr\/2026\/03\/24\/assemblee-generale-dimanche-29-mars\/wp-json\/wp\/v2\/pages\/4287\/revisions\/4288"}],"up":[{"embeddable":true,"href":"https:\/\/stevenson-fontainebleau.fr\/2026\/03\/24\/assemblee-generale-dimanche-29-mars\/wp-json\/wp\/v2\/pages\/982"}],"wp:attachment":[{"href":"https:\/\/stevenson-fontainebleau.fr\/2026\/03\/24\/assemblee-generale-dimanche-29-mars\/wp-json\/wp\/v2\/media?parent=4287"}],"curies":[{"name":"wp","href":"https:\/\/api.w.org\/{rel}","templated":true}]}}