{"id":4242,"date":"2024-03-16T18:11:54","date_gmt":"2024-03-16T17:11:54","guid":{"rendered":"https:\/\/stevenson-fontainebleau.fr\/?page_id=4242"},"modified":"2024-03-16T19:56:48","modified_gmt":"2024-03-16T18:56:48","slug":"rosalit-stevenson","status":"publish","type":"page","link":"https:\/\/stevenson-fontainebleau.fr\/2026\/03\/24\/assemblee-generale-dimanche-29-mars\/evenements-en-cours\/rosalit-stevenson\/rosalit-stevenson\/rosalit-stevenson\/","title":{"rendered":"RosaLit Stevenson"},"content":{"rendered":"<p style=\"text-align: center;\"><a href=\"http:\/\/stevenson-fontainebleau.fr\/wp-content\/uploads\/2024\/03\/rlit.jpg\"><img loading=\"lazy\" decoding=\"async\" class=\" wp-image-4265 alignnone\" src=\"http:\/\/stevenson-fontainebleau.fr\/wp-content\/uploads\/2024\/03\/rlit.jpg\" alt=\"\" width=\"366\" height=\"216\" srcset=\"https:\/\/stevenson-fontainebleau.fr\/wp-content\/uploads\/2024\/03\/rlit.jpg 570w, https:\/\/stevenson-fontainebleau.fr\/wp-content\/uploads\/2024\/03\/rlit-300x177.jpg 300w\" sizes=\"auto, (max-width: 366px) 100vw, 366px\" \/><\/a><\/p>\n<h4>Le 07 Mars le cercle de lecture<strong>\u00a0RosaLit Stevenson<\/strong>\u00a0a red\u00e9marr\u00e9 les s\u00e9ances pour la saison 2024 \u00e0 la Maison des Compagnons \u00e0 Fontainebleau.<\/h4>\n<h4>A l&rsquo;occasion de la journ\u00e9e de la femme ( qui a eu lieu le 08 Mars) le cercle de lecture a rendu un bel hommage aux femmes \u00e9crivaines et voyageuses.<\/h4>\n<h4>Nous avons fait la lecture de certains passages des \u0153uvres de :<\/h4>\n<h4><strong>Georges Sand<\/strong><\/h4>\n<h4><strong>Alexandra Lapierre<\/strong><!--more--><\/h4>\n<h4><strong>Alexandra David-N\u00e9el<\/strong><\/h4>\n<h4><strong>Chiavetta<\/strong><\/h4>\n<h4><strong>Marie-Edith Laval<\/strong><\/h4>\n<h4>Ce fut aussi l&rsquo;occasion de pr\u00e9senter\u00a0 le livre que\u00a0 l&rsquo;auteur Elisabeth Fery\u00a0 a \u00e9crit derni\u00e8rement\u00a0 sur<strong>\u00a0Les femmes artistes su\u00e9doises \u00e0 Grez.<\/strong><\/h4>\n<h4>Un tr\u00e8s beau livre bien document\u00e9 et qui nous permet de d\u00e9couvrir ou red\u00e9couvrir\u00a0 cette belle palette de femmes artistes peintres su\u00e9doises en partie oubli\u00e9es et remises en valeur par Elisabeth Fery.<\/h4>\n<h4>Deux heures de lectures et d&rsquo;\u00e9changes passionnants gr\u00e2ce \u00e0 nos lectrices et \u00e0 nos lecteurs qui contribuent \u00e0\u00a0 faire partager le plaisir et les b\u00e9n\u00e9fices que procure la pratique de la lecture \u00e0 haute voix.<\/h4>\n<h4><\/h4>\n<div id='gallery-1' class='gallery galleryid-4242 gallery-columns-4 gallery-size-medium'><figure class='gallery-item'>\n\t\t\t<div class='gallery-icon landscape'>\n\t\t\t\t<a href='https:\/\/stevenson-fontainebleau.fr\/2026\/03\/24\/assemblee-generale-dimanche-29-mars\/evenements-en-cours\/rosalit-stevenson\/rosalit-stevenson\/rosalit-stevenson\/img_7720\/'><img loading=\"lazy\" decoding=\"async\" width=\"300\" height=\"225\" src=\"https:\/\/stevenson-fontainebleau.fr\/wp-content\/uploads\/2024\/03\/IMG_7720-300x225.jpg\" class=\"attachment-medium size-medium\" alt=\"\" srcset=\"https:\/\/stevenson-fontainebleau.fr\/wp-content\/uploads\/2024\/03\/IMG_7720-300x225.jpg 300w, https:\/\/stevenson-fontainebleau.fr\/wp-content\/uploads\/2024\/03\/IMG_7720.jpg 640w\" sizes=\"auto, (max-width: 300px) 100vw, 300px\" \/><\/a>\n\t\t\t<\/div><\/figure><figure class='gallery-item'>\n\t\t\t<div class='gallery-icon landscape'>\n\t\t\t\t<a href='https:\/\/stevenson-fontainebleau.fr\/2026\/03\/24\/assemblee-generale-dimanche-29-mars\/evenements-en-cours\/rosalit-stevenson\/rosalit-stevenson\/rosalit-stevenson\/img_7719\/'><img loading=\"lazy\" decoding=\"async\" width=\"300\" height=\"225\" src=\"https:\/\/stevenson-fontainebleau.fr\/wp-content\/uploads\/2024\/03\/IMG_7719-300x225.jpg\" class=\"attachment-medium size-medium\" alt=\"\" srcset=\"https:\/\/stevenson-fontainebleau.fr\/wp-content\/uploads\/2024\/03\/IMG_7719-300x225.jpg 300w, https:\/\/stevenson-fontainebleau.fr\/wp-content\/uploads\/2024\/03\/IMG_7719.jpg 640w\" sizes=\"auto, (max-width: 300px) 100vw, 300px\" \/><\/a>\n\t\t\t<\/div><\/figure><figure class='gallery-item'>\n\t\t\t<div class='gallery-icon landscape'>\n\t\t\t\t<a href='https:\/\/stevenson-fontainebleau.fr\/2026\/03\/24\/assemblee-generale-dimanche-29-mars\/evenements-en-cours\/rosalit-stevenson\/rosalit-stevenson\/rosalit-stevenson\/img_7717\/'><img loading=\"lazy\" decoding=\"async\" width=\"300\" height=\"225\" src=\"https:\/\/stevenson-fontainebleau.fr\/wp-content\/uploads\/2024\/03\/IMG_7717-300x225.jpg\" class=\"attachment-medium size-medium\" alt=\"\" srcset=\"https:\/\/stevenson-fontainebleau.fr\/wp-content\/uploads\/2024\/03\/IMG_7717-300x225.jpg 300w, https:\/\/stevenson-fontainebleau.fr\/wp-content\/uploads\/2024\/03\/IMG_7717.jpg 640w\" sizes=\"auto, (max-width: 300px) 100vw, 300px\" \/><\/a>\n\t\t\t<\/div><\/figure><figure class='gallery-item'>\n\t\t\t<div class='gallery-icon landscape'>\n\t\t\t\t<a href='https:\/\/stevenson-fontainebleau.fr\/2026\/03\/24\/assemblee-generale-dimanche-29-mars\/evenements-en-cours\/rosalit-stevenson\/rosalit-stevenson\/rosalit-stevenson\/img_7716\/'><img loading=\"lazy\" decoding=\"async\" width=\"300\" height=\"225\" src=\"https:\/\/stevenson-fontainebleau.fr\/wp-content\/uploads\/2024\/03\/IMG_7716-300x225.jpg\" class=\"attachment-medium size-medium\" alt=\"\" srcset=\"https:\/\/stevenson-fontainebleau.fr\/wp-content\/uploads\/2024\/03\/IMG_7716-300x225.jpg 300w, https:\/\/stevenson-fontainebleau.fr\/wp-content\/uploads\/2024\/03\/IMG_7716.jpg 640w\" sizes=\"auto, (max-width: 300px) 100vw, 300px\" \/><\/a>\n\t\t\t<\/div><\/figure><figure class='gallery-item'>\n\t\t\t<div class='gallery-icon portrait'>\n\t\t\t\t<a href='https:\/\/stevenson-fontainebleau.fr\/2026\/03\/24\/assemblee-generale-dimanche-29-mars\/evenements-en-cours\/rosalit-stevenson\/rosalit-stevenson\/rosalit-stevenson\/img_7715\/'><img loading=\"lazy\" decoding=\"async\" width=\"225\" height=\"300\" src=\"https:\/\/stevenson-fontainebleau.fr\/wp-content\/uploads\/2024\/03\/IMG_7715-225x300.jpg\" class=\"attachment-medium size-medium\" alt=\"\" srcset=\"https:\/\/stevenson-fontainebleau.fr\/wp-content\/uploads\/2024\/03\/IMG_7715-225x300.jpg 225w, https:\/\/stevenson-fontainebleau.fr\/wp-content\/uploads\/2024\/03\/IMG_7715-rotated.jpg 480w\" sizes=\"auto, (max-width: 225px) 100vw, 225px\" \/><\/a>\n\t\t\t<\/div><\/figure><figure class='gallery-item'>\n\t\t\t<div class='gallery-icon portrait'>\n\t\t\t\t<a href='https:\/\/stevenson-fontainebleau.fr\/2026\/03\/24\/assemblee-generale-dimanche-29-mars\/evenements-en-cours\/rosalit-stevenson\/rosalit-stevenson\/rosalit-stevenson\/img_7714\/'><img loading=\"lazy\" decoding=\"async\" width=\"225\" height=\"300\" src=\"https:\/\/stevenson-fontainebleau.fr\/wp-content\/uploads\/2024\/03\/IMG_7714-225x300.jpg\" class=\"attachment-medium size-medium\" alt=\"\" srcset=\"https:\/\/stevenson-fontainebleau.fr\/wp-content\/uploads\/2024\/03\/IMG_7714-225x300.jpg 225w, https:\/\/stevenson-fontainebleau.fr\/wp-content\/uploads\/2024\/03\/IMG_7714-rotated.jpg 480w\" sizes=\"auto, (max-width: 225px) 100vw, 225px\" \/><\/a>\n\t\t\t<\/div><\/figure>\n\t\t<\/div>\n\n","protected":false},"excerpt":{"rendered":"<p>Le 07 Mars le cercle de lecture\u00a0RosaLit Stevenson\u00a0a red\u00e9marr\u00e9 les s\u00e9ances pour la saison 2024 \u00e0 la Maison des Compagnons \u00e0 Fontainebleau. A l&rsquo;occasion de la journ\u00e9e de la femme ( qui a eu lieu le 08 Mars) le cercle de lecture a rendu un bel hommage aux femmes \u00e9crivaines et voyageuses. Nous avons fait &hellip; <a href=\"https:\/\/stevenson-fontainebleau.fr\/2026\/03\/24\/assemblee-generale-dimanche-29-mars\/evenements-en-cours\/rosalit-stevenson\/rosalit-stevenson\/rosalit-stevenson\/\" class=\"more-link\">Continuer la lecture de <span class=\"screen-reader-text\">RosaLit Stevenson<\/span>  <span class=\"meta-nav\">&rarr;<\/span><\/a><\/p>\n","protected":false},"author":1,"featured_media":0,"parent":4198,"menu_order":0,"comment_status":"closed","ping_status":"closed","template":"","meta":{"footnotes":""},"class_list":["post-4242","page","type-page","status-publish","hentry"],"_links":{"self":[{"href":"https:\/\/stevenson-fontainebleau.fr\/2026\/03\/24\/assemblee-generale-dimanche-29-mars\/wp-json\/wp\/v2\/pages\/4242","targetHints":{"allow":["GET"]}}],"collection":[{"href":"https:\/\/stevenson-fontainebleau.fr\/2026\/03\/24\/assemblee-generale-dimanche-29-mars\/wp-json\/wp\/v2\/pages"}],"about":[{"href":"https:\/\/stevenson-fontainebleau.fr\/2026\/03\/24\/assemblee-generale-dimanche-29-mars\/wp-json\/wp\/v2\/types\/page"}],"author":[{"embeddable":true,"href":"https:\/\/stevenson-fontainebleau.fr\/2026\/03\/24\/assemblee-generale-dimanche-29-mars\/wp-json\/wp\/v2\/users\/1"}],"replies":[{"embeddable":true,"href":"https:\/\/stevenson-fontainebleau.fr\/2026\/03\/24\/assemblee-generale-dimanche-29-mars\/wp-json\/wp\/v2\/comments?post=4242"}],"version-history":[{"count":18,"href":"https:\/\/stevenson-fontainebleau.fr\/2026\/03\/24\/assemblee-generale-dimanche-29-mars\/wp-json\/wp\/v2\/pages\/4242\/revisions"}],"predecessor-version":[{"id":4271,"href":"https:\/\/stevenson-fontainebleau.fr\/2026\/03\/24\/assemblee-generale-dimanche-29-mars\/wp-json\/wp\/v2\/pages\/4242\/revisions\/4271"}],"up":[{"embeddable":true,"href":"https:\/\/stevenson-fontainebleau.fr\/2026\/03\/24\/assemblee-generale-dimanche-29-mars\/wp-json\/wp\/v2\/pages\/4198"}],"wp:attachment":[{"href":"https:\/\/stevenson-fontainebleau.fr\/2026\/03\/24\/assemblee-generale-dimanche-29-mars\/wp-json\/wp\/v2\/media?parent=4242"}],"curies":[{"name":"wp","href":"https:\/\/api.w.org\/{rel}","templated":true}]}}