{"id":4200,"date":"2024-03-12T18:38:44","date_gmt":"2024-03-12T17:38:44","guid":{"rendered":"https:\/\/stevenson-fontainebleau.fr\/?page_id=4200"},"modified":"2024-03-12T19:42:41","modified_gmt":"2024-03-12T18:42:41","slug":"apercu-du-17-fevrier-saint-valentin","status":"publish","type":"page","link":"https:\/\/stevenson-fontainebleau.fr\/2026\/03\/24\/assemblee-generale-dimanche-29-mars\/evenements-en-cours\/programme-des-activites-2024\/randonnee-speciale-saint-valentin\/apercu-du-17-fevrier-saint-valentin\/","title":{"rendered":"Aper\u00e7u du 17 f\u00e9vrier, saint Valentin"},"content":{"rendered":"<p>Le samedi suivant le 14 f\u00e9vrier de la saint Valentin\u00a0 une trentaine de randonneurs de l\u2019USR et RLSBG se sont retrouv\u00e9s d\u00e8s potron- minet, au rocher des demoiselles pour un parcours aux all\u00e9es dont les noms donn\u00e9s en 1835 s\u2019inspir\u00e8rent de\u00a0\u00ab\u00a0 la carte de tendre\u00a0\u00bb\u00a0tir\u00e9e du roman <strong><em>Cl\u00e9lie<\/em><\/strong> de Madeleine de Scud\u00e9ry paru en 1754.<\/p>\n<h3 style=\"text-align: center;\">Un parcours d\u2019inspiration romantique\u00a0 mais \u00e9galement\u00a0 d\u2019inspiration mythologique<\/h3>\n<p><a href=\"http:\/\/stevenson-fontainebleau.fr\/wp-content\/uploads\/2024\/03\/st-valentin.jpg\"><img loading=\"lazy\" decoding=\"async\" class=\"size-full wp-image-4201 aligncenter\" src=\"http:\/\/stevenson-fontainebleau.fr\/wp-content\/uploads\/2024\/03\/st-valentin.jpg\" alt=\"\" width=\"1003\" height=\"582\" srcset=\"https:\/\/stevenson-fontainebleau.fr\/wp-content\/uploads\/2024\/03\/st-valentin.jpg 1003w, https:\/\/stevenson-fontainebleau.fr\/wp-content\/uploads\/2024\/03\/st-valentin-300x174.jpg 300w, https:\/\/stevenson-fontainebleau.fr\/wp-content\/uploads\/2024\/03\/st-valentin-768x446.jpg 768w\" sizes=\"auto, (max-width: 1003px) 100vw, 1003px\" \/><\/a><\/p>\n<p style=\"text-align: center;\"><a href=\"http:\/\/stevenson-fontainebleau.fr\/wp-content\/uploads\/2024\/03\/Capture-1.jpg\"><img loading=\"lazy\" decoding=\"async\" class=\"size-full wp-image-4223 aligncenter\" src=\"http:\/\/stevenson-fontainebleau.fr\/wp-content\/uploads\/2024\/03\/Capture-1.jpg\" alt=\"\" width=\"895\" height=\"1196\" srcset=\"https:\/\/stevenson-fontainebleau.fr\/wp-content\/uploads\/2024\/03\/Capture-1.jpg 895w, https:\/\/stevenson-fontainebleau.fr\/wp-content\/uploads\/2024\/03\/Capture-1-224x300.jpg 224w, https:\/\/stevenson-fontainebleau.fr\/wp-content\/uploads\/2024\/03\/Capture-1-766x1024.jpg 766w, https:\/\/stevenson-fontainebleau.fr\/wp-content\/uploads\/2024\/03\/Capture-1-768x1026.jpg 768w\" sizes=\"auto, (max-width: 895px) 100vw, 895px\" \/><\/a><\/p>\n<p>&nbsp;<\/p>\n<p>Une Saint Valentin bien sympathique, o\u00f9 Isabelle, au moment d\u2019une pause th\u00e9 avec petits g\u00e2teaux, nous a propos\u00e9 un jeu pour trouver les intrus.<\/p>\n<p>Regardez le jeu ci-dessous\u00a0: nous devions trouver les chemins que nous n\u2019avions pas pris, ce qui nous donnait le trac\u00e9 exact de notre p\u00e9riple.<\/p>\n<p>Une randonn\u00e9e que nous garderons en m\u00e9moire.<\/p>\n<p><a href=\"http:\/\/stevenson-fontainebleau.fr\/wp-content\/uploads\/2024\/03\/jeu-de-lintru.jpg\"><img loading=\"lazy\" decoding=\"async\" class=\"wp-image-4219 aligncenter\" src=\"http:\/\/stevenson-fontainebleau.fr\/wp-content\/uploads\/2024\/03\/jeu-de-lintru.jpg\" alt=\"\" width=\"470\" height=\"627\" srcset=\"https:\/\/stevenson-fontainebleau.fr\/wp-content\/uploads\/2024\/03\/jeu-de-lintru.jpg 1728w, https:\/\/stevenson-fontainebleau.fr\/wp-content\/uploads\/2024\/03\/jeu-de-lintru-225x300.jpg 225w, https:\/\/stevenson-fontainebleau.fr\/wp-content\/uploads\/2024\/03\/jeu-de-lintru-768x1024.jpg 768w, https:\/\/stevenson-fontainebleau.fr\/wp-content\/uploads\/2024\/03\/jeu-de-lintru-1152x1536.jpg 1152w, https:\/\/stevenson-fontainebleau.fr\/wp-content\/uploads\/2024\/03\/jeu-de-lintru-1536x2048.jpg 1536w\" sizes=\"auto, (max-width: 470px) 100vw, 470px\" \/><\/a><\/p>\n<p>&nbsp;<\/p>\n<p>&nbsp;<\/p>\n<p>Merci aux organisateurs<\/p>\n<div id='gallery-1' class='gallery galleryid-4200 gallery-columns-2 gallery-size-thumbnail'><figure class='gallery-item'>\n\t\t\t<div class='gallery-icon landscape'>\n\t\t\t\t<a href='https:\/\/stevenson-fontainebleau.fr\/2026\/03\/24\/assemblee-generale-dimanche-29-mars\/evenements-en-cours\/programme-des-activites-2024\/randonnee-speciale-saint-valentin\/apercu-du-17-fevrier-saint-valentin\/capture-12\/'><img loading=\"lazy\" decoding=\"async\" width=\"150\" height=\"150\" src=\"https:\/\/stevenson-fontainebleau.fr\/wp-content\/uploads\/2024\/03\/Capture-150x150.jpg\" class=\"attachment-thumbnail size-thumbnail\" alt=\"\" aria-describedby=\"gallery-1-4206\" \/><\/a>\n\t\t\t<\/div>\n\t\t\t\t<figcaption class='wp-caption-text gallery-caption' id='gallery-1-4206'>\n\t\t\t\tNotre parcours\n\t\t\t\t<\/figcaption><\/figure><figure class='gallery-item'>\n\t\t\t<div class='gallery-icon portrait'>\n\t\t\t\t<a href='https:\/\/stevenson-fontainebleau.fr\/2026\/03\/24\/assemblee-generale-dimanche-29-mars\/evenements-en-cours\/programme-des-activites-2024\/randonnee-speciale-saint-valentin\/apercu-du-17-fevrier-saint-valentin\/img-20240217-wa0003\/'><img loading=\"lazy\" decoding=\"async\" width=\"150\" height=\"150\" src=\"https:\/\/stevenson-fontainebleau.fr\/wp-content\/uploads\/2024\/03\/IMG-20240217-WA0003-150x150.jpg\" class=\"attachment-thumbnail size-thumbnail\" alt=\"\" \/><\/a>\n\t\t\t<\/div><\/figure>\n\t\t<\/div>\n\n<p>&nbsp;<\/p>\n","protected":false},"excerpt":{"rendered":"<p>Le samedi suivant le 14 f\u00e9vrier de la saint Valentin\u00a0 une trentaine de randonneurs de l\u2019USR et RLSBG se sont retrouv\u00e9s d\u00e8s potron- minet, au rocher des demoiselles pour un parcours aux all\u00e9es dont les noms donn\u00e9s en 1835 s\u2019inspir\u00e8rent de\u00a0\u00ab\u00a0 la carte de tendre\u00a0\u00bb\u00a0tir\u00e9e du roman Cl\u00e9lie de Madeleine de Scud\u00e9ry paru en 1754. &hellip; <a href=\"https:\/\/stevenson-fontainebleau.fr\/2026\/03\/24\/assemblee-generale-dimanche-29-mars\/evenements-en-cours\/programme-des-activites-2024\/randonnee-speciale-saint-valentin\/apercu-du-17-fevrier-saint-valentin\/\" class=\"more-link\">Continuer la lecture de <span class=\"screen-reader-text\">Aper\u00e7u du 17 f\u00e9vrier, saint Valentin<\/span>  <span class=\"meta-nav\">&rarr;<\/span><\/a><\/p>\n","protected":false},"author":1,"featured_media":0,"parent":4194,"menu_order":0,"comment_status":"closed","ping_status":"closed","template":"","meta":{"footnotes":""},"class_list":["post-4200","page","type-page","status-publish","hentry"],"_links":{"self":[{"href":"https:\/\/stevenson-fontainebleau.fr\/2026\/03\/24\/assemblee-generale-dimanche-29-mars\/wp-json\/wp\/v2\/pages\/4200","targetHints":{"allow":["GET"]}}],"collection":[{"href":"https:\/\/stevenson-fontainebleau.fr\/2026\/03\/24\/assemblee-generale-dimanche-29-mars\/wp-json\/wp\/v2\/pages"}],"about":[{"href":"https:\/\/stevenson-fontainebleau.fr\/2026\/03\/24\/assemblee-generale-dimanche-29-mars\/wp-json\/wp\/v2\/types\/page"}],"author":[{"embeddable":true,"href":"https:\/\/stevenson-fontainebleau.fr\/2026\/03\/24\/assemblee-generale-dimanche-29-mars\/wp-json\/wp\/v2\/users\/1"}],"replies":[{"embeddable":true,"href":"https:\/\/stevenson-fontainebleau.fr\/2026\/03\/24\/assemblee-generale-dimanche-29-mars\/wp-json\/wp\/v2\/comments?post=4200"}],"version-history":[{"count":17,"href":"https:\/\/stevenson-fontainebleau.fr\/2026\/03\/24\/assemblee-generale-dimanche-29-mars\/wp-json\/wp\/v2\/pages\/4200\/revisions"}],"predecessor-version":[{"id":4226,"href":"https:\/\/stevenson-fontainebleau.fr\/2026\/03\/24\/assemblee-generale-dimanche-29-mars\/wp-json\/wp\/v2\/pages\/4200\/revisions\/4226"}],"up":[{"embeddable":true,"href":"https:\/\/stevenson-fontainebleau.fr\/2026\/03\/24\/assemblee-generale-dimanche-29-mars\/wp-json\/wp\/v2\/pages\/4194"}],"wp:attachment":[{"href":"https:\/\/stevenson-fontainebleau.fr\/2026\/03\/24\/assemblee-generale-dimanche-29-mars\/wp-json\/wp\/v2\/media?parent=4200"}],"curies":[{"name":"wp","href":"https:\/\/api.w.org\/{rel}","templated":true}]}}