{"id":4194,"date":"2024-03-12T18:12:21","date_gmt":"2024-03-12T17:12:21","guid":{"rendered":"https:\/\/stevenson-fontainebleau.fr\/?page_id=4194"},"modified":"2024-03-12T18:25:58","modified_gmt":"2024-03-12T17:25:58","slug":"randonnee-speciale-saint-valentin","status":"publish","type":"page","link":"https:\/\/stevenson-fontainebleau.fr\/2026\/03\/24\/assemblee-generale-dimanche-29-mars\/evenements-en-cours\/programme-des-activites-2024\/randonnee-speciale-saint-valentin\/","title":{"rendered":"RANDONN\u00c9E SP\u00c9CIALE SAINT VALENTIN"},"content":{"rendered":"<h3 style=\"text-align: center;\" align=\"center\"><\/h3>\n<p style=\"text-align: center;\"><strong><em>Vous l&rsquo;avez manqu\u00e9e l&rsquo;an dernier\u2026<\/em><\/strong><\/p>\n<p style=\"text-align: center;\"><strong><em>Vous souhaitez la refaire\u2026<\/em><\/strong><\/p>\n<p style=\"text-align: center;\"><strong><em>Venez explorer la carte du tendre,<\/em><\/strong><\/p>\n<p style=\"text-align: center;\"><strong><em>un tr\u00e8s joli parcours pr\u00e8s de chez nous dans le massif des demoiselles<\/em><\/strong><\/p>\n<p style=\"text-align: center;\"><strong><em>pour le bonheur d&rsquo;\u00eatre ensemble sur les sentiers<\/em><\/strong><\/p>\n<p style=\"text-align: center;\"><strong><em>Le nombre de places est limit\u00e9<\/em><\/strong><\/p>\n<p style=\"text-align: center;\"><strong><em>Inscrivez-vous vite\u00a0<\/em><\/strong><\/p>\n<h4 style=\"text-align: center;\"><\/h4>\n<h4><em>Pour vous inscrire, t\u00e9l\u00e9phonez au num\u00e9ro<\/em> : 06 87 78\u00a0 64 26 <em>ou par mail \u00e0:<\/em> <a href=\"mailto:pierre.maury@free.fr\" target=\"_blank\" rel=\"noopener\">pierre.maury@free.fr<\/a><\/h4>\n<h4>Nous vous communiquerons le lieu de rendez-vous quelques jours avant la randonn\u00e9e.<\/h4>\n<p>&nbsp;<\/p>\n<p><a href=\"http:\/\/stevenson-fontainebleau.fr\/wp-content\/uploads\/2024\/01\/rando-saint-valentin.png\"><img loading=\"lazy\" decoding=\"async\" class=\"size-full wp-image-4142 aligncenter\" src=\"http:\/\/stevenson-fontainebleau.fr\/wp-content\/uploads\/2024\/01\/rando-saint-valentin.png\" alt=\"\" width=\"812\" height=\"1140\" srcset=\"https:\/\/stevenson-fontainebleau.fr\/wp-content\/uploads\/2024\/01\/rando-saint-valentin.png 812w, https:\/\/stevenson-fontainebleau.fr\/wp-content\/uploads\/2024\/01\/rando-saint-valentin-214x300.png 214w, https:\/\/stevenson-fontainebleau.fr\/wp-content\/uploads\/2024\/01\/rando-saint-valentin-729x1024.png 729w, https:\/\/stevenson-fontainebleau.fr\/wp-content\/uploads\/2024\/01\/rando-saint-valentin-768x1078.png 768w\" sizes=\"auto, (max-width: 812px) 100vw, 812px\" \/><\/a><\/p>\n","protected":false},"excerpt":{"rendered":"<p>Vous l&rsquo;avez manqu\u00e9e l&rsquo;an dernier\u2026 Vous souhaitez la refaire\u2026 Venez explorer la carte du tendre, un tr\u00e8s joli parcours pr\u00e8s de chez nous dans le massif des demoiselles pour le bonheur d&rsquo;\u00eatre ensemble sur les sentiers Le nombre de places est limit\u00e9 Inscrivez-vous vite\u00a0 Pour vous inscrire, t\u00e9l\u00e9phonez au num\u00e9ro : 06 87 78\u00a0 64 &hellip; <a href=\"https:\/\/stevenson-fontainebleau.fr\/2026\/03\/24\/assemblee-generale-dimanche-29-mars\/evenements-en-cours\/programme-des-activites-2024\/randonnee-speciale-saint-valentin\/\" class=\"more-link\">Continuer la lecture de <span class=\"screen-reader-text\">RANDONN\u00c9E SP\u00c9CIALE SAINT VALENTIN<\/span>  <span class=\"meta-nav\">&rarr;<\/span><\/a><\/p>\n","protected":false},"author":1,"featured_media":0,"parent":4196,"menu_order":49,"comment_status":"closed","ping_status":"closed","template":"","meta":{"footnotes":""},"class_list":["post-4194","page","type-page","status-publish","hentry"],"_links":{"self":[{"href":"https:\/\/stevenson-fontainebleau.fr\/2026\/03\/24\/assemblee-generale-dimanche-29-mars\/wp-json\/wp\/v2\/pages\/4194","targetHints":{"allow":["GET"]}}],"collection":[{"href":"https:\/\/stevenson-fontainebleau.fr\/2026\/03\/24\/assemblee-generale-dimanche-29-mars\/wp-json\/wp\/v2\/pages"}],"about":[{"href":"https:\/\/stevenson-fontainebleau.fr\/2026\/03\/24\/assemblee-generale-dimanche-29-mars\/wp-json\/wp\/v2\/types\/page"}],"author":[{"embeddable":true,"href":"https:\/\/stevenson-fontainebleau.fr\/2026\/03\/24\/assemblee-generale-dimanche-29-mars\/wp-json\/wp\/v2\/users\/1"}],"replies":[{"embeddable":true,"href":"https:\/\/stevenson-fontainebleau.fr\/2026\/03\/24\/assemblee-generale-dimanche-29-mars\/wp-json\/wp\/v2\/comments?post=4194"}],"version-history":[{"count":1,"href":"https:\/\/stevenson-fontainebleau.fr\/2026\/03\/24\/assemblee-generale-dimanche-29-mars\/wp-json\/wp\/v2\/pages\/4194\/revisions"}],"predecessor-version":[{"id":4195,"href":"https:\/\/stevenson-fontainebleau.fr\/2026\/03\/24\/assemblee-generale-dimanche-29-mars\/wp-json\/wp\/v2\/pages\/4194\/revisions\/4195"}],"up":[{"embeddable":true,"href":"https:\/\/stevenson-fontainebleau.fr\/2026\/03\/24\/assemblee-generale-dimanche-29-mars\/wp-json\/wp\/v2\/pages\/4196"}],"wp:attachment":[{"href":"https:\/\/stevenson-fontainebleau.fr\/2026\/03\/24\/assemblee-generale-dimanche-29-mars\/wp-json\/wp\/v2\/media?parent=4194"}],"curies":[{"name":"wp","href":"https:\/\/api.w.org\/{rel}","templated":true}]}}