{"id":4134,"date":"2024-01-10T14:47:55","date_gmt":"2024-01-10T13:47:55","guid":{"rendered":"https:\/\/stevenson-fontainebleau.fr\/?page_id=4134"},"modified":"2024-01-10T14:47:55","modified_gmt":"2024-01-10T13:47:55","slug":"chasse-au-tresor-septembre-2023","status":"publish","type":"page","link":"https:\/\/stevenson-fontainebleau.fr\/2026\/03\/24\/assemblee-generale-dimanche-29-mars\/evenements-en-cours\/evenement-2023\/chasse-au-tresor-samedi-23-septembre-2023\/chasse-au-tresor-septembre-2023\/","title":{"rendered":"CHASSE AU TR\u00c9SOR SEPTEMBRE 2023"},"content":{"rendered":"<p>De la pr\u00e9paration dans la bonne humeur avec les b\u00e9n\u00e9voles \u00e0 la mise en place, de l&rsquo;arriv\u00e9e des enfants pour passer les 12 \u00e9preuves et de l&rsquo;arriv\u00e9e au coffre o\u00f9 les attendaient tr\u00e9sor et petit go\u00fbter.<\/p>\n<p>Il y avait une dizaine d&rsquo;\u00e9quipes, un rayon de soleil \u00e9tait au rendez-vous malgr\u00e9 les incertitudes. Une belle journ\u00e9e que nous renouvellerons \u00e0 la demande des enfants.<\/p>\n<p>Quelques photos et un montage.\u00a0 \u00e0 bient\u00f4t pour une nouvelle chasse au tr\u00e9sor.<\/p>\n<div style=\"width: 474px;\" class=\"wp-video\"><video class=\"wp-video-shortcode\" id=\"video-4134-1\" width=\"474\" height=\"837\" preload=\"metadata\" controls=\"controls\"><source type=\"video\/mp4\" src=\"http:\/\/stevenson-fontainebleau.fr\/wp-content\/uploads\/2023\/10\/VID-20230924-WA0000-1.mp4?_=1\" \/><a href=\"http:\/\/stevenson-fontainebleau.fr\/wp-content\/uploads\/2023\/10\/VID-20230924-WA0000-1.mp4\">http:\/\/stevenson-fontainebleau.fr\/wp-content\/uploads\/2023\/10\/VID-20230924-WA0000-1.mp4<\/a><\/video><\/div>\n<div id='gallery-1' class='gallery galleryid-4134 gallery-columns-4 gallery-size-large'><figure class='gallery-item'>\n\t\t\t<div class='gallery-icon landscape'>\n\t\t\t\t<a href='https:\/\/stevenson-fontainebleau.fr\/2026\/03\/24\/assemblee-generale-dimanche-29-mars\/_btn5203_pp\/'><img loading=\"lazy\" decoding=\"async\" width=\"474\" height=\"316\" src=\"https:\/\/stevenson-fontainebleau.fr\/wp-content\/uploads\/2023\/10\/BTN5203_pp-1024x683.jpg\" class=\"attachment-large size-large\" alt=\"\" srcset=\"https:\/\/stevenson-fontainebleau.fr\/wp-content\/uploads\/2023\/10\/BTN5203_pp-1024x683.jpg 1024w, https:\/\/stevenson-fontainebleau.fr\/wp-content\/uploads\/2023\/10\/BTN5203_pp-300x200.jpg 300w, https:\/\/stevenson-fontainebleau.fr\/wp-content\/uploads\/2023\/10\/BTN5203_pp-768x512.jpg 768w, https:\/\/stevenson-fontainebleau.fr\/wp-content\/uploads\/2023\/10\/BTN5203_pp-1536x1024.jpg 1536w, https:\/\/stevenson-fontainebleau.fr\/wp-content\/uploads\/2023\/10\/BTN5203_pp.jpg 1920w\" sizes=\"auto, (max-width: 474px) 100vw, 474px\" \/><\/a>\n\t\t\t<\/div><\/figure><figure class='gallery-item'>\n\t\t\t<div class='gallery-icon landscape'>\n\t\t\t\t<a href='https:\/\/stevenson-fontainebleau.fr\/2026\/03\/24\/assemblee-generale-dimanche-29-mars\/_btn5199_pp\/'><img loading=\"lazy\" decoding=\"async\" width=\"474\" height=\"316\" src=\"https:\/\/stevenson-fontainebleau.fr\/wp-content\/uploads\/2023\/10\/BTN5199_pp-1024x682.jpg\" class=\"attachment-large size-large\" alt=\"\" srcset=\"https:\/\/stevenson-fontainebleau.fr\/wp-content\/uploads\/2023\/10\/BTN5199_pp-1024x682.jpg 1024w, https:\/\/stevenson-fontainebleau.fr\/wp-content\/uploads\/2023\/10\/BTN5199_pp-300x200.jpg 300w, https:\/\/stevenson-fontainebleau.fr\/wp-content\/uploads\/2023\/10\/BTN5199_pp-768x511.jpg 768w, https:\/\/stevenson-fontainebleau.fr\/wp-content\/uploads\/2023\/10\/BTN5199_pp-1536x1022.jpg 1536w, https:\/\/stevenson-fontainebleau.fr\/wp-content\/uploads\/2023\/10\/BTN5199_pp.jpg 1920w\" sizes=\"auto, (max-width: 474px) 100vw, 474px\" \/><\/a>\n\t\t\t<\/div><\/figure><figure class='gallery-item'>\n\t\t\t<div class='gallery-icon landscape'>\n\t\t\t\t<a href='https:\/\/stevenson-fontainebleau.fr\/2026\/03\/24\/assemblee-generale-dimanche-29-mars\/_btn5197_pp\/'><img loading=\"lazy\" decoding=\"async\" width=\"474\" height=\"316\" src=\"https:\/\/stevenson-fontainebleau.fr\/wp-content\/uploads\/2023\/10\/BTN5197_pp-1024x682.jpg\" class=\"attachment-large size-large\" alt=\"\" srcset=\"https:\/\/stevenson-fontainebleau.fr\/wp-content\/uploads\/2023\/10\/BTN5197_pp-1024x682.jpg 1024w, https:\/\/stevenson-fontainebleau.fr\/wp-content\/uploads\/2023\/10\/BTN5197_pp-300x200.jpg 300w, https:\/\/stevenson-fontainebleau.fr\/wp-content\/uploads\/2023\/10\/BTN5197_pp-768x511.jpg 768w, https:\/\/stevenson-fontainebleau.fr\/wp-content\/uploads\/2023\/10\/BTN5197_pp-1536x1022.jpg 1536w, https:\/\/stevenson-fontainebleau.fr\/wp-content\/uploads\/2023\/10\/BTN5197_pp.jpg 1920w\" sizes=\"auto, (max-width: 474px) 100vw, 474px\" \/><\/a>\n\t\t\t<\/div><\/figure><figure class='gallery-item'>\n\t\t\t<div class='gallery-icon landscape'>\n\t\t\t\t<a href='https:\/\/stevenson-fontainebleau.fr\/2026\/03\/24\/assemblee-generale-dimanche-29-mars\/_btn5282_pp\/'><img loading=\"lazy\" decoding=\"async\" width=\"474\" height=\"316\" src=\"https:\/\/stevenson-fontainebleau.fr\/wp-content\/uploads\/2023\/10\/BTN5282_pp-1024x683.jpg\" class=\"attachment-large size-large\" alt=\"\" srcset=\"https:\/\/stevenson-fontainebleau.fr\/wp-content\/uploads\/2023\/10\/BTN5282_pp-1024x683.jpg 1024w, https:\/\/stevenson-fontainebleau.fr\/wp-content\/uploads\/2023\/10\/BTN5282_pp-300x200.jpg 300w, https:\/\/stevenson-fontainebleau.fr\/wp-content\/uploads\/2023\/10\/BTN5282_pp-768x512.jpg 768w, https:\/\/stevenson-fontainebleau.fr\/wp-content\/uploads\/2023\/10\/BTN5282_pp-1536x1024.jpg 1536w, https:\/\/stevenson-fontainebleau.fr\/wp-content\/uploads\/2023\/10\/BTN5282_pp.jpg 1920w\" sizes=\"auto, (max-width: 474px) 100vw, 474px\" \/><\/a>\n\t\t\t<\/div><\/figure><figure class='gallery-item'>\n\t\t\t<div class='gallery-icon landscape'>\n\t\t\t\t<a href='https:\/\/stevenson-fontainebleau.fr\/2026\/03\/24\/assemblee-generale-dimanche-29-mars\/_btn5280_pp\/'><img loading=\"lazy\" decoding=\"async\" width=\"474\" height=\"314\" src=\"https:\/\/stevenson-fontainebleau.fr\/wp-content\/uploads\/2023\/10\/BTN5280_pp-1024x678.jpg\" class=\"attachment-large size-large\" alt=\"\" srcset=\"https:\/\/stevenson-fontainebleau.fr\/wp-content\/uploads\/2023\/10\/BTN5280_pp-1024x678.jpg 1024w, https:\/\/stevenson-fontainebleau.fr\/wp-content\/uploads\/2023\/10\/BTN5280_pp-300x199.jpg 300w, https:\/\/stevenson-fontainebleau.fr\/wp-content\/uploads\/2023\/10\/BTN5280_pp-768x509.jpg 768w, https:\/\/stevenson-fontainebleau.fr\/wp-content\/uploads\/2023\/10\/BTN5280_pp-1536x1018.jpg 1536w, https:\/\/stevenson-fontainebleau.fr\/wp-content\/uploads\/2023\/10\/BTN5280_pp.jpg 1920w\" sizes=\"auto, (max-width: 474px) 100vw, 474px\" \/><\/a>\n\t\t\t<\/div><\/figure><figure class='gallery-item'>\n\t\t\t<div class='gallery-icon landscape'>\n\t\t\t\t<a href='https:\/\/stevenson-fontainebleau.fr\/2026\/03\/24\/assemblee-generale-dimanche-29-mars\/_btn5276_pp\/'><img loading=\"lazy\" decoding=\"async\" width=\"474\" height=\"314\" src=\"https:\/\/stevenson-fontainebleau.fr\/wp-content\/uploads\/2023\/10\/BTN5276_pp-1024x678.jpg\" class=\"attachment-large size-large\" alt=\"\" srcset=\"https:\/\/stevenson-fontainebleau.fr\/wp-content\/uploads\/2023\/10\/BTN5276_pp-1024x678.jpg 1024w, https:\/\/stevenson-fontainebleau.fr\/wp-content\/uploads\/2023\/10\/BTN5276_pp-300x199.jpg 300w, https:\/\/stevenson-fontainebleau.fr\/wp-content\/uploads\/2023\/10\/BTN5276_pp-768x509.jpg 768w, https:\/\/stevenson-fontainebleau.fr\/wp-content\/uploads\/2023\/10\/BTN5276_pp-1536x1018.jpg 1536w, https:\/\/stevenson-fontainebleau.fr\/wp-content\/uploads\/2023\/10\/BTN5276_pp.jpg 1920w\" sizes=\"auto, (max-width: 474px) 100vw, 474px\" \/><\/a>\n\t\t\t<\/div><\/figure><figure class='gallery-item'>\n\t\t\t<div class='gallery-icon landscape'>\n\t\t\t\t<a href='https:\/\/stevenson-fontainebleau.fr\/2026\/03\/24\/assemblee-generale-dimanche-29-mars\/_btn5275_pp\/'><img loading=\"lazy\" decoding=\"async\" width=\"474\" height=\"314\" src=\"https:\/\/stevenson-fontainebleau.fr\/wp-content\/uploads\/2023\/10\/BTN5275_pp-1024x678.jpg\" class=\"attachment-large size-large\" alt=\"\" srcset=\"https:\/\/stevenson-fontainebleau.fr\/wp-content\/uploads\/2023\/10\/BTN5275_pp-1024x678.jpg 1024w, https:\/\/stevenson-fontainebleau.fr\/wp-content\/uploads\/2023\/10\/BTN5275_pp-300x199.jpg 300w, https:\/\/stevenson-fontainebleau.fr\/wp-content\/uploads\/2023\/10\/BTN5275_pp-768x509.jpg 768w, https:\/\/stevenson-fontainebleau.fr\/wp-content\/uploads\/2023\/10\/BTN5275_pp-1536x1018.jpg 1536w, https:\/\/stevenson-fontainebleau.fr\/wp-content\/uploads\/2023\/10\/BTN5275_pp.jpg 1920w\" sizes=\"auto, (max-width: 474px) 100vw, 474px\" \/><\/a>\n\t\t\t<\/div><\/figure><figure class='gallery-item'>\n\t\t\t<div class='gallery-icon landscape'>\n\t\t\t\t<a href='https:\/\/stevenson-fontainebleau.fr\/2026\/03\/24\/assemblee-generale-dimanche-29-mars\/_btn5269_pp\/'><img loading=\"lazy\" decoding=\"async\" width=\"474\" height=\"316\" src=\"https:\/\/stevenson-fontainebleau.fr\/wp-content\/uploads\/2023\/10\/BTN5269_pp-1024x683.jpg\" class=\"attachment-large size-large\" alt=\"\" srcset=\"https:\/\/stevenson-fontainebleau.fr\/wp-content\/uploads\/2023\/10\/BTN5269_pp-1024x683.jpg 1024w, https:\/\/stevenson-fontainebleau.fr\/wp-content\/uploads\/2023\/10\/BTN5269_pp-300x200.jpg 300w, https:\/\/stevenson-fontainebleau.fr\/wp-content\/uploads\/2023\/10\/BTN5269_pp-768x512.jpg 768w, https:\/\/stevenson-fontainebleau.fr\/wp-content\/uploads\/2023\/10\/BTN5269_pp-1536x1024.jpg 1536w, https:\/\/stevenson-fontainebleau.fr\/wp-content\/uploads\/2023\/10\/BTN5269_pp.jpg 1920w\" sizes=\"auto, (max-width: 474px) 100vw, 474px\" \/><\/a>\n\t\t\t<\/div><\/figure><figure class='gallery-item'>\n\t\t\t<div class='gallery-icon landscape'>\n\t\t\t\t<a href='https:\/\/stevenson-fontainebleau.fr\/2026\/03\/24\/assemblee-generale-dimanche-29-mars\/_btn5259_pp\/'><img loading=\"lazy\" decoding=\"async\" width=\"474\" height=\"316\" src=\"https:\/\/stevenson-fontainebleau.fr\/wp-content\/uploads\/2023\/10\/BTN5259_pp-1024x683.jpg\" class=\"attachment-large size-large\" alt=\"\" srcset=\"https:\/\/stevenson-fontainebleau.fr\/wp-content\/uploads\/2023\/10\/BTN5259_pp-1024x683.jpg 1024w, https:\/\/stevenson-fontainebleau.fr\/wp-content\/uploads\/2023\/10\/BTN5259_pp-300x200.jpg 300w, https:\/\/stevenson-fontainebleau.fr\/wp-content\/uploads\/2023\/10\/BTN5259_pp-768x512.jpg 768w, https:\/\/stevenson-fontainebleau.fr\/wp-content\/uploads\/2023\/10\/BTN5259_pp-1536x1024.jpg 1536w, https:\/\/stevenson-fontainebleau.fr\/wp-content\/uploads\/2023\/10\/BTN5259_pp.jpg 1920w\" sizes=\"auto, (max-width: 474px) 100vw, 474px\" \/><\/a>\n\t\t\t<\/div><\/figure><figure class='gallery-item'>\n\t\t\t<div class='gallery-icon landscape'>\n\t\t\t\t<a href='https:\/\/stevenson-fontainebleau.fr\/2026\/03\/24\/assemblee-generale-dimanche-29-mars\/_btn5240_pp\/'><img loading=\"lazy\" decoding=\"async\" width=\"474\" height=\"316\" src=\"https:\/\/stevenson-fontainebleau.fr\/wp-content\/uploads\/2023\/10\/BTN5240_pp-1024x683.jpg\" class=\"attachment-large size-large\" alt=\"\" srcset=\"https:\/\/stevenson-fontainebleau.fr\/wp-content\/uploads\/2023\/10\/BTN5240_pp-1024x683.jpg 1024w, https:\/\/stevenson-fontainebleau.fr\/wp-content\/uploads\/2023\/10\/BTN5240_pp-300x200.jpg 300w, https:\/\/stevenson-fontainebleau.fr\/wp-content\/uploads\/2023\/10\/BTN5240_pp-768x512.jpg 768w, https:\/\/stevenson-fontainebleau.fr\/wp-content\/uploads\/2023\/10\/BTN5240_pp-1536x1024.jpg 1536w, https:\/\/stevenson-fontainebleau.fr\/wp-content\/uploads\/2023\/10\/BTN5240_pp.jpg 1920w\" sizes=\"auto, (max-width: 474px) 100vw, 474px\" \/><\/a>\n\t\t\t<\/div><\/figure><figure class='gallery-item'>\n\t\t\t<div class='gallery-icon landscape'>\n\t\t\t\t<a href='https:\/\/stevenson-fontainebleau.fr\/2026\/03\/24\/assemblee-generale-dimanche-29-mars\/_btn5234_pp\/'><img loading=\"lazy\" decoding=\"async\" width=\"474\" height=\"316\" src=\"https:\/\/stevenson-fontainebleau.fr\/wp-content\/uploads\/2023\/10\/BTN5234_pp-1024x683.jpg\" class=\"attachment-large size-large\" alt=\"\" srcset=\"https:\/\/stevenson-fontainebleau.fr\/wp-content\/uploads\/2023\/10\/BTN5234_pp-1024x683.jpg 1024w, https:\/\/stevenson-fontainebleau.fr\/wp-content\/uploads\/2023\/10\/BTN5234_pp-300x200.jpg 300w, https:\/\/stevenson-fontainebleau.fr\/wp-content\/uploads\/2023\/10\/BTN5234_pp-768x512.jpg 768w, https:\/\/stevenson-fontainebleau.fr\/wp-content\/uploads\/2023\/10\/BTN5234_pp-1536x1024.jpg 1536w, https:\/\/stevenson-fontainebleau.fr\/wp-content\/uploads\/2023\/10\/BTN5234_pp.jpg 1920w\" sizes=\"auto, (max-width: 474px) 100vw, 474px\" \/><\/a>\n\t\t\t<\/div><\/figure><figure class='gallery-item'>\n\t\t\t<div class='gallery-icon landscape'>\n\t\t\t\t<a href='https:\/\/stevenson-fontainebleau.fr\/2026\/03\/24\/assemblee-generale-dimanche-29-mars\/_btn5232_pp\/'><img loading=\"lazy\" decoding=\"async\" width=\"474\" height=\"316\" src=\"https:\/\/stevenson-fontainebleau.fr\/wp-content\/uploads\/2023\/10\/BTN5232_pp-1024x682.jpg\" class=\"attachment-large size-large\" alt=\"\" srcset=\"https:\/\/stevenson-fontainebleau.fr\/wp-content\/uploads\/2023\/10\/BTN5232_pp-1024x682.jpg 1024w, https:\/\/stevenson-fontainebleau.fr\/wp-content\/uploads\/2023\/10\/BTN5232_pp-300x200.jpg 300w, https:\/\/stevenson-fontainebleau.fr\/wp-content\/uploads\/2023\/10\/BTN5232_pp-768x512.jpg 768w, https:\/\/stevenson-fontainebleau.fr\/wp-content\/uploads\/2023\/10\/BTN5232_pp-1536x1023.jpg 1536w, https:\/\/stevenson-fontainebleau.fr\/wp-content\/uploads\/2023\/10\/BTN5232_pp.jpg 1920w\" sizes=\"auto, (max-width: 474px) 100vw, 474px\" \/><\/a>\n\t\t\t<\/div><\/figure><figure class='gallery-item'>\n\t\t\t<div class='gallery-icon landscape'>\n\t\t\t\t<a href='https:\/\/stevenson-fontainebleau.fr\/2026\/03\/24\/assemblee-generale-dimanche-29-mars\/_btn5218_pp\/'><img loading=\"lazy\" decoding=\"async\" width=\"474\" height=\"316\" src=\"https:\/\/stevenson-fontainebleau.fr\/wp-content\/uploads\/2023\/10\/BTN5218_pp-1024x683.jpg\" class=\"attachment-large size-large\" alt=\"\" srcset=\"https:\/\/stevenson-fontainebleau.fr\/wp-content\/uploads\/2023\/10\/BTN5218_pp-1024x683.jpg 1024w, https:\/\/stevenson-fontainebleau.fr\/wp-content\/uploads\/2023\/10\/BTN5218_pp-300x200.jpg 300w, https:\/\/stevenson-fontainebleau.fr\/wp-content\/uploads\/2023\/10\/BTN5218_pp-768x512.jpg 768w, https:\/\/stevenson-fontainebleau.fr\/wp-content\/uploads\/2023\/10\/BTN5218_pp-1536x1024.jpg 1536w, https:\/\/stevenson-fontainebleau.fr\/wp-content\/uploads\/2023\/10\/BTN5218_pp.jpg 1920w\" sizes=\"auto, (max-width: 474px) 100vw, 474px\" \/><\/a>\n\t\t\t<\/div><\/figure><figure class='gallery-item'>\n\t\t\t<div class='gallery-icon portrait'>\n\t\t\t\t<a href='https:\/\/stevenson-fontainebleau.fr\/2026\/03\/24\/assemblee-generale-dimanche-29-mars\/_btn5214_pp\/'><img loading=\"lazy\" decoding=\"async\" width=\"474\" height=\"716\" src=\"https:\/\/stevenson-fontainebleau.fr\/wp-content\/uploads\/2023\/10\/BTN5214_pp-678x1024.jpg\" class=\"attachment-large size-large\" alt=\"\" srcset=\"https:\/\/stevenson-fontainebleau.fr\/wp-content\/uploads\/2023\/10\/BTN5214_pp-678x1024.jpg 678w, https:\/\/stevenson-fontainebleau.fr\/wp-content\/uploads\/2023\/10\/BTN5214_pp-199x300.jpg 199w, https:\/\/stevenson-fontainebleau.fr\/wp-content\/uploads\/2023\/10\/BTN5214_pp-768x1159.jpg 768w, https:\/\/stevenson-fontainebleau.fr\/wp-content\/uploads\/2023\/10\/BTN5214_pp-1018x1536.jpg 1018w, https:\/\/stevenson-fontainebleau.fr\/wp-content\/uploads\/2023\/10\/BTN5214_pp.jpg 1272w\" sizes=\"auto, (max-width: 474px) 100vw, 474px\" \/><\/a>\n\t\t\t<\/div><\/figure><figure class='gallery-item'>\n\t\t\t<div class='gallery-icon landscape'>\n\t\t\t\t<a href='https:\/\/stevenson-fontainebleau.fr\/2026\/03\/24\/assemblee-generale-dimanche-29-mars\/_btn5209_pp\/'><img loading=\"lazy\" decoding=\"async\" width=\"474\" height=\"316\" src=\"https:\/\/stevenson-fontainebleau.fr\/wp-content\/uploads\/2023\/10\/BTN5209_pp-1024x682.jpg\" class=\"attachment-large size-large\" alt=\"\" srcset=\"https:\/\/stevenson-fontainebleau.fr\/wp-content\/uploads\/2023\/10\/BTN5209_pp-1024x682.jpg 1024w, https:\/\/stevenson-fontainebleau.fr\/wp-content\/uploads\/2023\/10\/BTN5209_pp-300x200.jpg 300w, https:\/\/stevenson-fontainebleau.fr\/wp-content\/uploads\/2023\/10\/BTN5209_pp-768x512.jpg 768w, https:\/\/stevenson-fontainebleau.fr\/wp-content\/uploads\/2023\/10\/BTN5209_pp-1536x1023.jpg 1536w, https:\/\/stevenson-fontainebleau.fr\/wp-content\/uploads\/2023\/10\/BTN5209_pp.jpg 1920w\" sizes=\"auto, (max-width: 474px) 100vw, 474px\" \/><\/a>\n\t\t\t<\/div><\/figure>\n\t\t<\/div>\n\n","protected":false},"excerpt":{"rendered":"<p>De la pr\u00e9paration dans la bonne humeur avec les b\u00e9n\u00e9voles \u00e0 la mise en place, de l&rsquo;arriv\u00e9e des enfants pour passer les 12 \u00e9preuves et de l&rsquo;arriv\u00e9e au coffre o\u00f9 les attendaient tr\u00e9sor et petit go\u00fbter. Il y avait une dizaine d&rsquo;\u00e9quipes, un rayon de soleil \u00e9tait au rendez-vous malgr\u00e9 les incertitudes. Une belle journ\u00e9e &hellip; <a href=\"https:\/\/stevenson-fontainebleau.fr\/2026\/03\/24\/assemblee-generale-dimanche-29-mars\/evenements-en-cours\/evenement-2023\/chasse-au-tresor-samedi-23-septembre-2023\/chasse-au-tresor-septembre-2023\/\" class=\"more-link\">Continuer la lecture de <span class=\"screen-reader-text\">CHASSE AU TR\u00c9SOR SEPTEMBRE 2023<\/span>  <span class=\"meta-nav\">&rarr;<\/span><\/a><\/p>\n","protected":false},"author":1,"featured_media":0,"parent":4081,"menu_order":0,"comment_status":"closed","ping_status":"closed","template":"","meta":{"footnotes":""},"class_list":["post-4134","page","type-page","status-publish","hentry"],"_links":{"self":[{"href":"https:\/\/stevenson-fontainebleau.fr\/2026\/03\/24\/assemblee-generale-dimanche-29-mars\/wp-json\/wp\/v2\/pages\/4134","targetHints":{"allow":["GET"]}}],"collection":[{"href":"https:\/\/stevenson-fontainebleau.fr\/2026\/03\/24\/assemblee-generale-dimanche-29-mars\/wp-json\/wp\/v2\/pages"}],"about":[{"href":"https:\/\/stevenson-fontainebleau.fr\/2026\/03\/24\/assemblee-generale-dimanche-29-mars\/wp-json\/wp\/v2\/types\/page"}],"author":[{"embeddable":true,"href":"https:\/\/stevenson-fontainebleau.fr\/2026\/03\/24\/assemblee-generale-dimanche-29-mars\/wp-json\/wp\/v2\/users\/1"}],"replies":[{"embeddable":true,"href":"https:\/\/stevenson-fontainebleau.fr\/2026\/03\/24\/assemblee-generale-dimanche-29-mars\/wp-json\/wp\/v2\/comments?post=4134"}],"version-history":[{"count":1,"href":"https:\/\/stevenson-fontainebleau.fr\/2026\/03\/24\/assemblee-generale-dimanche-29-mars\/wp-json\/wp\/v2\/pages\/4134\/revisions"}],"predecessor-version":[{"id":4135,"href":"https:\/\/stevenson-fontainebleau.fr\/2026\/03\/24\/assemblee-generale-dimanche-29-mars\/wp-json\/wp\/v2\/pages\/4134\/revisions\/4135"}],"up":[{"embeddable":true,"href":"https:\/\/stevenson-fontainebleau.fr\/2026\/03\/24\/assemblee-generale-dimanche-29-mars\/wp-json\/wp\/v2\/pages\/4081"}],"wp:attachment":[{"href":"https:\/\/stevenson-fontainebleau.fr\/2026\/03\/24\/assemblee-generale-dimanche-29-mars\/wp-json\/wp\/v2\/media?parent=4134"}],"curies":[{"name":"wp","href":"https:\/\/api.w.org\/{rel}","templated":true}]}}