{"id":4132,"date":"2024-01-10T14:45:44","date_gmt":"2024-01-10T13:45:44","guid":{"rendered":"https:\/\/stevenson-fontainebleau.fr\/?page_id=4132"},"modified":"2024-01-10T14:45:44","modified_gmt":"2024-01-10T13:45:44","slug":"recit-dun-participant-journee-rls-du-15-octobre","status":"publish","type":"page","link":"https:\/\/stevenson-fontainebleau.fr\/2026\/03\/24\/assemblee-generale-dimanche-29-mars\/evenements-en-cours\/evenement-2023\/journee-rls-du-15-octobre-2023\/recit-dun-participant-journee-rls-du-15-octobre\/","title":{"rendered":"R\u00c9CIT D\u2019UN PARTICIPANT JOURN\u00c9E RLS DU 15 OCTOBRE"},"content":{"rendered":"<p>Un rendez-vous matinal est pris \u00e0 la mairie de Barbizon.<br \/>\nL\u2019aube n\u2019a pas encore termin\u00e9 sa course.<br \/>\nLes randonneurs attendent le signal du d\u00e9part.<br \/>\nC\u2019est\u00a0 Pierre qui va conduire le petit groupe de Barbizon au village de Recloses.<br \/>\nMarcheur chevronn\u00e9, il revient d\u2019Espagne, les yeux encore \u00e9carquill\u00e9s des chaudes lumi\u00e8res de<br \/>\nl\u2019Estr\u00e9madure.<br \/>\nPour le n\u00e9ophyte, le d\u00e9but de la marche semble facile, rectiligne sur une carte d\u2019un point A \u00e0 un<br \/>\npoint B, puis \u00e0 un moment, le sentier oblique \u00e0 droite pour cheminer au milieu du sable et des<br \/>\nrochers de gr\u00e8s. Les points de rep\u00e8re s\u2019effacent et les multiples sentiers se croisent en \u00e9toile autour<br \/>\ndes clairi\u00e8res et des carrefours o\u00f9 le soleil s\u2019\u00e9panche dans les grands arbres comme le s\u00e9quoia<br \/>\ng\u00e9ant.<\/p>\n<p>Alternance de courts d\u00e9nivel\u00e9s pendant cinq kilom\u00e8tres pour arriver \u00e0 une halte foresti\u00e8re o\u00f9 sont<br \/>\nofferts un caf\u00e9 et quelques chouquettes par Ian et Catherine.<br \/>\nFinalement, le parcours de quinze kilom\u00e8tres semble relativement ais\u00e9 avec une bonne carte et<br \/>\nsurtout le coup d\u2019\u0153il furtif de Pierre sur son GPS.<br \/>\nL\u2019arriv\u00e9e \u00e0 Recloses se fait dans la bonne humeur o\u00f9 un repas a \u00e9t\u00e9 pr\u00e9par\u00e9 par les b\u00e9n\u00e9voles avec<br \/>\nune sp\u00e9cialit\u00e9 alsacienne, le <em>Baeckeoffe<\/em>.<br \/>\nDiscours mobilisateur du pr\u00e9sident Michel Legros pour les dix ans de la cr\u00e9ation de l\u2019association<br \/>\n\u00ab Robert-Louis Stevenson de Barbizon \u00e0 Grez-sur-Loing \u00bb.<\/p>\n<p>En face de moi, un convive tr\u00e8s discret. Mon voisin de table me glisse qu&rsquo;il a fait \u00e0 pied<br \/>\nle trajet de J\u00e9rusalem \u00e0 Santiago en passant par Rome.<br \/>\nJ\u2019arriverai bien \u00e0 continuer la marche de Recloses \u00e0 Grez-sur-Loing puis vers Ch\u00e2tillon-sur-Loire<\/p>\n<p>Et Robert-Louis Stevenson ? Au fond, chacun de nous porte en soi son propre Stevenson.<br \/>\nChacun de nous puise sa propre inspiration dans ce bout de for\u00eat de Fontainebleau, ces masses de<br \/>\ngr\u00e8s aux formes \u00e9tranges, ces essences d\u2019arbres tr\u00e8s vari\u00e9es, ces mares stagnantes.<\/p>\n<p>C\u2019est bien dans ces endroits de for\u00eat ombreuse que le jeune conteur \u00e9cossais a puis\u00e9 toute la force<br \/>\nde son imaginaire et l\u2019originalit\u00e9 de ses r\u00e9cits.<br \/>\nEt de continuer pour nous \u00e0 se mettre dans ses pas.<\/p>\n<p>Thierry Quintrie Lamothe<br \/>\nRandonn\u00e9e Stevenson dimanche 15 octobre 2023<\/p>\n<div id='gallery-1' class='gallery galleryid-4132 gallery-columns-4 gallery-size-large'><figure class='gallery-item'>\n\t\t\t<div class='gallery-icon landscape'>\n\t\t\t\t<a href='https:\/\/stevenson-fontainebleau.fr\/2026\/03\/24\/assemblee-generale-dimanche-29-mars\/dsc_0425_w\/'><img loading=\"lazy\" decoding=\"async\" width=\"474\" height=\"311\" src=\"https:\/\/stevenson-fontainebleau.fr\/wp-content\/uploads\/2023\/10\/DSC_0425_w-1024x672.jpg\" class=\"attachment-large size-large\" alt=\"\" aria-describedby=\"gallery-1-4095\" srcset=\"https:\/\/stevenson-fontainebleau.fr\/wp-content\/uploads\/2023\/10\/DSC_0425_w-1024x672.jpg 1024w, https:\/\/stevenson-fontainebleau.fr\/wp-content\/uploads\/2023\/10\/DSC_0425_w-300x197.jpg 300w, https:\/\/stevenson-fontainebleau.fr\/wp-content\/uploads\/2023\/10\/DSC_0425_w-768x504.jpg 768w, https:\/\/stevenson-fontainebleau.fr\/wp-content\/uploads\/2023\/10\/DSC_0425_w.jpg 1280w\" sizes=\"auto, (max-width: 474px) 100vw, 474px\" \/><\/a>\n\t\t\t<\/div>\n\t\t\t\t<figcaption class='wp-caption-text gallery-caption' id='gallery-1-4095'>\n\t\t\t\tGroupe de Barbizon \u00e0 Recloses\n\t\t\t\t<\/figcaption><\/figure><figure class='gallery-item'>\n\t\t\t<div class='gallery-icon landscape'>\n\t\t\t\t<a href='https:\/\/stevenson-fontainebleau.fr\/2026\/03\/24\/assemblee-generale-dimanche-29-mars\/dsc_0326_w\/'><img loading=\"lazy\" decoding=\"async\" width=\"474\" height=\"316\" src=\"https:\/\/stevenson-fontainebleau.fr\/wp-content\/uploads\/2023\/10\/DSC_0326_w-1024x682.jpg\" class=\"attachment-large size-large\" alt=\"\" srcset=\"https:\/\/stevenson-fontainebleau.fr\/wp-content\/uploads\/2023\/10\/DSC_0326_w-1024x682.jpg 1024w, https:\/\/stevenson-fontainebleau.fr\/wp-content\/uploads\/2023\/10\/DSC_0326_w-300x200.jpg 300w, https:\/\/stevenson-fontainebleau.fr\/wp-content\/uploads\/2023\/10\/DSC_0326_w-768x512.jpg 768w, https:\/\/stevenson-fontainebleau.fr\/wp-content\/uploads\/2023\/10\/DSC_0326_w.jpg 1280w\" sizes=\"auto, (max-width: 474px) 100vw, 474px\" \/><\/a>\n\t\t\t<\/div><\/figure><figure class='gallery-item'>\n\t\t\t<div class='gallery-icon landscape'>\n\t\t\t\t<a href='https:\/\/stevenson-fontainebleau.fr\/2026\/03\/24\/assemblee-generale-dimanche-29-mars\/dsc_0513_w\/'><img loading=\"lazy\" decoding=\"async\" width=\"474\" height=\"474\" src=\"https:\/\/stevenson-fontainebleau.fr\/wp-content\/uploads\/2023\/10\/DSC_0513_w-1024x1024.jpg\" class=\"attachment-large size-large\" alt=\"\" srcset=\"https:\/\/stevenson-fontainebleau.fr\/wp-content\/uploads\/2023\/10\/DSC_0513_w-1024x1024.jpg 1024w, https:\/\/stevenson-fontainebleau.fr\/wp-content\/uploads\/2023\/10\/DSC_0513_w-300x300.jpg 300w, https:\/\/stevenson-fontainebleau.fr\/wp-content\/uploads\/2023\/10\/DSC_0513_w-150x150.jpg 150w, https:\/\/stevenson-fontainebleau.fr\/wp-content\/uploads\/2023\/10\/DSC_0513_w-768x768.jpg 768w, https:\/\/stevenson-fontainebleau.fr\/wp-content\/uploads\/2023\/10\/DSC_0513_w.jpg 1080w\" sizes=\"auto, (max-width: 474px) 100vw, 474px\" \/><\/a>\n\t\t\t<\/div><\/figure><figure class='gallery-item'>\n\t\t\t<div class='gallery-icon landscape'>\n\t\t\t\t<a href='https:\/\/stevenson-fontainebleau.fr\/2026\/03\/24\/assemblee-generale-dimanche-29-mars\/dsc_0457_w\/'><img loading=\"lazy\" decoding=\"async\" width=\"474\" height=\"316\" src=\"https:\/\/stevenson-fontainebleau.fr\/wp-content\/uploads\/2023\/10\/DSC_0457_w-1024x682.jpg\" class=\"attachment-large size-large\" alt=\"\" srcset=\"https:\/\/stevenson-fontainebleau.fr\/wp-content\/uploads\/2023\/10\/DSC_0457_w-1024x682.jpg 1024w, https:\/\/stevenson-fontainebleau.fr\/wp-content\/uploads\/2023\/10\/DSC_0457_w-300x200.jpg 300w, https:\/\/stevenson-fontainebleau.fr\/wp-content\/uploads\/2023\/10\/DSC_0457_w-768x512.jpg 768w, https:\/\/stevenson-fontainebleau.fr\/wp-content\/uploads\/2023\/10\/DSC_0457_w.jpg 1280w\" sizes=\"auto, (max-width: 474px) 100vw, 474px\" \/><\/a>\n\t\t\t<\/div><\/figure><figure class='gallery-item'>\n\t\t\t<div class='gallery-icon landscape'>\n\t\t\t\t<a href='https:\/\/stevenson-fontainebleau.fr\/2026\/03\/24\/assemblee-generale-dimanche-29-mars\/dsc_0402_w\/'><img loading=\"lazy\" decoding=\"async\" width=\"474\" height=\"316\" src=\"https:\/\/stevenson-fontainebleau.fr\/wp-content\/uploads\/2023\/10\/DSC_0402_w-1024x682.jpg\" class=\"attachment-large size-large\" alt=\"\" srcset=\"https:\/\/stevenson-fontainebleau.fr\/wp-content\/uploads\/2023\/10\/DSC_0402_w-1024x682.jpg 1024w, https:\/\/stevenson-fontainebleau.fr\/wp-content\/uploads\/2023\/10\/DSC_0402_w-300x200.jpg 300w, https:\/\/stevenson-fontainebleau.fr\/wp-content\/uploads\/2023\/10\/DSC_0402_w-768x512.jpg 768w, https:\/\/stevenson-fontainebleau.fr\/wp-content\/uploads\/2023\/10\/DSC_0402_w.jpg 1280w\" sizes=\"auto, (max-width: 474px) 100vw, 474px\" \/><\/a>\n\t\t\t<\/div><\/figure><figure class='gallery-item'>\n\t\t\t<div class='gallery-icon portrait'>\n\t\t\t\t<a href='https:\/\/stevenson-fontainebleau.fr\/2026\/03\/24\/assemblee-generale-dimanche-29-mars\/dsc_0520_w\/'><img loading=\"lazy\" decoding=\"async\" width=\"474\" height=\"722\" src=\"https:\/\/stevenson-fontainebleau.fr\/wp-content\/uploads\/2023\/10\/DSC_0520_w-672x1024.jpg\" class=\"attachment-large size-large\" alt=\"\" srcset=\"https:\/\/stevenson-fontainebleau.fr\/wp-content\/uploads\/2023\/10\/DSC_0520_w-672x1024.jpg 672w, https:\/\/stevenson-fontainebleau.fr\/wp-content\/uploads\/2023\/10\/DSC_0520_w-197x300.jpg 197w, https:\/\/stevenson-fontainebleau.fr\/wp-content\/uploads\/2023\/10\/DSC_0520_w-768x1170.jpg 768w, https:\/\/stevenson-fontainebleau.fr\/wp-content\/uploads\/2023\/10\/DSC_0520_w.jpg 840w\" sizes=\"auto, (max-width: 474px) 100vw, 474px\" \/><\/a>\n\t\t\t<\/div><\/figure><figure class='gallery-item'>\n\t\t\t<div class='gallery-icon portrait'>\n\t\t\t\t<a href='https:\/\/stevenson-fontainebleau.fr\/2026\/03\/24\/assemblee-generale-dimanche-29-mars\/dsc_0443_w\/'><img loading=\"lazy\" decoding=\"async\" width=\"474\" height=\"722\" src=\"https:\/\/stevenson-fontainebleau.fr\/wp-content\/uploads\/2023\/10\/DSC_0443_w-672x1024.jpg\" class=\"attachment-large size-large\" alt=\"\" srcset=\"https:\/\/stevenson-fontainebleau.fr\/wp-content\/uploads\/2023\/10\/DSC_0443_w-672x1024.jpg 672w, https:\/\/stevenson-fontainebleau.fr\/wp-content\/uploads\/2023\/10\/DSC_0443_w-197x300.jpg 197w, https:\/\/stevenson-fontainebleau.fr\/wp-content\/uploads\/2023\/10\/DSC_0443_w-768x1170.jpg 768w, https:\/\/stevenson-fontainebleau.fr\/wp-content\/uploads\/2023\/10\/DSC_0443_w.jpg 840w\" sizes=\"auto, (max-width: 474px) 100vw, 474px\" \/><\/a>\n\t\t\t<\/div><\/figure>\n\t\t<\/div>\n\n","protected":false},"excerpt":{"rendered":"<p>Un rendez-vous matinal est pris \u00e0 la mairie de Barbizon. L\u2019aube n\u2019a pas encore termin\u00e9 sa course. Les randonneurs attendent le signal du d\u00e9part. C\u2019est\u00a0 Pierre qui va conduire le petit groupe de Barbizon au village de Recloses. Marcheur chevronn\u00e9, il revient d\u2019Espagne, les yeux encore \u00e9carquill\u00e9s des chaudes lumi\u00e8res de l\u2019Estr\u00e9madure. Pour le n\u00e9ophyte, &hellip; <a href=\"https:\/\/stevenson-fontainebleau.fr\/2026\/03\/24\/assemblee-generale-dimanche-29-mars\/evenements-en-cours\/evenement-2023\/journee-rls-du-15-octobre-2023\/recit-dun-participant-journee-rls-du-15-octobre\/\" class=\"more-link\">Continuer la lecture de <span class=\"screen-reader-text\">R\u00c9CIT D\u2019UN PARTICIPANT JOURN\u00c9E RLS DU 15 OCTOBRE<\/span>  <span class=\"meta-nav\">&rarr;<\/span><\/a><\/p>\n","protected":false},"author":1,"featured_media":0,"parent":4130,"menu_order":0,"comment_status":"closed","ping_status":"closed","template":"","meta":{"footnotes":""},"class_list":["post-4132","page","type-page","status-publish","hentry"],"_links":{"self":[{"href":"https:\/\/stevenson-fontainebleau.fr\/2026\/03\/24\/assemblee-generale-dimanche-29-mars\/wp-json\/wp\/v2\/pages\/4132","targetHints":{"allow":["GET"]}}],"collection":[{"href":"https:\/\/stevenson-fontainebleau.fr\/2026\/03\/24\/assemblee-generale-dimanche-29-mars\/wp-json\/wp\/v2\/pages"}],"about":[{"href":"https:\/\/stevenson-fontainebleau.fr\/2026\/03\/24\/assemblee-generale-dimanche-29-mars\/wp-json\/wp\/v2\/types\/page"}],"author":[{"embeddable":true,"href":"https:\/\/stevenson-fontainebleau.fr\/2026\/03\/24\/assemblee-generale-dimanche-29-mars\/wp-json\/wp\/v2\/users\/1"}],"replies":[{"embeddable":true,"href":"https:\/\/stevenson-fontainebleau.fr\/2026\/03\/24\/assemblee-generale-dimanche-29-mars\/wp-json\/wp\/v2\/comments?post=4132"}],"version-history":[{"count":1,"href":"https:\/\/stevenson-fontainebleau.fr\/2026\/03\/24\/assemblee-generale-dimanche-29-mars\/wp-json\/wp\/v2\/pages\/4132\/revisions"}],"predecessor-version":[{"id":4133,"href":"https:\/\/stevenson-fontainebleau.fr\/2026\/03\/24\/assemblee-generale-dimanche-29-mars\/wp-json\/wp\/v2\/pages\/4132\/revisions\/4133"}],"up":[{"embeddable":true,"href":"https:\/\/stevenson-fontainebleau.fr\/2026\/03\/24\/assemblee-generale-dimanche-29-mars\/wp-json\/wp\/v2\/pages\/4130"}],"wp:attachment":[{"href":"https:\/\/stevenson-fontainebleau.fr\/2026\/03\/24\/assemblee-generale-dimanche-29-mars\/wp-json\/wp\/v2\/media?parent=4132"}],"curies":[{"name":"wp","href":"https:\/\/api.w.org\/{rel}","templated":true}]}}