{"id":4085,"date":"2023-10-29T11:40:40","date_gmt":"2023-10-29T10:40:40","guid":{"rendered":"https:\/\/stevenson-fontainebleau.fr\/?page_id=4085"},"modified":"2023-10-29T11:53:13","modified_gmt":"2023-10-29T10:53:13","slug":"randonne-stevenson-dimanche-15-octobre-2023","status":"publish","type":"page","link":"https:\/\/stevenson-fontainebleau.fr\/2026\/03\/24\/assemblee-generale-dimanche-29-mars\/evenements-en-cours\/evenement-2023\/randonne-stevenson-dimanche-15-octobre-2023\/","title":{"rendered":"RANDONN\u00c9 STEVENSON DIMANCHE 15 OCTOBRE 2023"},"content":{"rendered":"<p><span style=\"color: #333333;\">Le dimanche 15 octobre aura lieu notre traditionnelle journ\u00e9e de randonn\u00e9es, d\u00e9jeuner et animations&#8230;. Cette ann\u00e9e &#8230;<\/span><\/p>\n<h2 style=\"text-align: center;\"><span style=\"color: #333333;\"><a style=\"color: #333333;\" href=\"http:\/\/stevenson-fontainebleau.fr\/wp-content\/uploads\/2023\/09\/RLS-portrait-2023.png\"><img loading=\"lazy\" decoding=\"async\" class=\"alignleft wp-image-4061\" src=\"http:\/\/stevenson-fontainebleau.fr\/wp-content\/uploads\/2023\/09\/RLS-portrait-2023.png\" alt=\"\" width=\"178\" height=\"282\" srcset=\"https:\/\/stevenson-fontainebleau.fr\/wp-content\/uploads\/2023\/09\/RLS-portrait-2023.png 393w, https:\/\/stevenson-fontainebleau.fr\/wp-content\/uploads\/2023\/09\/RLS-portrait-2023-190x300.png 190w\" sizes=\"auto, (max-width: 178px) 100vw, 178px\" \/><\/a>2 trajets au choix<\/span><\/h2>\n<ol>\n<li><span style=\"color: #333333;\">Randonn\u00e9e entre Grez sur Loing et Recloses 10 km rendez-vous \u00e0 Grez sur Loing au pr\u00e9 communal route de Moncourt pour un d\u00e9part \u00e0 9 heures 30<\/span><\/li>\n<li><span style=\"color: #333333;\">Randonn\u00e9e entre Barbizon et Recloses 15 km. Rendez-vous devant la Mairie de Barbizon pour un d\u00e9part \u00e0 8 heures 45<\/span><\/li>\n<\/ol>\n<p><span style=\"color: #333333;\">A partir de 12 heures 30 dans *** l<del>es jardins de la Mairie de Recloses,<\/del> l\u2019association vous offrira l\u2019ap\u00e9ritif, et vous pourrez ensuite sur inscription partager un repas pr\u00e9par\u00e9 par les membres de l\u2019association<\/span><\/p>\n<p>&nbsp;<\/p>\n<p>*** Vu le m\u00e9t\u00e9o incertain, l\u2019ap\u00e9ritif, repas et les animations auront lieu dans la<strong> salle de f\u00eates de Recloses<\/strong> (<a href=\"https:\/\/maps.app.goo.gl\/pWXG74teFxSdXpiB8\">Google map<\/a>), parking derri\u00e8re la salle acc\u00e8s par le rue des Champs).<\/p>\n<p>&nbsp;<\/p>\n<p style=\"text-align: center;\"><span style=\"color: #333333;\">Ap\u00e9ritif, Baeckeoffe (sp\u00e9cialit\u00e9 Alsacienne), part de Brie, dessert, caf\u00e9<\/span><\/p>\n<p style=\"text-align: center;\"><span style=\"color: #333333;\">14 \u20acuros par personne, (except\u00e9 la boisson 2\u20ac le verre de vin ou jus de fruit)<\/span><\/p>\n<h2 style=\"text-align: center;\"><span style=\"color: #ff0000;\">Pour le repas inscription obligatoire\u00a0: au plus tard le <a style=\"color: #ff0000;\" href=\"mailto:inscription@stevenson-fontainebleau.fr?Subject=Inscription%20Repas%20Journ\u00e9e%20Stevenson%202023&amp;Body=Veuillez%20m%27inscrire%20\/%20nous%20inscrire%20pour%20le%20repas%20Journ\u00e9e%20Stevenson%20le%20dimanche%2015%20octobre%202023:%20%0ANom%20famille%20:%20%0ANombre%20de%20personnes%20:%20%0AN\u00b0%20t\u00e9l\u00e9phone%20(au cas o\u00f9 nous aurions besoin de vous contacter avant ou pendant l'\u00e9v\u00e9nement)%20:%20%0ARef:em2\"><u>10 octobre 2023<\/u><\/a><\/span><\/h2>\n<p style=\"text-align: center;\"><span style=\"color: #333333;\">Possibilit\u00e9 pour les personnes qui ne randonnent pas de partager le repas avec les randonneurs et assister aux animations de l\u2019apr\u00e8s midi.<\/span><\/p>\n<p style=\"text-align: center;\"><span style=\"color: #333333;\">Inscription repas par e-mail<\/span> :<a href=\"mailto:inscription@stevenson-fontainebleau.fr?Subject=Inscription%20Repas%20Journ\u00e9e%20Stevenson%202023&amp;Body=Veuillez%20m%27inscrire%20\/%20nous%20inscrire%20pour%20le%20repas%20Journ\u00e9e%20Stevenson%20le%20dimanche%2015%20octobre%202023:%20%0ANom%20famille%20:%20%0ANombre%20de%20personnes%20:%20%0AN\u00b0%20t\u00e9l\u00e9phone%20(au cas o\u00f9 nous aurions besoin de vous contacter avant ou pendant l'\u00e9v\u00e9nement)%20:%20%0ARef:em2\">inscription@stevenson-fontainebleau.fr<\/a><\/p>\n<p style=\"text-align: center;\">plus d&rsquo;infos : 06 81 77 65 15<\/p>\n<p style=\"text-align: center;\">* * * * * * * * * * * * * * * * * *<\/p>\n<h2><span style=\"color: #0000ff;\"><u>ANIMATIONS\u00a0<\/u> \u00e0 partir de 14 heures 30 : deux petits moments de th\u00e9\u00e2tre:<\/span><\/h2>\n<ul>\n<li><span style=\"color: #0000ff;\">Charlotte Cory artiste Anglaise et Sancerroise passionn\u00e9e par les petits th\u00e9\u00e2tres-jouets, comme le fut Stevenson qui avait m\u00eame dessin\u00e9 des planches d\u00e9cors de th\u00e9\u00e2tre \u00e0 colorier, animera la premi\u00e8re partie du spectacle avec un film et son petit th\u00e9\u00e2tre<\/span><\/li>\n<li><span style=\"color: #0000ff;\">En seconde partie, Lise Delgado, conseill\u00e8re municipale de Recloses, et actrice de th\u00e9\u00e2tre, membre de la compagnie \u00ab\u00a0M\u00e2che Tes Mots\u00a0\u00bb nous racontera avec Isma\u00ebl Ruggiero, au travers de trois m\u00e9tamorphoses d\u2019Ovide, celles de Daphn\u00e9, d\u2019Io et d\u2019Arachn\u00e9, les agissements irrationnels des Dieux, guid\u00e9s par leurs passions et leurs pulsions dangereuses.<\/span><\/li>\n<\/ul>\n","protected":false},"excerpt":{"rendered":"<p>Le dimanche 15 octobre aura lieu notre traditionnelle journ\u00e9e de randonn\u00e9es, d\u00e9jeuner et animations&#8230;. Cette ann\u00e9e &#8230; 2 trajets au choix Randonn\u00e9e entre Grez sur Loing et Recloses 10 km rendez-vous \u00e0 Grez sur Loing au pr\u00e9 communal route de Moncourt pour un d\u00e9part \u00e0 9 heures 30 Randonn\u00e9e entre Barbizon et Recloses 15 km. &hellip; <a href=\"https:\/\/stevenson-fontainebleau.fr\/2026\/03\/24\/assemblee-generale-dimanche-29-mars\/evenements-en-cours\/evenement-2023\/randonne-stevenson-dimanche-15-octobre-2023\/\" class=\"more-link\">Continuer la lecture de <span class=\"screen-reader-text\">RANDONN\u00c9 STEVENSON DIMANCHE 15 OCTOBRE 2023<\/span>  <span class=\"meta-nav\">&rarr;<\/span><\/a><\/p>\n","protected":false},"author":1,"featured_media":0,"parent":3851,"menu_order":3,"comment_status":"closed","ping_status":"closed","template":"","meta":{"footnotes":""},"class_list":["post-4085","page","type-page","status-publish","hentry"],"_links":{"self":[{"href":"https:\/\/stevenson-fontainebleau.fr\/2026\/03\/24\/assemblee-generale-dimanche-29-mars\/wp-json\/wp\/v2\/pages\/4085","targetHints":{"allow":["GET"]}}],"collection":[{"href":"https:\/\/stevenson-fontainebleau.fr\/2026\/03\/24\/assemblee-generale-dimanche-29-mars\/wp-json\/wp\/v2\/pages"}],"about":[{"href":"https:\/\/stevenson-fontainebleau.fr\/2026\/03\/24\/assemblee-generale-dimanche-29-mars\/wp-json\/wp\/v2\/types\/page"}],"author":[{"embeddable":true,"href":"https:\/\/stevenson-fontainebleau.fr\/2026\/03\/24\/assemblee-generale-dimanche-29-mars\/wp-json\/wp\/v2\/users\/1"}],"replies":[{"embeddable":true,"href":"https:\/\/stevenson-fontainebleau.fr\/2026\/03\/24\/assemblee-generale-dimanche-29-mars\/wp-json\/wp\/v2\/comments?post=4085"}],"version-history":[{"count":1,"href":"https:\/\/stevenson-fontainebleau.fr\/2026\/03\/24\/assemblee-generale-dimanche-29-mars\/wp-json\/wp\/v2\/pages\/4085\/revisions"}],"predecessor-version":[{"id":4086,"href":"https:\/\/stevenson-fontainebleau.fr\/2026\/03\/24\/assemblee-generale-dimanche-29-mars\/wp-json\/wp\/v2\/pages\/4085\/revisions\/4086"}],"up":[{"embeddable":true,"href":"https:\/\/stevenson-fontainebleau.fr\/2026\/03\/24\/assemblee-generale-dimanche-29-mars\/wp-json\/wp\/v2\/pages\/3851"}],"wp:attachment":[{"href":"https:\/\/stevenson-fontainebleau.fr\/2026\/03\/24\/assemblee-generale-dimanche-29-mars\/wp-json\/wp\/v2\/media?parent=4085"}],"curies":[{"name":"wp","href":"https:\/\/api.w.org\/{rel}","templated":true}]}}