{"id":4081,"date":"2023-10-29T11:27:19","date_gmt":"2023-10-29T10:27:19","guid":{"rendered":"https:\/\/stevenson-fontainebleau.fr\/?page_id=4081"},"modified":"2023-10-29T11:56:01","modified_gmt":"2023-10-29T10:56:01","slug":"chasse-au-tresor-samedi-23-septembre-2023","status":"publish","type":"page","link":"https:\/\/stevenson-fontainebleau.fr\/2026\/03\/24\/assemblee-generale-dimanche-29-mars\/evenements-en-cours\/evenement-2023\/chasse-au-tresor-samedi-23-septembre-2023\/","title":{"rendered":"CHASSE AU TR\u00c9SOR-SAMEDI 23 SEPTEMBRE 2023"},"content":{"rendered":"<p>&nbsp;<\/p>\n<p><a href=\"mailto:inscription@stevenson-fontainebleau.fr?Subject=Inscription%20Chasse%20au%20Tr\u00e9sor&amp;Body=Veuillez%20m%27inscrire%20\/%20nous%20inscrire%20pour%20la%20chasse%20au%20tr\u00e9sor%20du%20samedi%2023%20septembre%202023:%20%0ANom%20famille%20:%20%0ANombre%20de%20personnes%20:%20%0AN\u00b0%20t\u00e9l\u00e9phone%20(au%20%20%20%20%20%20%20%20cas%20o\u00f9%20nous%20aurions%20besoin%20de%20vous%20contacter%20avant%20ou%20pendant%20%20%20%20%20%20%20%20l'\u00e9v\u00e9nement)%20:%20%0A\">Inscription Chasse au Tr\u00e9sor<\/a><\/p>\n<p><img loading=\"lazy\" decoding=\"async\" class=\"alignnone wp-image-4006\" src=\"http:\/\/stevenson-fontainebleau.fr\/wp-content\/uploads\/2023\/08\/Flyer-2023Ane-tresor-p1.jpg\" alt=\"\" width=\"670\" height=\"867\" srcset=\"https:\/\/stevenson-fontainebleau.fr\/wp-content\/uploads\/2023\/08\/Flyer-2023Ane-tresor-p1.jpg 1275w, https:\/\/stevenson-fontainebleau.fr\/wp-content\/uploads\/2023\/08\/Flyer-2023Ane-tresor-p1-232x300.jpg 232w, https:\/\/stevenson-fontainebleau.fr\/wp-content\/uploads\/2023\/08\/Flyer-2023Ane-tresor-p1-791x1024.jpg 791w, https:\/\/stevenson-fontainebleau.fr\/wp-content\/uploads\/2023\/08\/Flyer-2023Ane-tresor-p1-768x994.jpg 768w, https:\/\/stevenson-fontainebleau.fr\/wp-content\/uploads\/2023\/08\/Flyer-2023Ane-tresor-p1-1187x1536.jpg 1187w\" sizes=\"auto, (max-width: 670px) 100vw, 670px\" \/><\/p>\n<p><a href=\"http:\/\/stevenson-fontainebleau.fr\/wp-content\/uploads\/2023\/08\/Franchard-goole-map.png\" target=\"_blank\" rel=\"noopener\"><img loading=\"lazy\" decoding=\"async\" class=\"wp-image-4007 alignnone\" src=\"http:\/\/stevenson-fontainebleau.fr\/wp-content\/uploads\/2023\/08\/Franchard-goole-map.png\" alt=\"\" width=\"439\" height=\"288\" srcset=\"https:\/\/stevenson-fontainebleau.fr\/wp-content\/uploads\/2023\/08\/Franchard-goole-map.png 1386w, https:\/\/stevenson-fontainebleau.fr\/wp-content\/uploads\/2023\/08\/Franchard-goole-map-300x197.png 300w, https:\/\/stevenson-fontainebleau.fr\/wp-content\/uploads\/2023\/08\/Franchard-goole-map-1024x672.png 1024w, https:\/\/stevenson-fontainebleau.fr\/wp-content\/uploads\/2023\/08\/Franchard-goole-map-768x504.png 768w\" sizes=\"auto, (max-width: 439px) 100vw, 439px\" \/><\/a> Une fois votre <a href=\"mailto:inscription@stevenson-fontainebleau.fr?Subject=Inscription%20Chasse%20au%20Tr\u00e9sor&amp;Body=Veuillez%20m%27inscrire%20\/%20nous%20inscrire%20pour%20la%20chasse%20au%20tr\u00e9sor%20du%20samedi%2023%20septembre%202023:%20%0ANom%20famille%20:%20%0ANombre%20de%20personnes%20:%20%0AN\u00b0%20t\u00e9l\u00e9phone%20(si nous devons vous contacter avant ou pendant l'\u00e9v\u00e9nement)%20:%20%0A\">inscription<\/a> confirm\u00e9e rendez-vous au centre Ecotourisme de Franchard: <a href=\"https:\/\/goo.gl\/maps\/y2LS1mANK9Xux11p9\">Centre <\/a>ecotourisme<a href=\"https:\/\/goo.gl\/maps\/y2LS1mANK9Xux11p9\" target=\"_blank\" rel=\"noopener\"> &#8211; Google Map<\/a><\/p>\n<p>&nbsp;<\/p>\n<p><span style=\"color: #0000ff;\"><strong>Cette chasse au tr\u00e9sor se d\u00e9roule dans le cadre de la semaine d<\/strong><\/span><span style=\"color: #0000ff;\"><strong>u patrimoine organis\u00e9e au Prieur\u00e9 de Grez sur Loing avec le soutien du <\/strong><\/span><span style=\"color: #0000ff;\"><strong>Minist\u00e8re de la Culture. Vous pourrez ainsi\u00a0:<\/strong><\/span><!--more--><\/p>\n<ul>\n<li><span style=\"color: #0000ff;\"><strong>Visiter l\u2019exposition R.L. Stevenson, les 16\/17, et 23\/24 septembre de 10h \u00e0 18h<\/strong><\/span><\/li>\n<li><span style=\"color: #0000ff;\"><strong>Assister \u00e0 quatre moments de causeries et d\u2019\u00e9changes\u00a0:<\/strong><\/span>\n<ul>\n<li><span style=\"color: #0000ff;\"><strong>Dimanche 17 septembre \u00e0 17h\u00a0: Michel Legros \u00e9voquera l\u2019univers des \u2018Chasses aux tr\u00e9sor\u00a0\u2018<\/strong><\/span><\/li>\n<li><span style=\"color: #0000ff;\"><strong>Jeudi 21 septembre \u00e0 18h\u00a0: Rosalie Ienna animera un cercle de lectures<\/strong><\/span><\/li>\n<li><span style=\"color: #0000ff;\"><strong>Vendredi 22 septembre \u00e0 18h30\u00a0: Fran\u00e7oise Sylvestre, grande voyageuse, parlera \u201cdes phares, des \u00eeles et des cartes\u201d<\/strong><\/span><\/li>\n<li><span style=\"color: #0000ff;\"><strong>Dimanche 24 septembre \u00e0 16h30 : ce sera \u201cLe moment Stevenson, des chemins au voyage\u201d par Genevi\u00e8ve Dumant, Fran\u00e7oise Sylvestre et Michel Legros<\/strong><\/span><\/li>\n<\/ul>\n<\/li>\n<\/ul>\n<p>&nbsp;<\/p>\n","protected":false},"excerpt":{"rendered":"<p>&nbsp; Inscription Chasse au Tr\u00e9sor Une fois votre inscription confirm\u00e9e rendez-vous au centre Ecotourisme de Franchard: Centre ecotourisme &#8211; Google Map &nbsp; Cette chasse au tr\u00e9sor se d\u00e9roule dans le cadre de la semaine du patrimoine organis\u00e9e au Prieur\u00e9 de Grez sur Loing avec le soutien du Minist\u00e8re de la Culture. Vous pourrez ainsi\u00a0:<\/p>\n","protected":false},"author":1,"featured_media":0,"parent":3851,"menu_order":4,"comment_status":"closed","ping_status":"closed","template":"","meta":{"footnotes":""},"class_list":["post-4081","page","type-page","status-publish","hentry"],"_links":{"self":[{"href":"https:\/\/stevenson-fontainebleau.fr\/2026\/03\/24\/assemblee-generale-dimanche-29-mars\/wp-json\/wp\/v2\/pages\/4081","targetHints":{"allow":["GET"]}}],"collection":[{"href":"https:\/\/stevenson-fontainebleau.fr\/2026\/03\/24\/assemblee-generale-dimanche-29-mars\/wp-json\/wp\/v2\/pages"}],"about":[{"href":"https:\/\/stevenson-fontainebleau.fr\/2026\/03\/24\/assemblee-generale-dimanche-29-mars\/wp-json\/wp\/v2\/types\/page"}],"author":[{"embeddable":true,"href":"https:\/\/stevenson-fontainebleau.fr\/2026\/03\/24\/assemblee-generale-dimanche-29-mars\/wp-json\/wp\/v2\/users\/1"}],"replies":[{"embeddable":true,"href":"https:\/\/stevenson-fontainebleau.fr\/2026\/03\/24\/assemblee-generale-dimanche-29-mars\/wp-json\/wp\/v2\/comments?post=4081"}],"version-history":[{"count":1,"href":"https:\/\/stevenson-fontainebleau.fr\/2026\/03\/24\/assemblee-generale-dimanche-29-mars\/wp-json\/wp\/v2\/pages\/4081\/revisions"}],"predecessor-version":[{"id":4082,"href":"https:\/\/stevenson-fontainebleau.fr\/2026\/03\/24\/assemblee-generale-dimanche-29-mars\/wp-json\/wp\/v2\/pages\/4081\/revisions\/4082"}],"up":[{"embeddable":true,"href":"https:\/\/stevenson-fontainebleau.fr\/2026\/03\/24\/assemblee-generale-dimanche-29-mars\/wp-json\/wp\/v2\/pages\/3851"}],"wp:attachment":[{"href":"https:\/\/stevenson-fontainebleau.fr\/2026\/03\/24\/assemblee-generale-dimanche-29-mars\/wp-json\/wp\/v2\/media?parent=4081"}],"curies":[{"name":"wp","href":"https:\/\/api.w.org\/{rel}","templated":true}]}}