{"id":4079,"date":"2023-10-29T11:23:51","date_gmt":"2023-10-29T10:23:51","guid":{"rendered":"https:\/\/stevenson-fontainebleau.fr\/?page_id=4079"},"modified":"2023-10-29T11:51:00","modified_gmt":"2023-10-29T10:51:00","slug":"journees-europeennes-du-patrimoine-r-l-stevenson-a-grez","status":"publish","type":"page","link":"https:\/\/stevenson-fontainebleau.fr\/2026\/03\/24\/assemblee-generale-dimanche-29-mars\/evenements-en-cours\/evenement-2023\/journees-europeennes-du-patrimoine-r-l-stevenson-a-grez\/","title":{"rendered":"Journ\u00e9es Europ\u00e9ennes du Patrimoine &#8211; R.L. Stevenson \u00e0 Grez"},"content":{"rendered":"<h2><a href=\"http:\/\/stevenson-fontainebleau.fr\/wp-content\/uploads\/2023\/09\/RLS-Grez-patrimoine-2023-page-1.png\" target=\"_blank\" rel=\"noopener\"><img loading=\"lazy\" decoding=\"async\" class=\"wp-image-4028 aligncenter\" src=\"http:\/\/stevenson-fontainebleau.fr\/wp-content\/uploads\/2023\/09\/RLS-Grez-patrimoine-2023-page-1.png\" alt=\"\" width=\"460\" height=\"652\" srcset=\"https:\/\/stevenson-fontainebleau.fr\/wp-content\/uploads\/2023\/09\/RLS-Grez-patrimoine-2023-page-1.png 875w, https:\/\/stevenson-fontainebleau.fr\/wp-content\/uploads\/2023\/09\/RLS-Grez-patrimoine-2023-page-1-212x300.png 212w, https:\/\/stevenson-fontainebleau.fr\/wp-content\/uploads\/2023\/09\/RLS-Grez-patrimoine-2023-page-1-723x1024.png 723w, https:\/\/stevenson-fontainebleau.fr\/wp-content\/uploads\/2023\/09\/RLS-Grez-patrimoine-2023-page-1-768x1088.png 768w\" sizes=\"auto, (max-width: 460px) 100vw, 460px\" \/><\/a><\/h2>\n<hr \/>\n<h2><\/h2>\n<h2><strong>Exposition R.L. Stevenson et conf\u00e9rences le 16, 17, 20, 21, 22, 23 et 24 septembre..<\/strong><\/h2>\n<h1><strong>Voici le programme:<\/strong><\/h1>\n<p><img loading=\"lazy\" decoding=\"async\" class=\"wp-image-4027 aligncenter\" src=\"http:\/\/stevenson-fontainebleau.fr\/wp-content\/uploads\/2023\/09\/RLS-Grez-patrimoine-2023-page2.png\" alt=\"\" width=\"716\" height=\"1015\" srcset=\"https:\/\/stevenson-fontainebleau.fr\/wp-content\/uploads\/2023\/09\/RLS-Grez-patrimoine-2023-page2.png 875w, https:\/\/stevenson-fontainebleau.fr\/wp-content\/uploads\/2023\/09\/RLS-Grez-patrimoine-2023-page2-212x300.png 212w, https:\/\/stevenson-fontainebleau.fr\/wp-content\/uploads\/2023\/09\/RLS-Grez-patrimoine-2023-page2-723x1024.png 723w, https:\/\/stevenson-fontainebleau.fr\/wp-content\/uploads\/2023\/09\/RLS-Grez-patrimoine-2023-page2-768x1088.png 768w\" sizes=\"auto, (max-width: 716px) 100vw, 716px\" \/><\/p>\n","protected":false},"excerpt":{"rendered":"<p>Exposition R.L. Stevenson et conf\u00e9rences le 16, 17, 20, 21, 22, 23 et 24 septembre.. Voici le programme:<\/p>\n","protected":false},"author":1,"featured_media":0,"parent":3851,"menu_order":12,"comment_status":"closed","ping_status":"closed","template":"","meta":{"footnotes":""},"class_list":["post-4079","page","type-page","status-publish","hentry"],"_links":{"self":[{"href":"https:\/\/stevenson-fontainebleau.fr\/2026\/03\/24\/assemblee-generale-dimanche-29-mars\/wp-json\/wp\/v2\/pages\/4079","targetHints":{"allow":["GET"]}}],"collection":[{"href":"https:\/\/stevenson-fontainebleau.fr\/2026\/03\/24\/assemblee-generale-dimanche-29-mars\/wp-json\/wp\/v2\/pages"}],"about":[{"href":"https:\/\/stevenson-fontainebleau.fr\/2026\/03\/24\/assemblee-generale-dimanche-29-mars\/wp-json\/wp\/v2\/types\/page"}],"author":[{"embeddable":true,"href":"https:\/\/stevenson-fontainebleau.fr\/2026\/03\/24\/assemblee-generale-dimanche-29-mars\/wp-json\/wp\/v2\/users\/1"}],"replies":[{"embeddable":true,"href":"https:\/\/stevenson-fontainebleau.fr\/2026\/03\/24\/assemblee-generale-dimanche-29-mars\/wp-json\/wp\/v2\/comments?post=4079"}],"version-history":[{"count":1,"href":"https:\/\/stevenson-fontainebleau.fr\/2026\/03\/24\/assemblee-generale-dimanche-29-mars\/wp-json\/wp\/v2\/pages\/4079\/revisions"}],"predecessor-version":[{"id":4080,"href":"https:\/\/stevenson-fontainebleau.fr\/2026\/03\/24\/assemblee-generale-dimanche-29-mars\/wp-json\/wp\/v2\/pages\/4079\/revisions\/4080"}],"up":[{"embeddable":true,"href":"https:\/\/stevenson-fontainebleau.fr\/2026\/03\/24\/assemblee-generale-dimanche-29-mars\/wp-json\/wp\/v2\/pages\/3851"}],"wp:attachment":[{"href":"https:\/\/stevenson-fontainebleau.fr\/2026\/03\/24\/assemblee-generale-dimanche-29-mars\/wp-json\/wp\/v2\/media?parent=4079"}],"curies":[{"name":"wp","href":"https:\/\/api.w.org\/{rel}","templated":true}]}}