{"id":3908,"date":"2023-08-02T13:59:03","date_gmt":"2023-08-02T12:59:03","guid":{"rendered":"https:\/\/stevenson-fontainebleau.fr\/?page_id=3908"},"modified":"2023-08-02T13:59:03","modified_gmt":"2023-08-02T12:59:03","slug":"bientot-10-ans","status":"publish","type":"page","link":"https:\/\/stevenson-fontainebleau.fr\/2026\/03\/24\/assemblee-generale-dimanche-29-mars\/rl-stevenson\/bientot-10-ans\/","title":{"rendered":"BIENT\u00d4T 10 ANS\u2026"},"content":{"rendered":"<h4>Le 17 octobre 2010, inauguration d&rsquo;un chemin Stevenson de Barbizon \u00e0 Grez-sur-Loing.<\/h4>\n<h4><span style=\"color: #808080;\">L&rsquo;histoire :\u00a0<a style=\"color: #808080;\" href=\"http:\/\/idata.over-blog.com\/2\/61\/81\/68\/Stevenson-Barbizon\/fanny-at-louis--Medium-.jpg\"><img loading=\"lazy\" decoding=\"async\" src=\"http:\/\/img.over-blog.com\/100x64\/2\/61\/81\/68\/Stevenson-Barbizon\/fanny-at-louis--Medium-.jpg\" alt=\"fanny at louis (Medium)\" width=\"119\" height=\"76\" \/><\/a><\/span><\/h4>\n<h5><span style=\"color: #808080;\">En 1876, Robert Louis Stevenson et Fanny Osbourne se rencontrent pour la premi\u00e8re fois \u00e0 Grez-sur-Loing.<\/span><br \/>\n<span style=\"color: #808080;\">Robert Louis Stevenson, n\u00e9 en 1850 \u00e0 Edimbourg \u00e9tait de sant\u00e9 fragile, une maladie pulmonaire qui le poursuivra sa vie durant, il quitte le rude climat \u00e9cossais. C\u2019est ainsi qu\u2019apr\u00e8s avoir sillonn\u00e9 la France, il vient \u00e0 Barbizon \u00e0 l\u2019\u00e2ge de 24 ans o\u00f9 il s\u00e9journe \u00e0 l\u2019h\u00f4tel Siron. Il d\u00e9cide alors de se rendre \u00e0 Grez-sur-Loing o\u00f9 son cousin Bob s\u00e9journe \u00e0 L\u2019H\u00f4tel Chevillon parmi les colonies d\u2019artistes.<\/span><\/h5>\n<h5><span style=\"color: #808080;\">A Grez, s\u00e9journe une artiste peintre californienne, Fanny Osbourne, appel\u00e9e par ses condisciples la \u00ab\u00a0Belle am\u00e9ricaine\u201d.<\/span><br \/>\n<span style=\"color: #808080;\">C\u2019est ainsi qu\u2019eut lieu en 1876 la premi\u00e8re rencontre de ces deux \u00eatres qui allaient braver toutes les convenances pour partager leurs vies .<\/span><\/h5>\n<h3><span style=\"color: #333300;\">Reprenons le programme de la journ\u00e9e du 17 octobre 2010<\/span><span style=\"color: #808080;\">.<\/span><\/h3>\n<p><em><strong>l&rsquo;association Sports et Loisirs de Grez sur Loing (pr\u00e9sident : Philippe Petit )\u00e9tait coorganisatrice de la journ\u00e9e rando.<\/strong><\/em><\/p>\n<h5><span style=\"color: #333300;\">L&rsquo;association <a href=\"http:\/\/artistes-grezsurloing.fr\/\" target=\"_blank\" rel=\"noopener noreferrer\">Artistes du bout du monde de Grez-sur-Loing<\/a>, dont la vocation est de faire conna\u00eetre tous les artistes ayant s\u00e9journ\u00e9 dans le village, lui rend hommage dimanche en organisant une randonn\u00e9e p\u00e9destre lors de laquelle sera inaugur\u00e9 un sentier \u00e0 son nom.<\/span><\/h5>\n<h5 data-original-lineheight=\"30px\" data-original-fontsize=\"19px\"><span style=\"color: #333300;\">Trois itin\u00e9raires sont pr\u00e9vus: de Barbizon \u00e0 Grez-sur-Loing (25 km), de Barbizon \u00e0 Recloses (15\u00a0km) et une boucle autour de Barbizon (7\u00a0km), sur le sentier des peintres.<\/span><\/h5>\n<p><a href=\"http:\/\/stevenson-fontainebleau.fr\/wp-content\/uploads\/2016\/04\/SENTIER-RLS-BARBIZON-GREZ1.pdf\" target=\"_blank\" rel=\"noopener noreferrer\">http:\/\/stevenson-fontainebleau.fr\/wp-content\/uploads\/2016\/04\/SENTIER-RLS-BARBIZON-GREZ1.pdf<\/a><\/p>\n<h5 data-original-lineheight=\"30px\" data-original-fontsize=\"19px\"><span style=\"color: #333300;\">A Grez-sur-Loing, les randonneurs pourront d\u00e9couvrir une exposition \u00ab Sur le chemin de Robert Louis Stevenson \u00bb.<\/span><\/h5>\n<h5 data-original-lineheight=\"30px\" data-original-fontsize=\"19px\"><span style=\"color: #333300;\">(ci-dessous Photos de Jean-Paul Battin prises lors des deux journ\u00e9es)<\/span><\/h5>\n<div id='gallery-1' class='gallery galleryid-3908 gallery-columns-4 gallery-size-thumbnail'><figure class='gallery-item'>\n\t\t\t<div class='gallery-icon landscape'>\n\t\t\t\t<a href='https:\/\/stevenson-fontainebleau.fr\/2026\/03\/24\/assemblee-generale-dimanche-29-mars\/n_10694_w\/'><img loading=\"lazy\" decoding=\"async\" width=\"150\" height=\"150\" src=\"https:\/\/stevenson-fontainebleau.fr\/wp-content\/uploads\/2020\/06\/n_10694_w-150x150.jpg\" class=\"attachment-thumbnail size-thumbnail\" alt=\"\" \/><\/a>\n\t\t\t<\/div><\/figure><figure class='gallery-item'>\n\t\t\t<div class='gallery-icon landscape'>\n\t\t\t\t<a href='https:\/\/stevenson-fontainebleau.fr\/2026\/03\/24\/assemblee-generale-dimanche-29-mars\/n_10706_w\/'><img loading=\"lazy\" decoding=\"async\" width=\"150\" height=\"150\" src=\"https:\/\/stevenson-fontainebleau.fr\/wp-content\/uploads\/2020\/06\/n_10706_w-150x150.jpg\" class=\"attachment-thumbnail size-thumbnail\" alt=\"\" \/><\/a>\n\t\t\t<\/div><\/figure><figure class='gallery-item'>\n\t\t\t<div class='gallery-icon landscape'>\n\t\t\t\t<a href='https:\/\/stevenson-fontainebleau.fr\/2026\/03\/24\/assemblee-generale-dimanche-29-mars\/n_10711_w\/'><img loading=\"lazy\" decoding=\"async\" width=\"150\" height=\"150\" src=\"https:\/\/stevenson-fontainebleau.fr\/wp-content\/uploads\/2020\/06\/n_10711_w-150x150.jpg\" class=\"attachment-thumbnail size-thumbnail\" alt=\"\" \/><\/a>\n\t\t\t<\/div><\/figure><figure class='gallery-item'>\n\t\t\t<div class='gallery-icon landscape'>\n\t\t\t\t<a href='https:\/\/stevenson-fontainebleau.fr\/2026\/03\/24\/assemblee-generale-dimanche-29-mars\/n_10732_w\/'><img loading=\"lazy\" decoding=\"async\" width=\"150\" height=\"150\" src=\"https:\/\/stevenson-fontainebleau.fr\/wp-content\/uploads\/2020\/06\/n_10732_w-150x150.jpg\" class=\"attachment-thumbnail size-thumbnail\" alt=\"\" \/><\/a>\n\t\t\t<\/div><\/figure><figure class='gallery-item'>\n\t\t\t<div class='gallery-icon landscape'>\n\t\t\t\t<a href='https:\/\/stevenson-fontainebleau.fr\/2026\/03\/24\/assemblee-generale-dimanche-29-mars\/n_10739_w\/'><img loading=\"lazy\" decoding=\"async\" width=\"150\" height=\"150\" src=\"https:\/\/stevenson-fontainebleau.fr\/wp-content\/uploads\/2020\/06\/n_10739_w-150x150.jpg\" class=\"attachment-thumbnail size-thumbnail\" alt=\"\" \/><\/a>\n\t\t\t<\/div><\/figure><figure class='gallery-item'>\n\t\t\t<div class='gallery-icon landscape'>\n\t\t\t\t<a href='https:\/\/stevenson-fontainebleau.fr\/2026\/03\/24\/assemblee-generale-dimanche-29-mars\/n_10831_w\/'><img loading=\"lazy\" decoding=\"async\" width=\"150\" height=\"150\" src=\"https:\/\/stevenson-fontainebleau.fr\/wp-content\/uploads\/2020\/06\/n_10831_w-150x150.jpg\" class=\"attachment-thumbnail size-thumbnail\" alt=\"\" \/><\/a>\n\t\t\t<\/div><\/figure><figure class='gallery-item'>\n\t\t\t<div class='gallery-icon landscape'>\n\t\t\t\t<a href='https:\/\/stevenson-fontainebleau.fr\/2026\/03\/24\/assemblee-generale-dimanche-29-mars\/n_10814_w\/'><img loading=\"lazy\" decoding=\"async\" width=\"150\" height=\"150\" src=\"https:\/\/stevenson-fontainebleau.fr\/wp-content\/uploads\/2020\/06\/n_10814_w-150x150.jpg\" class=\"attachment-thumbnail size-thumbnail\" alt=\"\" \/><\/a>\n\t\t\t<\/div><\/figure><figure class='gallery-item'>\n\t\t\t<div class='gallery-icon landscape'>\n\t\t\t\t<a href='https:\/\/stevenson-fontainebleau.fr\/2026\/03\/24\/assemblee-generale-dimanche-29-mars\/n_10791_w\/'><img loading=\"lazy\" decoding=\"async\" width=\"150\" height=\"150\" src=\"https:\/\/stevenson-fontainebleau.fr\/wp-content\/uploads\/2020\/06\/n_10791_w-150x150.jpg\" class=\"attachment-thumbnail size-thumbnail\" alt=\"\" \/><\/a>\n\t\t\t<\/div><\/figure><figure class='gallery-item'>\n\t\t\t<div class='gallery-icon landscape'>\n\t\t\t\t<a href='https:\/\/stevenson-fontainebleau.fr\/2026\/03\/24\/assemblee-generale-dimanche-29-mars\/n_10781_w\/'><img loading=\"lazy\" decoding=\"async\" width=\"150\" height=\"150\" src=\"https:\/\/stevenson-fontainebleau.fr\/wp-content\/uploads\/2020\/06\/n_10781_w-150x150.jpg\" class=\"attachment-thumbnail size-thumbnail\" alt=\"\" \/><\/a>\n\t\t\t<\/div><\/figure><figure class='gallery-item'>\n\t\t\t<div class='gallery-icon landscape'>\n\t\t\t\t<a href='https:\/\/stevenson-fontainebleau.fr\/2026\/03\/24\/assemblee-generale-dimanche-29-mars\/n_10755_w\/'><img loading=\"lazy\" decoding=\"async\" width=\"150\" height=\"150\" src=\"https:\/\/stevenson-fontainebleau.fr\/wp-content\/uploads\/2020\/06\/n_10755_w-150x150.jpg\" class=\"attachment-thumbnail size-thumbnail\" alt=\"\" \/><\/a>\n\t\t\t<\/div><\/figure><figure class='gallery-item'>\n\t\t\t<div class='gallery-icon landscape'>\n\t\t\t\t<a href='https:\/\/stevenson-fontainebleau.fr\/2026\/03\/24\/assemblee-generale-dimanche-29-mars\/n_10858_w\/'><img loading=\"lazy\" decoding=\"async\" width=\"150\" height=\"150\" src=\"https:\/\/stevenson-fontainebleau.fr\/wp-content\/uploads\/2020\/06\/n_10858_w-150x150.jpg\" class=\"attachment-thumbnail size-thumbnail\" alt=\"\" \/><\/a>\n\t\t\t<\/div><\/figure><figure class='gallery-item'>\n\t\t\t<div class='gallery-icon landscape'>\n\t\t\t\t<a href='https:\/\/stevenson-fontainebleau.fr\/2026\/03\/24\/assemblee-generale-dimanche-29-mars\/n_10865_w\/'><img loading=\"lazy\" decoding=\"async\" width=\"150\" height=\"150\" src=\"https:\/\/stevenson-fontainebleau.fr\/wp-content\/uploads\/2020\/06\/n_10865_w-150x150.jpg\" class=\"attachment-thumbnail size-thumbnail\" alt=\"\" \/><\/a>\n\t\t\t<\/div><\/figure><figure class='gallery-item'>\n\t\t\t<div class='gallery-icon landscape'>\n\t\t\t\t<a href='https:\/\/stevenson-fontainebleau.fr\/2026\/03\/24\/assemblee-generale-dimanche-29-mars\/n_10874_w\/'><img loading=\"lazy\" decoding=\"async\" width=\"150\" height=\"150\" src=\"https:\/\/stevenson-fontainebleau.fr\/wp-content\/uploads\/2020\/06\/n_10874_w-150x150.jpg\" class=\"attachment-thumbnail size-thumbnail\" alt=\"\" \/><\/a>\n\t\t\t<\/div><\/figure><figure class='gallery-item'>\n\t\t\t<div class='gallery-icon landscape'>\n\t\t\t\t<a href='https:\/\/stevenson-fontainebleau.fr\/2026\/03\/24\/assemblee-generale-dimanche-29-mars\/n_10876_w\/'><img loading=\"lazy\" decoding=\"async\" width=\"150\" height=\"150\" src=\"https:\/\/stevenson-fontainebleau.fr\/wp-content\/uploads\/2020\/06\/n_10876_w-150x150.jpg\" class=\"attachment-thumbnail size-thumbnail\" alt=\"\" \/><\/a>\n\t\t\t<\/div><\/figure><figure class='gallery-item'>\n\t\t\t<div class='gallery-icon landscape'>\n\t\t\t\t<a href='https:\/\/stevenson-fontainebleau.fr\/2026\/03\/24\/assemblee-generale-dimanche-29-mars\/n_10889_w\/'><img loading=\"lazy\" decoding=\"async\" width=\"150\" height=\"150\" src=\"https:\/\/stevenson-fontainebleau.fr\/wp-content\/uploads\/2020\/06\/n_10889_w-150x150.jpg\" class=\"attachment-thumbnail size-thumbnail\" alt=\"\" \/><\/a>\n\t\t\t<\/div><\/figure><figure class='gallery-item'>\n\t\t\t<div class='gallery-icon landscape'>\n\t\t\t\t<a href='https:\/\/stevenson-fontainebleau.fr\/2026\/03\/24\/assemblee-generale-dimanche-29-mars\/n_10655_w\/'><img loading=\"lazy\" decoding=\"async\" width=\"150\" height=\"150\" src=\"https:\/\/stevenson-fontainebleau.fr\/wp-content\/uploads\/2020\/06\/n_10655_w-150x150.jpg\" class=\"attachment-thumbnail size-thumbnail\" alt=\"\" \/><\/a>\n\t\t\t<\/div><\/figure><figure class='gallery-item'>\n\t\t\t<div class='gallery-icon landscape'>\n\t\t\t\t<a href='https:\/\/stevenson-fontainebleau.fr\/2026\/03\/24\/assemblee-generale-dimanche-29-mars\/n_10617_w\/'><img loading=\"lazy\" decoding=\"async\" width=\"150\" height=\"150\" src=\"https:\/\/stevenson-fontainebleau.fr\/wp-content\/uploads\/2020\/06\/n_10617_w-150x150.jpg\" class=\"attachment-thumbnail size-thumbnail\" alt=\"\" \/><\/a>\n\t\t\t<\/div><\/figure><figure class='gallery-item'>\n\t\t\t<div class='gallery-icon portrait'>\n\t\t\t\t<a href='https:\/\/stevenson-fontainebleau.fr\/2026\/03\/24\/assemblee-generale-dimanche-29-mars\/jdr2010_barbizon-grez-b_w\/'><img loading=\"lazy\" decoding=\"async\" width=\"150\" height=\"150\" src=\"https:\/\/stevenson-fontainebleau.fr\/wp-content\/uploads\/2020\/06\/JDR2010_Barbizon-Grez-B_w-150x150.jpg\" class=\"attachment-thumbnail size-thumbnail\" alt=\"\" \/><\/a>\n\t\t\t<\/div><\/figure><figure class='gallery-item'>\n\t\t\t<div class='gallery-icon portrait'>\n\t\t\t\t<a href='https:\/\/stevenson-fontainebleau.fr\/2026\/03\/24\/assemblee-generale-dimanche-29-mars\/jdr2010_barbizon-grez-a_w\/'><img loading=\"lazy\" decoding=\"async\" width=\"150\" height=\"150\" src=\"https:\/\/stevenson-fontainebleau.fr\/wp-content\/uploads\/2020\/06\/JDR2010_Barbizon-Grez-A_w-150x150.jpg\" class=\"attachment-thumbnail size-thumbnail\" alt=\"\" \/><\/a>\n\t\t\t<\/div><\/figure><figure class='gallery-item'>\n\t\t\t<div class='gallery-icon portrait'>\n\t\t\t\t<a href='https:\/\/stevenson-fontainebleau.fr\/2026\/03\/24\/assemblee-generale-dimanche-29-mars\/reseau-rls-reunion-1_w\/'><img loading=\"lazy\" decoding=\"async\" width=\"150\" height=\"150\" src=\"https:\/\/stevenson-fontainebleau.fr\/wp-content\/uploads\/2020\/06\/RESEAU-RLS-R\u00e9union-1_w-150x150.jpg\" class=\"attachment-thumbnail size-thumbnail\" alt=\"\" \/><\/a>\n\t\t\t<\/div><\/figure><figure class='gallery-item'>\n\t\t\t<div class='gallery-icon landscape'>\n\t\t\t\t<a href='https:\/\/stevenson-fontainebleau.fr\/2026\/03\/24\/assemblee-generale-dimanche-29-mars\/n_10660_w\/'><img loading=\"lazy\" decoding=\"async\" width=\"150\" height=\"150\" src=\"https:\/\/stevenson-fontainebleau.fr\/wp-content\/uploads\/2020\/06\/n_10660_w-150x150.jpg\" class=\"attachment-thumbnail size-thumbnail\" alt=\"\" \/><\/a>\n\t\t\t<\/div><\/figure><figure class='gallery-item'>\n\t\t\t<div class='gallery-icon landscape'>\n\t\t\t\t<a href='https:\/\/stevenson-fontainebleau.fr\/2026\/03\/24\/assemblee-generale-dimanche-29-mars\/n_10673_w\/'><img loading=\"lazy\" decoding=\"async\" width=\"150\" height=\"150\" src=\"https:\/\/stevenson-fontainebleau.fr\/wp-content\/uploads\/2020\/06\/n_10673_w-150x150.jpg\" class=\"attachment-thumbnail size-thumbnail\" alt=\"\" \/><\/a>\n\t\t\t<\/div><\/figure><figure class='gallery-item'>\n\t\t\t<div class='gallery-icon landscape'>\n\t\t\t\t<a href='https:\/\/stevenson-fontainebleau.fr\/2026\/03\/24\/assemblee-generale-dimanche-29-mars\/n_10682_w\/'><img loading=\"lazy\" decoding=\"async\" width=\"150\" height=\"150\" src=\"https:\/\/stevenson-fontainebleau.fr\/wp-content\/uploads\/2020\/06\/n_10682_w-150x150.jpg\" class=\"attachment-thumbnail size-thumbnail\" alt=\"\" \/><\/a>\n\t\t\t<\/div><\/figure><figure class='gallery-item'>\n\t\t\t<div class='gallery-icon landscape'>\n\t\t\t\t<a href='https:\/\/stevenson-fontainebleau.fr\/2026\/03\/24\/assemblee-generale-dimanche-29-mars\/n_10683_w\/'><img loading=\"lazy\" decoding=\"async\" width=\"150\" height=\"150\" src=\"https:\/\/stevenson-fontainebleau.fr\/wp-content\/uploads\/2020\/06\/n_10683_w-150x150.jpg\" class=\"attachment-thumbnail size-thumbnail\" alt=\"\" \/><\/a>\n\t\t\t<\/div><\/figure><figure class='gallery-item'>\n\t\t\t<div class='gallery-icon landscape'>\n\t\t\t\t<a href='https:\/\/stevenson-fontainebleau.fr\/2026\/03\/24\/assemblee-generale-dimanche-29-mars\/n_10679_w\/'><img loading=\"lazy\" decoding=\"async\" width=\"150\" height=\"150\" src=\"https:\/\/stevenson-fontainebleau.fr\/wp-content\/uploads\/2020\/06\/n_10679_w-150x150.jpg\" class=\"attachment-thumbnail size-thumbnail\" alt=\"\" \/><\/a>\n\t\t\t<\/div><\/figure>\n\t\t<\/div>\n\n<p>&nbsp;<\/p>\n<p>&nbsp;<\/p>\n<p>&nbsp;<\/p>\n","protected":false},"excerpt":{"rendered":"<p>Le 17 octobre 2010, inauguration d&rsquo;un chemin Stevenson de Barbizon \u00e0 Grez-sur-Loing. L&rsquo;histoire :\u00a0 En 1876, Robert Louis Stevenson et Fanny Osbourne se rencontrent pour la premi\u00e8re fois \u00e0 Grez-sur-Loing. Robert Louis Stevenson, n\u00e9 en 1850 \u00e0 Edimbourg \u00e9tait de sant\u00e9 fragile, une maladie pulmonaire qui le poursuivra sa vie durant, il quitte le rude &hellip; <a href=\"https:\/\/stevenson-fontainebleau.fr\/2026\/03\/24\/assemblee-generale-dimanche-29-mars\/rl-stevenson\/bientot-10-ans\/\" class=\"more-link\">Continuer la lecture de <span class=\"screen-reader-text\">BIENT\u00d4T 10 ANS\u2026<\/span>  <span class=\"meta-nav\">&rarr;<\/span><\/a><\/p>\n","protected":false},"author":1,"featured_media":0,"parent":44,"menu_order":6,"comment_status":"closed","ping_status":"closed","template":"","meta":{"footnotes":""},"class_list":["post-3908","page","type-page","status-publish","hentry"],"_links":{"self":[{"href":"https:\/\/stevenson-fontainebleau.fr\/2026\/03\/24\/assemblee-generale-dimanche-29-mars\/wp-json\/wp\/v2\/pages\/3908","targetHints":{"allow":["GET"]}}],"collection":[{"href":"https:\/\/stevenson-fontainebleau.fr\/2026\/03\/24\/assemblee-generale-dimanche-29-mars\/wp-json\/wp\/v2\/pages"}],"about":[{"href":"https:\/\/stevenson-fontainebleau.fr\/2026\/03\/24\/assemblee-generale-dimanche-29-mars\/wp-json\/wp\/v2\/types\/page"}],"author":[{"embeddable":true,"href":"https:\/\/stevenson-fontainebleau.fr\/2026\/03\/24\/assemblee-generale-dimanche-29-mars\/wp-json\/wp\/v2\/users\/1"}],"replies":[{"embeddable":true,"href":"https:\/\/stevenson-fontainebleau.fr\/2026\/03\/24\/assemblee-generale-dimanche-29-mars\/wp-json\/wp\/v2\/comments?post=3908"}],"version-history":[{"count":1,"href":"https:\/\/stevenson-fontainebleau.fr\/2026\/03\/24\/assemblee-generale-dimanche-29-mars\/wp-json\/wp\/v2\/pages\/3908\/revisions"}],"predecessor-version":[{"id":3909,"href":"https:\/\/stevenson-fontainebleau.fr\/2026\/03\/24\/assemblee-generale-dimanche-29-mars\/wp-json\/wp\/v2\/pages\/3908\/revisions\/3909"}],"up":[{"embeddable":true,"href":"https:\/\/stevenson-fontainebleau.fr\/2026\/03\/24\/assemblee-generale-dimanche-29-mars\/wp-json\/wp\/v2\/pages\/44"}],"wp:attachment":[{"href":"https:\/\/stevenson-fontainebleau.fr\/2026\/03\/24\/assemblee-generale-dimanche-29-mars\/wp-json\/wp\/v2\/media?parent=3908"}],"curies":[{"name":"wp","href":"https:\/\/api.w.org\/{rel}","templated":true}]}}