{"id":3906,"date":"2023-08-02T13:42:49","date_gmt":"2023-08-02T12:42:49","guid":{"rendered":"https:\/\/stevenson-fontainebleau.fr\/?page_id=3906"},"modified":"2023-08-02T13:42:49","modified_gmt":"2023-08-02T12:42:49","slug":"perissoires","status":"publish","type":"page","link":"https:\/\/stevenson-fontainebleau.fr\/2026\/03\/24\/assemblee-generale-dimanche-29-mars\/rl-stevenson\/perissoires\/","title":{"rendered":"P\u00c9RISSOIRES"},"content":{"rendered":"<h1 style=\"text-align: center;\">P\u00e9rissoires, l&rsquo;Ar\u00e9thuse et la Cigarette<\/h1>\n<p>Dans la <a title=\"Mythologie grecque\" href=\"https:\/\/fr.wikipedia.org\/wiki\/Mythologie_grecque\">mythologie grecque<\/a>, Ar\u00e9thuse\u00a0 est une <a title=\"Nymphe\" href=\"https:\/\/fr.wikipedia.org\/wiki\/Nymphe\">nymphe<\/a> du cort\u00e8ge d&rsquo;<a title=\"Art\u00e9mis\" href=\"https:\/\/fr.wikipedia.org\/wiki\/Art%C3%A9mis\">Art\u00e9mis<\/a><a title=\"Art\u00e9mis\" href=\"https:\/\/fr.wikipedia.org\/wiki\/Art%C3%A9mis\">. \u00c9tant la fille de <\/a><a title=\"N\u00e9r\u00e9e\" href=\"https:\/\/fr.wikipedia.org\/wiki\/N%C3%A9r%C3%A9e\">N\u00e9r\u00e9e<\/a><a title=\"Art\u00e9mis\" href=\"https:\/\/fr.wikipedia.org\/wiki\/Art%C3%A9mis\">, elle est aussi une <\/a><a title=\"N\u00e9r\u00e9ides\" href=\"https:\/\/fr.wikipedia.org\/wiki\/N%C3%A9r%C3%A9ides\">N\u00e9r\u00e9ide<\/a><a title=\"Art\u00e9mis\" href=\"https:\/\/fr.wikipedia.org\/wiki\/Art%C3%A9mis\">.<\/a><\/p>\n<p style=\"text-align: left;\"><em><span id=\"word_id_27\">Au<\/span> <span id=\"word_id_28\">lendemain<\/span> <span id=\"word_id_29\">de<\/span> <span id=\"word_id_30\">leur<\/span> <span id=\"word_id_31\">funambulesque<\/span> <span id=\"word_id_32\">aventure<\/span> <span id=\"word_id_33\">avec<\/span> <span id=\"word_id_34\">le<\/span> <span id=\"word_id_35\">commissaire<\/span> <span id=\"word_id_36\">de<\/span> <span id=\"word_id_37\">police<\/span> <span id=\"word_id_38\">de<\/span> <span id=\"word_id_39\">Ch\u00e2tillon<\/span>, <span id=\"word_id_40\">Stevenson<\/span> <span id=\"word_id_41\">et<\/span> <span id=\"word_id_42\">Sir<\/span> <span id=\"word_id_43\">Walter<\/span> <span id=\"word_id_44\">Simpson<\/span>, <span id=\"word_id_45\">arriv\u00e9s<\/span> <span id=\"word_id_46\">\u00e0<\/span> <span id=\"word_id_47\">Grez<\/span>, <span id=\"word_id_48\">amarraient<\/span> <span id=\"word_id_49\">leurs<\/span> <span id=\"word_id_50\">p\u00e9rissoires<\/span>, <span id=\"word_id_51\">l<\/span><span id=\"word_id_52\">\u2019Ar\u00e9thuse<\/span> <span id=\"word_id_53\">et<\/span> <span id=\"word_id_54\">la<\/span> <span id=\"word_id_55\">Cigarette<\/span>, <span id=\"word_id_56\">devant<\/span> <span id=\"word_id_57\">un<\/span> <span id=\"word_id_58\">public<\/span> <span id=\"word_id_59\">de<\/span> <span id=\"word_id_60\">curieux<\/span> <span id=\"word_id_61\">attentifs<\/span>. <span id=\"word_id_62\">Ils<\/span> <span id=\"word_id_63\">distingu\u00e8rent<\/span> <span id=\"word_id_64\">un<\/span> <span id=\"word_id_65\">groupe<\/span> <span id=\"word_id_66\">de<\/span> <span id=\"word_id_67\">nouveaux<\/span> <span id=\"word_id_68\">venus<\/span> <span id=\"word_id_69\">qui<\/span> <span id=\"word_id_70\">s\u2019\u00e9taient<\/span> <span id=\"word_id_71\">adjoints<\/span> <span id=\"word_id_72\">\u00e0<\/span> <span id=\"word_id_73\">l\u2019ancienne<\/span> <span id=\"word_id_74\"><\/span><span id=\"word_id_74\">colonie<\/span> <span id=\"word_id_75\">d\u00e9j\u00e0<\/span> <span id=\"word_id_76\">connue<\/span> <span id=\"word_id_77\">d\u2019eux<\/span>. <span id=\"word_id_78\">C\u2019\u00e9tait<\/span> <span id=\"word_id_79\">une<\/span> <span id=\"word_id_80\">dame<\/span> <span id=\"word_id_81\">am\u00e9ricaine<\/span> <span id=\"word_id_82\">et<\/span> <span id=\"word_id_83\">ses<\/span> <span id=\"word_id_84\">deux<\/span> <span id=\"word_id_85\">enfants<\/span>, <span id=\"word_id_86\">une<\/span> <span id=\"word_id_87\">jeune<\/span> <span id=\"word_id_88\">fille<\/span> <span id=\"word_id_89\">et<\/span> <span id=\"word_id_90\">un<\/span> <span id=\"word_id_91\">gar\u00e7on<\/span>&#8230;<\/em><\/p>\n<p style=\"text-align: left;\"><em>En effet avant de se lancer avec Modestine sur les sentiers des C\u00e9vennes du Monastier \u00e0 Saint-Jean-Du-Gard, notre auteur et aventurier a accompli un autre exploit : En 1876, Sir Walter Simpson et RL Stevenson entreprennent un voyage d\u2019une quinzaine de jours, en <strong>p\u00e9rissoire<\/strong> (La Cigarette et l\u2019Ar\u00e9thuse), d\u2019Anvers en Belgique \u00e0 Pontoise en France. De l\u2019Escaut \u00e0 L\u2019Oise, nos voyageurs suscitent l\u2019\u00e9tonnement. Mais comment peut-on voyager par plaisir, en <strong>p\u00e9rissoire<\/strong>, de la Belgique \u00e0 la France\u00a0?<\/em><\/p>\n<p style=\"text-align: left;\">(Etymologie : de \u00ab\u00a0p\u00e9rir\u00a0\u00bb, ce qui en dit long sur la confiance que l&rsquo;on pla\u00e7ait dans la stabilit\u00e9 d&rsquo;un tel bateau !)<\/p>\n<p><em>De cette exp\u00e9dition, R.L. Stevenson a tir\u00e9 une \u00e9pop\u00e9e, \u00e9crite sans doute \u00e0 Barbizon.\u00a0<\/em><\/p>\n<p><em> Son titre : <\/em><em>\u00ab En cano\u00eb sur les rivi\u00e8res du Nord \u00bb.<\/em><\/p>\n<p><img loading=\"lazy\" decoding=\"async\" src=\"http:\/\/stevenson-fontainebleau.fr\/wp-content\/uploads\/2018\/03\/Capture-1.jpg\" alt=\"\" width=\"709\" height=\"404\" \/><\/p>\n<h6><strong><u>Quelques mots sur la p\u00e9rissoire<\/u><\/strong><\/h6>\n<p>La <strong>p\u00e9rissoire, <\/strong>dont l\u2019origine est tr\u00e8s ancienne<strong>,<\/strong> est un <em><a href=\"https:\/\/fr.wikipedia.org\/wiki\/Canot\">canot<\/a><\/em> creus\u00e9 dans un seul tronc d\u2019arbre, long d&rsquo;environ 3,5 m\u00e8tres \u00e0 4 m\u00e8tres pour la p\u00e9rissoire monoplace destin\u00e9e \u00e0 la balade, \u00e0 pr\u00e8s de 8 m\u00e8tres pour la \u00ab\u00a0p\u00e9rissoire de course\u00a0\u00bb. Sa construction \u00e0 bouchain vif est le plus souvent tr\u00e8s simple, parfois deux planches pour les c\u00f4t\u00e9s et une pour le fond du bateau suffisent. C&rsquo;est en g\u00e9n\u00e9ral un bateau \u00e9troit et instable donc p\u00e9rilleux, d\u2019o\u00f9 son nom.<\/p>\n<p><em>Si le bouchain est arrondi, la <a href=\"https:\/\/fr.wikipedia.org\/wiki\/Coque_(bateau)\">coque<\/a> est dite \u00ab\u00a0en forme\u00a0\u00bb\u00a0<\/em><\/p>\n<p><em>S&rsquo;il est anguleux, la coque est dite \u00ab\u00a0\u00e0 bouchain vif\u00a0\u00bb.<\/em><\/p>\n<p><span style=\"color: #800000;\"><em>Le bouchain est une partie du <a style=\"color: #800000;\" href=\"https:\/\/fr.wikipedia.org\/wiki\/Bord%C3%A9\">bord\u00e9<\/a> d&rsquo;un <a style=\"color: #800000;\" href=\"https:\/\/fr.wikipedia.org\/wiki\/Bateau\">bateau<\/a>, repr\u00e9sentant la zone interm\u00e9diaire entre les <a style=\"color: #800000;\" href=\"https:\/\/fr.wikipedia.org\/wiki\/Fond_(bateau)\">fonds<\/a> et les <a style=\"color: #800000;\" href=\"https:\/\/fr.wikipedia.org\/wiki\/Muraille_(bateau)\">murailles<\/a>.<\/em><\/span><\/p>\n<p>Elle fut tr\u00e8s en vogue comme petit canot de plaisance aux XIX<sup>e<\/sup> et XX<sup>e<\/sup>\u00a0si\u00e8cles en Europe avant d&rsquo;\u00eatre d\u00e9tr\u00f4n\u00e9e par les cano\u00ebs import\u00e9s du Canada durant la premi\u00e8re moiti\u00e9 du XX<sup>e<\/sup>\u00a0si\u00e8cle. Elle se man\u0153uvre \u00e0 la <a href=\"https:\/\/fr.wikipedia.org\/wiki\/Pagaie\">pagaie<\/a> double et se diff\u00e9rencie par sa construction en planches de bois, et non pas en ossature bois ou os recouverte de peau ou de toile, et par ses sections souvent quasi rectangulaires.<\/p>\n<p>La p\u00e9rissoire a constitu\u00e9 un sujet de tableaux pour <a href=\"https:\/\/fr.wikipedia.org\/wiki\/Gustave_Caillebotte\">Gustave Caillebotte<\/a>, peintre impressionniste\u00a0:<strong>\u00a0\u00a0\u00a0\u00a0\u00a0\u00a0\u00a0\u00a0\u00a0\u00a0\u00a0\u00a0\u00a0\u00a0\u00a0\u00a0\u00a0\u00a0\u00a0\u00a0\u00a0\u00a0\u00a0\u00a0\u00a0\u00a0\u00a0\u00a0\u00a0\u00a0 <\/strong><img loading=\"lazy\" decoding=\"async\" class=\"size-full wp-image-1608 aligncenter\" src=\"http:\/\/stevenson-fontainebleau.fr\/wp-content\/uploads\/2018\/03\/Captureb.jpg\" alt=\"\" width=\"628\" height=\"789\" srcset=\"https:\/\/stevenson-fontainebleau.fr\/wp-content\/uploads\/2018\/03\/Captureb.jpg 628w, https:\/\/stevenson-fontainebleau.fr\/wp-content\/uploads\/2018\/03\/Captureb-239x300.jpg 239w\" sizes=\"auto, (max-width: 628px) 100vw, 628px\" \/><\/p>\n<p>L\u2019exploit est sportif mais avec plus d\u2019un si\u00e8cle de recul, nous retenons sa dimension litt\u00e9raire et documentaire. Nous cheminons en compagnie d\u2019une France oubli\u00e9e de bateliers, mariniers, colporteurs, saltimbanques, com\u00e9diens, p\u00eacheurs et autres restaurateurs.<\/p>\n<p>L\u2019auteur s\u2019y livre aussi et nous confie sa passion des cartes. \u00ab\u00a0J\u2019ai toujours aim\u00e9 les cartes et je voyage dans un atlas avec le plus vif plaisir\u00a0\u00bb.<\/p>\n<p>A Compi\u00e8gne, Pont-Saint-Maxence ou Creil, au bord de l\u2019Oise, le fleuve est l\u2019axe majeur de la vie locale. Dans l\u2019\u00e9glise de Creil, 1 ex-voto frappe R.L. Stevenson. \u00ab\u00a0La reproduction fid\u00e8le d\u2019une p\u00e9niche qui se balan\u00e7ait \u00e0 la vo\u00fbte, portant inscrit ce souhait \u00a0\u00bb Dieu m\u00e8ne \u00e0 bon port le Saint Nicolas De Creil\u00a0\u00bb\u00a0\u00bb.<\/p>\n<h4><strong><span style=\"color: #808080;\">Voil\u00e0 \u00a0pourquoi les associations RLSBG et Artistes du Bout du Monde ont acquis 2 p\u00e9rissoires, dont l&rsquo;une a \u00e9t\u00e9 restaur\u00e9e et l&rsquo;autre conserv\u00e9e en l&rsquo;\u00e9tat.<\/span><\/strong><img loading=\"lazy\" decoding=\"async\" class=\"size-full wp-image-1605 aligncenter\" src=\"http:\/\/stevenson-fontainebleau.fr\/wp-content\/uploads\/2018\/03\/Capturea.jpg\" alt=\"\" width=\"855\" height=\"724\" srcset=\"https:\/\/stevenson-fontainebleau.fr\/wp-content\/uploads\/2018\/03\/Capturea.jpg 855w, https:\/\/stevenson-fontainebleau.fr\/wp-content\/uploads\/2018\/03\/Capturea-300x254.jpg 300w, https:\/\/stevenson-fontainebleau.fr\/wp-content\/uploads\/2018\/03\/Capturea-768x650.jpg 768w\" sizes=\"auto, (max-width: 855px) 100vw, 855px\" \/><\/h4>\n<p>&nbsp;<\/p>\n<h4><em>Le r\u00e9sultat de cette restauration a\u00a0\u00e9t\u00e9 visible lors du Forum des associations de Grez le 10 septembre 2017<\/em><\/h4>\n<p><em>Merci, \u00e0 toutes les nombreuses personnes qui ont assist\u00e9 au bapt\u00eame de la p\u00e9rissoire, \u00e0 sa mise \u00e0 l\u2019eau et \u00e0 la d\u00e9couverte de \u201cl\u2019OFNI\u201d&#8230;. (Objet flottant non identifi\u00e9)<\/em><\/p>\n<p><em>En compl\u00e9ment, sur le stand sport et loisirs qui nous a accueilli la deuxi\u00e8me p\u00e9rissoire non restaur\u00e9 a \u00e9t\u00e9 pr\u00e9sent\u00e9e<\/em><\/p>\n<p><img loading=\"lazy\" decoding=\"async\" class=\"size-full wp-image-1611 aligncenter\" src=\"http:\/\/stevenson-fontainebleau.fr\/wp-content\/uploads\/2018\/03\/Capturew.jpg\" alt=\"\" width=\"879\" height=\"804\" srcset=\"https:\/\/stevenson-fontainebleau.fr\/wp-content\/uploads\/2018\/03\/Capturew.jpg 879w, https:\/\/stevenson-fontainebleau.fr\/wp-content\/uploads\/2018\/03\/Capturew-300x274.jpg 300w, https:\/\/stevenson-fontainebleau.fr\/wp-content\/uploads\/2018\/03\/Capturew-768x702.jpg 768w\" sizes=\"auto, (max-width: 879px) 100vw, 879px\" \/><\/p>\n<div id='gallery-1' class='gallery galleryid-3906 gallery-columns-2 gallery-size-full'><figure class='gallery-item'>\n\t\t\t<div class='gallery-icon landscape'>\n\t\t\t\t<a href='https:\/\/stevenson-fontainebleau.fr\/2026\/03\/24\/assemblee-generale-dimanche-29-mars\/105_artistes-photo_w\/'><img loading=\"lazy\" decoding=\"async\" width=\"1200\" height=\"906\" src=\"https:\/\/stevenson-fontainebleau.fr\/wp-content\/uploads\/2018\/03\/105_Artistes-photo_w.jpg\" class=\"attachment-full size-full\" alt=\"\" srcset=\"https:\/\/stevenson-fontainebleau.fr\/wp-content\/uploads\/2018\/03\/105_Artistes-photo_w.jpg 1200w, https:\/\/stevenson-fontainebleau.fr\/wp-content\/uploads\/2018\/03\/105_Artistes-photo_w-300x227.jpg 300w, https:\/\/stevenson-fontainebleau.fr\/wp-content\/uploads\/2018\/03\/105_Artistes-photo_w-768x580.jpg 768w, https:\/\/stevenson-fontainebleau.fr\/wp-content\/uploads\/2018\/03\/105_Artistes-photo_w-1024x773.jpg 1024w\" sizes=\"auto, (max-width: 1200px) 100vw, 1200px\" \/><\/a>\n\t\t\t<\/div><\/figure><figure class='gallery-item'>\n\t\t\t<div class='gallery-icon landscape'>\n\t\t\t\t<a href='https:\/\/stevenson-fontainebleau.fr\/2026\/03\/24\/assemblee-generale-dimanche-29-mars\/106_xke-et-canoe\/'><img loading=\"lazy\" decoding=\"async\" width=\"900\" height=\"492\" src=\"https:\/\/stevenson-fontainebleau.fr\/wp-content\/uploads\/2018\/03\/106_XKE-et-Canoe.jpg\" class=\"attachment-full size-full\" alt=\"\" srcset=\"https:\/\/stevenson-fontainebleau.fr\/wp-content\/uploads\/2018\/03\/106_XKE-et-Canoe.jpg 900w, https:\/\/stevenson-fontainebleau.fr\/wp-content\/uploads\/2018\/03\/106_XKE-et-Canoe-300x164.jpg 300w, https:\/\/stevenson-fontainebleau.fr\/wp-content\/uploads\/2018\/03\/106_XKE-et-Canoe-768x420.jpg 768w\" sizes=\"auto, (max-width: 900px) 100vw, 900px\" \/><\/a>\n\t\t\t<\/div><\/figure><figure class='gallery-item'>\n\t\t\t<div class='gallery-icon landscape'>\n\t\t\t\t<a href='https:\/\/stevenson-fontainebleau.fr\/2026\/03\/24\/assemblee-generale-dimanche-29-mars\/loing_fag_p1020195\/'><img loading=\"lazy\" decoding=\"async\" width=\"1280\" height=\"860\" src=\"https:\/\/stevenson-fontainebleau.fr\/wp-content\/uploads\/2018\/03\/Loing_FAG_P1020195.jpg\" class=\"attachment-full size-full\" alt=\"\" srcset=\"https:\/\/stevenson-fontainebleau.fr\/wp-content\/uploads\/2018\/03\/Loing_FAG_P1020195.jpg 1280w, https:\/\/stevenson-fontainebleau.fr\/wp-content\/uploads\/2018\/03\/Loing_FAG_P1020195-300x202.jpg 300w, https:\/\/stevenson-fontainebleau.fr\/wp-content\/uploads\/2018\/03\/Loing_FAG_P1020195-768x516.jpg 768w, https:\/\/stevenson-fontainebleau.fr\/wp-content\/uploads\/2018\/03\/Loing_FAG_P1020195-1024x688.jpg 1024w\" sizes=\"auto, (max-width: 1280px) 100vw, 1280px\" \/><\/a>\n\t\t\t<\/div><\/figure><figure class='gallery-item'>\n\t\t\t<div class='gallery-icon landscape'>\n\t\t\t\t<a href='https:\/\/stevenson-fontainebleau.fr\/2026\/03\/24\/assemblee-generale-dimanche-29-mars\/108_perissoires-sur-l-yerres-caillebotte01\/'><img loading=\"lazy\" decoding=\"async\" width=\"800\" height=\"610\" src=\"https:\/\/stevenson-fontainebleau.fr\/wp-content\/uploads\/2018\/03\/108_perissoires-sur-l-yerres-caillebotte01.jpg\" class=\"attachment-full size-full\" alt=\"\" srcset=\"https:\/\/stevenson-fontainebleau.fr\/wp-content\/uploads\/2018\/03\/108_perissoires-sur-l-yerres-caillebotte01.jpg 800w, https:\/\/stevenson-fontainebleau.fr\/wp-content\/uploads\/2018\/03\/108_perissoires-sur-l-yerres-caillebotte01-300x229.jpg 300w, https:\/\/stevenson-fontainebleau.fr\/wp-content\/uploads\/2018\/03\/108_perissoires-sur-l-yerres-caillebotte01-768x586.jpg 768w\" sizes=\"auto, (max-width: 800px) 100vw, 800px\" \/><\/a>\n\t\t\t<\/div><\/figure><figure class='gallery-item'>\n\t\t\t<div class='gallery-icon portrait'>\n\t\t\t\t<a href='https:\/\/stevenson-fontainebleau.fr\/2026\/03\/24\/assemblee-generale-dimanche-29-mars\/loing_lfag__p1020274_ppp\/'><img loading=\"lazy\" decoding=\"async\" width=\"683\" height=\"1024\" src=\"https:\/\/stevenson-fontainebleau.fr\/wp-content\/uploads\/2018\/03\/LOING_LFAG__P1020274_ppp.jpg\" class=\"attachment-full size-full\" alt=\"\" srcset=\"https:\/\/stevenson-fontainebleau.fr\/wp-content\/uploads\/2018\/03\/LOING_LFAG__P1020274_ppp.jpg 683w, https:\/\/stevenson-fontainebleau.fr\/wp-content\/uploads\/2018\/03\/LOING_LFAG__P1020274_ppp-200x300.jpg 200w\" sizes=\"auto, (max-width: 683px) 100vw, 683px\" \/><\/a>\n\t\t\t<\/div><\/figure><figure class='gallery-item'>\n\t\t\t<div class='gallery-icon landscape'>\n\t\t\t\t<a href='https:\/\/stevenson-fontainebleau.fr\/2026\/03\/24\/assemblee-generale-dimanche-29-mars\/loing_p1040296_w\/'><img loading=\"lazy\" decoding=\"async\" width=\"1280\" height=\"840\" src=\"https:\/\/stevenson-fontainebleau.fr\/wp-content\/uploads\/2018\/03\/LOING_P1040296_w.jpg\" class=\"attachment-full size-full\" alt=\"\" srcset=\"https:\/\/stevenson-fontainebleau.fr\/wp-content\/uploads\/2018\/03\/LOING_P1040296_w.jpg 1280w, https:\/\/stevenson-fontainebleau.fr\/wp-content\/uploads\/2018\/03\/LOING_P1040296_w-300x197.jpg 300w, https:\/\/stevenson-fontainebleau.fr\/wp-content\/uploads\/2018\/03\/LOING_P1040296_w-768x504.jpg 768w, https:\/\/stevenson-fontainebleau.fr\/wp-content\/uploads\/2018\/03\/LOING_P1040296_w-1024x672.jpg 1024w\" sizes=\"auto, (max-width: 1280px) 100vw, 1280px\" \/><\/a>\n\t\t\t<\/div><\/figure><figure class='gallery-item'>\n\t\t\t<div class='gallery-icon portrait'>\n\t\t\t\t<a href='https:\/\/stevenson-fontainebleau.fr\/2026\/03\/24\/assemblee-generale-dimanche-29-mars\/an_inland_voyage_-_couverture\/'><img loading=\"lazy\" decoding=\"async\" width=\"755\" height=\"1024\" src=\"https:\/\/stevenson-fontainebleau.fr\/wp-content\/uploads\/2018\/03\/An_Inland_Voyage_-_couverture.jpg\" class=\"attachment-full size-full\" alt=\"\" srcset=\"https:\/\/stevenson-fontainebleau.fr\/wp-content\/uploads\/2018\/03\/An_Inland_Voyage_-_couverture.jpg 755w, https:\/\/stevenson-fontainebleau.fr\/wp-content\/uploads\/2018\/03\/An_Inland_Voyage_-_couverture-221x300.jpg 221w\" sizes=\"auto, (max-width: 755px) 100vw, 755px\" \/><\/a>\n\t\t\t<\/div><\/figure><figure class='gallery-item'>\n\t\t\t<div class='gallery-icon landscape'>\n\t\t\t\t<a href='https:\/\/stevenson-fontainebleau.fr\/2026\/03\/24\/assemblee-generale-dimanche-29-mars\/loingg_sir-john-lavery-xx-bridge-at-grez-ppp\/'><img loading=\"lazy\" decoding=\"async\" width=\"1280\" height=\"510\" src=\"https:\/\/stevenson-fontainebleau.fr\/wp-content\/uploads\/2018\/03\/LOINGG_Sir-John-Lavery-xx-Bridge-at-Grez-ppp.jpg\" class=\"attachment-full size-full\" alt=\"\" srcset=\"https:\/\/stevenson-fontainebleau.fr\/wp-content\/uploads\/2018\/03\/LOINGG_Sir-John-Lavery-xx-Bridge-at-Grez-ppp.jpg 1280w, https:\/\/stevenson-fontainebleau.fr\/wp-content\/uploads\/2018\/03\/LOINGG_Sir-John-Lavery-xx-Bridge-at-Grez-ppp-300x120.jpg 300w, https:\/\/stevenson-fontainebleau.fr\/wp-content\/uploads\/2018\/03\/LOINGG_Sir-John-Lavery-xx-Bridge-at-Grez-ppp-768x306.jpg 768w, https:\/\/stevenson-fontainebleau.fr\/wp-content\/uploads\/2018\/03\/LOINGG_Sir-John-Lavery-xx-Bridge-at-Grez-ppp-1024x408.jpg 1024w\" sizes=\"auto, (max-width: 1280px) 100vw, 1280px\" \/><\/a>\n\t\t\t<\/div><\/figure>\n\t\t<\/div>\n\n<p>&nbsp;<\/p>\n","protected":false},"excerpt":{"rendered":"<p>P\u00e9rissoires, l&rsquo;Ar\u00e9thuse et la Cigarette Dans la mythologie grecque, Ar\u00e9thuse\u00a0 est une nymphe du cort\u00e8ge d&rsquo;Art\u00e9mis. \u00c9tant la fille de N\u00e9r\u00e9e, elle est aussi une N\u00e9r\u00e9ide. Au lendemain de leur funambulesque aventure avec le commissaire de police de Ch\u00e2tillon, Stevenson et Sir Walter Simpson, arriv\u00e9s \u00e0 Grez, amarraient leurs p\u00e9rissoires, l\u2019Ar\u00e9thuse et la Cigarette, devant &hellip; <a href=\"https:\/\/stevenson-fontainebleau.fr\/2026\/03\/24\/assemblee-generale-dimanche-29-mars\/rl-stevenson\/perissoires\/\" class=\"more-link\">Continuer la lecture de <span class=\"screen-reader-text\">P\u00c9RISSOIRES<\/span>  <span class=\"meta-nav\">&rarr;<\/span><\/a><\/p>\n","protected":false},"author":1,"featured_media":0,"parent":44,"menu_order":7,"comment_status":"closed","ping_status":"closed","template":"","meta":{"footnotes":""},"class_list":["post-3906","page","type-page","status-publish","hentry"],"_links":{"self":[{"href":"https:\/\/stevenson-fontainebleau.fr\/2026\/03\/24\/assemblee-generale-dimanche-29-mars\/wp-json\/wp\/v2\/pages\/3906","targetHints":{"allow":["GET"]}}],"collection":[{"href":"https:\/\/stevenson-fontainebleau.fr\/2026\/03\/24\/assemblee-generale-dimanche-29-mars\/wp-json\/wp\/v2\/pages"}],"about":[{"href":"https:\/\/stevenson-fontainebleau.fr\/2026\/03\/24\/assemblee-generale-dimanche-29-mars\/wp-json\/wp\/v2\/types\/page"}],"author":[{"embeddable":true,"href":"https:\/\/stevenson-fontainebleau.fr\/2026\/03\/24\/assemblee-generale-dimanche-29-mars\/wp-json\/wp\/v2\/users\/1"}],"replies":[{"embeddable":true,"href":"https:\/\/stevenson-fontainebleau.fr\/2026\/03\/24\/assemblee-generale-dimanche-29-mars\/wp-json\/wp\/v2\/comments?post=3906"}],"version-history":[{"count":1,"href":"https:\/\/stevenson-fontainebleau.fr\/2026\/03\/24\/assemblee-generale-dimanche-29-mars\/wp-json\/wp\/v2\/pages\/3906\/revisions"}],"predecessor-version":[{"id":3907,"href":"https:\/\/stevenson-fontainebleau.fr\/2026\/03\/24\/assemblee-generale-dimanche-29-mars\/wp-json\/wp\/v2\/pages\/3906\/revisions\/3907"}],"up":[{"embeddable":true,"href":"https:\/\/stevenson-fontainebleau.fr\/2026\/03\/24\/assemblee-generale-dimanche-29-mars\/wp-json\/wp\/v2\/pages\/44"}],"wp:attachment":[{"href":"https:\/\/stevenson-fontainebleau.fr\/2026\/03\/24\/assemblee-generale-dimanche-29-mars\/wp-json\/wp\/v2\/media?parent=3906"}],"curies":[{"name":"wp","href":"https:\/\/api.w.org\/{rel}","templated":true}]}}