{"id":3904,"date":"2023-08-02T13:38:28","date_gmt":"2023-08-02T12:38:28","guid":{"rendered":"https:\/\/stevenson-fontainebleau.fr\/?page_id=3904"},"modified":"2023-08-02T13:38:28","modified_gmt":"2023-08-02T12:38:28","slug":"comment-etre-heureux","status":"publish","type":"page","link":"https:\/\/stevenson-fontainebleau.fr\/2026\/03\/24\/assemblee-generale-dimanche-29-mars\/rl-stevenson\/comment-etre-heureux\/","title":{"rendered":"COMMENT \u00caTRE HEUREUX"},"content":{"rendered":"<h5>Robert Louis Stevenson\u00a0 a compos\u00e9 un ensemble de r\u00e8gles simples qui a pour but d\u2019 aider\u00a0 \u00e0 \u00eatre plus heureux&#x2665;.<\/h5>\n<pre><img loading=\"lazy\" decoding=\"async\" class=\"aligncenter wp-image-1507\" src=\"http:\/\/stevenson-fontainebleau.fr\/wp-content\/uploads\/2018\/03\/rosier-RLS-1024x528.jpg\" alt=\"\" width=\"521\" height=\"244\" \/>D\u00e9cide d\u2019\u00eatre heureux. Apprends \u00e0 trouver du plaisir dans les choses simples.<\/pre>\n<p>Tire le meilleur parti possible de tes situations. Nul ne poss\u00e8de tout et tout le monde a une certaine tristesse m\u00eal\u00e9e aux plaisirs de la vie. Le secret consiste \u00e0 rire plus qu\u2019on ne pleure.<\/p>\n<p>Sois indulgent avec toi-m\u00eame. Ne te prends pas trop au s\u00e9rieux. Et ne crois pas que tu dois \u00eatre prot\u00e9g\u00e9 des malheurs qui frappent les autres.<\/p>\n<p>Ne te soucie pas des critiques. Tu ne peux plaire \u00e0 tout le monde.<\/p>\n<p>Fixe tes propres normes et tes propres buts. Sois toi-m\u00eame et explore tes propres limites.<\/p>\n<p>Fais ce que tu aimes faire, mais sans t\u2019endetter.<\/p>\n<p>Ne cherche pas les ennuis. Les fardeaux imaginaires sont plus lourds \u00e0 porter que les vrais.<\/p>\n<p>D\u00e9barrasse-toi de tes ranc\u0153urs. La haine, l\u2019envie et la col\u00e8re te rongeront de l\u2019int\u00e9rieur.<\/p>\n<p>Multiplie tes int\u00e9r\u00eats. Si tu ne peux voyager, parcours le monde par tes lectures.<\/p>\n<p>Ne te laisse pas terrasser par les regrets. Surmonte tes tristesses et tes erreurs et ne conserve que les le\u00e7ons utiles qu\u2019elles t\u2019ont apprises.<\/p>\n<p>Fais ce que tu peux pour les gens moins fortun\u00e9s que toi.<\/p>\n<p>Tiens-toi occup\u00e9. Quiconque est tr\u00e8s occup\u00e9 n\u2019a pas le temps d\u2019\u00eatre malheureux.<\/p>\n<p>Robert Louis Stevenson<\/p>\n","protected":false},"excerpt":{"rendered":"<p>Robert Louis Stevenson\u00a0 a compos\u00e9 un ensemble de r\u00e8gles simples qui a pour but d\u2019 aider\u00a0 \u00e0 \u00eatre plus heureux&#x2665;. D\u00e9cide d\u2019\u00eatre heureux. Apprends \u00e0 trouver du plaisir dans les choses simples. Tire le meilleur parti possible de tes situations. Nul ne poss\u00e8de tout et tout le monde a une certaine tristesse m\u00eal\u00e9e aux plaisirs &hellip; <a href=\"https:\/\/stevenson-fontainebleau.fr\/2026\/03\/24\/assemblee-generale-dimanche-29-mars\/rl-stevenson\/comment-etre-heureux\/\" class=\"more-link\">Continuer la lecture de <span class=\"screen-reader-text\">COMMENT \u00caTRE HEUREUX<\/span>  <span class=\"meta-nav\">&rarr;<\/span><\/a><\/p>\n","protected":false},"author":1,"featured_media":0,"parent":44,"menu_order":1,"comment_status":"closed","ping_status":"closed","template":"","meta":{"footnotes":""},"class_list":["post-3904","page","type-page","status-publish","hentry"],"_links":{"self":[{"href":"https:\/\/stevenson-fontainebleau.fr\/2026\/03\/24\/assemblee-generale-dimanche-29-mars\/wp-json\/wp\/v2\/pages\/3904","targetHints":{"allow":["GET"]}}],"collection":[{"href":"https:\/\/stevenson-fontainebleau.fr\/2026\/03\/24\/assemblee-generale-dimanche-29-mars\/wp-json\/wp\/v2\/pages"}],"about":[{"href":"https:\/\/stevenson-fontainebleau.fr\/2026\/03\/24\/assemblee-generale-dimanche-29-mars\/wp-json\/wp\/v2\/types\/page"}],"author":[{"embeddable":true,"href":"https:\/\/stevenson-fontainebleau.fr\/2026\/03\/24\/assemblee-generale-dimanche-29-mars\/wp-json\/wp\/v2\/users\/1"}],"replies":[{"embeddable":true,"href":"https:\/\/stevenson-fontainebleau.fr\/2026\/03\/24\/assemblee-generale-dimanche-29-mars\/wp-json\/wp\/v2\/comments?post=3904"}],"version-history":[{"count":1,"href":"https:\/\/stevenson-fontainebleau.fr\/2026\/03\/24\/assemblee-generale-dimanche-29-mars\/wp-json\/wp\/v2\/pages\/3904\/revisions"}],"predecessor-version":[{"id":3905,"href":"https:\/\/stevenson-fontainebleau.fr\/2026\/03\/24\/assemblee-generale-dimanche-29-mars\/wp-json\/wp\/v2\/pages\/3904\/revisions\/3905"}],"up":[{"embeddable":true,"href":"https:\/\/stevenson-fontainebleau.fr\/2026\/03\/24\/assemblee-generale-dimanche-29-mars\/wp-json\/wp\/v2\/pages\/44"}],"wp:attachment":[{"href":"https:\/\/stevenson-fontainebleau.fr\/2026\/03\/24\/assemblee-generale-dimanche-29-mars\/wp-json\/wp\/v2\/media?parent=3904"}],"curies":[{"name":"wp","href":"https:\/\/api.w.org\/{rel}","templated":true}]}}