{"id":3902,"date":"2023-08-02T13:35:09","date_gmt":"2023-08-02T12:35:09","guid":{"rendered":"https:\/\/stevenson-fontainebleau.fr\/?page_id=3902"},"modified":"2023-08-02T13:39:06","modified_gmt":"2023-08-02T12:39:06","slug":"ce-vieux-pont-accroche-sur-les-cimaises-du-monde-entier","status":"publish","type":"page","link":"https:\/\/stevenson-fontainebleau.fr\/2026\/03\/24\/assemblee-generale-dimanche-29-mars\/rl-stevenson\/ce-vieux-pont-accroche-sur-les-cimaises-du-monde-entier\/","title":{"rendered":"\u00ab\u00a0Ce vieux pont, accroch\u00e9 sur les cimaises du monde entier&#8230;\u00a0\u00bb"},"content":{"rendered":"<p><img loading=\"lazy\" decoding=\"async\" class=\" wp-image-3071 aligncenter\" src=\"http:\/\/stevenson-fontainebleau.fr\/wp-content\/uploads\/2021\/06\/plaque-corotBTN_8749_p1920B-1024x683.jpg\" alt=\"\" width=\"486\" height=\"324\" srcset=\"https:\/\/stevenson-fontainebleau.fr\/wp-content\/uploads\/2021\/06\/plaque-corotBTN_8749_p1920B-1024x683.jpg 1024w, https:\/\/stevenson-fontainebleau.fr\/wp-content\/uploads\/2021\/06\/plaque-corotBTN_8749_p1920B-300x200.jpg 300w, https:\/\/stevenson-fontainebleau.fr\/wp-content\/uploads\/2021\/06\/plaque-corotBTN_8749_p1920B-768x512.jpg 768w, https:\/\/stevenson-fontainebleau.fr\/wp-content\/uploads\/2021\/06\/plaque-corotBTN_8749_p1920B-1536x1024.jpg 1536w, https:\/\/stevenson-fontainebleau.fr\/wp-content\/uploads\/2021\/06\/plaque-corotBTN_8749_p1920B.jpg 1920w\" sizes=\"auto, (max-width: 486px) 100vw, 486px\" \/><\/p>\n<p><a href=\"https:\/\/www.facebook.com\/artistesduboutdumonde\/\" target=\"_blank\" rel=\"noopener\">\u00ab\u00a0Artistes du Bout du Monde\u00a0\u00bb<\/a> a mis ce pont \u00e0 l&rsquo;honneur samedi 19 juin 2021 par l&rsquo;inauguration de la plaque d\u00e9di\u00e9e au peintre Jean-Baptiste Camille Corot.<\/p>\n<p><a href=\"http:\/\/artistes-grezsurloing.fr\/\" target=\"_blank\" rel=\"noopener\">\u00a0association Artistes du Bout du Monde (artistes-grezsurloing.fr)<\/a><\/p>\n<p>&nbsp;<\/p>\n<p><em>\u00ab\u00a0Ce vieux pont, accroch\u00e9 sur les cimaises du monde entier\u2026\u00a0\u00bb, ainsi s&rsquo;exprimait Robert Louis Stevenson sur le pont de Grez-sur-Loing.<\/em><\/p>\n<p>&nbsp;<\/p>\n<p>Un groupe de &lsquo;Stevensonien&rsquo;, dont notre pr\u00e9sident, \u00e9tait pr\u00e9sent \u00e0 la c\u00e9r\u00e9monie, entourant la pr\u00e9sidente d&rsquo;Artistes du bout du monde&rsquo;, Nelly Dumoulin.<\/p>\n<p>Nous remercions l&rsquo;h\u00f4tel Chevillon pour son accueil.<\/p>\n<p>Photos prises par Jean-Paul Battin :<\/p>\n<div id='gallery-1' class='gallery galleryid-3902 gallery-columns-2 gallery-size-medium'><figure class='gallery-item'>\n\t\t\t<div class='gallery-icon landscape'>\n\t\t\t\t<a href='https:\/\/stevenson-fontainebleau.fr\/2026\/03\/24\/assemblee-generale-dimanche-29-mars\/_btn1692_w\/'><img loading=\"lazy\" decoding=\"async\" width=\"300\" height=\"184\" src=\"https:\/\/stevenson-fontainebleau.fr\/wp-content\/uploads\/2021\/06\/BTN1692_w-300x184.jpg\" class=\"attachment-medium size-medium\" alt=\"\" srcset=\"https:\/\/stevenson-fontainebleau.fr\/wp-content\/uploads\/2021\/06\/BTN1692_w-300x184.jpg 300w, https:\/\/stevenson-fontainebleau.fr\/wp-content\/uploads\/2021\/06\/BTN1692_w-1024x629.jpg 1024w, https:\/\/stevenson-fontainebleau.fr\/wp-content\/uploads\/2021\/06\/BTN1692_w-768x472.jpg 768w, https:\/\/stevenson-fontainebleau.fr\/wp-content\/uploads\/2021\/06\/BTN1692_w.jpg 1280w\" sizes=\"auto, (max-width: 300px) 100vw, 300px\" \/><\/a>\n\t\t\t<\/div><\/figure><figure class='gallery-item'>\n\t\t\t<div class='gallery-icon landscape'>\n\t\t\t\t<a href='https:\/\/stevenson-fontainebleau.fr\/2026\/03\/24\/assemblee-generale-dimanche-29-mars\/_btn1690_w\/'><img loading=\"lazy\" decoding=\"async\" width=\"300\" height=\"197\" src=\"https:\/\/stevenson-fontainebleau.fr\/wp-content\/uploads\/2021\/06\/BTN1690_w-300x197.jpg\" class=\"attachment-medium size-medium\" alt=\"\" srcset=\"https:\/\/stevenson-fontainebleau.fr\/wp-content\/uploads\/2021\/06\/BTN1690_w-300x197.jpg 300w, https:\/\/stevenson-fontainebleau.fr\/wp-content\/uploads\/2021\/06\/BTN1690_w-1024x672.jpg 1024w, https:\/\/stevenson-fontainebleau.fr\/wp-content\/uploads\/2021\/06\/BTN1690_w-768x504.jpg 768w, https:\/\/stevenson-fontainebleau.fr\/wp-content\/uploads\/2021\/06\/BTN1690_w.jpg 1280w\" sizes=\"auto, (max-width: 300px) 100vw, 300px\" \/><\/a>\n\t\t\t<\/div><\/figure><figure class='gallery-item'>\n\t\t\t<div class='gallery-icon landscape'>\n\t\t\t\t<a href='https:\/\/stevenson-fontainebleau.fr\/2026\/03\/24\/assemblee-generale-dimanche-29-mars\/_btn1726_w\/'><img loading=\"lazy\" decoding=\"async\" width=\"300\" height=\"300\" src=\"https:\/\/stevenson-fontainebleau.fr\/wp-content\/uploads\/2021\/06\/BTN1726_w-300x300.jpg\" class=\"attachment-medium size-medium\" alt=\"\" srcset=\"https:\/\/stevenson-fontainebleau.fr\/wp-content\/uploads\/2021\/06\/BTN1726_w-300x300.jpg 300w, https:\/\/stevenson-fontainebleau.fr\/wp-content\/uploads\/2021\/06\/BTN1726_w-1024x1024.jpg 1024w, https:\/\/stevenson-fontainebleau.fr\/wp-content\/uploads\/2021\/06\/BTN1726_w-150x150.jpg 150w, https:\/\/stevenson-fontainebleau.fr\/wp-content\/uploads\/2021\/06\/BTN1726_w-768x768.jpg 768w, https:\/\/stevenson-fontainebleau.fr\/wp-content\/uploads\/2021\/06\/BTN1726_w.jpg 1090w\" sizes=\"auto, (max-width: 300px) 100vw, 300px\" \/><\/a>\n\t\t\t<\/div><\/figure><figure class='gallery-item'>\n\t\t\t<div class='gallery-icon landscape'>\n\t\t\t\t<a href='https:\/\/stevenson-fontainebleau.fr\/2026\/03\/24\/assemblee-generale-dimanche-29-mars\/_btn1720_w\/'><img loading=\"lazy\" decoding=\"async\" width=\"300\" height=\"300\" src=\"https:\/\/stevenson-fontainebleau.fr\/wp-content\/uploads\/2021\/06\/BTN1720_w-300x300.jpg\" class=\"attachment-medium size-medium\" alt=\"\" srcset=\"https:\/\/stevenson-fontainebleau.fr\/wp-content\/uploads\/2021\/06\/BTN1720_w-300x300.jpg 300w, https:\/\/stevenson-fontainebleau.fr\/wp-content\/uploads\/2021\/06\/BTN1720_w-1024x1024.jpg 1024w, https:\/\/stevenson-fontainebleau.fr\/wp-content\/uploads\/2021\/06\/BTN1720_w-150x150.jpg 150w, https:\/\/stevenson-fontainebleau.fr\/wp-content\/uploads\/2021\/06\/BTN1720_w-768x768.jpg 768w, https:\/\/stevenson-fontainebleau.fr\/wp-content\/uploads\/2021\/06\/BTN1720_w.jpg 1090w\" sizes=\"auto, (max-width: 300px) 100vw, 300px\" \/><\/a>\n\t\t\t<\/div><\/figure><figure class='gallery-item'>\n\t\t\t<div class='gallery-icon landscape'>\n\t\t\t\t<a href='https:\/\/stevenson-fontainebleau.fr\/2026\/03\/24\/assemblee-generale-dimanche-29-mars\/_btn1711_w\/'><img loading=\"lazy\" decoding=\"async\" width=\"300\" height=\"300\" src=\"https:\/\/stevenson-fontainebleau.fr\/wp-content\/uploads\/2021\/06\/BTN1711_w-300x300.jpg\" class=\"attachment-medium size-medium\" alt=\"\" srcset=\"https:\/\/stevenson-fontainebleau.fr\/wp-content\/uploads\/2021\/06\/BTN1711_w-300x300.jpg 300w, https:\/\/stevenson-fontainebleau.fr\/wp-content\/uploads\/2021\/06\/BTN1711_w-1024x1024.jpg 1024w, https:\/\/stevenson-fontainebleau.fr\/wp-content\/uploads\/2021\/06\/BTN1711_w-150x150.jpg 150w, https:\/\/stevenson-fontainebleau.fr\/wp-content\/uploads\/2021\/06\/BTN1711_w-768x768.jpg 768w, https:\/\/stevenson-fontainebleau.fr\/wp-content\/uploads\/2021\/06\/BTN1711_w.jpg 1090w\" sizes=\"auto, (max-width: 300px) 100vw, 300px\" \/><\/a>\n\t\t\t<\/div><\/figure><figure class='gallery-item'>\n\t\t\t<div class='gallery-icon landscape'>\n\t\t\t\t<a href='https:\/\/stevenson-fontainebleau.fr\/2026\/03\/24\/assemblee-generale-dimanche-29-mars\/_btn1710_w\/'><img loading=\"lazy\" decoding=\"async\" width=\"300\" height=\"199\" src=\"https:\/\/stevenson-fontainebleau.fr\/wp-content\/uploads\/2021\/06\/BTN1710_w-300x199.jpg\" class=\"attachment-medium size-medium\" alt=\"\" srcset=\"https:\/\/stevenson-fontainebleau.fr\/wp-content\/uploads\/2021\/06\/BTN1710_w-300x199.jpg 300w, https:\/\/stevenson-fontainebleau.fr\/wp-content\/uploads\/2021\/06\/BTN1710_w-1024x678.jpg 1024w, https:\/\/stevenson-fontainebleau.fr\/wp-content\/uploads\/2021\/06\/BTN1710_w-768x509.jpg 768w, https:\/\/stevenson-fontainebleau.fr\/wp-content\/uploads\/2021\/06\/BTN1710_w.jpg 1280w\" sizes=\"auto, (max-width: 300px) 100vw, 300px\" \/><\/a>\n\t\t\t<\/div><\/figure><figure class='gallery-item'>\n\t\t\t<div class='gallery-icon landscape'>\n\t\t\t\t<a href='https:\/\/stevenson-fontainebleau.fr\/2026\/03\/24\/assemblee-generale-dimanche-29-mars\/_btn1703_w\/'><img loading=\"lazy\" decoding=\"async\" width=\"300\" height=\"199\" src=\"https:\/\/stevenson-fontainebleau.fr\/wp-content\/uploads\/2021\/06\/BTN1703_w-300x199.jpg\" class=\"attachment-medium size-medium\" alt=\"\" srcset=\"https:\/\/stevenson-fontainebleau.fr\/wp-content\/uploads\/2021\/06\/BTN1703_w-300x199.jpg 300w, https:\/\/stevenson-fontainebleau.fr\/wp-content\/uploads\/2021\/06\/BTN1703_w-1024x678.jpg 1024w, https:\/\/stevenson-fontainebleau.fr\/wp-content\/uploads\/2021\/06\/BTN1703_w-768x509.jpg 768w, https:\/\/stevenson-fontainebleau.fr\/wp-content\/uploads\/2021\/06\/BTN1703_w.jpg 1280w\" sizes=\"auto, (max-width: 300px) 100vw, 300px\" \/><\/a>\n\t\t\t<\/div><\/figure><figure class='gallery-item'>\n\t\t\t<div class='gallery-icon landscape'>\n\t\t\t\t<a href='https:\/\/stevenson-fontainebleau.fr\/2026\/03\/24\/assemblee-generale-dimanche-29-mars\/_btn1700_w\/'><img loading=\"lazy\" decoding=\"async\" width=\"300\" height=\"166\" src=\"https:\/\/stevenson-fontainebleau.fr\/wp-content\/uploads\/2021\/06\/BTN1700_w-300x166.jpg\" class=\"attachment-medium size-medium\" alt=\"\" srcset=\"https:\/\/stevenson-fontainebleau.fr\/wp-content\/uploads\/2021\/06\/BTN1700_w-300x166.jpg 300w, https:\/\/stevenson-fontainebleau.fr\/wp-content\/uploads\/2021\/06\/BTN1700_w-1024x568.jpg 1024w, https:\/\/stevenson-fontainebleau.fr\/wp-content\/uploads\/2021\/06\/BTN1700_w-768x426.jpg 768w, https:\/\/stevenson-fontainebleau.fr\/wp-content\/uploads\/2021\/06\/BTN1700_w-672x372.jpg 672w, https:\/\/stevenson-fontainebleau.fr\/wp-content\/uploads\/2021\/06\/BTN1700_w-1038x576.jpg 1038w, https:\/\/stevenson-fontainebleau.fr\/wp-content\/uploads\/2021\/06\/BTN1700_w.jpg 1280w\" sizes=\"auto, (max-width: 300px) 100vw, 300px\" \/><\/a>\n\t\t\t<\/div><\/figure>\n\t\t<\/div>\n\n<p>&nbsp;<\/p>\n","protected":false},"excerpt":{"rendered":"<p>\u00ab\u00a0Artistes du Bout du Monde\u00a0\u00bb a mis ce pont \u00e0 l&rsquo;honneur samedi 19 juin 2021 par l&rsquo;inauguration de la plaque d\u00e9di\u00e9e au peintre Jean-Baptiste Camille Corot. \u00a0association Artistes du Bout du Monde (artistes-grezsurloing.fr) &nbsp; \u00ab\u00a0Ce vieux pont, accroch\u00e9 sur les cimaises du monde entier\u2026\u00a0\u00bb, ainsi s&rsquo;exprimait Robert Louis Stevenson sur le pont de Grez-sur-Loing. &nbsp; &hellip; <a href=\"https:\/\/stevenson-fontainebleau.fr\/2026\/03\/24\/assemblee-generale-dimanche-29-mars\/rl-stevenson\/ce-vieux-pont-accroche-sur-les-cimaises-du-monde-entier\/\" class=\"more-link\">Continuer la lecture de <span class=\"screen-reader-text\">\u00ab\u00a0Ce vieux pont, accroch\u00e9 sur les cimaises du monde entier&#8230;\u00a0\u00bb<\/span>  <span class=\"meta-nav\">&rarr;<\/span><\/a><\/p>\n","protected":false},"author":1,"featured_media":0,"parent":44,"menu_order":2,"comment_status":"closed","ping_status":"closed","template":"","meta":{"footnotes":""},"class_list":["post-3902","page","type-page","status-publish","hentry"],"_links":{"self":[{"href":"https:\/\/stevenson-fontainebleau.fr\/2026\/03\/24\/assemblee-generale-dimanche-29-mars\/wp-json\/wp\/v2\/pages\/3902","targetHints":{"allow":["GET"]}}],"collection":[{"href":"https:\/\/stevenson-fontainebleau.fr\/2026\/03\/24\/assemblee-generale-dimanche-29-mars\/wp-json\/wp\/v2\/pages"}],"about":[{"href":"https:\/\/stevenson-fontainebleau.fr\/2026\/03\/24\/assemblee-generale-dimanche-29-mars\/wp-json\/wp\/v2\/types\/page"}],"author":[{"embeddable":true,"href":"https:\/\/stevenson-fontainebleau.fr\/2026\/03\/24\/assemblee-generale-dimanche-29-mars\/wp-json\/wp\/v2\/users\/1"}],"replies":[{"embeddable":true,"href":"https:\/\/stevenson-fontainebleau.fr\/2026\/03\/24\/assemblee-generale-dimanche-29-mars\/wp-json\/wp\/v2\/comments?post=3902"}],"version-history":[{"count":1,"href":"https:\/\/stevenson-fontainebleau.fr\/2026\/03\/24\/assemblee-generale-dimanche-29-mars\/wp-json\/wp\/v2\/pages\/3902\/revisions"}],"predecessor-version":[{"id":3903,"href":"https:\/\/stevenson-fontainebleau.fr\/2026\/03\/24\/assemblee-generale-dimanche-29-mars\/wp-json\/wp\/v2\/pages\/3902\/revisions\/3903"}],"up":[{"embeddable":true,"href":"https:\/\/stevenson-fontainebleau.fr\/2026\/03\/24\/assemblee-generale-dimanche-29-mars\/wp-json\/wp\/v2\/pages\/44"}],"wp:attachment":[{"href":"https:\/\/stevenson-fontainebleau.fr\/2026\/03\/24\/assemblee-generale-dimanche-29-mars\/wp-json\/wp\/v2\/media?parent=3902"}],"curies":[{"name":"wp","href":"https:\/\/api.w.org\/{rel}","templated":true}]}}