{"id":3884,"date":"2023-08-02T12:33:30","date_gmt":"2023-08-02T11:33:30","guid":{"rendered":"https:\/\/stevenson-fontainebleau.fr\/?page_id=3884"},"modified":"2023-08-02T12:33:30","modified_gmt":"2023-08-02T11:33:30","slug":"2021-des-voeux-des-promesses","status":"publish","type":"page","link":"https:\/\/stevenson-fontainebleau.fr\/2026\/03\/24\/assemblee-generale-dimanche-29-mars\/evenements-en-cours\/programme-des-activites-2021\/2021-des-voeux-des-promesses\/","title":{"rendered":"2021, des V\u0153ux ? des Promesses ?"},"content":{"rendered":"<p>2021, des V\u0153ux ? des Promesses ?<\/p>\n<p>L\u2019an dernier, \u00e0 la m\u00eame \u00e9poque, nous pr\u00e9parions notre assembl\u00e9e g\u00e9n\u00e9rale. Le programme \u00e9tait fourni<br \/>\nd\u2019activit\u00e9s physiques et culturelles dans les villages et le long des chemins. Une ann\u00e9e plus tard, il est<br \/>\nprobable que nous ne retrouverons pas ce moment de rencontre avant mars, peut \u00eatre avril, si le virus<br \/>\nse calme et le vaccin s\u2019active. Pendant ce temps, confin\u00e9s, d\u00e9confin\u00e9s, sous le couvre-feu, nous avons<br \/>\nproduit des gazettes, r\u00e9alis\u00e9s pendant l\u2019\u00e9t\u00e9 une bonne douzaine de randonn\u00e9es promenades, moments<br \/>\nheureux mais limit\u00e9s. Nous avons aussi lu et relu Stevenson et bien d\u2019autres. Une vie associative,<br \/>\ncollective, ne peut pourtant se r\u00e9sumer \u00e0 cela. Nous avons surtout accumul\u00e9 l\u2019envie de surmonter et de<br \/>\nd\u00e9passer cette p\u00e9riode, ensemble, lorsque le possible s\u2019esquissera. M\u00eame le pire finit un jour.<br \/>\nEtymologiquement, le v\u0153u est autant un d\u00e9sir qu\u2019une promesse. Alors promettons nous de n\u2019oublier ni<br \/>\nles projets imagin\u00e9s dans cette p\u00e9riode, ni notre ami Antoine qui vient de nous quitter.<\/p>\n<p>Michel Legros<\/p>\n<h3><a href=\"http:\/\/stevenson-fontainebleau.fr\/evenements\/programme-des-activites-2021\/chasse-au-tresor-stevenson-et-lartefact-onirique-le-6-novembre-2021%e2%80%b2\/chasse-au-tresor-stevenson-et-lartefact-onirique-le-6-novembre-2021%e2%80%b2\/\" target=\"_blank\" rel=\"noopener\">notre derni\u00e8re activit\u00e9 du 6 novembre 2021\u00a0<\/a><\/h3>\n","protected":false},"excerpt":{"rendered":"<p>2021, des V\u0153ux ? des Promesses ? L\u2019an dernier, \u00e0 la m\u00eame \u00e9poque, nous pr\u00e9parions notre assembl\u00e9e g\u00e9n\u00e9rale. Le programme \u00e9tait fourni d\u2019activit\u00e9s physiques et culturelles dans les villages et le long des chemins. Une ann\u00e9e plus tard, il est probable que nous ne retrouverons pas ce moment de rencontre avant mars, peut \u00eatre avril, &hellip; <a href=\"https:\/\/stevenson-fontainebleau.fr\/2026\/03\/24\/assemblee-generale-dimanche-29-mars\/evenements-en-cours\/programme-des-activites-2021\/2021-des-voeux-des-promesses\/\" class=\"more-link\">Continuer la lecture de <span class=\"screen-reader-text\">2021, des V\u0153ux ? des Promesses ?<\/span>  <span class=\"meta-nav\">&rarr;<\/span><\/a><\/p>\n","protected":false},"author":1,"featured_media":0,"parent":2995,"menu_order":0,"comment_status":"closed","ping_status":"closed","template":"","meta":{"footnotes":""},"class_list":["post-3884","page","type-page","status-publish","hentry"],"_links":{"self":[{"href":"https:\/\/stevenson-fontainebleau.fr\/2026\/03\/24\/assemblee-generale-dimanche-29-mars\/wp-json\/wp\/v2\/pages\/3884","targetHints":{"allow":["GET"]}}],"collection":[{"href":"https:\/\/stevenson-fontainebleau.fr\/2026\/03\/24\/assemblee-generale-dimanche-29-mars\/wp-json\/wp\/v2\/pages"}],"about":[{"href":"https:\/\/stevenson-fontainebleau.fr\/2026\/03\/24\/assemblee-generale-dimanche-29-mars\/wp-json\/wp\/v2\/types\/page"}],"author":[{"embeddable":true,"href":"https:\/\/stevenson-fontainebleau.fr\/2026\/03\/24\/assemblee-generale-dimanche-29-mars\/wp-json\/wp\/v2\/users\/1"}],"replies":[{"embeddable":true,"href":"https:\/\/stevenson-fontainebleau.fr\/2026\/03\/24\/assemblee-generale-dimanche-29-mars\/wp-json\/wp\/v2\/comments?post=3884"}],"version-history":[{"count":1,"href":"https:\/\/stevenson-fontainebleau.fr\/2026\/03\/24\/assemblee-generale-dimanche-29-mars\/wp-json\/wp\/v2\/pages\/3884\/revisions"}],"predecessor-version":[{"id":3885,"href":"https:\/\/stevenson-fontainebleau.fr\/2026\/03\/24\/assemblee-generale-dimanche-29-mars\/wp-json\/wp\/v2\/pages\/3884\/revisions\/3885"}],"up":[{"embeddable":true,"href":"https:\/\/stevenson-fontainebleau.fr\/2026\/03\/24\/assemblee-generale-dimanche-29-mars\/wp-json\/wp\/v2\/pages\/2995"}],"wp:attachment":[{"href":"https:\/\/stevenson-fontainebleau.fr\/2026\/03\/24\/assemblee-generale-dimanche-29-mars\/wp-json\/wp\/v2\/media?parent=3884"}],"curies":[{"name":"wp","href":"https:\/\/api.w.org\/{rel}","templated":true}]}}