{"id":3879,"date":"2023-08-02T12:05:11","date_gmt":"2023-08-02T11:05:11","guid":{"rendered":"https:\/\/stevenson-fontainebleau.fr\/?page_id=3879"},"modified":"2023-08-02T12:05:11","modified_gmt":"2023-08-02T11:05:11","slug":"rosier-robert-louis-stevenson-2","status":"publish","type":"page","link":"https:\/\/stevenson-fontainebleau.fr\/2026\/03\/24\/assemblee-generale-dimanche-29-mars\/evenements-en-cours\/evenements-2017\/rosier-robert-louis-stevenson-2\/","title":{"rendered":"ROSIER ROBERT LOUIS STEVENSON"},"content":{"rendered":"<h2 style=\"text-align: center;\">Bapt\u00eame du 13 d\u00e9cembre 2017<\/h2>\n<p><span style=\"color: #000000; font-family: Calibri;\">Et voil\u00e0, apr\u00e8s un long travail d&rsquo;horticulteur, ( merci aux rosiers Andr\u00e9 Eve), une souscription r\u00e9ussie (merci \u00e0 toutes et \u00e0 tous pour vos soutiens), l&rsquo;heure est venue du bapt\u00eame ( merci au maire de Fontainebleau) et un grand merci \u00e0 Alexandra Lapierre pour avoir accept\u00e9 d&rsquo;\u00eatre la marraine de ce rosier, apr\u00e8s avoir \u00e9crit un fabuleux\u00a0 \u00ab\u00a0Fanny Stevenson\u00a0\u00bb<\/span><\/p>\n<p><a href=\"http:\/\/stevenson-fontainebleau.fr\/wp-content\/uploads\/2018\/02\/rosier.jpg\" target=\"_blank\" rel=\"noopener\"><img loading=\"lazy\" decoding=\"async\" class=\"size-medium wp-image-1444 alignnone aligncenter\" src=\"http:\/\/stevenson-fontainebleau.fr\/wp-content\/uploads\/2018\/02\/rosier-212x300.jpg\" alt=\"\" width=\"212\" height=\"300\" srcset=\"https:\/\/stevenson-fontainebleau.fr\/wp-content\/uploads\/2018\/02\/rosier-212x300.jpg 212w, https:\/\/stevenson-fontainebleau.fr\/wp-content\/uploads\/2018\/02\/rosier.jpg 595w\" sizes=\"auto, (max-width: 212px) 100vw, 212px\" \/>______________________________________________________________________________________________________________________________________________________<\/a><\/p>\n<h4 style=\"text-align: center;\"><a href=\"http:\/\/stevenson-fontainebleau.fr\/wp-content\/uploads\/2018\/03\/Vous-souhaitez-planter-un-rosier-EVE-\u00e0-racine-nue-\u00ab-Robert-Louis-STEVENSON-\u00bb-dans-votre-jardin-1.pdf\" target=\"_blank\" rel=\"noopener\">Vous souhaitez planter un rosier \u00ab Robert Louis STEVENSON \u00bb dans votre jardin<img loading=\"lazy\" decoding=\"async\" class=\"size-medium wp-image-1507 aligncenter\" src=\"http:\/\/stevenson-fontainebleau.fr\/wp-content\/uploads\/2018\/03\/rosier-RLS-300x155.jpg\" alt=\"\" width=\"300\" height=\"155\" srcset=\"https:\/\/stevenson-fontainebleau.fr\/wp-content\/uploads\/2018\/03\/rosier-RLS-300x155.jpg 300w, https:\/\/stevenson-fontainebleau.fr\/wp-content\/uploads\/2018\/03\/rosier-RLS-768x396.jpg 768w, https:\/\/stevenson-fontainebleau.fr\/wp-content\/uploads\/2018\/03\/rosier-RLS-1024x528.jpg 1024w, https:\/\/stevenson-fontainebleau.fr\/wp-content\/uploads\/2018\/03\/rosier-RLS.jpg 1280w\" sizes=\"auto, (max-width: 300px) 100vw, 300px\" \/><\/a><\/h4>\n<p><strong>rosier buissonnant r\u00e9alis\u00e9 \u00e0 l\u2019initiative de notre association par le rosi\u00e9riste EVE, c\u2019est encore possible jusqu\u2019\u00e0 fin mars 2018<\/strong><\/p>\n<p><strong> au prix de 18 euros. Apr\u00e8s, il faudra attendre mai-juin pour des rosiers en container\u2026<\/strong><\/p>\n<h4 style=\"text-align: center;\"><\/h4>\n<p style=\"text-align: center;\">Cliquez sur l&rsquo;image<\/p>\n<p>_____________________________________________________________________________________________________________________________________________________<\/p>\n<p>Ville de Fontainebleau<\/p>\n<p><span id=\"fbPhotoSnowliftCaption\" class=\"fbPhotosPhotoCaption\" tabindex=\"0\" aria-live=\"polite\" data-ft=\"{&quot;tn&quot;:&quot;K&quot;}\"><span class=\"hasCaption\">L\u2019association \u201cRobert Louis Stevenson de Barbizon \u00e0 Grez\u201d , membre du r\u00e9seau europ\u00e9en \u201cSur les traces de Robert Louis Stevenson\u201d (porteur de l\u2019Itin\u00e9raire culturel du Conseil de l\u2019Europe et membre de la F\u00e9d\u00e9ration fran\u00e7aise des Itin\u00e9raires culturels europ\u00e9ens), a inaugur\u00e9 ce matin devant l\u2019H\u00f4tel de Ville de <a class=\"_58cn\" href=\"https:\/\/www.facebook.com\/hashtag\/fontainebleau\" data-ft=\"{&quot;tn&quot;:&quot;*N&quot;,&quot;type&quot;:104}\">#Fontainebleau<\/a><\/span><\/span><span id=\"fbPhotoSnowliftCaption\" class=\"fbPhotosPhotoCaption\" tabindex=\"0\" aria-live=\"polite\" data-ft=\"{&quot;tn&quot;:&quot;K&quot;}\"><span class=\"hasCaption\">, en pr\u00e9sence de son pr\u00e9sident Michel Legros, Alexandra Lapierre, romanci\u00e8re et marraine du rosier Robert Louis Stevenson et de <a href=\"https:\/\/www.facebook.com\/frederic.valletoux.9\" data-hovercard=\"\/ajax\/hovercard\/user.php?id=100013172857812&amp;extragetparams=%7B%22directed_target_id%22%3Anull%2C%22groups_location%22%3Anull%7D\" data-hovercard-prefer-more-content-show=\"1\">Fr\u00e9d\u00e9ric Valletoux<\/a>, un rosier \u00ab\u00a0Stevenson\u00a0\u00bb sp\u00e9cialement cr\u00e9e pour fleurir les villes, villages et chemins de randonn\u00e9es de l&rsquo;itin\u00e9raire !<\/span><\/span><span id=\"fbPhotoSnowliftTagList\" class=\"fbPhotoTagList hidden_elem\"><\/span><\/p>\n<p><img loading=\"lazy\" decoding=\"async\" class=\"wp-image-1581 alignnone\" src=\"http:\/\/stevenson-fontainebleau.fr\/wp-content\/uploads\/2018\/03\/Capture-284x300.jpg\" alt=\"\" width=\"215\" height=\"228\" srcset=\"https:\/\/stevenson-fontainebleau.fr\/wp-content\/uploads\/2018\/03\/Capture-284x300.jpg 284w, https:\/\/stevenson-fontainebleau.fr\/wp-content\/uploads\/2018\/03\/Capture.jpg 349w\" sizes=\"auto, (max-width: 215px) 100vw, 215px\" \/><span id=\"fbPhotoSnowliftTagList\" class=\"fbPhotoTagList hidden_elem\"><span id=\"fbPhotoSnowliftCaption\" class=\"fbPhotosPhotoCaption\" tabindex=\"0\" aria-live=\"polite\" data-ft=\"{&quot;tn&quot;:&quot;K&quot;}\"><span class=\"hasCaption\"><img loading=\"lazy\" decoding=\"async\" class=\"wp-image-1438 alignnone\" src=\"http:\/\/stevenson-fontainebleau.fr\/wp-content\/uploads\/2018\/02\/RLS-FBLEAU-300x225.jpg\" alt=\"\" width=\"256\" height=\"192\" srcset=\"https:\/\/stevenson-fontainebleau.fr\/wp-content\/uploads\/2018\/02\/RLS-FBLEAU-300x225.jpg 300w, https:\/\/stevenson-fontainebleau.fr\/wp-content\/uploads\/2018\/02\/RLS-FBLEAU-768x576.jpg 768w, https:\/\/stevenson-fontainebleau.fr\/wp-content\/uploads\/2018\/02\/RLS-FBLEAU.jpg 960w\" sizes=\"auto, (max-width: 256px) 100vw, 256px\" \/><\/span><\/span><\/span><\/p>\n<p><span id=\"fbPhotoSnowliftTagList\" class=\"fbPhotoTagList hidden_elem\">______________________________________________________________________________________________________________________________________________________<\/span><\/p>\n<div id=\"fbPhotoSnowliftCTMButton\"><\/div>\n<div id='gallery-1' class='gallery galleryid-3879 gallery-columns-4 gallery-size-thumbnail'><figure class='gallery-item'>\n\t\t\t<div class='gallery-icon landscape'>\n\t\t\t\t<a href='https:\/\/stevenson-fontainebleau.fr\/2026\/03\/24\/assemblee-generale-dimanche-29-mars\/dsc_0141\/'><img loading=\"lazy\" decoding=\"async\" width=\"150\" height=\"150\" src=\"https:\/\/stevenson-fontainebleau.fr\/wp-content\/uploads\/2018\/03\/DSC_0141-150x150.jpg\" class=\"attachment-thumbnail size-thumbnail\" alt=\"\" \/><\/a>\n\t\t\t<\/div><\/figure><figure class='gallery-item'>\n\t\t\t<div class='gallery-icon landscape'>\n\t\t\t\t<a href='https:\/\/stevenson-fontainebleau.fr\/2026\/03\/24\/assemblee-generale-dimanche-29-mars\/bapteme_rosier_stevenson_13dec2017-1\/'><img loading=\"lazy\" decoding=\"async\" width=\"150\" height=\"150\" src=\"https:\/\/stevenson-fontainebleau.fr\/wp-content\/uploads\/2018\/03\/Bapteme_rosier_Stevenson_13dec2017-1-150x150.jpg\" class=\"attachment-thumbnail size-thumbnail\" alt=\"\" \/><\/a>\n\t\t\t<\/div><\/figure><figure class='gallery-item'>\n\t\t\t<div class='gallery-icon landscape'>\n\t\t\t\t<a href='https:\/\/stevenson-fontainebleau.fr\/2026\/03\/24\/assemblee-generale-dimanche-29-mars\/dsc_0175\/'><img loading=\"lazy\" decoding=\"async\" width=\"150\" height=\"150\" src=\"https:\/\/stevenson-fontainebleau.fr\/wp-content\/uploads\/2018\/03\/DSC_0175-150x150.jpg\" class=\"attachment-thumbnail size-thumbnail\" alt=\"\" \/><\/a>\n\t\t\t<\/div><\/figure><figure class='gallery-item'>\n\t\t\t<div class='gallery-icon landscape'>\n\t\t\t\t<a href='https:\/\/stevenson-fontainebleau.fr\/2026\/03\/24\/assemblee-generale-dimanche-29-mars\/bapteme_rosier_stevenson_13dec2017-36\/'><img loading=\"lazy\" decoding=\"async\" width=\"150\" height=\"150\" src=\"https:\/\/stevenson-fontainebleau.fr\/wp-content\/uploads\/2018\/03\/Bapteme_rosier_Stevenson_13dec2017-36-150x150.jpg\" class=\"attachment-thumbnail size-thumbnail\" alt=\"\" \/><\/a>\n\t\t\t<\/div><\/figure><figure class='gallery-item'>\n\t\t\t<div class='gallery-icon landscape'>\n\t\t\t\t<a href='https:\/\/stevenson-fontainebleau.fr\/2026\/03\/24\/assemblee-generale-dimanche-29-mars\/bapteme_rosier_stevenson_13dec2017-32\/'><img loading=\"lazy\" decoding=\"async\" width=\"150\" height=\"150\" src=\"https:\/\/stevenson-fontainebleau.fr\/wp-content\/uploads\/2018\/03\/Bapteme_rosier_Stevenson_13dec2017-32-150x150.jpg\" class=\"attachment-thumbnail size-thumbnail\" alt=\"\" \/><\/a>\n\t\t\t<\/div><\/figure><figure class='gallery-item'>\n\t\t\t<div class='gallery-icon landscape'>\n\t\t\t\t<a href='https:\/\/stevenson-fontainebleau.fr\/2026\/03\/24\/assemblee-generale-dimanche-29-mars\/dsc_0174\/'><img loading=\"lazy\" decoding=\"async\" width=\"150\" height=\"150\" src=\"https:\/\/stevenson-fontainebleau.fr\/wp-content\/uploads\/2018\/03\/DSC_0174-150x150.jpg\" class=\"attachment-thumbnail size-thumbnail\" alt=\"\" \/><\/a>\n\t\t\t<\/div><\/figure><figure class='gallery-item'>\n\t\t\t<div class='gallery-icon landscape'>\n\t\t\t\t<a href='https:\/\/stevenson-fontainebleau.fr\/2026\/03\/24\/assemblee-generale-dimanche-29-mars\/n__52204_w\/'><img loading=\"lazy\" decoding=\"async\" width=\"150\" height=\"150\" src=\"https:\/\/stevenson-fontainebleau.fr\/wp-content\/uploads\/2018\/03\/n__52204_w-150x150.jpg\" class=\"attachment-thumbnail size-thumbnail\" alt=\"\" \/><\/a>\n\t\t\t<\/div><\/figure><figure class='gallery-item'>\n\t\t\t<div class='gallery-icon landscape'>\n\t\t\t\t<a href='https:\/\/stevenson-fontainebleau.fr\/2026\/03\/24\/assemblee-generale-dimanche-29-mars\/bapteme_rosier_stevenson_13dec2017-14\/'><img loading=\"lazy\" decoding=\"async\" width=\"150\" height=\"150\" src=\"https:\/\/stevenson-fontainebleau.fr\/wp-content\/uploads\/2018\/03\/Bapteme_rosier_Stevenson_13dec2017-14-150x150.jpg\" class=\"attachment-thumbnail size-thumbnail\" alt=\"\" \/><\/a>\n\t\t\t<\/div><\/figure><figure class='gallery-item'>\n\t\t\t<div class='gallery-icon landscape'>\n\t\t\t\t<a href='https:\/\/stevenson-fontainebleau.fr\/2026\/03\/24\/assemblee-generale-dimanche-29-mars\/bapteme_rosier_stevenson_13dec2017-5\/'><img loading=\"lazy\" decoding=\"async\" width=\"150\" height=\"150\" src=\"https:\/\/stevenson-fontainebleau.fr\/wp-content\/uploads\/2018\/03\/Bapteme_rosier_Stevenson_13dec2017-5-150x150.jpg\" class=\"attachment-thumbnail size-thumbnail\" alt=\"\" \/><\/a>\n\t\t\t<\/div><\/figure><figure class='gallery-item'>\n\t\t\t<div class='gallery-icon landscape'>\n\t\t\t\t<a href='https:\/\/stevenson-fontainebleau.fr\/2026\/03\/24\/assemblee-generale-dimanche-29-mars\/n__52176_w\/'><img loading=\"lazy\" decoding=\"async\" width=\"150\" height=\"150\" src=\"https:\/\/stevenson-fontainebleau.fr\/wp-content\/uploads\/2018\/03\/n__52176_w-150x150.jpg\" class=\"attachment-thumbnail size-thumbnail\" alt=\"\" srcset=\"https:\/\/stevenson-fontainebleau.fr\/wp-content\/uploads\/2018\/03\/n__52176_w-150x150.jpg 150w, https:\/\/stevenson-fontainebleau.fr\/wp-content\/uploads\/2018\/03\/n__52176_w-300x300.jpg 300w, https:\/\/stevenson-fontainebleau.fr\/wp-content\/uploads\/2018\/03\/n__52176_w-768x768.jpg 768w, https:\/\/stevenson-fontainebleau.fr\/wp-content\/uploads\/2018\/03\/n__52176_w.jpg 1024w\" sizes=\"auto, (max-width: 150px) 100vw, 150px\" \/><\/a>\n\t\t\t<\/div><\/figure><figure class='gallery-item'>\n\t\t\t<div class='gallery-icon portrait'>\n\t\t\t\t<a href='https:\/\/stevenson-fontainebleau.fr\/2026\/03\/24\/assemblee-generale-dimanche-29-mars\/bapteme_rosier_stevenson_13dec2017-40\/'><img loading=\"lazy\" decoding=\"async\" width=\"150\" height=\"150\" src=\"https:\/\/stevenson-fontainebleau.fr\/wp-content\/uploads\/2018\/03\/Bapteme_rosier_Stevenson_13dec2017-40-150x150.jpg\" class=\"attachment-thumbnail size-thumbnail\" alt=\"\" \/><\/a>\n\t\t\t<\/div><\/figure><figure class='gallery-item'>\n\t\t\t<div class='gallery-icon landscape'>\n\t\t\t\t<a href='https:\/\/stevenson-fontainebleau.fr\/2026\/03\/24\/assemblee-generale-dimanche-29-mars\/bapteme_rosier_stevenson_13dec2017-20\/'><img loading=\"lazy\" decoding=\"async\" width=\"150\" height=\"150\" src=\"https:\/\/stevenson-fontainebleau.fr\/wp-content\/uploads\/2018\/03\/Bapteme_rosier_Stevenson_13dec2017-20-150x150.jpg\" class=\"attachment-thumbnail size-thumbnail\" alt=\"\" \/><\/a>\n\t\t\t<\/div><\/figure><figure class='gallery-item'>\n\t\t\t<div class='gallery-icon landscape'>\n\t\t\t\t<a href='https:\/\/stevenson-fontainebleau.fr\/2026\/03\/24\/assemblee-generale-dimanche-29-mars\/n__52192_w\/'><img loading=\"lazy\" decoding=\"async\" width=\"150\" height=\"150\" src=\"https:\/\/stevenson-fontainebleau.fr\/wp-content\/uploads\/2018\/03\/n__52192_w-150x150.jpg\" class=\"attachment-thumbnail size-thumbnail\" alt=\"\" srcset=\"https:\/\/stevenson-fontainebleau.fr\/wp-content\/uploads\/2018\/03\/n__52192_w-150x150.jpg 150w, https:\/\/stevenson-fontainebleau.fr\/wp-content\/uploads\/2018\/03\/n__52192_w-300x300.jpg 300w, https:\/\/stevenson-fontainebleau.fr\/wp-content\/uploads\/2018\/03\/n__52192_w-768x768.jpg 768w, https:\/\/stevenson-fontainebleau.fr\/wp-content\/uploads\/2018\/03\/n__52192_w.jpg 1024w\" sizes=\"auto, (max-width: 150px) 100vw, 150px\" \/><\/a>\n\t\t\t<\/div><\/figure><figure class='gallery-item'>\n\t\t\t<div class='gallery-icon landscape'>\n\t\t\t\t<a href='https:\/\/stevenson-fontainebleau.fr\/2026\/03\/24\/assemblee-generale-dimanche-29-mars\/dsc_0156\/'><img loading=\"lazy\" decoding=\"async\" width=\"150\" height=\"150\" src=\"https:\/\/stevenson-fontainebleau.fr\/wp-content\/uploads\/2018\/03\/DSC_0156-150x150.jpg\" class=\"attachment-thumbnail size-thumbnail\" alt=\"\" \/><\/a>\n\t\t\t<\/div><\/figure><figure class='gallery-item'>\n\t\t\t<div class='gallery-icon landscape'>\n\t\t\t\t<a href='https:\/\/stevenson-fontainebleau.fr\/2026\/03\/24\/assemblee-generale-dimanche-29-mars\/dsc_0161\/'><img loading=\"lazy\" decoding=\"async\" width=\"150\" height=\"150\" src=\"https:\/\/stevenson-fontainebleau.fr\/wp-content\/uploads\/2018\/03\/DSC_0161-150x150.jpg\" class=\"attachment-thumbnail size-thumbnail\" alt=\"\" \/><\/a>\n\t\t\t<\/div><\/figure><figure class='gallery-item'>\n\t\t\t<div class='gallery-icon landscape'>\n\t\t\t\t<a href='https:\/\/stevenson-fontainebleau.fr\/2026\/03\/24\/assemblee-generale-dimanche-29-mars\/bapteme_rosier_stevenson_13dec2017-6\/'><img loading=\"lazy\" decoding=\"async\" width=\"150\" height=\"150\" src=\"https:\/\/stevenson-fontainebleau.fr\/wp-content\/uploads\/2018\/03\/Bapteme_rosier_Stevenson_13dec2017-6-150x150.jpg\" class=\"attachment-thumbnail size-thumbnail\" alt=\"\" \/><\/a>\n\t\t\t<\/div><\/figure><figure class='gallery-item'>\n\t\t\t<div class='gallery-icon landscape'>\n\t\t\t\t<a href='https:\/\/stevenson-fontainebleau.fr\/2026\/03\/24\/assemblee-generale-dimanche-29-mars\/p1050759_w\/'><img loading=\"lazy\" decoding=\"async\" width=\"150\" height=\"150\" src=\"https:\/\/stevenson-fontainebleau.fr\/wp-content\/uploads\/2018\/03\/P1050759_w-150x150.jpg\" class=\"attachment-thumbnail size-thumbnail\" alt=\"\" srcset=\"https:\/\/stevenson-fontainebleau.fr\/wp-content\/uploads\/2018\/03\/P1050759_w-150x150.jpg 150w, https:\/\/stevenson-fontainebleau.fr\/wp-content\/uploads\/2018\/03\/P1050759_w-300x300.jpg 300w, https:\/\/stevenson-fontainebleau.fr\/wp-content\/uploads\/2018\/03\/P1050759_w-768x768.jpg 768w, https:\/\/stevenson-fontainebleau.fr\/wp-content\/uploads\/2018\/03\/P1050759_w.jpg 1024w\" sizes=\"auto, (max-width: 150px) 100vw, 150px\" \/><\/a>\n\t\t\t<\/div><\/figure><figure class='gallery-item'>\n\t\t\t<div class='gallery-icon landscape'>\n\t\t\t\t<a href='https:\/\/stevenson-fontainebleau.fr\/2026\/03\/24\/assemblee-generale-dimanche-29-mars\/p1050793_\/'><img loading=\"lazy\" decoding=\"async\" width=\"150\" height=\"150\" src=\"https:\/\/stevenson-fontainebleau.fr\/wp-content\/uploads\/2018\/03\/P1050793_-150x150.jpg\" class=\"attachment-thumbnail size-thumbnail\" alt=\"\" \/><\/a>\n\t\t\t<\/div><\/figure>\n\t\t<\/div>\n\n<p>&nbsp;<\/p>\n<p><img loading=\"lazy\" decoding=\"async\" class=\"wp-image-1507 aligncenter\" src=\"http:\/\/stevenson-fontainebleau.fr\/wp-content\/uploads\/2018\/03\/rosier-RLS-300x155.jpg\" alt=\"\" width=\"459\" height=\"237\" srcset=\"https:\/\/stevenson-fontainebleau.fr\/wp-content\/uploads\/2018\/03\/rosier-RLS-300x155.jpg 300w, https:\/\/stevenson-fontainebleau.fr\/wp-content\/uploads\/2018\/03\/rosier-RLS-768x396.jpg 768w, https:\/\/stevenson-fontainebleau.fr\/wp-content\/uploads\/2018\/03\/rosier-RLS-1024x528.jpg 1024w, https:\/\/stevenson-fontainebleau.fr\/wp-content\/uploads\/2018\/03\/rosier-RLS.jpg 1280w\" sizes=\"auto, (max-width: 459px) 100vw, 459px\" \/><\/p>\n","protected":false},"excerpt":{"rendered":"<p>Bapt\u00eame du 13 d\u00e9cembre 2017 Et voil\u00e0, apr\u00e8s un long travail d&rsquo;horticulteur, ( merci aux rosiers Andr\u00e9 Eve), une souscription r\u00e9ussie (merci \u00e0 toutes et \u00e0 tous pour vos soutiens), l&rsquo;heure est venue du bapt\u00eame ( merci au maire de Fontainebleau) et un grand merci \u00e0 Alexandra Lapierre pour avoir accept\u00e9 d&rsquo;\u00eatre la marraine de &hellip; <a href=\"https:\/\/stevenson-fontainebleau.fr\/2026\/03\/24\/assemblee-generale-dimanche-29-mars\/evenements-en-cours\/evenements-2017\/rosier-robert-louis-stevenson-2\/\" class=\"more-link\">Continuer la lecture de <span class=\"screen-reader-text\">ROSIER ROBERT LOUIS STEVENSON<\/span>  <span class=\"meta-nav\">&rarr;<\/span><\/a><\/p>\n","protected":false},"author":1,"featured_media":0,"parent":1432,"menu_order":0,"comment_status":"closed","ping_status":"closed","template":"","meta":{"footnotes":""},"class_list":["post-3879","page","type-page","status-publish","hentry"],"_links":{"self":[{"href":"https:\/\/stevenson-fontainebleau.fr\/2026\/03\/24\/assemblee-generale-dimanche-29-mars\/wp-json\/wp\/v2\/pages\/3879","targetHints":{"allow":["GET"]}}],"collection":[{"href":"https:\/\/stevenson-fontainebleau.fr\/2026\/03\/24\/assemblee-generale-dimanche-29-mars\/wp-json\/wp\/v2\/pages"}],"about":[{"href":"https:\/\/stevenson-fontainebleau.fr\/2026\/03\/24\/assemblee-generale-dimanche-29-mars\/wp-json\/wp\/v2\/types\/page"}],"author":[{"embeddable":true,"href":"https:\/\/stevenson-fontainebleau.fr\/2026\/03\/24\/assemblee-generale-dimanche-29-mars\/wp-json\/wp\/v2\/users\/1"}],"replies":[{"embeddable":true,"href":"https:\/\/stevenson-fontainebleau.fr\/2026\/03\/24\/assemblee-generale-dimanche-29-mars\/wp-json\/wp\/v2\/comments?post=3879"}],"version-history":[{"count":1,"href":"https:\/\/stevenson-fontainebleau.fr\/2026\/03\/24\/assemblee-generale-dimanche-29-mars\/wp-json\/wp\/v2\/pages\/3879\/revisions"}],"predecessor-version":[{"id":3880,"href":"https:\/\/stevenson-fontainebleau.fr\/2026\/03\/24\/assemblee-generale-dimanche-29-mars\/wp-json\/wp\/v2\/pages\/3879\/revisions\/3880"}],"up":[{"embeddable":true,"href":"https:\/\/stevenson-fontainebleau.fr\/2026\/03\/24\/assemblee-generale-dimanche-29-mars\/wp-json\/wp\/v2\/pages\/1432"}],"wp:attachment":[{"href":"https:\/\/stevenson-fontainebleau.fr\/2026\/03\/24\/assemblee-generale-dimanche-29-mars\/wp-json\/wp\/v2\/media?parent=3879"}],"curies":[{"name":"wp","href":"https:\/\/api.w.org\/{rel}","templated":true}]}}