{"id":3877,"date":"2023-08-02T11:58:51","date_gmt":"2023-08-02T10:58:51","guid":{"rendered":"https:\/\/stevenson-fontainebleau.fr\/?page_id=3877"},"modified":"2023-08-02T11:58:51","modified_gmt":"2023-08-02T10:58:51","slug":"voyage-avec-un-ane-dans-les-cevennes","status":"publish","type":"page","link":"https:\/\/stevenson-fontainebleau.fr\/2026\/03\/24\/assemblee-generale-dimanche-29-mars\/evenements-en-cours\/programme-des-activites-2021\/voyage-avec-un-ane-dans-les-cevennes\/","title":{"rendered":"Voyage avec un \u00e2ne dans les C\u00e9vennes"},"content":{"rendered":"<p><strong><em>\u00a0\u00a0<\/em><\/strong><strong><em>Robert Louis Stevenson <\/em><\/strong>nous relate sa travers\u00e9e des C\u00e9vennes \u00e0 pied\u00a0durant l&rsquo;automne 1878. Il est parti du\u00a0Monastier\u00a0dans la\u00a0Haute-Loire, cheminant vers le sud, il traverse toute la Loz\u00e8re et atteint en douze jours Saint-Jean-du-Gard\u00a0 (environ 195\u00a0km).<\/p>\n<p>Son unique compagne est l&rsquo;\u00e2nesse Modestine, avec laquelle, il noue de solides liens affectifs.<\/p>\n<p>Dans le m\u00eame esprit de voyage, pour votre information, venez rencontrer et \u00e9couter Chocolat, l&rsquo;\u00e2ne philosophe, dont les histoires sont cont\u00e9es par les Souffleurs commandos po\u00e9tiques.<\/p>\n<p><img loading=\"lazy\" decoding=\"async\" class=\" wp-image-3027 aligncenter\" src=\"http:\/\/stevenson-fontainebleau.fr\/wp-content\/uploads\/2021\/05\/FullSizeR.jpg\" alt=\"\" width=\"549\" height=\"755\" srcset=\"https:\/\/stevenson-fontainebleau.fr\/wp-content\/uploads\/2021\/05\/FullSizeR.jpg 873w, https:\/\/stevenson-fontainebleau.fr\/wp-content\/uploads\/2021\/05\/FullSizeR-218x300.jpg 218w, https:\/\/stevenson-fontainebleau.fr\/wp-content\/uploads\/2021\/05\/FullSizeR-745x1024.jpg 745w, https:\/\/stevenson-fontainebleau.fr\/wp-content\/uploads\/2021\/05\/FullSizeR-768x1056.jpg 768w\" sizes=\"auto, (max-width: 549px) 100vw, 549px\" \/><\/p>\n","protected":false},"excerpt":{"rendered":"<p>\u00a0\u00a0Robert Louis Stevenson nous relate sa travers\u00e9e des C\u00e9vennes \u00e0 pied\u00a0durant l&rsquo;automne 1878. Il est parti du\u00a0Monastier\u00a0dans la\u00a0Haute-Loire, cheminant vers le sud, il traverse toute la Loz\u00e8re et atteint en douze jours Saint-Jean-du-Gard\u00a0 (environ 195\u00a0km). Son unique compagne est l&rsquo;\u00e2nesse Modestine, avec laquelle, il noue de solides liens affectifs. Dans le m\u00eame esprit de voyage, &hellip; <a href=\"https:\/\/stevenson-fontainebleau.fr\/2026\/03\/24\/assemblee-generale-dimanche-29-mars\/evenements-en-cours\/programme-des-activites-2021\/voyage-avec-un-ane-dans-les-cevennes\/\" class=\"more-link\">Continuer la lecture de <span class=\"screen-reader-text\">Voyage avec un \u00e2ne dans les C\u00e9vennes<\/span>  <span class=\"meta-nav\">&rarr;<\/span><\/a><\/p>\n","protected":false},"author":1,"featured_media":0,"parent":2995,"menu_order":0,"comment_status":"closed","ping_status":"closed","template":"","meta":{"footnotes":""},"class_list":["post-3877","page","type-page","status-publish","hentry"],"_links":{"self":[{"href":"https:\/\/stevenson-fontainebleau.fr\/2026\/03\/24\/assemblee-generale-dimanche-29-mars\/wp-json\/wp\/v2\/pages\/3877","targetHints":{"allow":["GET"]}}],"collection":[{"href":"https:\/\/stevenson-fontainebleau.fr\/2026\/03\/24\/assemblee-generale-dimanche-29-mars\/wp-json\/wp\/v2\/pages"}],"about":[{"href":"https:\/\/stevenson-fontainebleau.fr\/2026\/03\/24\/assemblee-generale-dimanche-29-mars\/wp-json\/wp\/v2\/types\/page"}],"author":[{"embeddable":true,"href":"https:\/\/stevenson-fontainebleau.fr\/2026\/03\/24\/assemblee-generale-dimanche-29-mars\/wp-json\/wp\/v2\/users\/1"}],"replies":[{"embeddable":true,"href":"https:\/\/stevenson-fontainebleau.fr\/2026\/03\/24\/assemblee-generale-dimanche-29-mars\/wp-json\/wp\/v2\/comments?post=3877"}],"version-history":[{"count":1,"href":"https:\/\/stevenson-fontainebleau.fr\/2026\/03\/24\/assemblee-generale-dimanche-29-mars\/wp-json\/wp\/v2\/pages\/3877\/revisions"}],"predecessor-version":[{"id":3878,"href":"https:\/\/stevenson-fontainebleau.fr\/2026\/03\/24\/assemblee-generale-dimanche-29-mars\/wp-json\/wp\/v2\/pages\/3877\/revisions\/3878"}],"up":[{"embeddable":true,"href":"https:\/\/stevenson-fontainebleau.fr\/2026\/03\/24\/assemblee-generale-dimanche-29-mars\/wp-json\/wp\/v2\/pages\/2995"}],"wp:attachment":[{"href":"https:\/\/stevenson-fontainebleau.fr\/2026\/03\/24\/assemblee-generale-dimanche-29-mars\/wp-json\/wp\/v2\/media?parent=3877"}],"curies":[{"name":"wp","href":"https:\/\/api.w.org\/{rel}","templated":true}]}}