{"id":3861,"date":"2023-08-01T17:05:04","date_gmt":"2023-08-01T16:05:04","guid":{"rendered":"https:\/\/stevenson-fontainebleau.fr\/?page_id=3861"},"modified":"2023-10-29T11:47:03","modified_gmt":"2023-10-29T10:47:03","slug":"randonnee-decouverte-de-la-carte-de-tendre","status":"publish","type":"page","link":"https:\/\/stevenson-fontainebleau.fr\/2026\/03\/24\/assemblee-generale-dimanche-29-mars\/evenements-en-cours\/evenement-2023\/randonnee-decouverte-de-la-carte-de-tendre\/","title":{"rendered":"Randonn\u00e9e D\u00e9couverte de la carte de tendre"},"content":{"rendered":"<h1><span style=\"color: #ff0000;\">\u00a0<\/span><\/h1>\n<p>Pour f\u00eater la saint Valentin, f\u00eate des amoureux, une pens\u00e9e pour RLS qui est tomb\u00e9 amoureux, lors d&rsquo;un s\u00e9jour \u00e0 Barbizon, de la belle am\u00e9ricaine Fanny Osbourne mari\u00e9e \u00e0 un am\u00e9ricain.<\/p>\n<p>Entre eux, le coup de foudre est imm\u00e9diat, si bien que leur mariage\u00a0 apparait comme une \u00e9vidence.<\/p>\n<p>Repartie pour la Californie pour obtenir le divorce de son pr\u00e9c\u00e9dent mari, elle laisse seul notre \u00e9crivain de 28 ans quelque peu d\u00e9prim\u00e9 par cet amour impossible. Afin de se retrouver, la marche reste pour lui le seul moyen d&rsquo;att\u00e9nuer ses douleurs morales et physiques. Et c&rsquo;est ainsi qu&rsquo;il part en direction des C\u00e9vennes et se retrouve au Monastier-sur-Gazeille o\u00f9 il passe un mois avant de prendre la marche sur Saint-Jean-du-Gard.<\/p>\n<p>Fanny \u00e9pouse RLStevenson le <b>19 mai 1880<\/b> \u00e0 San Francisco.<\/p>\n<p>&nbsp;<\/p>\n<h1><span style=\"color: #ff0000;\">\u00a0 \u00a0 \u00a0 \u00a0 \u00a0 \u00a0 \u00a0 \u00a0 COMPLET<\/span><\/h1>\n<h5 style=\"text-align: center;\">Pour cette randonn\u00e9e, \u00eatre bien chauss\u00e9 et bien pr\u00e9par\u00e9 \u00e0 la marche<\/h5>\n<h5 style=\"text-align: center;\">Parcours de difficult\u00e9 moyenne avec quelques passages difficiles dans les rochers.<\/h5>\n<p><a href=\"http:\/\/stevenson-fontainebleau.fr\/wp-content\/uploads\/2023\/01\/unnamed.png\"><img loading=\"lazy\" decoding=\"async\" class=\"wp-image-3700 aligncenter\" src=\"http:\/\/stevenson-fontainebleau.fr\/wp-content\/uploads\/2023\/01\/unnamed.png\" alt=\"\" width=\"960\" height=\"1358\" srcset=\"https:\/\/stevenson-fontainebleau.fr\/wp-content\/uploads\/2023\/01\/unnamed.png 1786w, https:\/\/stevenson-fontainebleau.fr\/wp-content\/uploads\/2023\/01\/unnamed-212x300.png 212w, https:\/\/stevenson-fontainebleau.fr\/wp-content\/uploads\/2023\/01\/unnamed-724x1024.png 724w, https:\/\/stevenson-fontainebleau.fr\/wp-content\/uploads\/2023\/01\/unnamed-768x1086.png 768w, https:\/\/stevenson-fontainebleau.fr\/wp-content\/uploads\/2023\/01\/unnamed-1086x1536.png 1086w, https:\/\/stevenson-fontainebleau.fr\/wp-content\/uploads\/2023\/01\/unnamed-1448x2048.png 1448w\" sizes=\"auto, (max-width: 960px) 100vw, 960px\" \/><\/a><\/p>\n<h3 style=\"text-align: center;\">Zoom du lieu de rendez-vous<\/h3>\n<p style=\"text-align: center;\"><a href=\"http:\/\/stevenson-fontainebleau.fr\/wp-content\/uploads\/2023\/01\/lieu-de-RV.jpg\"><img loading=\"lazy\" decoding=\"async\" class=\"alignnone wp-image-3697\" src=\"http:\/\/stevenson-fontainebleau.fr\/wp-content\/uploads\/2023\/01\/lieu-de-RV.jpg\" alt=\"\" width=\"680\" height=\"1088\" srcset=\"https:\/\/stevenson-fontainebleau.fr\/wp-content\/uploads\/2023\/01\/lieu-de-RV.jpg 790w, https:\/\/stevenson-fontainebleau.fr\/wp-content\/uploads\/2023\/01\/lieu-de-RV-188x300.jpg 188w, https:\/\/stevenson-fontainebleau.fr\/wp-content\/uploads\/2023\/01\/lieu-de-RV-640x1024.jpg 640w, https:\/\/stevenson-fontainebleau.fr\/wp-content\/uploads\/2023\/01\/lieu-de-RV-768x1229.jpg 768w\" sizes=\"auto, (max-width: 680px) 100vw, 680px\" \/><\/a><\/p>\n","protected":false},"excerpt":{"rendered":"<p>\u00a0 Pour f\u00eater la saint Valentin, f\u00eate des amoureux, une pens\u00e9e pour RLS qui est tomb\u00e9 amoureux, lors d&rsquo;un s\u00e9jour \u00e0 Barbizon, de la belle am\u00e9ricaine Fanny Osbourne mari\u00e9e \u00e0 un am\u00e9ricain. Entre eux, le coup de foudre est imm\u00e9diat, si bien que leur mariage\u00a0 apparait comme une \u00e9vidence. Repartie pour la Californie pour obtenir &hellip; <a href=\"https:\/\/stevenson-fontainebleau.fr\/2026\/03\/24\/assemblee-generale-dimanche-29-mars\/evenements-en-cours\/evenement-2023\/randonnee-decouverte-de-la-carte-de-tendre\/\" class=\"more-link\">Continuer la lecture de <span class=\"screen-reader-text\">Randonn\u00e9e D\u00e9couverte de la carte de tendre<\/span>  <span class=\"meta-nav\">&rarr;<\/span><\/a><\/p>\n","protected":false},"author":1,"featured_media":0,"parent":3851,"menu_order":14,"comment_status":"closed","ping_status":"closed","template":"","meta":{"footnotes":""},"class_list":["post-3861","page","type-page","status-publish","hentry"],"_links":{"self":[{"href":"https:\/\/stevenson-fontainebleau.fr\/2026\/03\/24\/assemblee-generale-dimanche-29-mars\/wp-json\/wp\/v2\/pages\/3861","targetHints":{"allow":["GET"]}}],"collection":[{"href":"https:\/\/stevenson-fontainebleau.fr\/2026\/03\/24\/assemblee-generale-dimanche-29-mars\/wp-json\/wp\/v2\/pages"}],"about":[{"href":"https:\/\/stevenson-fontainebleau.fr\/2026\/03\/24\/assemblee-generale-dimanche-29-mars\/wp-json\/wp\/v2\/types\/page"}],"author":[{"embeddable":true,"href":"https:\/\/stevenson-fontainebleau.fr\/2026\/03\/24\/assemblee-generale-dimanche-29-mars\/wp-json\/wp\/v2\/users\/1"}],"replies":[{"embeddable":true,"href":"https:\/\/stevenson-fontainebleau.fr\/2026\/03\/24\/assemblee-generale-dimanche-29-mars\/wp-json\/wp\/v2\/comments?post=3861"}],"version-history":[{"count":2,"href":"https:\/\/stevenson-fontainebleau.fr\/2026\/03\/24\/assemblee-generale-dimanche-29-mars\/wp-json\/wp\/v2\/pages\/3861\/revisions"}],"predecessor-version":[{"id":3863,"href":"https:\/\/stevenson-fontainebleau.fr\/2026\/03\/24\/assemblee-generale-dimanche-29-mars\/wp-json\/wp\/v2\/pages\/3861\/revisions\/3863"}],"up":[{"embeddable":true,"href":"https:\/\/stevenson-fontainebleau.fr\/2026\/03\/24\/assemblee-generale-dimanche-29-mars\/wp-json\/wp\/v2\/pages\/3851"}],"wp:attachment":[{"href":"https:\/\/stevenson-fontainebleau.fr\/2026\/03\/24\/assemblee-generale-dimanche-29-mars\/wp-json\/wp\/v2\/media?parent=3861"}],"curies":[{"name":"wp","href":"https:\/\/api.w.org\/{rel}","templated":true}]}}