{"id":3857,"date":"2023-08-01T16:55:41","date_gmt":"2023-08-01T15:55:41","guid":{"rendered":"https:\/\/stevenson-fontainebleau.fr\/?page_id=3857"},"modified":"2023-10-29T11:48:37","modified_gmt":"2023-10-29T10:48:37","slug":"assemblee-generale-2023-dimanche-26-mars-2023","status":"publish","type":"page","link":"https:\/\/stevenson-fontainebleau.fr\/2026\/03\/24\/assemblee-generale-dimanche-29-mars\/evenements-en-cours\/evenement-2023\/assemblee-generale-2023-dimanche-26-mars-2023\/","title":{"rendered":"ASSEMBL\u00c9E G\u00c9N\u00c9RALE 2023 \u2013 DIMANCHE 26 MARS 2023"},"content":{"rendered":"<p><span style=\"font-family: Calibri, serif;\"><strong>2023 est la dixi\u00e8me ann\u00e9e d\u2019existence de l\u2019association \u00ab\u00a0Robert Louis Stevenson, de Barbizon \u00e0 Grez\u00a0\u00bb dont le si\u00e8ge est \u00e0 Recloses.<\/strong><a href=\"http:\/\/stevenson-fontainebleau.fr\/wp-content\/uploads\/2023\/03\/Happy-birthday-cake-clipart-free-vector-for-download-about-1.jpg\"><img loading=\"lazy\" decoding=\"async\" class=\"wp-image-3729 alignleft\" src=\"http:\/\/stevenson-fontainebleau.fr\/wp-content\/uploads\/2023\/03\/Happy-birthday-cake-clipart-free-vector-for-download-about-1.jpg\" alt=\"\" width=\"87\" height=\"107\" srcset=\"https:\/\/stevenson-fontainebleau.fr\/wp-content\/uploads\/2023\/03\/Happy-birthday-cake-clipart-free-vector-for-download-about-1.jpg 489w, https:\/\/stevenson-fontainebleau.fr\/wp-content\/uploads\/2023\/03\/Happy-birthday-cake-clipart-free-vector-for-download-about-1-245x300.jpg 245w\" sizes=\"auto, (max-width: 87px) 100vw, 87px\" \/><\/a> <\/span><\/p>\n<p>&nbsp;<\/p>\n<p>&nbsp;<\/p>\n<p><span style=\"font-family: Calibri, serif;\">M\u00eame si nous avons maintenu des liens et des activit\u00e9s, comme pour de nombreuses associations les trois derni\u00e8res ann\u00e9es ont \u00e9t\u00e9 complexes. L\u2019ann\u00e9e 2023 devrait \u00eatre celle d\u2019une vraie relance, tant pour nos activit\u00e9s que pour notre organisation.<\/span><\/p>\n<p><span style=\"font-family: Calibri, serif;\">A diff\u00e9rents moments depuis la cr\u00e9ation de notre association, vous nous avez suivi et\/ou particip\u00e9 \u00e0 nos activit\u00e9s. Nous serions heureux de vous retrouver pour \u00e9voquer nos projets et nos envies pour les ann\u00e9es \u00e0 venir.<\/span><\/p>\n<p><span style=\"font-family: Calibri, serif;\">Le dimanche 26 mars \u00e0 partir de 10 h 30, nous nous retrouvons \u00e0 la salle des f\u00eates de Recloses ( rue Grande) pour notre assembl\u00e9e g\u00e9n\u00e9rale statutaire. Le programme sera le suivant :<\/span><\/p>\n<p style=\"padding-left: 40px;\"><span style=\"font-family: Calibri, serif;\"><b>10 h 30 -12 h 30\u00a0: assembl\u00e9e statutaire<\/b><\/span><\/p>\n<p style=\"padding-left: 40px;\"><span style=\"font-family: Calibri, serif;\"><b> 12 h 30 \u2013 14 h\u00a0: ap\u00e9ritif dinatoire ( anniversaire des 10 ans de l\u2019association)<\/b><\/span><\/p>\n<p style=\"padding-left: 40px;\"><span style=\"font-family: Calibri, serif;\"><b> 14 h 15 h\u00a0: le professeur Jean-Pierre Naugrette \u00e9voquera les cauchemars du Docteur Jekyll et sans doute aussi ceux de Stevenson. <\/b><\/span><\/p>\n<p><span style=\"font-family: Calibri, serif;\">Pour finir la journ\u00e9e, \u00e0 partir de 16 heures, avec la municipalit\u00e9 de Recloses et l\u2019association, \u00ab\u00a0l\u2019esprit des jardins\u00a0\u00bb nous planterons une dizaine de rosiers \u00ab\u00a0Stevenson\u00a0\u00bb \u00e0 Recloses.<\/span><\/p>\n<p><span style=\"font-family: Calibri, serif;\">Nous serions heureux de vous accueillir, \u00e0 un moment ou \u00e0 un autre, \u00e0 votre convenance, pour cette journ\u00e9e d\u2019anniversaire. (Un texto ou un mail confirmant votre pr\u00e9sence facilitera la logistique, merci d\u2019avance)<\/span><\/p>\n<p align=\"justify\">Pour les adh\u00e9rents les documents pour l&rsquo;AG: <a href=\"http:\/\/stevenson-fontainebleau.fr\/2023\/02\/28\/assemblee-generale-2023-acces-reserve-aux-adherents\/\" target=\"_blank\" rel=\"noopener\">Documents AG 2023 &#8211; adh\u00e9rents<\/a><\/p>\n<p align=\"justify\">Si vous souhaitez soutenir notre association, vous trouverez un bulletin d&rsquo;adh\u00e9sion ici :\u00a0<a href=\"http:\/\/stevenson-fontainebleau.fr\/wp-content\/uploads\/2023\/03\/RLSdBaG-Form-Cotisation-2023-Recto.pdf\" target=\"_blank\" rel=\"noopener\">Bulletin d&rsquo;adh\u00e9sion 2023<\/a><\/p>\n<p class=\"western\" align=\"center\"><span style=\"font-family: Calibri, serif;\">A plaisir de se retrouver, bien cordialement<\/span><\/p>\n<p class=\"western\" align=\"right\"><span style=\"font-family: Calibri, serif;\">Michel Legros<\/span><\/p>\n<p class=\"western\" align=\"right\"><span style=\"font-family: Calibri, serif;\">06 80 24 40 31<\/span><\/p>\n","protected":false},"excerpt":{"rendered":"<p>2023 est la dixi\u00e8me ann\u00e9e d\u2019existence de l\u2019association \u00ab\u00a0Robert Louis Stevenson, de Barbizon \u00e0 Grez\u00a0\u00bb dont le si\u00e8ge est \u00e0 Recloses. &nbsp; &nbsp; M\u00eame si nous avons maintenu des liens et des activit\u00e9s, comme pour de nombreuses associations les trois derni\u00e8res ann\u00e9es ont \u00e9t\u00e9 complexes. L\u2019ann\u00e9e 2023 devrait \u00eatre celle d\u2019une vraie relance, tant pour &hellip; <a href=\"https:\/\/stevenson-fontainebleau.fr\/2026\/03\/24\/assemblee-generale-dimanche-29-mars\/evenements-en-cours\/evenement-2023\/assemblee-generale-2023-dimanche-26-mars-2023\/\" class=\"more-link\">Continuer la lecture de <span class=\"screen-reader-text\">ASSEMBL\u00c9E G\u00c9N\u00c9RALE 2023 \u2013 DIMANCHE 26 MARS 2023<\/span>  <span class=\"meta-nav\">&rarr;<\/span><\/a><\/p>\n","protected":false},"author":1,"featured_media":0,"parent":3851,"menu_order":13,"comment_status":"closed","ping_status":"closed","template":"","meta":{"footnotes":""},"class_list":["post-3857","page","type-page","status-publish","hentry"],"_links":{"self":[{"href":"https:\/\/stevenson-fontainebleau.fr\/2026\/03\/24\/assemblee-generale-dimanche-29-mars\/wp-json\/wp\/v2\/pages\/3857","targetHints":{"allow":["GET"]}}],"collection":[{"href":"https:\/\/stevenson-fontainebleau.fr\/2026\/03\/24\/assemblee-generale-dimanche-29-mars\/wp-json\/wp\/v2\/pages"}],"about":[{"href":"https:\/\/stevenson-fontainebleau.fr\/2026\/03\/24\/assemblee-generale-dimanche-29-mars\/wp-json\/wp\/v2\/types\/page"}],"author":[{"embeddable":true,"href":"https:\/\/stevenson-fontainebleau.fr\/2026\/03\/24\/assemblee-generale-dimanche-29-mars\/wp-json\/wp\/v2\/users\/1"}],"replies":[{"embeddable":true,"href":"https:\/\/stevenson-fontainebleau.fr\/2026\/03\/24\/assemblee-generale-dimanche-29-mars\/wp-json\/wp\/v2\/comments?post=3857"}],"version-history":[{"count":1,"href":"https:\/\/stevenson-fontainebleau.fr\/2026\/03\/24\/assemblee-generale-dimanche-29-mars\/wp-json\/wp\/v2\/pages\/3857\/revisions"}],"predecessor-version":[{"id":3858,"href":"https:\/\/stevenson-fontainebleau.fr\/2026\/03\/24\/assemblee-generale-dimanche-29-mars\/wp-json\/wp\/v2\/pages\/3857\/revisions\/3858"}],"up":[{"embeddable":true,"href":"https:\/\/stevenson-fontainebleau.fr\/2026\/03\/24\/assemblee-generale-dimanche-29-mars\/wp-json\/wp\/v2\/pages\/3851"}],"wp:attachment":[{"href":"https:\/\/stevenson-fontainebleau.fr\/2026\/03\/24\/assemblee-generale-dimanche-29-mars\/wp-json\/wp\/v2\/media?parent=3857"}],"curies":[{"name":"wp","href":"https:\/\/api.w.org\/{rel}","templated":true}]}}