{"id":3854,"date":"2023-08-01T16:48:24","date_gmt":"2023-08-01T15:48:24","guid":{"rendered":"https:\/\/stevenson-fontainebleau.fr\/?page_id=3854"},"modified":"2023-10-29T11:52:55","modified_gmt":"2023-10-29T10:52:55","slug":"activites-printemps-2023-ballade-litteraire","status":"publish","type":"page","link":"https:\/\/stevenson-fontainebleau.fr\/2026\/03\/24\/assemblee-generale-dimanche-29-mars\/evenements-en-cours\/evenement-2023\/activites-printemps-2023-ballade-litteraire\/","title":{"rendered":"ACTIVIT\u00c9S PRINTEMPS 2023 \u2013 BALLADE LITT\u00c9RAIRE"},"content":{"rendered":"<article id=\"post-3751\" class=\"post-3751 post type-post status-publish format-standard hentry category-non-classe\">\n<div class=\"entry-content\">\n<ul>\n<li>Notre premi\u00e8re balade litt\u00e9raire de 2023 aura lieu samedi 29 avril avec Genevi\u00e8ve ..Rendez-vous devant la Mairie de Barbizon \u00e0 14h15.Nombre limit\u00e9 de participants \u2013 confirmer votre pr\u00e9sence \u00e0 Genevi\u00e8ve, 06 79 58 41 30 ( texto ou tel) ou\u00a0<a class=\"ox-7b320e8d13-moz-txt-link-abbreviated ox-7b320e8d13-moz-txt-link-freetext\" href=\"mailto:genevievedumant@orange.fr\">genevievedumant@orange.fr<\/a>.<a href=\"http:\/\/stevenson-fontainebleau.fr\/wp-content\/uploads\/2023\/04\/saison3rando-a.png\"><img loading=\"lazy\" decoding=\"async\" class=\"alignnone wp-image-3753\" src=\"http:\/\/stevenson-fontainebleau.fr\/wp-content\/uploads\/2023\/04\/saison3rando-a.png\" sizes=\"auto, (max-width: 738px) 100vw, 738px\" srcset=\"https:\/\/stevenson-fontainebleau.fr\/wp-content\/uploads\/2023\/04\/saison3rando-a.png 1518w, https:\/\/stevenson-fontainebleau.fr\/wp-content\/uploads\/2023\/04\/saison3rando-a-300x248.png 300w, https:\/\/stevenson-fontainebleau.fr\/wp-content\/uploads\/2023\/04\/saison3rando-a-1024x847.png 1024w, https:\/\/stevenson-fontainebleau.fr\/wp-content\/uploads\/2023\/04\/saison3rando-a-768x635.png 768w\" alt=\"\" width=\"738\" height=\"610\" \/><\/a><\/li>\n<\/ul>\n<ul>\n<li><strong>Pour les randoneurs: \u2014<\/strong>\u00a0<a href=\"http:\/\/stevenson-fontainebleau.fr\/wp-content\/uploads\/2023\/04\/chatillon-nevers-1-PDF.pdf\" target=\"_blank\" rel=\"noopener\">Randonn\u00e9e Ch\u00e2tillon-sur-Loire \u00e0 Nevers<\/a><\/li>\n<\/ul>\n<p>&nbsp;<\/p>\n<ul>\n<li><strong>Pour les passion\u00e9s de la lit\u00e9rature: \u2026..<\/strong>\u00a0<a href=\"http:\/\/stevenson-fontainebleau.fr\/wp-content\/uploads\/2023\/04\/PDFrosagenevieve.pdf\" target=\"_blank\" rel=\"noopener\">Cercle Lecture et Ballades Lit\u00e9raires<\/a><\/li>\n<\/ul>\n<\/div>\n<\/article>\n<nav class=\"navigation post-navigation\">\n<h1 class=\"screen-reader-text\">Navigation des articles<\/h1>\n<div class=\"nav-links\"><a href=\"https:\/\/stevenson-fontainebleau.fr\/2023\/04\/12\/activies-printemps-2023\/\" rel=\"prev\"><span class=\"meta-nav\">ARTICLE PR\u00c9C\u00c9DENT<\/span><\/a><\/div>\n<\/nav>\n","protected":false},"excerpt":{"rendered":"<p>Notre premi\u00e8re balade litt\u00e9raire de 2023 aura lieu samedi 29 avril avec Genevi\u00e8ve ..Rendez-vous devant la Mairie de Barbizon \u00e0 14h15.Nombre limit\u00e9 de participants \u2013 confirmer votre pr\u00e9sence \u00e0 Genevi\u00e8ve, 06 79 58 41 30 ( texto ou tel) ou\u00a0genevievedumant@orange.fr. Pour les randoneurs: \u2014\u00a0Randonn\u00e9e Ch\u00e2tillon-sur-Loire \u00e0 Nevers &nbsp; Pour les passion\u00e9s de la lit\u00e9rature: \u2026..\u00a0Cercle &hellip; <a href=\"https:\/\/stevenson-fontainebleau.fr\/2026\/03\/24\/assemblee-generale-dimanche-29-mars\/evenements-en-cours\/evenement-2023\/activites-printemps-2023-ballade-litteraire\/\" class=\"more-link\">Continuer la lecture de <span class=\"screen-reader-text\">ACTIVIT\u00c9S PRINTEMPS 2023 \u2013 BALLADE LITT\u00c9RAIRE<\/span>  <span class=\"meta-nav\">&rarr;<\/span><\/a><\/p>\n","protected":false},"author":1,"featured_media":0,"parent":3851,"menu_order":8,"comment_status":"closed","ping_status":"closed","template":"","meta":{"footnotes":""},"class_list":["post-3854","page","type-page","status-publish","hentry"],"_links":{"self":[{"href":"https:\/\/stevenson-fontainebleau.fr\/2026\/03\/24\/assemblee-generale-dimanche-29-mars\/wp-json\/wp\/v2\/pages\/3854","targetHints":{"allow":["GET"]}}],"collection":[{"href":"https:\/\/stevenson-fontainebleau.fr\/2026\/03\/24\/assemblee-generale-dimanche-29-mars\/wp-json\/wp\/v2\/pages"}],"about":[{"href":"https:\/\/stevenson-fontainebleau.fr\/2026\/03\/24\/assemblee-generale-dimanche-29-mars\/wp-json\/wp\/v2\/types\/page"}],"author":[{"embeddable":true,"href":"https:\/\/stevenson-fontainebleau.fr\/2026\/03\/24\/assemblee-generale-dimanche-29-mars\/wp-json\/wp\/v2\/users\/1"}],"replies":[{"embeddable":true,"href":"https:\/\/stevenson-fontainebleau.fr\/2026\/03\/24\/assemblee-generale-dimanche-29-mars\/wp-json\/wp\/v2\/comments?post=3854"}],"version-history":[{"count":2,"href":"https:\/\/stevenson-fontainebleau.fr\/2026\/03\/24\/assemblee-generale-dimanche-29-mars\/wp-json\/wp\/v2\/pages\/3854\/revisions"}],"predecessor-version":[{"id":3856,"href":"https:\/\/stevenson-fontainebleau.fr\/2026\/03\/24\/assemblee-generale-dimanche-29-mars\/wp-json\/wp\/v2\/pages\/3854\/revisions\/3856"}],"up":[{"embeddable":true,"href":"https:\/\/stevenson-fontainebleau.fr\/2026\/03\/24\/assemblee-generale-dimanche-29-mars\/wp-json\/wp\/v2\/pages\/3851"}],"wp:attachment":[{"href":"https:\/\/stevenson-fontainebleau.fr\/2026\/03\/24\/assemblee-generale-dimanche-29-mars\/wp-json\/wp\/v2\/media?parent=3854"}],"curies":[{"name":"wp","href":"https:\/\/api.w.org\/{rel}","templated":true}]}}