{"id":37,"date":"2015-06-03T07:35:02","date_gmt":"2015-06-03T06:35:02","guid":{"rendered":"http:\/\/stevenson-fontainebleau.fr\/?page_id=37"},"modified":"2018-02-18T17:59:43","modified_gmt":"2018-02-18T16:59:43","slug":"evenements-2015","status":"publish","type":"page","link":"https:\/\/stevenson-fontainebleau.fr\/2026\/03\/24\/assemblee-generale-dimanche-29-mars\/evenements-en-cours\/evenements-2015-2\/evenements-2015\/","title":{"rendered":"Calendrier 2015"},"content":{"rendered":"<p><strong><u>1 &#8211; P\u00e2ques \u00e0 Franchard<\/u><\/strong><\/p>\n<p>5 avril :\u00a0Balade cont\u00e9e, pour les enfants et leurs parents, en for\u00eat au fil des pas, des mots et du regard de Genevi\u00e8ve DUMANT conteuse buissonni\u00e8re de la For\u00eat qui parle<\/p>\n<p>6 avril :\u00a0Balade litt\u00e9raire en Fran\u00e7ais &#8211; Anglais autour de Franchard sur les traces de\u00a0Robert Louis Stevenson&#8230;<\/p>\n<p>Lors de son s\u00e9jour en for\u00eat de Fontainebleau et de ses p\u00e9r\u00e9grinations entre Barbizon et Grez, le c\u00e9l\u00e8bre auteur \u00e9cossais \u00e9crit \u201cLa for\u00eat au tr\u00e9sor\u201d d\u00e9di\u00e9 \u00e0 l\u2019envo\u00fbtante for\u00eat de Fontainebleau. La magie des lieux reste intacte et au rythme des textes de Stevenson ces balades vous la r\u00e9v\u00e8leront.<\/p>\n<p>Rendez-vous \u00e0 15 heures au centre d&rsquo;\u00e9cotourisme de Franchard<\/p>\n<p>Contacts et inscriptions : 06 79 58 41 30<\/p>\n<p>Coordinatrice\u00a0: Genevi\u00e8ve<\/p>\n<p><strong><u>2 \u2013 Jumelage de Fontainebleau \u2013\u00a0 Dimanche 24 mai<\/u><\/strong><\/p>\n<p>Apr\u00e8s une balade organis\u00e9e par le CAF et les Amis de la For\u00eat, notre association animera le pique-nique par des lectures quadrilingues de textes de Stevenson. (Annie et Michel)<\/p>\n<p><strong><u>3 \u2013 \u00ab\u00a0Tous et toutes, de Grez sur Loing \u00e0 Moret\u00a0\u00bb. Le 20 septembre.<\/u><\/strong><\/p>\n<p>Le maire de Moret installera une plaque comm\u00e9morant la pr\u00e9sence de Stevenson \u00e0 Moret pour la construction d\u2019une embarcation au chantier naval de Moret \u2013 faute de ressources il y laissera ses cano\u00ebs. D\u00e9part de Grez \u00e0 pieds, le long du canal, en v\u00e9lo pour ceux qui pr\u00e9f\u00e8rent, en cano\u00eb (comme Stevenson) et aussi, de Moncourt en bateau par le canal.<\/p>\n<p>Pose de la plaque \u2013 discours \u2013 rencontre entre associations sur les bords du Loing \u2013 pique-nique. Retour vers Grez en bateau, en car\u2026<\/p>\n<p>(Philippe et autres)<\/p>\n<p><strong><u>4 \u2013 De Grez et de Barbizon \u00e0 Recloses\u00a0 &#8211; 18 octobre<\/u><\/strong><\/p>\n<p>&#8211; Randonn\u00e9es du matin<\/p>\n<p>&#8211; petite restauration du midi<\/p>\n<p>&#8211; livres et conf\u00e9rences l\u2019apr\u00e8s midi<\/p>\n<p>&#8211; Vivre avec les \u00e2nes\u00a0 toute la journ\u00e9e<\/p>\n<p>&#8211;\u00a0 et peut \u00eatre des danses \u00e9cossaises (sous r\u00e9serve) (toute l\u2019\u00e9quipe)<\/p>\n<p><strong>Quelques activit\u00e9s non encore programm\u00e9es\u00a0:<\/strong><\/p>\n<p>&#8211; des conf\u00e9rences \u00e0 la demande et des activit\u00e9s pour enfants dans les \u00e9coles et les biblioth\u00e8ques<\/p>\n<p>&#8211; peut \u00eatre une s\u00e9ance de cin\u00e9ma en second semestre<\/p>\n<p><strong>Les activit\u00e9s du r\u00e9seau europ\u00e9en\u00a0:<\/strong><\/p>\n<p>Le 18 avril\u00a0: Inauguration de la biblioth\u00e8que Stevenson \u00e0 Chatillon sur Loire<\/p>\n<p>Le 7 novembre\u00a0: Assembl\u00e9e g\u00e9n\u00e9rale du r\u00e9seau \u00e0 Bristol pendant la Semaine Verte de Bristol \u2013 Une opportunit\u00e9 pour d\u00e9couvrir les chasses au tr\u00e9sor en bateau de Bristol<\/p>\n","protected":false},"excerpt":{"rendered":"<p>1 &#8211; P\u00e2ques \u00e0 Franchard 5 avril :\u00a0Balade cont\u00e9e, pour les enfants et leurs parents, en for\u00eat au fil des pas, des mots et du regard de Genevi\u00e8ve DUMANT conteuse buissonni\u00e8re de la For\u00eat qui parle 6 avril :\u00a0Balade litt\u00e9raire en Fran\u00e7ais &#8211; Anglais autour de Franchard sur les traces de\u00a0Robert Louis Stevenson&#8230; Lors de &hellip; <a href=\"https:\/\/stevenson-fontainebleau.fr\/2026\/03\/24\/assemblee-generale-dimanche-29-mars\/evenements-en-cours\/evenements-2015-2\/evenements-2015\/\" class=\"more-link\">Continuer la lecture de <span class=\"screen-reader-text\">Calendrier 2015<\/span>  <span class=\"meta-nav\">&rarr;<\/span><\/a><\/p>\n","protected":false},"author":1,"featured_media":0,"parent":1426,"menu_order":96,"comment_status":"closed","ping_status":"closed","template":"","meta":{"footnotes":""},"class_list":["post-37","page","type-page","status-publish","hentry"],"_links":{"self":[{"href":"https:\/\/stevenson-fontainebleau.fr\/2026\/03\/24\/assemblee-generale-dimanche-29-mars\/wp-json\/wp\/v2\/pages\/37","targetHints":{"allow":["GET"]}}],"collection":[{"href":"https:\/\/stevenson-fontainebleau.fr\/2026\/03\/24\/assemblee-generale-dimanche-29-mars\/wp-json\/wp\/v2\/pages"}],"about":[{"href":"https:\/\/stevenson-fontainebleau.fr\/2026\/03\/24\/assemblee-generale-dimanche-29-mars\/wp-json\/wp\/v2\/types\/page"}],"author":[{"embeddable":true,"href":"https:\/\/stevenson-fontainebleau.fr\/2026\/03\/24\/assemblee-generale-dimanche-29-mars\/wp-json\/wp\/v2\/users\/1"}],"replies":[{"embeddable":true,"href":"https:\/\/stevenson-fontainebleau.fr\/2026\/03\/24\/assemblee-generale-dimanche-29-mars\/wp-json\/wp\/v2\/comments?post=37"}],"version-history":[{"count":4,"href":"https:\/\/stevenson-fontainebleau.fr\/2026\/03\/24\/assemblee-generale-dimanche-29-mars\/wp-json\/wp\/v2\/pages\/37\/revisions"}],"predecessor-version":[{"id":162,"href":"https:\/\/stevenson-fontainebleau.fr\/2026\/03\/24\/assemblee-generale-dimanche-29-mars\/wp-json\/wp\/v2\/pages\/37\/revisions\/162"}],"up":[{"embeddable":true,"href":"https:\/\/stevenson-fontainebleau.fr\/2026\/03\/24\/assemblee-generale-dimanche-29-mars\/wp-json\/wp\/v2\/pages\/1426"}],"wp:attachment":[{"href":"https:\/\/stevenson-fontainebleau.fr\/2026\/03\/24\/assemblee-generale-dimanche-29-mars\/wp-json\/wp\/v2\/media?parent=37"}],"curies":[{"name":"wp","href":"https:\/\/api.w.org\/{rel}","templated":true}]}}