{"id":3579,"date":"2022-06-18T16:18:53","date_gmt":"2022-06-18T15:18:53","guid":{"rendered":"https:\/\/stevenson-fontainebleau.fr\/?page_id=3579"},"modified":"2023-08-02T13:24:56","modified_gmt":"2023-08-02T12:24:56","slug":"randonee-pedestre-les-3-jours-en-mai-avec-stevenson-23-24-25-mai-2022","status":"publish","type":"page","link":"https:\/\/stevenson-fontainebleau.fr\/2026\/03\/24\/assemblee-generale-dimanche-29-mars\/evenements-en-cours\/programme-des-activites-2022\/randonee-pedestre-les-3-jours-en-mai-avec-stevenson-23-24-25-mai-2022\/","title":{"rendered":"Randon\u00e9e P\u00e9destre \u00ab\u00a0Les 3 jours en mai avec Stevenson\u00a0\u00bb 23, 24, 25 mai 2022"},"content":{"rendered":"<p><img loading=\"lazy\" decoding=\"async\" class=\"wp-image-3544 alignright\" src=\"http:\/\/stevenson-fontainebleau.fr\/wp-content\/uploads\/2022\/05\/Balade-mai2022-image1.jpg\" alt=\"\" width=\"207\" height=\"185\" srcset=\"https:\/\/stevenson-fontainebleau.fr\/wp-content\/uploads\/2022\/05\/Balade-mai2022-image1.jpg 406w, https:\/\/stevenson-fontainebleau.fr\/wp-content\/uploads\/2022\/05\/Balade-mai2022-image1-300x267.jpg 300w\" sizes=\"auto, (max-width: 207px) 100vw, 207px\" \/><span style=\"color: #208528;\">A l\u2019occasion de la r\u00e9\u00e9dition de la brochure \u00ab\u00a0<em>De Grez-sur-Loing \u00e0 Ch\u00e2tillon-sur-Loire\u00a0<\/em>\u00bb vous trouverez ci-dessous toutes les informations, relatives au programme et au d\u00e9roulement de ces 3 jours en mai organis\u00e9s par l\u2019association R.L. Stevenson de Barbizon \u00e0 Grez. Voire le document PDF ci-joint <a style=\"color: #208528;\" href=\"http:\/\/stevenson-fontainebleau.fr\/wp-content\/uploads\/2022\/05\/Stevenson-rando-les-3-jours-en-mai-2022-programme.pdf\">Stevenson rando les 3 jours en mai 2022 &#8211; programme<\/a><\/span><\/p>\n<p><span style=\"color: #208528;\">Inscrivez vous pour les \u00ab\u00a0Les 3 jours en mai avec Stevenson\u00a0\u00bb <strong>AU PLUS TARD LE 18 MAI<\/strong>.\u00a0<\/span><\/p>\n<p><span style=\"color: #208528;\">Vous avez le choix de vous inscrire \u00e0 une ou plusieurs journ\u00e9es et de parcourir l\u2019\u00e9tape compl\u00e8te ou la demi-\u00e9tape.<\/span><\/p>\n<p><span style=\"color: #208528;\"><strong>Attention chaque \u00e9tape est limit\u00e9 \u00e0 30 personnes.<\/strong><\/span><\/p>\n<p><span style=\"color: #208528;\">Merci de remplir la fiche d\u2019inscription suivante et cliquez sur \u2018Envoyer\u2019 une fois termin\u00e9.\u00a0Nous vous confirmerons votre inscription dans les plus brefs d\u00e9lais.<\/span><\/p>\n<p>&nbsp;<\/p>\n<p><span style=\"color: #208528;\">[wpforms id=\u00a0\u00bb3534&Prime;]<\/span><\/p>\n","protected":false},"excerpt":{"rendered":"<p>A l\u2019occasion de la r\u00e9\u00e9dition de la brochure \u00ab\u00a0De Grez-sur-Loing \u00e0 Ch\u00e2tillon-sur-Loire\u00a0\u00bb vous trouverez ci-dessous toutes les informations, relatives au programme et au d\u00e9roulement de ces 3 jours en mai organis\u00e9s par l\u2019association R.L. Stevenson de Barbizon \u00e0 Grez. Voire le document PDF ci-joint Stevenson rando les 3 jours en mai 2022 &#8211; programme Inscrivez &hellip; <a href=\"https:\/\/stevenson-fontainebleau.fr\/2026\/03\/24\/assemblee-generale-dimanche-29-mars\/evenements-en-cours\/programme-des-activites-2022\/randonee-pedestre-les-3-jours-en-mai-avec-stevenson-23-24-25-mai-2022\/\" class=\"more-link\">Continuer la lecture de <span class=\"screen-reader-text\">Randon\u00e9e P\u00e9destre \u00ab\u00a0Les 3 jours en mai avec Stevenson\u00a0\u00bb 23, 24, 25 mai 2022<\/span>  <span class=\"meta-nav\">&rarr;<\/span><\/a><\/p>\n","protected":false},"author":1,"featured_media":0,"parent":3572,"menu_order":4,"comment_status":"closed","ping_status":"closed","template":"","meta":{"footnotes":""},"class_list":["post-3579","page","type-page","status-publish","hentry"],"_links":{"self":[{"href":"https:\/\/stevenson-fontainebleau.fr\/2026\/03\/24\/assemblee-generale-dimanche-29-mars\/wp-json\/wp\/v2\/pages\/3579","targetHints":{"allow":["GET"]}}],"collection":[{"href":"https:\/\/stevenson-fontainebleau.fr\/2026\/03\/24\/assemblee-generale-dimanche-29-mars\/wp-json\/wp\/v2\/pages"}],"about":[{"href":"https:\/\/stevenson-fontainebleau.fr\/2026\/03\/24\/assemblee-generale-dimanche-29-mars\/wp-json\/wp\/v2\/types\/page"}],"author":[{"embeddable":true,"href":"https:\/\/stevenson-fontainebleau.fr\/2026\/03\/24\/assemblee-generale-dimanche-29-mars\/wp-json\/wp\/v2\/users\/1"}],"replies":[{"embeddable":true,"href":"https:\/\/stevenson-fontainebleau.fr\/2026\/03\/24\/assemblee-generale-dimanche-29-mars\/wp-json\/wp\/v2\/comments?post=3579"}],"version-history":[{"count":1,"href":"https:\/\/stevenson-fontainebleau.fr\/2026\/03\/24\/assemblee-generale-dimanche-29-mars\/wp-json\/wp\/v2\/pages\/3579\/revisions"}],"predecessor-version":[{"id":3580,"href":"https:\/\/stevenson-fontainebleau.fr\/2026\/03\/24\/assemblee-generale-dimanche-29-mars\/wp-json\/wp\/v2\/pages\/3579\/revisions\/3580"}],"up":[{"embeddable":true,"href":"https:\/\/stevenson-fontainebleau.fr\/2026\/03\/24\/assemblee-generale-dimanche-29-mars\/wp-json\/wp\/v2\/pages\/3572"}],"wp:attachment":[{"href":"https:\/\/stevenson-fontainebleau.fr\/2026\/03\/24\/assemblee-generale-dimanche-29-mars\/wp-json\/wp\/v2\/media?parent=3579"}],"curies":[{"name":"wp","href":"https:\/\/api.w.org\/{rel}","templated":true}]}}