{"id":3572,"date":"2022-06-18T16:12:35","date_gmt":"2022-06-18T15:12:35","guid":{"rendered":"https:\/\/stevenson-fontainebleau.fr\/?page_id=3572"},"modified":"2024-05-27T18:11:59","modified_gmt":"2024-05-27T17:11:59","slug":"programme-des-activites-2022","status":"publish","type":"page","link":"https:\/\/stevenson-fontainebleau.fr\/2026\/03\/24\/assemblee-generale-dimanche-29-mars\/evenements-en-cours\/programme-des-activites-2022\/","title":{"rendered":"PROGRAMME DES ACTIVIT\u00c9S 2022"},"content":{"rendered":"<ul>\n<li class=\"entry-title\">\n<h6 style=\"text-align: left;\">RANDON\u00c9E P\u00c9DESTRE \u00ab\u00a0LES 3 JOURS EN MAI AVEC STEVENSON\u00a0\u00bb 23, 24, 25 MAI 2022<\/h6>\n<\/li>\n<\/ul>\n<p>&nbsp;<\/p>\n<p>Cliquer ici pour PDF\u00a0 :\u00a0\u00a0<a href=\"http:\/\/stevenson-fontainebleau.fr\/wp-content\/uploads\/2022\/06\/RLSdBaG-Gazette-n11-25-juin-2022.pdf\" target=\"_blank\" rel=\"noopener\">RLSdBaG Gazette n11 25 juin 2022<\/a><\/p>\n<ul>\n<li>\n<h4><span style=\"color: #999999;\"><strong>N\u00b01 \u2013 Mercredi 6 juillet:<\/strong> \u00ab Au frais sous les arbres \u00bb avec <em><strong>Annie Adam<\/strong><\/em>, RV 9 h30 carrefour des C\u00e9p\u00e9es, sur la route ronde apr\u00e8s le carrefour du Grand Veneur en direction de Franchard, 6kms, retour vers 12 h 30.<\/span><\/h4>\n<h4><span style=\"color: #999999;\"><strong>N\u00b02 \u2013 Mercredi 13 juillet :<\/strong> \u00ab Les points de vue du circuit des Belv\u00e9d\u00e8res \u00bb avec Pierre Maury. RV Parking de la Canche aux Merciers ( Route d\u2019Arbonne, passer sous l\u2019autoroute). 10 h-12 h 30.<\/span><\/h4>\n<h4><span style=\"color: #999999;\"><strong>N\u00b03 \u2013 Samedi 23 juillet :<\/strong> \u00ab Rando nocturne et musicale \u00bb avec Philippe Petit et Claire Jacquet. RV \u00e0 18 h 30 \u00e0 l\u2019auberge de la Dame Jouanne \u2013 repas tir\u00e9 du sac \u2013 \u00e9tapes musicales. Retour vers 22 h<\/span><\/h4>\n<\/li>\n<li>\n<h4><span style=\"color: #999999;\"><strong>N\u00b04 \u2013 Jeudi 28 juillet :<\/strong> \u00ab A la d\u00e9couverte des chambres de la for\u00eat de Recloses \u00bb, avec Chantal Huguet. Rendez-vous \u00e0 9 h 30 Terrain du Jeu de Paume de recloses, retour vers 12 h.<\/span><\/h4>\n<h4><span style=\"color: #999999;\"><strong>N\u00b05 &#8211; Jeudi 4 ao\u00fbt :<\/strong> \u00ab Au cr\u00e9puscule de la nuit du 4 ao\u00fbt \u00bb avec Annie Adam . RV \u00e0 19 h au carrefour de la Croix du Grand Ma\u00eetre. 3 heures avec pique-nique.<\/span><\/h4>\n<h4><span style=\"color: #999999;\"><strong>N\u00b06 \u2013 Dimanche 7 ao\u00fbt :<\/strong>\u00a0\u00ab D\u00e9couverte de Villiers sous Grez et des lieux remarquables de la for\u00eat environnante \u00bb avec Maryse Terragno et Maryse Bosi et l\u2019association des Amis du Patrimoine de Moncourt-Fromonville (APMF). Rendez-vous place de l\u2019Eglise de Villiers \u00e0 10 h pour une rando-promenade de 2 heures.<\/span><\/h4>\n<h4><span style=\"color: #999999;\"><strong>N\u00b07- Jeudi 11 ao\u00fbt :<\/strong> \u00ab Se laisser conter fleurette, une balade tranquille pour go\u00fbteurs de nature sur les sentes du merveilleux Coquibus \u00bb. A la d\u00e9couverte du fabuleux monde des plantes, avec Genevi\u00e8ve Dumant. RV \u00e0 9 h 45 sur le parking de l\u2019\u00e9glise d\u2019Arbonne la For\u00eat. Pique-nique possible tir\u00e9 du sac.<\/span><\/h4>\n<h4><span style=\"color: #999999;\"><strong>N\u00b08 \u2013 Jeudi 18 ao\u00fbt :<\/strong> \u00ab Une petite journ\u00e9e d\u2019escapade \u00e0 Barbizon, de l\u2019auberge Ganne \u00e0 la for\u00eat des peintres \u00bb avec Rosalie Ienna . RV \u00e0 10 h 30 devant l\u2019Office du Tourisme, d\u00e9couverte de Barbizon, pique-nique en for\u00eat tir\u00e9 du sac vers 12 h et retour en d\u00e9but d\u2019apr\u00e8s -midi par le circuit des peintres.<\/span><\/h4>\n<h4><span style=\"color: #999999;\"><strong>N\u00b09 \u2013 Jeudi 25 ao\u00fbt : <\/strong>D\u00e9couvrir Dormelles et ses environs avec Pierre Maury. RV \u00e0 10 h \u00e0 l\u2019\u00e9glise de Dormelles. (Balade bucolique, lavoirs, petits chemins\u2026)<\/span><\/h4>\n<h4><span style=\"color: #999999;\"><strong>N\u00b010 \u2013 samedi 28 ao\u00fbt :<\/strong>\u00a0\u00ab journ\u00e9e Nature \u00bb des associations de Recloses, R-L Stevenson propose une rando-d\u00e9couverte de la for\u00eat environnante, avec Chantal Huguet, RV 10 h 30, Terrain du jeu de Paume de Recloses.<\/span><\/h4>\n<h4><span style=\"color: #999999;\"><strong>N\u00b011- Dimanche 11 septembre :<\/strong> Sur les chemins de Fa\u00ff- les-Nemours avec Maryse Terragno et Alain Quenot de l\u2019APMF. RV 10 h Parking de la mairie, retour vers 12 h 30. Pique-nique.<\/span><\/h4>\n<h4><span style=\"color: #0000ff;\"><strong>N\u00b012 \u2013 Samedi 24 septembre :<\/strong><\/span> Le ciel, la lune et les \u00e9toiles, rando nocturne musiques et contes<span style=\"color: #0000ff;\"> Genevi\u00e8ve Dumant et Claire Jacquet<\/span> ( le lieu et l\u2019heure de RV seront pr\u00e9cis\u00e9s fin juillet)<\/h4>\n<h3><span style=\"color: #800000;\"><strong><em>Et toujours, le 16 octobre, journ\u00e9e Stevenson \u00e0 Recloses, matin randos de Barbizon et de Grez apr\u00e8s-midi, dansons :avec la Bourr\u00e9e du Coucou !!!! (Programme d\u00e9but septembre)<\/em><\/strong><\/span><\/h3>\n<\/li>\n<\/ul>\n","protected":false},"excerpt":{"rendered":"<p>RANDON\u00c9E P\u00c9DESTRE \u00ab\u00a0LES 3 JOURS EN MAI AVEC STEVENSON\u00a0\u00bb 23, 24, 25 MAI 2022 &nbsp; Cliquer ici pour PDF\u00a0 :\u00a0\u00a0RLSdBaG Gazette n11 25 juin 2022 N\u00b01 \u2013 Mercredi 6 juillet: \u00ab Au frais sous les arbres \u00bb avec Annie Adam, RV 9 h30 carrefour des C\u00e9p\u00e9es, sur la route ronde apr\u00e8s le carrefour du Grand &hellip; <a href=\"https:\/\/stevenson-fontainebleau.fr\/2026\/03\/24\/assemblee-generale-dimanche-29-mars\/evenements-en-cours\/programme-des-activites-2022\/\" class=\"more-link\">Continuer la lecture de <span class=\"screen-reader-text\">PROGRAMME DES ACTIVIT\u00c9S 2022<\/span>  <span class=\"meta-nav\">&rarr;<\/span><\/a><\/p>\n","protected":false},"author":1,"featured_media":0,"parent":3890,"menu_order":896,"comment_status":"closed","ping_status":"closed","template":"","meta":{"footnotes":""},"class_list":["post-3572","page","type-page","status-publish","hentry"],"_links":{"self":[{"href":"https:\/\/stevenson-fontainebleau.fr\/2026\/03\/24\/assemblee-generale-dimanche-29-mars\/wp-json\/wp\/v2\/pages\/3572","targetHints":{"allow":["GET"]}}],"collection":[{"href":"https:\/\/stevenson-fontainebleau.fr\/2026\/03\/24\/assemblee-generale-dimanche-29-mars\/wp-json\/wp\/v2\/pages"}],"about":[{"href":"https:\/\/stevenson-fontainebleau.fr\/2026\/03\/24\/assemblee-generale-dimanche-29-mars\/wp-json\/wp\/v2\/types\/page"}],"author":[{"embeddable":true,"href":"https:\/\/stevenson-fontainebleau.fr\/2026\/03\/24\/assemblee-generale-dimanche-29-mars\/wp-json\/wp\/v2\/users\/1"}],"replies":[{"embeddable":true,"href":"https:\/\/stevenson-fontainebleau.fr\/2026\/03\/24\/assemblee-generale-dimanche-29-mars\/wp-json\/wp\/v2\/comments?post=3572"}],"version-history":[{"count":11,"href":"https:\/\/stevenson-fontainebleau.fr\/2026\/03\/24\/assemblee-generale-dimanche-29-mars\/wp-json\/wp\/v2\/pages\/3572\/revisions"}],"predecessor-version":[{"id":3662,"href":"https:\/\/stevenson-fontainebleau.fr\/2026\/03\/24\/assemblee-generale-dimanche-29-mars\/wp-json\/wp\/v2\/pages\/3572\/revisions\/3662"}],"up":[{"embeddable":true,"href":"https:\/\/stevenson-fontainebleau.fr\/2026\/03\/24\/assemblee-generale-dimanche-29-mars\/wp-json\/wp\/v2\/pages\/3890"}],"wp:attachment":[{"href":"https:\/\/stevenson-fontainebleau.fr\/2026\/03\/24\/assemblee-generale-dimanche-29-mars\/wp-json\/wp\/v2\/media?parent=3572"}],"curies":[{"name":"wp","href":"https:\/\/api.w.org\/{rel}","templated":true}]}}